{"id":39,"date":"2020-05-31T15:26:32","date_gmt":"2020-05-31T15:26:32","guid":{"rendered":"http:\/\/oisp.hcmut.edu.vn\/academic-affairs\/?page_id=39"},"modified":"2020-08-14T09:05:03","modified_gmt":"2020-08-14T09:05:03","slug":"thoi-khoa-bieu","status":"publish","type":"page","link":"https:\/\/oisp.hcmut.edu.vn\/academic-affairs\/thoi-khoa-bieu\/","title":{"rendered":"Th\u1eddi kh\u00f3a bi\u1ec3u"},"content":{"rendered":"<p>[et_pb_section fb_built=&#8221;1&#8243; _builder_version=&#8221;4.5.1&#8243; _module_preset=&#8221;default&#8221;][et_pb_row _builder_version=&#8221;4.5.1&#8243; _module_preset=&#8221;default&#8221; background_color=&#8221;#00aaef&#8221; custom_padding=&#8221;|5px||30px|false|false&#8221; border_radii=&#8221;on|5px|5px|5px|5px&#8221; border_color_all=&#8221;#0c71c3&#8243;][et_pb_column type=&#8221;4_4&#8243; _builder_version=&#8221;4.5.1&#8243; _module_preset=&#8221;default&#8221;][et_pb_text _builder_version=&#8221;4.5.6&#8243; _module_preset=&#8221;default&#8221; text_text_color=&#8221;#ffffff&#8221; header_3_text_color=&#8221;#ffffff&#8221; header_3_font_size=&#8221;30px&#8221; header_3_letter_spacing=&#8221;1px&#8221; header_3_line_height=&#8221;0.5em&#8221; hover_enabled=&#8221;0&#8243;]<\/p>\n<h3 style=\"text-align: center;\"><strong>TH\u1edcI KH\u00d3A BI\u1ec2U<\/strong><\/h3>\n<p>[\/et_pb_text][et_pb_text _builder_version=&#8221;4.5.6&#8243; _module_preset=&#8221;default&#8221; text_text_color=&#8221;#ffffff&#8221; text_font_size=&#8221;16px&#8221; text_letter_spacing=&#8221;1px&#8221; link_font=&#8221;|700|||||||&#8221; link_font_size=&#8221;17px&#8221; header_font_size=&#8221;38px&#8221; hover_enabled=&#8221;0&#8243; link_text_color=&#8221;#ffffff&#8221; link_text_shadow_style=&#8221;preset1&#8243; link_text_shadow_color=&#8221;rgba(0,0,0,0)&#8221;]<\/p>\n<p><span style=\"font-weight: 400;\">Th\u1eddi kh\u00f3a bi\u1ec3u m\u1ed7i h\u1ecdc k\u1ef3 \u0111\u01b0\u1ee3c c\u1eadp nh\u1eadt t\u1ea1i website Mybk.hcmut.edu.vn. Sinh vi\u00ean vui l\u00f2ng th\u01b0\u1eddng xuy\u00ean truy c\u1eadp t\u00e0i kho\u1ea3n <a href=\"https:\/\/mybk.hcmut.edu.vn\/my\/index.action\" target=\"_blank\" rel=\"noopener noreferrer\">Mybk<\/a> \u0111\u1ec3 ki\u1ec3m tra th\u1eddi kh\u00f3a bi\u1ec3u c\u00e1c m\u00f4n h\u1ecdc.<\/span><\/p>\n<p><span style=\"font-weight: 400;\">Th\u00f4ng tin c\u00e1c m\u00f4n h\u1ecdc v\u1edbi gi\u1ea3ng vi\u00ean n\u01b0\u1edbc ngo\u00e0i s\u1ebd \u0111\u01b0\u1ee3c c\u1eadp nh\u1eadt t\u1ea1i <a href=\"https:\/\/oisp.hcmut.edu.vn\/academic-affairs\" target=\"_blank\" rel=\"noopener noreferrer\">website h\u1ecdc v\u1ee5<\/a> v\u00e0 qua email sinh vi\u00ean.<\/span><\/p>\n<p>[\/et_pb_text][\/et_pb_column][\/et_pb_row][\/et_pb_section]<\/p>\n","protected":false},"excerpt":{"rendered":"<p>TH\u1edcI KH\u00d3A BI\u1ec2U Th\u1eddi kh\u00f3a bi\u1ec3u m\u1ed7i h\u1ecdc k\u1ef3 \u0111\u01b0\u1ee3c c\u1eadp nh\u1eadt t\u1ea1i website Mybk.hcmut.edu.vn. Sinh vi\u00ean vui l\u00f2ng th\u01b0\u1eddng xuy\u00ean truy c\u1eadp t\u00e0i kho\u1ea3n Mybk \u0111\u1ec3 ki\u1ec3m tra th\u1eddi kh\u00f3a bi\u1ec3u c\u00e1c m\u00f4n h\u1ecdc. Th\u00f4ng tin c\u00e1c m\u00f4n h\u1ecdc v\u1edbi gi\u1ea3ng vi\u00ean n\u01b0\u1edbc ngo\u00e0i s\u1ebd \u0111\u01b0\u1ee3c c\u1eadp nh\u1eadt t\u1ea1i website h\u1ecdc v\u1ee5 v\u00e0 qua [&hellip;]<\/p>\n","protected":false},"author":1,"featured_media":0,"parent":0,"menu_order":0,"comment_status":"closed","ping_status":"closed","template":"","meta":{"_et_pb_use_builder":"on","_et_pb_old_content":"<!-- wp:divi\/placeholder \/-->","_et_gb_content_width":"","footnotes":""},"class_list":["post-39","page","type-page","status-publish","hentry"],"_links":{"self":[{"href":"https:\/\/oisp.hcmut.edu.vn\/academic-affairs\/wp-json\/wp\/v2\/pages\/39","targetHints":{"allow":["GET"]}}],"collection":[{"href":"https:\/\/oisp.hcmut.edu.vn\/academic-affairs\/wp-json\/wp\/v2\/pages"}],"about":[{"href":"https:\/\/oisp.hcmut.edu.vn\/academic-affairs\/wp-json\/wp\/v2\/types\/page"}],"author":[{"embeddable":true,"href":"https:\/\/oisp.hcmut.edu.vn\/academic-affairs\/wp-json\/wp\/v2\/users\/1"}],"replies":[{"embeddable":true,"href":"https:\/\/oisp.hcmut.edu.vn\/academic-affairs\/wp-json\/wp\/v2\/comments?post=39"}],"version-history":[{"count":3,"href":"https:\/\/oisp.hcmut.edu.vn\/academic-affairs\/wp-json\/wp\/v2\/pages\/39\/revisions"}],"predecessor-version":[{"id":50334,"href":"https:\/\/oisp.hcmut.edu.vn\/academic-affairs\/wp-json\/wp\/v2\/pages\/39\/revisions\/50334"}],"wp:attachment":[{"href":"https:\/\/oisp.hcmut.edu.vn\/academic-affairs\/wp-json\/wp\/v2\/media?parent=39"}],"curies":[{"name":"wp","href":"https:\/\/api.w.org\/{rel}","templated":true}]}}