{"id":57,"date":"2020-05-31T15:34:14","date_gmt":"2020-05-31T15:34:14","guid":{"rendered":"http:\/\/oisp.hcmut.edu.vn\/academic-affairs\/?page_id=57"},"modified":"2021-05-16T15:44:36","modified_gmt":"2021-05-16T15:44:36","slug":"chung-chi-tieng-anh","status":"publish","type":"page","link":"https:\/\/oisp.hcmut.edu.vn\/academic-affairs\/chung-chi-tieng-anh\/","title":{"rendered":"Ch\u1ee9ng ch\u1ec9 Ti\u1ebfng Anh"},"content":{"rendered":"<p>[et_pb_section fb_built=&#8221;1&#8243; _builder_version=&#8221;4.5.1&#8243; _module_preset=&#8221;default&#8221;][et_pb_row _builder_version=&#8221;4.5.1&#8243; _module_preset=&#8221;default&#8221; background_color=&#8221;#00aaef&#8221; custom_padding=&#8221;|5px||30px|false|false&#8221; border_radii=&#8221;on|5px|5px|5px|5px&#8221; border_color_all=&#8221;#0c71c3&#8243;][et_pb_column type=&#8221;4_4&#8243; _builder_version=&#8221;4.5.1&#8243; _module_preset=&#8221;default&#8221;][et_pb_text _builder_version=&#8221;4.6.1&#8243; _module_preset=&#8221;default&#8221; text_text_color=&#8221;#ffffff&#8221; link_text_color=&#8221;#ffffff&#8221; header_3_text_color=&#8221;#ffffff&#8221; header_3_font_size=&#8221;30px&#8221; header_3_letter_spacing=&#8221;1px&#8221; header_3_line_height=&#8221;0.5em&#8221;]<\/p>\n<h3 style=\"text-align: center;\"><strong>QUY \u0110\u1ecaNH V\u1ec0 TI\u1ebeNG ANH<\/strong><\/h3>\n<p>[\/et_pb_text][et_pb_text _builder_version=&#8221;4.9.4&#8243; _module_preset=&#8221;default&#8221; text_text_color=&#8221;#ffffff&#8221; text_font_size=&#8221;16px&#8221; text_letter_spacing=&#8221;1px&#8221; link_font=&#8221;|300|||||||&#8221; link_text_color=&#8221;#ffffff&#8221; link_font_size=&#8221;16px&#8221; link_letter_spacing=&#8221;-1px&#8221; header_font_size=&#8221;38px&#8221; hover_enabled=&#8221;0&#8243; sticky_enabled=&#8221;0&#8243;]<\/p>\n<p>C\u0103n c\u1ee9 theo QUY CH\u1ebe \u0110\u00c0O T\u1ea0O V\u00c0 H\u1eccC V\u1ee4 B\u1eacC \u0110\u1ea0I H\u1eccC, CAO \u0110\u1eb2NG t\u1ea1i trang web Ph\u00f2ng \u0110\u00e0o t\u1ea1o www.aao.hcmut.edu.vn&gt;&gt; Sinh vi\u00ean &gt;&gt; Quy ch\u1ebf <a href=\"http:\/\/www.aao.hcmut.edu.vn\/index.php?route=catalog\/chitietsv&amp;path=90&amp;tid=1658\" target=\"_blank\" rel=\"noopener noreferrer\" title=\"Quy che dao tao - dhbk\">(\u0110i\u1ec1u 31, ph\u1ee5 l\u1ee5c 2)<\/a><\/p>\n<p>Quy \u0111\u1ecbnh v\u1ec1 ch\u1ee9ng ch\u1ec9 Ti\u1ebfng Anh \u0111\u1ed1i v\u1edbi sinh vi\u00ean Ch\u01b0\u01a1ng tr\u00ecnh Ch\u1ea5t l\u01b0\u1ee3ng cao, Ti\u00ean ti\u1ebfn, li\u00ean k\u1ebft qu\u1ed1c t\u1ebf c\u00e1c kh\u00f3a.<\/p>\n<p>[\/et_pb_text][\/et_pb_column][\/et_pb_row][et_pb_row _builder_version=&#8221;4.5.1&#8243; _module_preset=&#8221;default&#8221; custom_margin=&#8221;6px||6px||true|true&#8221; custom_padding=&#8221;|30px||30px|false|true&#8221; border_radii=&#8221;on|5px|5px|5px|5px&#8221; border_width_all=&#8221;1px&#8221; border_color_all=&#8221;#0c71c3&#8243;][et_pb_column type=&#8221;4_4&#8243; _builder_version=&#8221;4.5.1&#8243; _module_preset=&#8221;default&#8221;][et_pb_text _builder_version=&#8221;4.9.4&#8243; _module_preset=&#8221;default&#8221; text_font_size=&#8221;16px&#8221; text_letter_spacing=&#8221;1px&#8221; link_font_size=&#8221;16px&#8221; link_letter_spacing=&#8221;1px&#8221; link_line_height=&#8221;1.7em&#8221; header_4_font=&#8221;|600|||||||&#8221; hover_enabled=&#8221;0&#8243; sticky_enabled=&#8221;0&#8243;]<\/p>\n<h4>X\u1eed l\u00fd ch\u1ee9ng ch\u1ec9 ti\u1ebfng Anh h\u1ecdc k\u1ef3 2, n\u0103m h\u1ecdc 2020-2021 (HK 202)<\/h4>\n<ul>\n<li>Quy\u1ebft \u0111\u1ecbnh s\u1ed1 292-Bu\u1ed9c t\u1ea1m d\u1eebng h\u1ecdc sinh vi\u00ean v\u00ec ch\u01b0a \u0111\u1ea1t chu\u1ea9n AV theo quy \u0111\u1ecbnh\u00a0 \u00a0<\/li>\n<li>Th\u00f4ng b\u00e1o s\u1ed1 445-H\u1ea1n ch\u1ebf \u0111\u0103ng k\u00fd m\u00f4n h\u1ecdc sinh vi\u00ean v\u00ec ch\u01b0a \u0111\u1ea1t chu\u1ea9n Av theo quy \u0111\u1ecbnh<\/li>\n<\/ul>\n<h4>X\u1eed l\u00fd ch\u1ee9ng ch\u1ec9 ti\u1ebfng Anh h\u1ecdc k\u1ef3 1, n\u0103m h\u1ecdc 2020-2021 (HK 201)<\/h4>\n<ul>\n<li><a href=\"https:\/\/oisp.hcmut.edu.vn\/academic-affairs\/wp-content\/uploads\/2020\/08\/HRMPO6K.pdf\" target=\"_blank\" rel=\"noopener noreferrer\" title=\"Q\u0110 s\u1ed1 261-Bu\u1ed9c t\u1ea1m d\u1eebng h\u1ecdc sinh vi\u00ean v\u00ec ch\u01b0a \u0111\u1ea1t chu\u1ea9n AV theo quy \u0111\u1ecbnh\">Quy\u1ebft \u0111\u1ecbnh s\u1ed1 261-Bu\u1ed9c t\u1ea1m d\u1eebng h\u1ecdc sinh vi\u00ean v\u00ec ch\u01b0a \u0111\u1ea1t chu\u1ea9n AV theo quy \u0111\u1ecbnh\u00a0 \u00a0<\/a><\/li>\n<li><a href=\"http:\/\/oisp.hcmut.edu.vn\/academic-affairs\/wp-content\/uploads\/2020\/08\/H\u1ecdc-k\u1ef3-1-n\u0103m-h\u1ecdc-2020-2021-HK-201-Q\u0110-s\u1ed1-262-Bu\u1ed9c-th\u00f4i-h\u1ecdc-sinh-vi\u00ean-v\u00ec-ch\u01b0a-\u0111\u1ea1t-chu\u1ea9n-AV-theo-quy-\u0111\u1ecbnh.pdf\" target=\"_blank\" rel=\"noopener noreferrer\" title=\"H\u1ecdc-k\u1ef3-1-n\u0103m-h\u1ecdc-2020-2021-HK-201-Q\u0110-s\u1ed1-262-Bu\u1ed9c-th\u00f4i-h\u1ecdc-sinh-vi\u00ean-v\u00ec-ch\u01b0a-\u0111\u1ea1t-chu\u1ea9n-AV-theo-quy-\u0111\u1ecbnh\">Quy\u1ebft \u0111\u1ecbnh s\u1ed1 262-Bu\u1ed9c th\u00f4i h\u1ecdc sinh vi\u00ean v\u00ec ch\u01b0a \u0111\u1ea1t chu\u1ea9n AV theo quy \u0111\u1ecbnh<\/a><\/li>\n<li>Th\u00f4ng b\u00e1o s\u1ed1 279-H\u1ea1n ch\u1ebf \u0111\u0103ng k\u00fd m\u00f4n h\u1ecdc sinh vi\u00ean v\u00ec ch\u01b0a \u0111\u1ea1t chu\u1ea9n Av theo quy \u0111\u1ecbnh<\/li>\n<\/ul>\n<h4>X\u1eed l\u00fd ch\u1ee9ng ch\u1ec9 ti\u1ebfng Anh h\u1ecdc k\u1ef3 2, n\u0103m h\u1ecdc 2019-2020 (HK 192)<\/h4>\n<ul>\n<li><a href=\"http:\/\/oisp.hcmut.edu.vn\/academic-affairs\/wp-content\/uploads\/2020\/08\/H4NU7Y8.pdf\" rel=\"attachment wp-att-50213 noopener noreferrer\" target=\"_blank\" title=\"Q\u0110 s\u1ed1 756-Bu\u1ed9c t\u1ea1m d\u1eebng h\u1ecdc sinh vi\u00ean v\u00ec ch\u01b0a \u0111\u1ea1t chu\u1ea9n AV theo quy \u0111\u1ecbnh\">Quy\u1ebft \u0111\u1ecbnh s\u1ed1 756-Bu\u1ed9c t\u1ea1m d\u1eebng h\u1ecdc sinh vi\u00ean v\u00ec ch\u01b0a \u0111\u1ea1t chu\u1ea9n AV theo quy \u0111\u1ecbnh<\/a><\/li>\n<li><a href=\"http:\/\/oisp.hcmut.edu.vn\/academic-affairs\/wp-content\/uploads\/2020\/08\/H4NU7Y8.pdf\" rel=\"attachment wp-att-50213 noopener noreferrer\" target=\"_blank\" title=\"Q\u0110 s\u1ed1 756-Bu\u1ed9c t\u1ea1m d\u1eebng h\u1ecdc sinh vi\u00ean v\u00ec ch\u01b0a \u0111\u1ea1t chu\u1ea9n AV theo quy \u0111\u1ecbnh\">Quy\u1ebft \u0111\u1ecbnh<\/a><a href=\"http:\/\/oisp.hcmut.edu.vn\/academic-affairs\/wp-content\/uploads\/2020\/08\/H\u1ecdc-k\u1ef3-2-n\u0103m-h\u1ecdc-2019-2020-HK-192-Q\u0110-s\u1ed1-75-Bu\u1ed9c-th\u00f4i-h\u1ecdc-sinh-vi\u00ean-v\u00ec-ch\u01b0a-\u0111\u1ea1t-chu\u1ea9n-AV-theo-quy-\u0111\u1ecbnh.pdf\" rel=\"attachment wp-att-50215 noopener noreferrer\" target=\"_blank\" title=\"Q\u0110 s\u1ed1 75-Bu\u1ed9c th\u00f4i h\u1ecdc sinh vi\u00ean v\u00ec ch\u01b0a \u0111\u1ea1t chu\u1ea9n AV theo quy \u0111\u1ecbnh\"> s\u1ed1 75-Bu\u1ed9c th\u00f4i h\u1ecdc sinh vi\u00ean v\u00ec ch\u01b0a \u0111\u1ea1t chu\u1ea9n AV theo quy \u0111\u1ecbnh<\/a><\/li>\n<li><a href=\"http:\/\/oisp.hcmut.edu.vn\/academic-affairs\/wp-content\/uploads\/2020\/08\/HBO2VOH.pdf\" rel=\"attachment wp-att-50220 noopener noreferrer\" target=\"_blank\" title=\"TB s\u1ed1 651-H\u1ea1n ch\u1ebf \u0111\u0103ng k\u00fd m\u00f4n h\u1ecdc sinh vi\u00ean v\u00ec ch\u01b0a \u0111\u1ea1t chu\u1ea9n AV theo quy \u0111\u1ecbnh\">Th\u00f4ng b\u00e1o s\u1ed1 651-H\u1ea1n ch\u1ebf \u0111\u0103ng k\u00fd m\u00f4n h\u1ecdc sinh vi\u00ean v\u00ec ch\u01b0a \u0111\u1ea1t chu\u1ea9n AV theo quy \u0111\u1ecbnh<\/a><\/li>\n<\/ul>\n<h4>X\u1eed l\u00fd ch\u1ee9ng ch\u1ec9 ti\u1ebfng Anh h\u1ecdc k\u1ef3 1, n\u0103m h\u1ecdc 2019-2020 (HK 191)<\/h4>\n<ul>\n<li><a href=\"http:\/\/oisp.hcmut.edu.vn\/academic-affairs\/wp-content\/uploads\/2020\/08\/H4NU7Y8.pdf\" rel=\"attachment wp-att-50213 noopener noreferrer\" target=\"_blank\" title=\"Q\u0110 s\u1ed1 756-Bu\u1ed9c t\u1ea1m d\u1eebng h\u1ecdc sinh vi\u00ean v\u00ec ch\u01b0a \u0111\u1ea1t chu\u1ea9n AV theo quy \u0111\u1ecbnh\">Quy\u1ebft \u0111\u1ecbnh<\/a><a href=\"http:\/\/oisp.hcmut.edu.vn\/academic-affairs\/wp-content\/uploads\/2020\/08\/HGGDAPW.pdf\" rel=\"attachment wp-att-50223 noopener noreferrer\" target=\"_blank\" title=\"Q\u0110 s\u1ed1 435-Bu\u1ed9c t\u1ea1m d\u1eebng h\u1ecdc sinh vi\u00ean v\u00ec ch\u01b0a \u0111\u1ea1t chu\u1ea9n AV theo quy \u0111\u1ecbnh\"> s\u1ed1 435-Bu\u1ed9c t\u1ea1m d\u1eebng h\u1ecdc sinh vi\u00ean v\u00ec ch\u01b0a \u0111\u1ea1t chu\u1ea9n AV theo quy \u0111\u1ecbnh<\/a><\/li>\n<li><a href=\"http:\/\/oisp.hcmut.edu.vn\/academic-affairs\/wp-content\/uploads\/2020\/08\/H4NU7Y8.pdf\" rel=\"attachment wp-att-50213 noopener noreferrer\" target=\"_blank\" title=\"Q\u0110 s\u1ed1 756-Bu\u1ed9c t\u1ea1m d\u1eebng h\u1ecdc sinh vi\u00ean v\u00ec ch\u01b0a \u0111\u1ea1t chu\u1ea9n AV theo quy \u0111\u1ecbnh\">Quy\u1ebft \u0111\u1ecbnh<\/a><a href=\"http:\/\/oisp.hcmut.edu.vn\/academic-affairs\/wp-content\/uploads\/2020\/08\/Hoc-ky-1-nam-hoc-2019-2020-HK-191-QD-so-475-Buoc-thoi-hoc-sinh-vien-vi-chua-dat-chuan-AV-theo-quy-dinh.pdf\" rel=\"attachment wp-att-50225 noopener noreferrer\" target=\"_blank\" title=\"H\u1ecdc k\u1ef3 1-n\u0103m h\u1ecdc 2019-2020 (HK 191) Q\u0110 s\u1ed1 475-Bu\u1ed9c th\u00f4i h\u1ecdc sinh vi\u00ean v\u00ec ch\u01b0a \u0111\u1ea1t chu\u1ea9n AV theo quy \u0111\u1ecbnh\"> s\u1ed1 475-Bu\u1ed9c th\u00f4i h\u1ecdc sinh vi\u00ean v\u00ec ch\u01b0a \u0111\u1ea1t chu\u1ea9n AV theo quy \u0111\u1ecbnh<\/a><\/li>\n<li><a href=\"http:\/\/oisp.hcmut.edu.vn\/academic-affairs\/wp-content\/uploads\/2020\/08\/H9ET8CI.pdf\" rel=\"attachment wp-att-50227 noopener noreferrer\" target=\"_blank\" title=\"TB s\u1ed1 331-H\u1ea1n ch\u1ebf \u0111\u0103ng k\u00fd m\u00f4n h\u1ecdc sinh vi\u00ean v\u00ec ch\u01b0a \u0111\u1ea1t cu\u1ea9n AV theo quy \u0111\u1ecbnh\">Th\u00f4ng b\u00e1o s\u1ed1 331-H\u1ea1n ch\u1ebf \u0111\u0103ng k\u00fd m\u00f4n h\u1ecdc sinh vi\u00ean v\u00ec ch\u01b0a \u0111\u1ea1t cu\u1ea9n AV theo quy \u0111\u1ecbnh<\/a><\/li>\n<\/ul>\n<p>[\/et_pb_text][\/et_pb_column][\/et_pb_row][\/et_pb_section]<\/p>\n","protected":false},"excerpt":{"rendered":"<p>QUY \u0110\u1ecaNH V\u1ec0 TI\u1ebeNG ANHC\u0103n c\u1ee9 theo QUY CH\u1ebe \u0110\u00c0O T\u1ea0O V\u00c0 H\u1eccC V\u1ee4 B\u1eacC \u0110\u1ea0I H\u1eccC, CAO \u0110\u1eb2NG t\u1ea1i trang web Ph\u00f2ng \u0110\u00e0o t\u1ea1o www.aao.hcmut.edu.vn&gt;&gt; Sinh vi\u00ean &gt;&gt; Quy ch\u1ebf (\u0110i\u1ec1u 31, ph\u1ee5 l\u1ee5c 2) Quy \u0111\u1ecbnh v\u1ec1 ch\u1ee9ng ch\u1ec9 Ti\u1ebfng Anh \u0111\u1ed1i v\u1edbi sinh vi\u00ean Ch\u01b0\u01a1ng tr\u00ecnh Ch\u1ea5t l\u01b0\u1ee3ng cao, Ti\u00ean ti\u1ebfn, li\u00ean [&hellip;]<\/p>\n","protected":false},"author":1,"featured_media":0,"parent":0,"menu_order":0,"comment_status":"closed","ping_status":"closed","template":"","meta":{"_et_pb_use_builder":"on","_et_pb_old_content":"","_et_gb_content_width":"","footnotes":""},"class_list":["post-57","page","type-page","status-publish","hentry"],"_links":{"self":[{"href":"https:\/\/oisp.hcmut.edu.vn\/academic-affairs\/wp-json\/wp\/v2\/pages\/57","targetHints":{"allow":["GET"]}}],"collection":[{"href":"https:\/\/oisp.hcmut.edu.vn\/academic-affairs\/wp-json\/wp\/v2\/pages"}],"about":[{"href":"https:\/\/oisp.hcmut.edu.vn\/academic-affairs\/wp-json\/wp\/v2\/types\/page"}],"author":[{"embeddable":true,"href":"https:\/\/oisp.hcmut.edu.vn\/academic-affairs\/wp-json\/wp\/v2\/users\/1"}],"replies":[{"embeddable":true,"href":"https:\/\/oisp.hcmut.edu.vn\/academic-affairs\/wp-json\/wp\/v2\/comments?post=57"}],"version-history":[{"count":16,"href":"https:\/\/oisp.hcmut.edu.vn\/academic-affairs\/wp-json\/wp\/v2\/pages\/57\/revisions"}],"predecessor-version":[{"id":51421,"href":"https:\/\/oisp.hcmut.edu.vn\/academic-affairs\/wp-json\/wp\/v2\/pages\/57\/revisions\/51421"}],"wp:attachment":[{"href":"https:\/\/oisp.hcmut.edu.vn\/academic-affairs\/wp-json\/wp\/v2\/media?parent=57"}],"curies":[{"name":"wp","href":"https:\/\/api.w.org\/{rel}","templated":true}]}}