{"id":66,"date":"2020-05-31T15:39:34","date_gmt":"2020-05-31T15:39:34","guid":{"rendered":"http:\/\/oisp.hcmut.edu.vn\/academic-affairs\/?page_id=66"},"modified":"2023-10-11T03:15:25","modified_gmt":"2023-10-11T03:15:25","slug":"nghien-cuu-khoa-hoc-2","status":"publish","type":"page","link":"https:\/\/oisp.hcmut.edu.vn\/academic-affairs\/nghien-cuu-khoa-hoc-2\/","title":{"rendered":"Nghi\u00ean c\u1ee9u Khoa H\u1ecdc"},"content":{"rendered":"<p>[et_pb_section fb_built=&#8221;1&#8243; _builder_version=&#8221;4.16&#8243; _module_preset=&#8221;default&#8221; global_colors_info=&#8221;{}&#8221;][et_pb_row _builder_version=&#8221;4.16&#8243; _module_preset=&#8221;default&#8221; background_color=&#8221;#00aaef&#8221; custom_padding=&#8221;|5px||30px|false|false&#8221; border_radii=&#8221;on|5px|5px|5px|5px&#8221; border_color_all=&#8221;#0c71c3&#8243; global_colors_info=&#8221;{}&#8221;][et_pb_column type=&#8221;4_4&#8243; _builder_version=&#8221;4.16&#8243; _module_preset=&#8221;default&#8221; global_colors_info=&#8221;{}&#8221;][et_pb_text _builder_version=&#8221;4.16&#8243; _module_preset=&#8221;default&#8221; text_text_color=&#8221;#ffffff&#8221; header_3_font=&#8221;|700||on|||||&#8221; header_3_text_color=&#8221;#ffffff&#8221; header_3_font_size=&#8221;30px&#8221; header_3_letter_spacing=&#8221;1px&#8221; header_3_line_height=&#8221;0.5em&#8221; global_colors_info=&#8221;{}&#8221;]<\/p>\n<h3 style=\"text-align: center;\"><strong>Nghi\u00ean c\u1ee9u khoa h\u1ecdc<\/strong><\/h3>\n<p>[\/et_pb_text][et_pb_text _builder_version=&#8221;4.16&#8243; _module_preset=&#8221;default&#8221; text_text_color=&#8221;#ffffff&#8221; text_font_size=&#8221;16px&#8221; text_letter_spacing=&#8221;1px&#8221; link_font=&#8221;|300|||||||&#8221; link_font_size=&#8221;16px&#8221; link_letter_spacing=&#8221;-1px&#8221; header_font_size=&#8221;38px&#8221; global_colors_info=&#8221;{}&#8221;]<\/p>\n<p>Ho\u1ea1t \u0111\u1ed9ng nghi\u00ean c\u1ee9u khoa h\u1ecdc (NCKH) d\u00e0nh cho sinh vi\u00ean OISP<\/p>\n<p>Ho\u1ea1t \u0111\u1ed9ng NCKH \u0111a d\u1ea1ng d\u00e0nh cho sinh vi\u00ean bao g\u1ed3m:<\/p>\n<ul>\n<li>Nghi\u00ean c\u1ee9u khoa h\u1ecdc sinh vi\u00ean;<\/li>\n<li>Nghi\u00ean c\u1ee9u khoa h\u1ecdc sinh vi\u00ean li\u00ean quan Lu\u1eadn v\u0103n t\u1ed1t nghi\u1ec7p;<\/li>\n<li>H\u1ed9i ngh\u1ecb Khoa h\u1ecdc v\u00e0 C\u00f4ng ngh\u1ec7 SV OISP;<\/li>\n<li>Tham gia b\u00e1o c\u00e1o H\u1ed9i ngh\u1ecb qu\u1ed1c t\u1ebf trong v\u00e0 ngo\u00e0i n\u01b0\u1edbc.<\/li>\n<\/ul>\n<p>M\u1ee5c \u0111\u00edch nh\u1eb1m gi\u00fap sinh vi\u00ean:<\/p>\n<ul>\n<li>\u00c1p d\u1ee5ng ki\u1ebfn th\u1ee9c \u0111\u00e3 h\u1ecdc v\u00e0o \u1ee9ng d\u1ee5ng th\u1ef1c t\u1ebf qua qu\u00e1 tr\u00ecnh NCKH t\u1ea1i tr\u01b0\u1eddng.<\/li>\n<li>R\u00e8n luy\u1ec7n k\u1ef9 n\u0103ng vi\u1ebft b\u00e1o c\u00e1o khoa h\u1ecdc, k\u1ef9 n\u0103ng tr\u00ecnh b\u00e0y, thi\u1ebft k\u1ebf slide v\u00e0 k\u1ef9 n\u0103ng giao ti\u1ebfp b\u1eb1ng ti\u1ebfng Anh th\u00f4ng qua qu\u00e1 tr\u00ecnh tham gia b\u00e1o c\u00e1o t\u1ea1i h\u1ed9i ngh\u1ecb qu\u1ed1c t\u1ebf trong v\u00e0 ngo\u00e0i n\u01b0\u1edbc.<\/li>\n<\/ul>\n<p>[\/et_pb_text][\/et_pb_column][\/et_pb_row][et_pb_row _builder_version=&#8221;4.21.0&#8243; _module_preset=&#8221;default&#8221; custom_margin=&#8221;6px||6px||true|true&#8221; custom_padding=&#8221;|30px||30px|false|true&#8221; border_radii=&#8221;on|5px|5px|5px|5px&#8221; border_width_all=&#8221;1px&#8221; border_color_all=&#8221;#0c71c3&#8243; global_colors_info=&#8221;{}&#8221;][et_pb_column type=&#8221;4_4&#8243; _builder_version=&#8221;4.16&#8243; _module_preset=&#8221;default&#8221; global_colors_info=&#8221;{}&#8221;][et_pb_text _builder_version=&#8221;4.21.0&#8243; _module_preset=&#8221;default&#8221; text_font_size=&#8221;16px&#8221; text_letter_spacing=&#8221;1px&#8221; link_font_size=&#8221;16px&#8221; link_letter_spacing=&#8221;1px&#8221; link_line_height=&#8221;1.7em&#8221; hover_enabled=&#8221;0&#8243; global_colors_info=&#8221;{}&#8221; sticky_enabled=&#8221;0&#8243;]<\/p>\n<h4><\/h4>\n<h4>Nghi\u00ean c\u1ee9u khoa h\u1ecdc sinh vi\u00ean li\u00ean quan \u0111\u1ebfn lu\u1eadn v\u0103n t\u1ed1t nghi\u1ec7p<\/h4>\n<ul>\n<li><a href=\"http:\/\/oisp.hcmut.edu.vn\/academic-affairs\/wp-content\/uploads\/2020\/09\/Thong-bao-so-674-Dang-ky-de-tai-NCKH-lien-quan-den-luan-van-tot-nghiep-Hoc-ky-192.pdf\" rel=\"attachment wp-att-50933 noopener noreferrer\" target=\"_blank\">Th\u00f4ng b\u00e1o s\u1ed1 674 &#8211; \u0110\u0103ng k\u00fd \u0111\u1ec1 t\u00e0i NCKH li\u00ean quan \u0111\u1ebfn lu\u1eadn v\u0103n t\u1ed1t nghi\u1ec7p &#8211; H\u1ecdc k\u1ef3 192<\/a><\/li>\n<li><a href=\"http:\/\/oisp.hcmut.edu.vn\/academic-affairs\/wp-content\/uploads\/2020\/09\/Thong-bao-so-263-Dang-ky-de-tai-NCKH-lien-quan-den-luan-van-tot-nghiep-Hoc-ky-191.pdf\" rel=\"attachment wp-att-50931 noopener noreferrer\" target=\"_blank\">Th\u00f4ng b\u00e1o s\u1ed1 263 &#8211; \u0110\u0103ng k\u00fd \u0111\u1ec1 t\u00e0i NCKH li\u00ean quan \u0111\u1ebfn lu\u1eadn v\u0103n t\u1ed1t nghi\u1ec7p &#8211; H\u1ecdc k\u1ef3 191<\/a><\/li>\n<li><a href=\"https:\/\/oisp.hcmut.edu.vn\/academic-affairs\/wp-content\/uploads\/2023\/03\/TBSV_NKCH-SV-LVTN-HK201.pdf\" rel=\"attachment wp-att-52491\">Th\u00f4ng b\u00e1o s\u1ed1 317 &#8211; \u0110\u0103ng k\u00fd \u0111\u1ec1 t\u00e0i NCKH li\u00ean quan \u0111\u1ebfn lu\u1eadn v\u0103n t\u1ed1t nghi\u1ec7p &#8211; H\u1ecdc k\u1ef3 201\u00a0<\/a><\/li>\n<li><a href=\"https:\/\/oisp.hcmut.edu.vn\/academic-affairs\/wp-content\/uploads\/2023\/03\/TBSV_NCKH-LVTN-HK202.pdf\" rel=\"attachment wp-att-52490\">Th\u00f4ng b\u00e1o s\u1ed1 73 &#8211; \u0110\u0103ng k\u00fd \u0111\u1ec1 t\u00e0i NCKH li\u00ean quan \u0111\u1ebfn lu\u1eadn v\u0103n t\u1ed1t nghi\u1ec7p &#8211; H\u1ecdc k\u1ef3 202<\/a><\/li>\n<li><a href=\"https:\/\/oisp.hcmut.edu.vn\/academic-affairs\/wp-content\/uploads\/2023\/03\/TBBCN_NCKH-SV-LVTN-HK211_final.pdf\" rel=\"attachment wp-att-52492\">Th\u00f4ng b\u00e1o s\u1ed1 81 &#8211; \u0110\u0103ng k\u00fd \u0111\u1ec1 t\u00e0i NCKH li\u00ean quan \u0111\u1ebfn lu\u1eadn v\u0103n t\u1ed1t nghi\u1ec7p &#8211; H\u1ecdc k\u1ef3 211\u00a0<\/a><\/li>\n<li><a href=\"https:\/\/oisp.hcmut.edu.vn\/academic-affairs\/wp-content\/uploads\/2023\/03\/P.KHCNDA-CV13-TBBCN-Khoa-NCKH-LVTN-HK212-24.01.2022-10g30.pdf\" rel=\"attachment wp-att-52493\">Th\u00f4ng b\u00e1o s\u1ed1 13 &#8211; \u0110\u0103ng k\u00fd \u0111\u1ec1 t\u00e0i NCKH li\u00ean quan \u0111\u1ebfn lu\u1eadn v\u0103n t\u1ed1t nghi\u1ec7p &#8211; H\u1ecdc k\u1ef3 212\u00a0<\/a><\/li>\n<li><a href=\"https:\/\/oisp.hcmut.edu.vn\/academic-affairs\/wp-content\/uploads\/2023\/03\/124-TB-DHBK-KHCNDA_DOT-1.pdf\" rel=\"attachment wp-att-52474\">Th\u00f4ng b\u00e1o s\u1ed1 124 &#8211; \u0110\u0103ng k\u00fd \u0111\u1ec1 t\u00e0i NCKH li\u00ean quan \u0111\u1ebfn lu\u1eadn v\u0103n t\u1ed1t nghi\u1ec7p &#8211; H\u1ecdc k\u1ef3 221\u00a0<\/a><\/li>\n<li><a href=\"https:\/\/oisp.hcmut.edu.vn\/academic-affairs\/wp-content\/uploads\/2023\/03\/Thong-bao-so-302-Dang-ky-de-tai-NCKH-danh-cho-SV-nam-hoc-2022-2023-_DOT-2.pdf\" rel=\"attachment wp-att-52480\">Th\u00f4ng b\u00e1o s\u1ed1 302 &#8211; \u0110\u0103ng k\u00fd \u0111\u1ec1 t\u00e0i NCKH li\u00ean quan \u0111\u1ebfn lu\u1eadn v\u0103n t\u1ed1t nghi\u1ec7p &#8211; H\u1ecdc k\u1ef3 221<\/a><\/li>\n<\/ul>\n<h4>Nghi\u00ean c\u1ee9u khoa h\u1ecdc sinh vi\u00ean OISP<\/h4>\n<ul>\n<li><a href=\"http:\/\/oisp.hcmut.edu.vn\/academic-affairs\/wp-content\/uploads\/2020\/09\/Thong-bao-so-114-Dang-ky-de-tai-NCKH-danh-cho-sinh-vien-nam-hoc-2020-2021.pdf\" rel=\"attachment wp-att-50939 noopener noreferrer\" target=\"_blank\">Th\u00f4ng b\u00e1o s\u1ed1 114 &#8211; \u0110\u0103ng k\u00fd \u0111\u1ec1 t\u00e0i NCKH d\u00e0nh cho sinh vi\u00ean n\u0103m h\u1ecdc 2020-2021<\/a><\/li>\n<li><a href=\"http:\/\/oisp.hcmut.edu.vn\/academic-affairs\/wp-content\/uploads\/2020\/09\/Thong-bao-so-264-Dang-ky-de-tai-NCKH-danh-cho-sinh-vien-nam-hoc-2019-2020.pdf\" rel=\"attachment wp-att-50937 noopener noreferrer\" target=\"_blank\">Th\u00f4ng b\u00e1o s\u1ed1 264 &#8211; \u0110\u0103ng k\u00fd \u0111\u1ec1 t\u00e0i NCKH d\u00e0nh cho sinh vi\u00ean n\u0103m h\u1ecdc 2019-2020<\/a><\/li>\n<li><a href=\"https:\/\/oisp.hcmut.edu.vn\/academic-affairs\/wp-content\/uploads\/2023\/03\/Thong-bao-so-339-Dang-ky-NCKH-danh-cho-sinh-vien-nam-hoc-2021-2022.pdf\" rel=\"attachment wp-att-52488\">Th\u00f4ng b\u00e1o s\u1ed1 339 &#8211; \u0110\u0103ng k\u00fd \u0111\u1ec1 t\u00e0i NCKH d\u00e0nh cho sinh vi\u00ean n\u0103m h\u1ecdc 2021-2022<\/a><\/li>\n<li><a href=\"https:\/\/oisp.hcmut.edu.vn\/academic-affairs\/wp-content\/uploads\/2023\/03\/124-TB-DHBK-KHCNDA_DOT-1.pdf\" target=\"_blank\" rel=\"noopener\" title=\"Th\u00f4ng b\u00e1o s\u1ed1 124\">Th\u00f4ng b\u00e1o s\u1ed1 124 &#8211; \u0110\u0103ng k\u00fd \u0111\u1ec1 t\u00e0i NCKH d\u00e0nh cho sinh vi\u00ean n\u0103m h\u1ecdc 2022 &#8211; 2023 &#8211; \u0110\u1ee3t 1<\/a><\/li>\n<li><a href=\"https:\/\/oisp.hcmut.edu.vn\/academic-affairs\/wp-content\/uploads\/2023\/03\/Thong-bao-so-302-Dang-ky-de-tai-NCKH-danh-cho-SV-nam-hoc-2022-2023-_DOT-2.pdf\" rel=\"attachment wp-att-52480\">Th\u00f4ng b\u00e1o s\u1ed1 302 &#8211; \u0110\u0103ng k\u00fd \u0111\u1ec1 t\u00e0i NCKH d\u00e0nh cho sinh vi\u00ean n\u0103m h\u1ecdc 2022 &#8211; 2023 &#8211; \u0110\u1ee3t 2<\/a><\/li>\n<li><a href=\"https:\/\/oisp.hcmut.edu.vn\/academic-affairs\/wp-content\/uploads\/2023\/10\/187-TB-DHBK-KHCNDA-Dot-1-2023-2024.pdf\" rel=\"attachment wp-att-52566\">Th\u00f4ng b\u00e1o s\u1ed1 187 &#8211; \u0110\u0103ng k\u00fd \u0111\u1ec1 t\u00e0i NCKH d\u00e0nh cho sinh vi\u00ean n\u0103m h\u1ecdc 2023 &#8211; 2024 &#8211; \u0110\u1ee3t 1<\/a><\/li>\n<\/ul>\n<h4>Nghi\u00ean c\u1ee9u khoa h\u1ecdc Gi\u1ea3ng vi\u00ean thu\u1ed9c Ch\u01b0\u01a1ng tr\u00ecnh \u0110\u00e0o t\u1ea1o Qu\u1ed1c t\u1ebf<\/h4>\n<ul>\n<li><a href=\"https:\/\/oisp.hcmut.edu.vn\/academic-affairs\/wp-content\/uploads\/2023\/09\/CV-124-TB-OISP.pdf\" rel=\"attachment wp-att-52558\">Th\u00f4ng b\u00e1o 124\/TB-\u0110HBK-KHCN&amp;DA<\/a><\/li>\n<\/ul>\n<h4>K\u1ef7 y\u1ebfu H\u1ed9i ngh\u1ecb KH&amp;CN OISP<\/h4>\n<ul>\n<li><a href=\"https:\/\/oisp.hcmut.edu.vn\/academic-affairs\/wp-content\/uploads\/2023\/03\/0STS_2019_ISBN_-978-604-73-7058-0.pdf\" rel=\"attachment wp-att-52484\">OSTS_2019_ISBN_ 978-604-73-7058-0<\/a><\/li>\n<li><a href=\"https:\/\/oisp.hcmut.edu.vn\/academic-affairs\/wp-content\/uploads\/2023\/03\/OSTS_2020_ISBN_-978-604-73-7630-8.pdf\" rel=\"attachment wp-att-52485\">OSTS_2020_ISBN_ 978-604-73-7630-8<\/a><\/li>\n<li><a href=\"https:\/\/oisp.hcmut.edu.vn\/academic-affairs\/wp-content\/uploads\/2023\/03\/OSTS_2021_ISBN_978-604-73-8404-4.pdf\" rel=\"attachment wp-att-52486\">OSTS_2021_ISBN_ 978-604-73-8404-4<\/a><\/li>\n<li><a href=\"https:\/\/oisp.hcmut.edu.vn\/academic-affairs\/wp-content\/uploads\/2023\/03\/0STS_2022_ISBN_-978-604-73-9133-2.pdf\" rel=\"attachment wp-att-52487\">OSTS_2022_ISBN_ 978-604-73-9133-2<\/a><\/li>\n<li><a href=\"https:\/\/oisp.hcmut.edu.vn\/academic-affairs\/wp-content\/uploads\/2023\/10\/OISP_-The-12th-OSTS-for-students.pdf\" rel=\"attachment wp-att-52584\">OSTS_2023_ISBN_ 978-604-479-185-2<\/a><\/li>\n<\/ul>\n<ul><\/ul>\n<ul><\/ul>\n<p>[\/et_pb_text][\/et_pb_column][\/et_pb_row][\/et_pb_section]<\/p>\n","protected":false},"excerpt":{"rendered":"<p>Nghi\u00ean c\u1ee9u khoa h\u1ecdcHo\u1ea1t \u0111\u1ed9ng nghi\u00ean c\u1ee9u khoa h\u1ecdc (NCKH) d\u00e0nh cho sinh vi\u00ean OISP Ho\u1ea1t \u0111\u1ed9ng NCKH \u0111a d\u1ea1ng d\u00e0nh cho sinh vi\u00ean bao g\u1ed3m: Nghi\u00ean c\u1ee9u khoa h\u1ecdc sinh vi\u00ean; Nghi\u00ean c\u1ee9u khoa h\u1ecdc sinh vi\u00ean li\u00ean quan Lu\u1eadn v\u0103n t\u1ed1t nghi\u1ec7p; H\u1ed9i ngh\u1ecb Khoa h\u1ecdc v\u00e0 C\u00f4ng ngh\u1ec7 SV OISP; Tham gia [&hellip;]<\/p>\n","protected":false},"author":1,"featured_media":0,"parent":0,"menu_order":0,"comment_status":"closed","ping_status":"closed","template":"","meta":{"_et_pb_use_builder":"on","_et_pb_old_content":"<!-- wp:divi\/placeholder \/-->","_et_gb_content_width":"","footnotes":""},"class_list":["post-66","page","type-page","status-publish","hentry"],"_links":{"self":[{"href":"https:\/\/oisp.hcmut.edu.vn\/academic-affairs\/wp-json\/wp\/v2\/pages\/66","targetHints":{"allow":["GET"]}}],"collection":[{"href":"https:\/\/oisp.hcmut.edu.vn\/academic-affairs\/wp-json\/wp\/v2\/pages"}],"about":[{"href":"https:\/\/oisp.hcmut.edu.vn\/academic-affairs\/wp-json\/wp\/v2\/types\/page"}],"author":[{"embeddable":true,"href":"https:\/\/oisp.hcmut.edu.vn\/academic-affairs\/wp-json\/wp\/v2\/users\/1"}],"replies":[{"embeddable":true,"href":"https:\/\/oisp.hcmut.edu.vn\/academic-affairs\/wp-json\/wp\/v2\/comments?post=66"}],"version-history":[{"count":17,"href":"https:\/\/oisp.hcmut.edu.vn\/academic-affairs\/wp-json\/wp\/v2\/pages\/66\/revisions"}],"predecessor-version":[{"id":52586,"href":"https:\/\/oisp.hcmut.edu.vn\/academic-affairs\/wp-json\/wp\/v2\/pages\/66\/revisions\/52586"}],"wp:attachment":[{"href":"https:\/\/oisp.hcmut.edu.vn\/academic-affairs\/wp-json\/wp\/v2\/media?parent=66"}],"curies":[{"name":"wp","href":"https:\/\/api.w.org\/{rel}","templated":true}]}}