{"id":85,"date":"2020-05-31T15:54:55","date_gmt":"2020-05-31T15:54:55","guid":{"rendered":"http:\/\/oisp.hcmut.edu.vn\/academic-affairs\/?page_id=85"},"modified":"2020-09-07T13:26:54","modified_gmt":"2020-09-07T13:26:54","slug":"thuc-tap-tot-nghiep","status":"publish","type":"page","link":"https:\/\/oisp.hcmut.edu.vn\/academic-affairs\/thuc-tap-tot-nghiep\/","title":{"rendered":"Th\u1ef1c t\u1eadp t\u1ed1t nghi\u1ec7p"},"content":{"rendered":"<p>[et_pb_section fb_built=&#8221;1&#8243; _builder_version=&#8221;4.5.1&#8243; _module_preset=&#8221;default&#8221;][et_pb_row _builder_version=&#8221;4.5.1&#8243; _module_preset=&#8221;default&#8221; background_color=&#8221;#00aaef&#8221; custom_padding=&#8221;|5px||30px|false|false&#8221; border_radii=&#8221;on|5px|5px|5px|5px&#8221; border_color_all=&#8221;#0c71c3&#8243;][et_pb_column type=&#8221;4_4&#8243; _builder_version=&#8221;4.5.1&#8243; _module_preset=&#8221;default&#8221;][et_pb_text _builder_version=&#8221;4.5.6&#8243; _module_preset=&#8221;default&#8221; text_text_color=&#8221;#ffffff&#8221; header_3_font=&#8221;|700||on|||||&#8221; header_3_text_align=&#8221;center&#8221; header_3_text_color=&#8221;#ffffff&#8221; header_3_font_size=&#8221;30px&#8221; header_3_letter_spacing=&#8221;2px&#8221; header_3_line_height=&#8221;0.5em&#8221; hover_enabled=&#8221;0&#8243;]<\/p>\n<h3 style=\"text-align: center;\">TH\u1ef0C T\u1eacP T\u1ed0T NGHI\u1ec6P<\/h3>\n<p>[\/et_pb_text][et_pb_text _builder_version=&#8221;4.5.6&#8243; _module_preset=&#8221;default&#8221; text_text_color=&#8221;#ffffff&#8221; text_font_size=&#8221;16px&#8221; text_letter_spacing=&#8221;1px&#8221; link_font=&#8221;|300||on|||||&#8221; link_text_align=&#8221;center&#8221; link_text_color=&#8221;#ffffff&#8221; link_font_size=&#8221;16px&#8221; link_letter_spacing=&#8221;1px&#8221; header_font_size=&#8221;38px&#8221; hover_enabled=&#8221;0&#8243; text_orientation=&#8221;justified&#8221; custom_padding=&#8221;|10px|||false|false&#8221;]<\/p>\n<p><span style=\"font-weight: 400;\">D\u00e0nh cho sinh vi\u00ean Ch\u01b0\u01a1ng tr\u00ecnh Ti\u00ean ti\u1ebfn v\u00e0 Ch\u1ea5t l\u01b0\u1ee3ng cao, t\u00f9y theo m\u1ed7i ng\u00e0nh h\u1ecdc m\u00e0 t\u00ean m\u00f4n h\u1ecdc s\u1ebd kh\u00e1c nhau v\u00e0 th\u01b0\u1eddng t\u1ed5 ch\u1ee9c v\u00e0o n\u0103m 4 (\u0111\u1ed1i v\u1edbi ti\u00ean ti\u1ebfn) ho\u1eb7c h\u00e8 n\u0103m 3 (\u0111\u1ed1i v\u1edbi ch\u1ea5t l\u01b0\u1ee3ng cao).\u00a0<\/span><span style=\"font-weight: 400;\">Th\u1eddi gian th\u1ef1c t\u1eadp t\u1eeb 04 \u0111\u1ebfn 08 tu\u1ea7n t\u00f9y v\u00e0o ng\u00e0nh h\u1ecdc.<\/span><\/p>\n<p><span style=\"font-weight: 400;\">Sinh vi\u00ean th\u1ef1c t\u1eadp t\u1ea1i c\u00e1c doanh nghi\u1ec7p (do Khoa b\u1ed1 tr\u00ed ho\u1eb7c sinh vi\u00ean ch\u1ee7 \u0111\u1ed9ng li\u00ean h\u1ec7 v\u1edbi doanh nghi\u1ec7p) v\u00e0 tham gia th\u1ef1c t\u1eadp c\u00e1c n\u1ed9i dung li\u00ean quan \u0111\u1ebfn t\u1eebng chuy\u00ean ng\u00e0nh k\u1ef9 thu\u1eadt t\u00f9y theo ng\u00e0nh h\u1ecdc c\u1ee7a sinh vi\u00ean.<\/span><span style=\"font-weight: 400;\">\u00a0M\u1ed7i sinh vi\u00ean l\u00e0m b\u00e1o c\u00e1o th\u1ef1c t\u1eadp b\u1eb1ng Ti\u1ebfng Anh ho\u1eb7c Ti\u1ebfng Vi\u1ec7t t\u00f9y theo y\u00eau c\u1ea7u c\u1ee7a doanh nghi\u1ec7p v\u1ec1 qu\u00e1 tr\u00ecnh th\u1ef1c t\u1eadp v\u00e0 g\u1eedi v\u1ec1 gi\u00e1o vi\u00ean ph\u1ee5 tr\u00e1ch t\u1ea1i tr\u01b0\u1eddng. B\u1ea3n b\u00e1o c\u00e1o \u0111\u01b0\u1ee3c \u0111\u00e1nh gi\u00e1, cho \u0111i\u1ec3m b\u1edfi ng\u01b0\u1eddi ph\u1ee5 tr\u00e1ch qu\u00e1 tr\u00ecnh th\u1ef1c t\u1eadp c\u1ee7a sinh vi\u00ean t\u1ea1i doanh nghi\u1ec7p v\u00e0 gi\u00e1o vi\u00ean ph\u1ee5 tr\u00e1ch t\u1ea1i tr\u01b0\u1eddng.<\/span><\/p>\n<p><span style=\"font-weight: 400;\">L\u01b0u \u00fd \u0111\u1ed1i v\u1edbi sinh vi\u00ean th\u1ef1c t\u1eadp t\u1ea1i doanh nghi\u1ec7p: Ch\u1ea5p h\u00e0nh \u0111\u00fang n\u1ed9i quy c\u1ee7a doanh nghi\u1ec7p: gi\u1edd gi\u1ea5c, b\u1ea3o v\u1ec7 t\u00e0i s\u1ea3n, k\u1ef7 lu\u1eadt.; L\u01b0u tr\u1eef nh\u1eefng t\u00e0i li\u1ec7u ghi ch\u00e9p h\u00e0ng ng\u00e0y \u0111\u1ec3 l\u00e0m b\u00e1o c\u00e1o.<\/span><\/p>\n<p>[\/et_pb_text][\/et_pb_column][\/et_pb_row][\/et_pb_section]<\/p>\n","protected":false},"excerpt":{"rendered":"<p>TH\u1ef0C T\u1eacP T\u1ed0T NGHI\u1ec6P D\u00e0nh cho sinh vi\u00ean Ch\u01b0\u01a1ng tr\u00ecnh Ti\u00ean ti\u1ebfn v\u00e0 Ch\u1ea5t l\u01b0\u1ee3ng cao, t\u00f9y theo m\u1ed7i ng\u00e0nh h\u1ecdc m\u00e0 t\u00ean m\u00f4n h\u1ecdc s\u1ebd kh\u00e1c nhau v\u00e0 th\u01b0\u1eddng t\u1ed5 ch\u1ee9c v\u00e0o n\u0103m 4 (\u0111\u1ed1i v\u1edbi ti\u00ean ti\u1ebfn) ho\u1eb7c h\u00e8 n\u0103m 3 (\u0111\u1ed1i v\u1edbi ch\u1ea5t l\u01b0\u1ee3ng cao).\u00a0Th\u1eddi gian th\u1ef1c t\u1eadp t\u1eeb 04 \u0111\u1ebfn 08 [&hellip;]<\/p>\n","protected":false},"author":1,"featured_media":0,"parent":0,"menu_order":0,"comment_status":"closed","ping_status":"closed","template":"","meta":{"_et_pb_use_builder":"on","_et_pb_old_content":"<!-- wp:divi\/placeholder \/-->","_et_gb_content_width":"","footnotes":""},"class_list":["post-85","page","type-page","status-publish","hentry"],"_links":{"self":[{"href":"https:\/\/oisp.hcmut.edu.vn\/academic-affairs\/wp-json\/wp\/v2\/pages\/85","targetHints":{"allow":["GET"]}}],"collection":[{"href":"https:\/\/oisp.hcmut.edu.vn\/academic-affairs\/wp-json\/wp\/v2\/pages"}],"about":[{"href":"https:\/\/oisp.hcmut.edu.vn\/academic-affairs\/wp-json\/wp\/v2\/types\/page"}],"author":[{"embeddable":true,"href":"https:\/\/oisp.hcmut.edu.vn\/academic-affairs\/wp-json\/wp\/v2\/users\/1"}],"replies":[{"embeddable":true,"href":"https:\/\/oisp.hcmut.edu.vn\/academic-affairs\/wp-json\/wp\/v2\/comments?post=85"}],"version-history":[{"count":3,"href":"https:\/\/oisp.hcmut.edu.vn\/academic-affairs\/wp-json\/wp\/v2\/pages\/85\/revisions"}],"predecessor-version":[{"id":51029,"href":"https:\/\/oisp.hcmut.edu.vn\/academic-affairs\/wp-json\/wp\/v2\/pages\/85\/revisions\/51029"}],"wp:attachment":[{"href":"https:\/\/oisp.hcmut.edu.vn\/academic-affairs\/wp-json\/wp\/v2\/media?parent=85"}],"curies":[{"name":"wp","href":"https:\/\/api.w.org\/{rel}","templated":true}]}}