{"id":95,"date":"2020-05-31T15:58:41","date_gmt":"2020-05-31T15:58:41","guid":{"rendered":"http:\/\/oisp.hcmut.edu.vn\/academic-affairs\/?page_id=95"},"modified":"2023-10-05T07:00:16","modified_gmt":"2023-10-05T07:00:16","slug":"giao-vien-chu-nhiem","status":"publish","type":"page","link":"https:\/\/oisp.hcmut.edu.vn\/academic-affairs\/giao-vien-chu-nhiem\/","title":{"rendered":"Gi\u00e1o vi\u00ean ch\u1ee7 nhi\u1ec7m"},"content":{"rendered":"<p>[et_pb_section fb_built=&#8221;1&#8243; _builder_version=&#8221;4.16&#8243; _module_preset=&#8221;default&#8221; global_colors_info=&#8221;{}&#8221;][et_pb_row _builder_version=&#8221;4.16&#8243; _module_preset=&#8221;default&#8221; background_color=&#8221;#00aaef&#8221; custom_padding=&#8221;|5px||30px|false|false&#8221; border_radii=&#8221;on|5px|5px|5px|5px&#8221; border_color_all=&#8221;#0c71c3&#8243; global_colors_info=&#8221;{}&#8221;][et_pb_column type=&#8221;4_4&#8243; _builder_version=&#8221;4.16&#8243; _module_preset=&#8221;default&#8221; global_colors_info=&#8221;{}&#8221;][et_pb_text _builder_version=&#8221;4.16&#8243; _module_preset=&#8221;default&#8221; text_text_color=&#8221;#ffffff&#8221; header_3_font=&#8221;|700|||||||&#8221; header_3_text_color=&#8221;#ffffff&#8221; header_3_font_size=&#8221;30px&#8221; header_3_letter_spacing=&#8221;2px&#8221; header_3_line_height=&#8221;0.5em&#8221; global_colors_info=&#8221;{}&#8221;]<\/p>\n<h3 style=\"text-align: center;\">GI\u00c1O VI\u00caN CH\u1ee6 NHI\u1ec6M<\/h3>\n<p>[\/et_pb_text][et_pb_text _builder_version=&#8221;4.16&#8243; _module_preset=&#8221;default&#8221; text_text_color=&#8221;#ffffff&#8221; global_colors_info=&#8221;{}&#8221;]<\/p>\n<p><strong>M\u1ed7i sinh vi\u00ean \u0111\u1ec1u c\u00f3 m\u1ed9t GVCN h\u1ed7 tr\u1ee3 trong su\u1ed1t qu\u00e1 tr\u00ecnh h\u1ecdc t\u1eadp t\u1ea1i tr\u01b0\u1eddng. Sinh vi\u00ean li\u00ean h\u1ec7 GVCN khi g\u1eb7p c\u00e1c v\u1ea5n \u0111\u1ec1 sau:<\/strong><\/p>\n<ul>\n<li>Khi c\u1ea7n \u0111\u01b0\u1ee3c t\u01b0 v\u1ea5n v\u1ec1 c\u00e1c v\u1ea5n \u0111\u1ec1 nh\u01b0 ch\u1ecdn l\u1ef1a c\u00e1c m\u00f4n h\u1ecdc thu\u1ed9c nh\u00f3m m\u00f4n t\u1ef1 ch\u1ecdn, x\u00e2y d\u1ef1ng l\u1ed9 tr\u00ecnh tr\u1ea3 n\u1ee3 m\u00f4n cho b\u1ea3n th\u00e2n.<\/li>\n<li>Tr\u01b0\u1edbc c\u00e1c quy\u1ebft \u0111\u1ecbnh quan tr\u1ecdng nh\u01b0 chuy\u1ec3n ch\u01b0\u01a1ng tr\u00ecnh\/ng\u00e0nh, chuy\u1ec3n tr\u01b0\u1eddng, th\u00f4i h\u1ecdc.<\/li>\n<li>Khi b\u1ecb c\u00e1c h\u00ecnh th\u1ee9c x\u1eed l\u00fd h\u1ecdc v\u1ee5 nh\u01b0: C\u1ea3nh c\u00e1o l\u1ea7n 1, c\u1ea3nh c\u00e1o l\u1ea7n 2, b\u1ecb t\u1ea1m d\u1eebng, bu\u1ed9c th\u00f4i h\u1ecdc.<\/li>\n<li>Khi g\u1eb7p c\u00e1c v\u1ea5n \u0111\u1ec1 kh\u00f3 kh\u0103n nh\u01b0 m\u1ea5t ph\u01b0\u01a1ng h\u01b0\u1edbng trong h\u1ecdc t\u1eadp, gia \u0111\u00ecnh ho\u1eb7c b\u1ea3n th\u00e2n r\u01a1i v\u00e0o c\u00e1c ho\u00e0n c\u1ea3nh \u0111\u1eb7c bi\u1ec7t c\u1ea7n s\u1ef1 gi\u00fap \u0111\u1ee1.<\/li>\n<li>Khi c\u1ea7n \u0111\u01b0\u1ee3c \u0111\u1ecbnh h\u01b0\u1edbng ch\u1ecdn ph\u00e2n ng\u00e0nh, ch\u1ecdn \u0111\u1ec1 t\u00e0i cho th\u1ef1c t\u1eadp t\u1ed1t nghi\u1ec7p ho\u1eb7c lu\u1eadn v\u0103n.<\/li>\n<\/ul>\n<p>[\/et_pb_text][\/et_pb_column][\/et_pb_row][\/et_pb_section][et_pb_section fb_built=&#8221;1&#8243; _builder_version=&#8221;4.16&#8243; _module_preset=&#8221;default&#8221; custom_padding=&#8221;0px||||false|false&#8221; global_colors_info=&#8221;{}&#8221;][et_pb_row _builder_version=&#8221;4.16&#8243; _module_preset=&#8221;default&#8221; custom_margin=&#8221;0px||0px||false|false&#8221; custom_padding=&#8221;0px||0px||false|false&#8221; border_width_top=&#8221;1px&#8221; border_color_top=&#8221;#0c71c3&#8243; border_width_bottom=&#8221;1px&#8221; border_color_bottom=&#8221;#0c71c3&#8243; global_colors_info=&#8221;{}&#8221;][et_pb_column type=&#8221;4_4&#8243; _builder_version=&#8221;4.16&#8243; _module_preset=&#8221;default&#8221; global_colors_info=&#8221;{}&#8221;][et_pb_text _builder_version=&#8221;4.16&#8243; _module_preset=&#8221;default&#8221; text_font=&#8221;Roboto|300|||||||&#8221; text_text_color=&#8221;#000000&#8243; text_font_size=&#8221;17px&#8221; text_letter_spacing=&#8221;1px&#8221; header_3_font=&#8221;|600|||||||&#8221; header_3_text_align=&#8221;left&#8221; header_3_text_color=&#8221;#0c71c3&#8243; header_4_text_color=&#8221;#0c71c3&#8243; text_orientation=&#8221;justified&#8221; custom_margin=&#8221;15px||0px||false|false&#8221; custom_padding=&#8221;0px||0px||false|false&#8221; global_colors_info=&#8221;{}&#8221;]<\/p>\n<h4>L\u1ecbch ti\u1ebfp sinh vi\u00ean xem b\u00ean d\u01b0\u1edbi:<\/h4>\n<p>[\/et_pb_text][et_pb_button button_url=&#8221;https:\/\/docs.google.com\/spreadsheets\/d\/1coYkcYDP07MUcVUV3TnXyGFnWZEL1mTK7tyKm2ndiwc\/edit?usp=sharing&#8221; url_new_window=&#8221;on&#8221; button_text=&#8221;L\u1ecbch ti\u1ebfp sinh vi\u00ean n\u0103m h\u1ecdc 2023 &#8211; 2024 (h\u1ecdc k\u1ef3 231)&#8221; button_alignment=&#8221;left&#8221; _builder_version=&#8221;4.21.0&#8243; _module_preset=&#8221;default&#8221; custom_button=&#8221;on&#8221; button_border_width=&#8221;0px&#8221; button_font=&#8221;|300|on||||||&#8221; button_icon=&#8221;&#x41;||divi||400&#8243; custom_margin=&#8221;0px||0px||false|false&#8221; hover_enabled=&#8221;0&#8243; global_colors_info=&#8221;{}&#8221; sticky_enabled=&#8221;0&#8243;][\/et_pb_button][et_pb_button button_url=&#8221;https:\/\/docs.google.com\/spreadsheets\/d\/1MG8l0BM3KX9EuVrrOzkWVDNtUq3qRYnjZOqg96IbXHw\/edit#gid=0&#8243; url_new_window=&#8221;on&#8221; button_text=&#8221;L\u1ecbch ti\u1ebfp sinh vi\u00ean n\u0103m h\u1ecdc 2022 &#8211; 2023 (h\u1ecdc k\u1ef3 222)&#8221; button_alignment=&#8221;left&#8221; _builder_version=&#8221;4.19.2&#8243; _module_preset=&#8221;default&#8221; custom_button=&#8221;on&#8221; button_border_width=&#8221;0px&#8221; button_font=&#8221;|300|on||||||&#8221; button_icon=&#8221;&#x41;||divi||400&#8243; custom_margin=&#8221;0px||0px||false|false&#8221; global_colors_info=&#8221;{}&#8221;][\/et_pb_button][et_pb_button button_url=&#8221;https:\/\/docs.google.com\/spreadsheets\/d\/1A8ru8K6i8tqIIqYX0n4DLevKp35OSNHocSzivDOCBXE\/edit#gid=0&#8243; url_new_window=&#8221;on&#8221; button_text=&#8221;L\u1ecbch ti\u1ebfp sinh vi\u00ean n\u0103m h\u1ecdc 2022 &#8211; 2023 (h\u1ecdc k\u1ef3 221)&#8221; button_alignment=&#8221;left&#8221; _builder_version=&#8221;4.17.4&#8243; _module_preset=&#8221;default&#8221; custom_button=&#8221;on&#8221; button_border_width=&#8221;0px&#8221; button_font=&#8221;|300|on||||||&#8221; button_icon=&#8221;&#x41;||divi||400&#8243; custom_margin=&#8221;0px||0px||false|false&#8221; global_colors_info=&#8221;{}&#8221;][\/et_pb_button][et_pb_button button_url=&#8221;https:\/\/oisp.hcmut.edu.vn\/academic-affairs\/wp-content\/uploads\/2022\/02\/212_Lich-tiep-SV-dinh-ky.pdf&#8221; url_new_window=&#8221;on&#8221; button_text=&#8221;L\u1ecbch ti\u1ebfp sinh vi\u00ean n\u0103m h\u1ecdc 2021 &#8211; 2022 (h\u1ecdc k\u1ef3 212)&#8221; button_alignment=&#8221;left&#8221; _builder_version=&#8221;4.16&#8243; _module_preset=&#8221;default&#8221; custom_button=&#8221;on&#8221; button_border_width=&#8221;0px&#8221; button_font=&#8221;|300|on||||||&#8221; button_icon=&#8221;&#x41;||divi||400&#8243; custom_margin=&#8221;0px||0px||false|false&#8221; global_colors_info=&#8221;{}&#8221;][\/et_pb_button][et_pb_button button_url=&#8221;https:\/\/docs.google.com\/spreadsheets\/d\/1bjtJL22kWyIaH4M7zr7ErvJAJmTQL44R\/edit?usp=sharing&#038;ouid=100282442858371252599&#038;rtpof=true&#038;sd=true&#8221; url_new_window=&#8221;on&#8221; button_text=&#8221;L\u1ecbch ti\u1ebfp sinh vi\u00ean n\u0103m h\u1ecdc 2021 &#8211; 2022 (h\u1ecdc k\u1ef3 211)&#8221; button_alignment=&#8221;left&#8221; _builder_version=&#8221;4.16&#8243; _module_preset=&#8221;default&#8221; custom_button=&#8221;on&#8221; button_border_width=&#8221;0px&#8221; button_font=&#8221;|300|on||||||&#8221; button_icon=&#8221;&#x41;||divi||400&#8243; custom_margin=&#8221;0px||0px||false|false&#8221; global_colors_info=&#8221;{}&#8221;][\/et_pb_button][et_pb_button button_url=&#8221;http:\/\/oisp.hcmut.edu.vn\/academic-affairs\/wp-content\/uploads\/2021\/04\/202_Lich-tiep-SV-dinh-ky.pdf&#8221; url_new_window=&#8221;on&#8221; button_text=&#8221;L\u1ecbch ti\u1ebfp sinh vi\u00ean n\u0103m h\u1ecdc 2020 &#8211; 2021 (h\u1ecdc k\u1ef3 202)&#8221; button_alignment=&#8221;left&#8221; _builder_version=&#8221;4.16&#8243; _module_preset=&#8221;default&#8221; custom_button=&#8221;on&#8221; button_border_width=&#8221;0px&#8221; button_font=&#8221;|300|on||||||&#8221; button_icon=&#8221;&#x41;||divi||400&#8243; custom_margin=&#8221;0px||0px||false|false&#8221; global_colors_info=&#8221;{}&#8221;][\/et_pb_button][et_pb_button button_url=&#8221;http:\/\/oisp.hcmut.edu.vn\/academic-affairs\/wp-content\/uploads\/2020\/09\/192-LICH-GIAO-VIEN-CHU-NHIEM-TIEP-SINH-VIEN-NAM-HOC-2019-2020.pdf&#8221; url_new_window=&#8221;on&#8221; button_text=&#8221;L\u1ecbch ti\u1ebfp sinh vi\u00ean n\u0103m h\u1ecdc 2019 &#8211; 2020 (h\u1ecdc k\u1ef3 192)&#8221; button_alignment=&#8221;left&#8221; _builder_version=&#8221;4.16&#8243; _module_preset=&#8221;default&#8221; custom_button=&#8221;on&#8221; button_border_width=&#8221;0px&#8221; button_font=&#8221;|300|on||||||&#8221; button_icon=&#8221;&#x41;||divi||400&#8243; custom_margin=&#8221;0px||0px||false|false&#8221; global_colors_info=&#8221;{}&#8221;][\/et_pb_button][et_pb_button button_url=&#8221;http:\/\/oisp.hcmut.edu.vn\/academic-affairs\/wp-content\/uploads\/2020\/09\/191-LICH-GIAO-VIEN-CHU-NHIEM-TIEP-SINH-VIEN-NAM-HOC-2019-2020.pdf&#8221; url_new_window=&#8221;on&#8221; button_text=&#8221;L\u1ecbch ti\u1ebfp sinh vi\u00ean n\u0103m h\u1ecdc 2019 &#8211; 2020 (h\u1ecdc k\u1ef3 191)&#8221; button_alignment=&#8221;left&#8221; _builder_version=&#8221;4.16&#8243; _module_preset=&#8221;default&#8221; custom_button=&#8221;on&#8221; button_border_width=&#8221;0px&#8221; button_font=&#8221;|300|on||||||&#8221; button_icon=&#8221;&#x41;||divi||400&#8243; custom_margin=&#8221;0px||0px||false|false&#8221; global_colors_info=&#8221;{}&#8221;][\/et_pb_button][et_pb_button button_url=&#8221;http:\/\/oisp.hcmut.edu.vn\/academic-affairs\/wp-content\/uploads\/2020\/09\/182-LICH-GIAO-VIEN-CHU-NHIEM-TIEP-SINH-VIEN-NAM-HOC-2018-2019.pdf&#8221; url_new_window=&#8221;on&#8221; button_text=&#8221;L\u1ecbch ti\u1ebfp sinh vi\u00ean n\u0103m h\u1ecdc 2018 &#8211; 2019 (h\u1ecdc k\u1ef3 182)&#8221; button_alignment=&#8221;left&#8221; _builder_version=&#8221;4.16&#8243; _module_preset=&#8221;default&#8221; custom_button=&#8221;on&#8221; button_border_width=&#8221;0px&#8221; button_font=&#8221;|300|on||||||&#8221; button_icon=&#8221;&#x41;||divi||400&#8243; custom_margin=&#8221;0px||0px||false|false&#8221; global_colors_info=&#8221;{}&#8221;][\/et_pb_button][et_pb_button button_url=&#8221;http:\/\/oisp.hcmut.edu.vn\/academic-affairs\/wp-content\/uploads\/2020\/09\/181-LICH-GIAO-VIEN-CHU-NHIEM-TIEP-SINH-VIEN-NAM-HOC-2018-2019.pdf&#8221; url_new_window=&#8221;on&#8221; button_text=&#8221;L\u1ecbch ti\u1ebfp sinh vi\u00ean n\u0103m h\u1ecdc 2018 &#8211; 2019 (h\u1ecdc k\u1ef3 181)&#8221; button_alignment=&#8221;left&#8221; _builder_version=&#8221;4.16&#8243; _module_preset=&#8221;default&#8221; custom_button=&#8221;on&#8221; button_border_width=&#8221;0px&#8221; button_font=&#8221;|300|on||||||&#8221; button_icon=&#8221;&#x41;||divi||400&#8243; custom_margin=&#8221;0px||0px||false|false&#8221; global_colors_info=&#8221;{}&#8221;][\/et_pb_button][\/et_pb_column][\/et_pb_row][\/et_pb_section]<\/p>\n","protected":false},"excerpt":{"rendered":"<p>GI\u00c1O VI\u00caN CH\u1ee6 NHI\u1ec6MM\u1ed7i sinh vi\u00ean \u0111\u1ec1u c\u00f3 m\u1ed9t GVCN h\u1ed7 tr\u1ee3 trong su\u1ed1t qu\u00e1 tr\u00ecnh h\u1ecdc t\u1eadp t\u1ea1i tr\u01b0\u1eddng. Sinh vi\u00ean li\u00ean h\u1ec7 GVCN khi g\u1eb7p c\u00e1c v\u1ea5n \u0111\u1ec1 sau: Khi c\u1ea7n \u0111\u01b0\u1ee3c t\u01b0 v\u1ea5n v\u1ec1 c\u00e1c v\u1ea5n \u0111\u1ec1 nh\u01b0 ch\u1ecdn l\u1ef1a c\u00e1c m\u00f4n h\u1ecdc thu\u1ed9c nh\u00f3m m\u00f4n t\u1ef1 ch\u1ecdn, x\u00e2y d\u1ef1ng l\u1ed9 tr\u00ecnh [&hellip;]<\/p>\n","protected":false},"author":1,"featured_media":0,"parent":0,"menu_order":0,"comment_status":"closed","ping_status":"closed","template":"","meta":{"_et_pb_use_builder":"on","_et_pb_old_content":"<!-- wp:divi\/placeholder \/-->","_et_gb_content_width":"","footnotes":""},"class_list":["post-95","page","type-page","status-publish","hentry"],"_links":{"self":[{"href":"https:\/\/oisp.hcmut.edu.vn\/academic-affairs\/wp-json\/wp\/v2\/pages\/95","targetHints":{"allow":["GET"]}}],"collection":[{"href":"https:\/\/oisp.hcmut.edu.vn\/academic-affairs\/wp-json\/wp\/v2\/pages"}],"about":[{"href":"https:\/\/oisp.hcmut.edu.vn\/academic-affairs\/wp-json\/wp\/v2\/types\/page"}],"author":[{"embeddable":true,"href":"https:\/\/oisp.hcmut.edu.vn\/academic-affairs\/wp-json\/wp\/v2\/users\/1"}],"replies":[{"embeddable":true,"href":"https:\/\/oisp.hcmut.edu.vn\/academic-affairs\/wp-json\/wp\/v2\/comments?post=95"}],"version-history":[{"count":14,"href":"https:\/\/oisp.hcmut.edu.vn\/academic-affairs\/wp-json\/wp\/v2\/pages\/95\/revisions"}],"predecessor-version":[{"id":52582,"href":"https:\/\/oisp.hcmut.edu.vn\/academic-affairs\/wp-json\/wp\/v2\/pages\/95\/revisions\/52582"}],"wp:attachment":[{"href":"https:\/\/oisp.hcmut.edu.vn\/academic-affairs\/wp-json\/wp\/v2\/media?parent=95"}],"curies":[{"name":"wp","href":"https:\/\/api.w.org\/{rel}","templated":true}]}}