{"id":242,"date":"2020-08-17T01:45:38","date_gmt":"2020-08-17T01:45:38","guid":{"rendered":"https:\/\/oisp.hcmut.edu.vn\/doanhoi\/?page_id=242"},"modified":"2023-10-11T09:30:31","modified_gmt":"2023-10-11T09:30:31","slug":"lien-chi-hoi-sinh-vien-vpdtqt","status":"publish","type":"page","link":"https:\/\/oisp.hcmut.edu.vn\/doanhoi\/lien-chi-hoi-sinh-vien-vpdtqt\/","title":{"rendered":"Li\u00ean chi h\u1ed9i sinh vi\u00ean VP\u0110TQT"},"content":{"rendered":"<p>[et_pb_section fb_built=&#8221;1&#8243; next_background_color=&#8221;#ffffff&#8221; _builder_version=&#8221;4.16&#8243; _module_preset=&#8221;default&#8221; background_color=&#8221;#0C71C3&#8243; custom_padding=&#8221;15px||||false|false&#8221; bottom_divider_style=&#8221;arrow3&#8243; global_colors_info=&#8221;{}&#8221;][et_pb_row _builder_version=&#8221;4.16&#8243; _module_preset=&#8221;default&#8221; width=&#8221;100%&#8221; max_width=&#8221;1440px&#8221; global_colors_info=&#8221;{}&#8221;][et_pb_column type=&#8221;4_4&#8243; _builder_version=&#8221;4.16&#8243; _module_preset=&#8221;default&#8221; global_colors_info=&#8221;{}&#8221;][et_pb_text _builder_version=&#8221;4.16&#8243; _module_preset=&#8221;default&#8221; text_font=&#8221;|700||on|||||&#8221; text_text_color=&#8221;#FFFFFF&#8221; text_font_size=&#8221;35px&#8221; text_letter_spacing=&#8221;2px&#8221; text_line_height=&#8221;1.8em&#8221; text_orientation=&#8221;center&#8221; global_colors_info=&#8221;{}&#8221;]<\/p>\n<p>T\u00ecm hi\u1ec3u th\u00f4ng tin v\u1ec1 ch\u00fang t\u00f4i<\/p>\n<p>[\/et_pb_text][\/et_pb_column][\/et_pb_row][\/et_pb_section][et_pb_section fb_built=&#8221;1&#8243; admin_label=&#8221;Fresh Ingredients&#8221; _builder_version=&#8221;4.16&#8243; background_enable_color=&#8221;off&#8221; custom_padding=&#8221;0px||0px||false|false&#8221; locked=&#8221;off&#8221; global_colors_info=&#8221;{}&#8221;][et_pb_row _builder_version=&#8221;4.16&#8243; _module_preset=&#8221;default&#8221; width=&#8221;100%&#8221; max_width=&#8221;1440px&#8221; global_colors_info=&#8221;{}&#8221;][et_pb_column type=&#8221;4_4&#8243; _builder_version=&#8221;4.16&#8243; _module_preset=&#8221;default&#8221; global_colors_info=&#8221;{}&#8221;][bck_content_toggle primary_title=&#8221;H\u1ed8I SINH VI\u00caN TR\u01af\u1edcNG \u0110A\u0323I HO\u0323C B\u00c1CH KHOA&#8221; custom_primary_content=&#8221;<\/p>\n<p>H\u1ed9i sinh vi\u00ean Tr\u01b0\u1eddng \u0110\u1ea1i h\u1ecdc B\u00e1ch Khoa \u0111\u01b0\u1ee3c ch\u00ednh th\u1ee9c th\u00e0nh l\u1eadp v\u00e0o th\u00e1ng 11 n\u0103m 1996, \u0111\u1ebfn nay \u0111\u00e3 h\u01a1n 25 n\u0103m h\u00ecnh th\u00e0nh v\u00e0 ph\u00e1t tri\u1ec3n. N\u00f3i v\u1ec1 c\u00f4ng t\u00e1c H\u1ed9i v\u00e0 phong tr\u00e0o sinh vi\u00ean, t\u1ed5 ch\u1ee9c H\u1ed9i sinh vi\u00ean \u0111\u00e3 g\u1eb7t h\u00e1i \u0111\u01b0\u1ee3c nhi\u1ec1u th\u00e0nh c\u00f4ng nh\u1ea5t \u0111\u1ecbnh trong nhi\u1ec1u l\u0129nh v\u1ef1c, t\u1ea1o ti\u1ebfng vang kh\u00f4ng ch\u1ec9 \u1edf Th\u00e0nh ph\u1ed1 m\u00e0 trong c\u1ea3 n\u01b0\u1edbc.<\/p>\n<p>H\u1ed9i sinh vi\u00ean tr\u01b0\u1eddng lu\u00f4n \u0111i \u0111\u1ea7u th\u00fac \u0111\u1ea9y c\u00e1c ho\u1ea1t \u0111\u1ed9ng s\u00e1ng t\u1ea1o, nghi\u00ean c\u1ee9u khoa h\u1ecdc v\u00e0 tinh th\u1ea7n xung k\u00edch trong c\u00e1c chi\u1ebfn d\u1ecbch t\u00ecnh nguy\u1ec7n tr\u00ean kh\u1eafp c\u00e1c m\u1eb7t tr\u1eadn \u0111\u1ec3 lu\u00f4n x\u1ee9ng \u0111\u00e1ng v\u1edbi 16 ch\u1eef v\u00e0ng do Trung \u01b0\u01a1ng \u0110o\u00e0n TNCS H\u1ed3 Ch\u00ed Minh trao t\u1eb7ng: %22Tu\u1ed5i tr\u1ebb B\u00e1ch Khoa: Gi\u1ecfi chuy\u00ean m\u00f4n &#8211; V\u1eefng ch\u00ednh tr\u1ecb &#8211; S\u00e1ng t\u00e2m h\u1ed3n &#8211; Kho\u1ebb th\u1ec3 ch\u1ea5t%22<\/p>\n<p>&#8221; secondary_title=&#8221;LI\u00caN CHI H\u1ed8I SINH VI\u00caN V\u0102N PH\u00d2NG \u0110\u00c0O T\u1ea0O QU\u1ed0C T\u1ebe&#8221; custom_secondary_content=&#8221;<\/p>\n<p><span>Li\u00ean Chi h\u1ed9i sinh vi\u00ean V\u0103n ph\u00f2ng \u0110\u00e0o t\u1ea1o Qu\u1ed1c t\u1ebf (LCH SV VP\u0110TQT) l\u00e0 t\u1ed5 ch\u1ee9c ch\u00ednh tr\u1ecb x\u00e3 h\u1ed9i tr\u1ef1c thu\u1ed9c H\u1ed9i sinh vi\u00ean Tr\u01b0\u1eddng \u0110\u1ea1i h\u1ecdc B\u00e1ch Khoa \u2013 \u0110HQG HCM, l\u00e0 m\u1ed9t trong nh\u1eefng LCH SV VP\u0110TQT n\u1ed5i b\u1eadt trong H\u1ed9i sinh vi\u00ean tr\u01b0\u1eddng, lu\u00f4n \u0111i \u0111\u1ea7u trong c\u00e1c phong tr\u00e0o thi \u0111ua v\u00e0 t\u1ed5 ch\u1ee9c ho\u1ea1t \u0111\u1ed9ng, s\u00e2n ch\u01a1i b\u1ed5 \u00edch cho sinh vi\u00ean. <\/span><\/p>\n<p><span>LCH SV VP\u0110TQT lu\u00f4n l\u1ea5y tinh th\u1ea7n ham h\u1ecdc h\u1ecfi trong m\u00f4i tr\u01b0\u1eddng nghi\u00ean c\u1ee9u khoa h\u1ecdc, nh\u1eefng mong mu\u1ed1n, nguy\u1ec7n v\u1ecdng c\u1ee7a sinh vi\u00ean trong c\u00e1c s\u00e2n ch\u01a1i l\u00e0nh m\u1ea1nh l\u00e0m g\u1ed1c \u0111\u1ec3 t\u1ed5 ch\u1ee9c c\u00e1c ho\u1ea1t \u0111\u1ed9ng, phong tr\u00e0o ph\u00f9 h\u1ee3p \u0111\u00fang v\u1edbi b\u1ea3n ch\u1ea5t c\u1ee7a sinh vi\u00ean B\u00e1ch khoa n\u00f3i chung v\u00e0 c\u0169ng nh\u01b0 sinh vi\u00ean VP\u0110TQT n\u00f3i ri\u00eang. \u0110\u00e2y c\u0169ng l\u00e0 \u0111\u01a1n vi\u0323 tri\u00ea\u0309n khai, t\u00f4\u0309 ch\u01b0\u0301c ca\u0301c hoa\u0323t \u0111\u00f4\u0323ng ti\u00eau bi\u00ea\u0309u nh\u01b0: Sinh vi\u00ean 05 t\u00f4\u0301t, Xu\u00e2n ti\u0300nh nguy\u00ea\u0323n, Mu\u0300a he\u0300 xanh, OISP Camp, OISP Gala&#8230; Ban Ch\u00e2\u0301p ha\u0300nh LCH SV VP\u0110TQT hi\u00ea\u0323n co\u0301 15 tha\u0300nh vi\u00ean la\u0300 sinh vi\u00ean; trong \u0111o\u0301 m\u1ed9t Li\u00ean Chi h\u00f4\u0323i tr\u01b0\u01a1\u0309ng, hai Li\u00ean Chi h\u00f4\u0323i pho\u0301 va\u0300 12 u\u0309y vi\u00ean. <\/span><\/p>\n<p><span>Hi\u00ea\u0323n ta\u0323i, LCH SV VP\u0110TQT \u0111ang qua\u0309n ly\u0301 ch\u00edn c\u00e2u la\u0323c b\u00f4\u0323 sinh vi\u00ean: CLB \u0110a\u0323i s\u01b0\u0301 sinh vi\u00ean VP\u0110TQT (OSA), CLB Bo\u0301ng \u0111a\u0301 (OFC), CLB V\u0103n ngh\u1ec7 VP\u0110TQT (B.O.M.B), CLB Truy\u1ec1n th\u00f4ng v\u00e0 S\u1ef1 ki\u1ec7n (H.O.P.E), CLB Ti\u00ea\u0301ng Anh VP\u0110TQT (OEC), CLB Ti\u00ea\u0301ng Nh\u00e2\u0323t VP\u0110TQT (OJC), CLB Ti\u0300nh nguy\u00ea\u0323n VP\u0110TQT (OVC), CLB th\u00ea\u0309 thao \u0111i\u00ea\u0323n t\u01b0\u0309 VP\u0110TQT (OES), Google Developer Student Club &#8211; HCMUT (GDSC HCMUT) v\u00e0 CLB Logistics V\u0103n ph\u00f2ng \u0110\u00e0o t\u1ea1o Qu\u1ed1c t\u1ebf (ELOG)<\/span><\/p>\n<p>&#8221; switcher_bg_primary=&#8221;#f5f5f5&#8243; switcher_bg_secondary=&#8221;#f5f5f5&#8243; trigger_bg=&#8221;#0C71C3&#8243; primary_content_bg=&#8221;#f5f5f5&#8243; primary_content_radius=&#8221;15px&#8221; secondary_content_bg=&#8221;#f5f5f5&#8243; secondary_content_radius=&#8221;15px&#8221; _builder_version=&#8221;4.22.1&#8243; _module_preset=&#8221;default&#8221; primary_title_font=&#8221;|700||on|||||&#8221; primary_title_text_color=&#8221;#0C71C3&#8243; primary_title_font_size=&#8221;18px&#8221; secondary_title_font=&#8221;|700|||||||&#8221; secondary_title_text_color=&#8221;#0C71C3&#8243; secondary_title_font_size=&#8221;18px&#8221; secondary_title_letter_spacing=&#8221;1px&#8221; body_font=&#8221;Open Sans||||||||&#8221; body_text_align=&#8221;justify&#8221; body_text_color=&#8221;#012060&#8243; body_font_size=&#8221;16px&#8221; body_line_height=&#8221;1.8em&#8221; hover_enabled=&#8221;0&#8243; border_color_top=&#8221;#0C71C3&#8243; global_colors_info=&#8221;{}&#8221; sticky_enabled=&#8221;0&#8243; custom_padding=&#8221;0px|||||&#8221;][\/bck_content_toggle][\/et_pb_column][\/et_pb_row][\/et_pb_section]<\/p>\n","protected":false},"excerpt":{"rendered":"<p>T\u00ecm hi\u1ec3u th\u00f4ng tin v\u1ec1 ch\u00fang t\u00f4i<div class=\"et_pb_module bck_content_toggle bck_content_toggle_0\">\n\t\t\t\t\n\t\t\t\t\n\t\t\t\t\n\t\t\t\t\n\t\t\t\t\n\t\t\t\t\n\t\t\t\t<div class=\"et_pb_module_inner\">\n\t\t\t\t\t<div class=\"bck-content-toggle\">\r\n                <div class=\"bck-content-toggle-header\">\r\n                    <div class=\"bck-toggle\">\r\n                        <div class=\"bck-toggle-left\">\r\n                            <h5 class=\"bck-toggle-head-1\">\r\n\t\t\t\t\t<label for=\"bck-input-0\">&#8221;H\u1ed8I<\/label>\r\n\t\t\t\t  <\/h5>\r\n                        <\/div>\r\n                        <div class=\"bck-toggle-btn\">\r\n                            <label class=\"bck-switch-label\" for=\"bck-input-0\">\r\n                                <input id=\"bck-input-0\"  class=\"bck-content-toggle-input bck-input bck-toggle-switch\" type=\"checkbox\" \/>\r\n                                <span class=\"bck-switch-inner\"><\/span>\r\n                            <\/label>\r\n                        <\/div>\r\n                        <div class=\"bck-toggle-right\">\r\n\t\t\t\t\t\t\t<h5 class=\"bck-toggle-head-2\">\r\n\t\t\t\t\t<label for=\"bck-input-0\">Secondary<\/label>\r\n\t\t\t\t  <\/h5>\r\n                        <\/div>\r\n                    <\/div>\r\n                <\/div>\r\n\r\n                <div class=\"bck-content-toggle-body\">\r\n                    <div class=\"bck-content-toggle-front bck-entry-content\">\r\n                    &#8221;H\u1ed9i\r\n                <\/div> <div class=\"bck-content-toggle-back bck-entry-content\" style=\"display: none\">\r\n                    \r\n                <\/div>\r\n                <\/div>\r\n            <\/div>\n\t\t\t\t<\/div>\n\t\t\t<\/div><\/p>\n","protected":false},"author":6,"featured_media":0,"parent":0,"menu_order":0,"comment_status":"closed","ping_status":"closed","template":"","meta":{"_et_pb_use_builder":"on","_et_pb_old_content":"","_et_gb_content_width":"","footnotes":""},"class_list":["post-242","page","type-page","status-publish","hentry"],"_links":{"self":[{"href":"https:\/\/oisp.hcmut.edu.vn\/doanhoi\/wp-json\/wp\/v2\/pages\/242","targetHints":{"allow":["GET"]}}],"collection":[{"href":"https:\/\/oisp.hcmut.edu.vn\/doanhoi\/wp-json\/wp\/v2\/pages"}],"about":[{"href":"https:\/\/oisp.hcmut.edu.vn\/doanhoi\/wp-json\/wp\/v2\/types\/page"}],"author":[{"embeddable":true,"href":"https:\/\/oisp.hcmut.edu.vn\/doanhoi\/wp-json\/wp\/v2\/users\/6"}],"replies":[{"embeddable":true,"href":"https:\/\/oisp.hcmut.edu.vn\/doanhoi\/wp-json\/wp\/v2\/comments?post=242"}],"version-history":[{"count":42,"href":"https:\/\/oisp.hcmut.edu.vn\/doanhoi\/wp-json\/wp\/v2\/pages\/242\/revisions"}],"predecessor-version":[{"id":53210,"href":"https:\/\/oisp.hcmut.edu.vn\/doanhoi\/wp-json\/wp\/v2\/pages\/242\/revisions\/53210"}],"wp:attachment":[{"href":"https:\/\/oisp.hcmut.edu.vn\/doanhoi\/wp-json\/wp\/v2\/media?parent=242"}],"curies":[{"name":"wp","href":"https:\/\/api.w.org\/{rel}","templated":true}]}}