{"id":420,"date":"2020-08-28T02:30:56","date_gmt":"2020-08-28T02:30:56","guid":{"rendered":"https:\/\/oisp.hcmut.edu.vn\/doanhoi\/?page_id=420"},"modified":"2021-09-29T15:02:43","modified_gmt":"2021-09-29T15:02:43","slug":"bieu-mau","status":"publish","type":"page","link":"https:\/\/oisp.hcmut.edu.vn\/doanhoi\/bieu-mau\/","title":{"rendered":"Bi\u1ec3u m\u1eabu"},"content":{"rendered":"<p>[et_pb_section fb_built=&#8221;1&#8243; next_background_color=&#8221;#ffffff&#8221; _builder_version=&#8221;4.10.6&#8243; _module_preset=&#8221;default&#8221; background_color=&#8221;#0C71C3&#8243; custom_padding=&#8221;15px||||false|false&#8221; bottom_divider_style=&#8221;arrow3&#8243; global_colors_info=&#8221;{}&#8221;][et_pb_row _builder_version=&#8221;4.10.6&#8243; _module_preset=&#8221;default&#8221; width=&#8221;100%&#8221; max_width=&#8221;1440px&#8221; global_colors_info=&#8221;{}&#8221;][et_pb_column type=&#8221;4_4&#8243; _builder_version=&#8221;4.10.6&#8243; _module_preset=&#8221;default&#8221; global_colors_info=&#8221;{}&#8221;][et_pb_text _builder_version=&#8221;4.10.7&#8243; _module_preset=&#8221;default&#8221; text_font=&#8221;|700||on|||||&#8221; text_text_color=&#8221;#FFFFFF&#8221; text_font_size=&#8221;35px&#8221; text_letter_spacing=&#8221;2px&#8221; text_line_height=&#8221;1.8em&#8221; text_orientation=&#8221;center&#8221; hover_enabled=&#8221;0&#8243; global_colors_info=&#8221;{}&#8221; sticky_enabled=&#8221;0&#8243;]<\/p>\n<p>Bi\u1ec3u m\u1eabu c\u00f4ng t\u00e1c \u0110o\u00e0n H\u1ed9i<\/p>\n<p>[\/et_pb_text][\/et_pb_column][\/et_pb_row][\/et_pb_section][et_pb_section fb_built=&#8221;1&#8243; _builder_version=&#8221;4.10.7&#8243; _module_preset=&#8221;default&#8221; custom_padding=&#8221;1rem||||false|false&#8221; global_colors_info=&#8221;{}&#8221;][et_pb_row column_structure=&#8221;2_5,3_5&#8243; _builder_version=&#8221;4.10.7&#8243; _module_preset=&#8221;default&#8221; width=&#8221;100%&#8221; max_width=&#8221;1440px&#8221; global_colors_info=&#8221;{}&#8221;][et_pb_column type=&#8221;2_5&#8243; _builder_version=&#8221;4.10.7&#8243; _module_preset=&#8221;default&#8221; custom_padding=&#8221;|1rem|||false|false&#8221; border_width_right=&#8221;4px&#8221; border_color_right=&#8221;#0C71C3&#8243; border_style_right=&#8221;double&#8221; global_colors_info=&#8221;{}&#8221;][et_pb_text _builder_version=&#8221;4.10.7&#8243; _module_preset=&#8221;default&#8221; text_font=&#8221;|||on|||||&#8221; text_text_color=&#8221;#FFFFFF&#8221; text_font_size=&#8221;18px&#8221; text_line_height=&#8221;1.8em&#8221; use_background_color_gradient=&#8221;on&#8221; background_color_gradient_start=&#8221;#000049&#8243; background_color_gradient_end=&#8221;#0c71c3&#8243; background_color_gradient_direction=&#8221;100deg&#8221; background_color_gradient_start_position=&#8221;18%&#8221; custom_margin=&#8221;||1rem||false|false&#8221; custom_padding=&#8221;3px|||1rem|false|false&#8221; border_radii=&#8221;on|6px|6px|6px|6px&#8221; global_colors_info=&#8221;{}&#8221;]<\/p>\n<p>Bi\u1ec3u m\u1eabu c\u00f4ng t\u00e1c \u0110o\u00e0n<\/p>\n<p>[\/et_pb_text][bck_list_group item_spacing=&#8221;15px&#8221; content_align_items=&#8221;center&#8221; dir_height=&#8221;34px&#8221; item_bg_color=&#8221;#f5f5f5&#8243; _builder_version=&#8221;4.10.8&#8243; _module_preset=&#8221;default&#8221; title_font=&#8221;||||||||&#8221; title_text_color=&#8221;rgba(1,32,96,0.85)&#8221; title_font_size=&#8221;16px&#8221; number_font=&#8221;||||||||&#8221; number_text_color=&#8221;#012060&#8243; number_font_size=&#8221;16px&#8221; background_color=&#8221;#f5f5f5&#8243; custom_padding=&#8221;2rem|1rem|2rem|1rem|true|true&#8221; hover_enabled=&#8221;0&#8243; border_radii_main=&#8221;on|10px|10px|10px|10px&#8221; global_colors_info=&#8221;{}&#8221; sticky_enabled=&#8221;0&#8243;][bck_list_group_child title=&#8221;H\u1ed3 s\u01a1 \u0110o\u00e0n v\u1ee5&#8221; figure=&#8221;number&#8221; show_direction=&#8221;on&#8221; dir_icon=&#8221;%%72%%&#8221; _builder_version=&#8221;4.10.7&#8243; _module_preset=&#8221;default&#8221; global_colors_info=&#8221;{}&#8221;][\/bck_list_group_child][bck_list_group_child title=&#8221;H\u1ed3 s\u01a1 \u0111\u1ea1i h\u1ed9i \u0110o\u00e0n&#8221; figure=&#8221;number&#8221; number=&#8221;02&#8243; show_direction=&#8221;on&#8221; dir_icon=&#8221;%%72%%&#8221; _builder_version=&#8221;4.10.7&#8243; _module_preset=&#8221;default&#8221; global_colors_info=&#8221;{}&#8221;][\/bck_list_group_child][bck_list_group_child title=&#8221;H\u1ed3 s\u01a1 ki\u1ec7n to\u00e0n ban ch\u1ea5p h\u00e0nh \u0110o\u00e0n&#8221; figure=&#8221;number&#8221; number=&#8221;03&#8243; show_direction=&#8221;on&#8221; dir_icon=&#8221;%%72%%&#8221; _builder_version=&#8221;4.10.7&#8243; _module_preset=&#8221;default&#8221; global_colors_info=&#8221;{}&#8221;][\/bck_list_group_child][bck_list_group_child title=&#8221;H\u1ed3 s\u01a1 ki\u1ec7n to\u00e0n ban ch\u1ea5p h\u00e0nh \u0110o\u00e0n&#8221; figure=&#8221;number&#8221; number=&#8221;03&#8243; show_direction=&#8221;on&#8221; dir_icon=&#8221;%%72%%&#8221; _builder_version=&#8221;4.10.7&#8243; _module_preset=&#8221;default&#8221; global_colors_info=&#8221;{}&#8221;][\/bck_list_group_child][bck_list_group_child title=&#8221;H\u1ed3 s\u01a1 b\u00e1o c\u00e1o c\u00f4ng t\u00e1c \u0110o\u00e0n&#8221; figure=&#8221;number&#8221; number=&#8221;04&#8243; show_direction=&#8221;on&#8221; dir_icon=&#8221;%%72%%&#8221; _builder_version=&#8221;4.10.7&#8243; _module_preset=&#8221;default&#8221; global_colors_info=&#8221;{}&#8221;][\/bck_list_group_child][bck_list_group_child title=&#8221;Bi\u1ec3u m\u1eabu c\u00f4ng tr\u00ecnh thanh ni\u00ean&#8221; figure=&#8221;number&#8221; number=&#8221;05&#8243; show_direction=&#8221;on&#8221; dir_icon=&#8221;%%72%%&#8221; _builder_version=&#8221;4.10.7&#8243; _module_preset=&#8221;default&#8221; global_colors_info=&#8221;{}&#8221;][\/bck_list_group_child][bck_list_group_child title=&#8221;Bi\u1ec3u m\u1eabu x\u00e9t \u0110o\u00e0n vi\u00ean \u01b0u t\u00fa&#8221; figure=&#8221;number&#8221; number=&#8221;06&#8243; show_direction=&#8221;on&#8221; dir_icon=&#8221;%%72%%&#8221; _builder_version=&#8221;4.10.7&#8243; _module_preset=&#8221;default&#8221; global_colors_info=&#8221;{}&#8221;][\/bck_list_group_child][bck_list_group_child title=&#8221;Bi\u1ec3u m\u1eabu k\u1ebf ho\u1ea1ch t\u1ed5 ch\u1ee9c ho\u1ea1t \u0111\u1ed9ng \u0110o\u00e0n&#8221; figure=&#8221;number&#8221; number=&#8221;07&#8243; show_direction=&#8221;on&#8221; dir_icon=&#8221;%%72%%&#8221; _builder_version=&#8221;4.10.7&#8243; _module_preset=&#8221;default&#8221; global_colors_info=&#8221;{}&#8221;][\/bck_list_group_child][bck_list_group_child title=&#8221;Bi\u00ea\u0309u m\u00e2\u0303u c\u00e2\u0323p nh\u00e2\u0323t nga\u0300y c\u00f4ng t\u00e1c x\u00e3 h\u1ed9i&#8221; figure=&#8221;number&#8221; number=&#8221;08&#8243; show_direction=&#8221;on&#8221; dir_icon=&#8221;%%72%%&#8221; _builder_version=&#8221;4.10.7&#8243; _module_preset=&#8221;default&#8221; global_colors_info=&#8221;{}&#8221;][\/bck_list_group_child][bck_list_group_child title=&#8221;Quy \u0111\u1ecbnh th\u1ec3 th\u1ee9c tr\u00ecnh b\u00e0y v\u0103n b\u1ea3n&#8221; figure=&#8221;number&#8221; number=&#8221;09&#8243; show_direction=&#8221;on&#8221; dir_icon=&#8221;%%72%%&#8221; _builder_version=&#8221;4.10.7&#8243; _module_preset=&#8221;default&#8221; global_colors_info=&#8221;{}&#8221;][\/bck_list_group_child][\/bck_list_group][et_pb_text _builder_version=&#8221;4.10.7&#8243; _module_preset=&#8221;default&#8221; text_font=&#8221;|||on|||||&#8221; text_text_color=&#8221;#FFFFFF&#8221; text_font_size=&#8221;18px&#8221; text_line_height=&#8221;1.8em&#8221; use_background_color_gradient=&#8221;on&#8221; background_color_gradient_start=&#8221;#000049&#8243; background_color_gradient_end=&#8221;#0c71c3&#8243; background_color_gradient_direction=&#8221;100deg&#8221; background_color_gradient_start_position=&#8221;18%&#8221; custom_margin=&#8221;||1rem||false|false&#8221; custom_padding=&#8221;3px|||1rem|false|false&#8221; border_radii=&#8221;on|6px|6px|6px|6px&#8221; global_colors_info=&#8221;{}&#8221;]<\/p>\n<p>Bi\u1ec3u m\u1eabu c\u00f4ng t\u00e1c Li\u00ean Chi h\u1ed9i sinh vi\u00ean<\/p>\n<p>[\/et_pb_text][bck_list_group item_spacing=&#8221;15px&#8221; content_align_items=&#8221;center&#8221; dir_height=&#8221;34px&#8221; item_bg_color=&#8221;#f5f5f5&#8243; _builder_version=&#8221;4.10.8&#8243; _module_preset=&#8221;default&#8221; title_font=&#8221;Open Sans||||||||&#8221; title_text_color=&#8221;rgba(1,32,96,0.85)&#8221; title_font_size=&#8221;16px&#8221; title_line_height=&#8221;1.3em&#8221; number_font=&#8221;||||||||&#8221; number_text_color=&#8221;#012060&#8243; number_font_size=&#8221;16px&#8221; background_color=&#8221;#f5f5f5&#8243; custom_padding=&#8221;2rem|1rem|2rem|1rem|true|true&#8221; hover_enabled=&#8221;0&#8243; border_radii_main=&#8221;on|10px|10px|10px|10px&#8221; global_colors_info=&#8221;{}&#8221; sticky_enabled=&#8221;0&#8243;][bck_list_group_child title=&#8221;H\u1ed3 s\u01a1 \u0111\u1ea1i h\u1ed9i Li\u00ean Chi h\u1ed9i &#8211; Chi h\u1ed9i&#8221; figure=&#8221;number&#8221; show_direction=&#8221;on&#8221; dir_icon=&#8221;%%72%%&#8221; _builder_version=&#8221;4.10.7&#8243; _module_preset=&#8221;default&#8221; hover_enabled=&#8221;0&#8243; global_colors_info=&#8221;{}&#8221; sticky_enabled=&#8221;0&#8243;][\/bck_list_group_child][bck_list_group_child title=&#8221;H\u1ed3 s\u01a1 ki\u1ec7n to\u00e0n Ban ch\u1ea5p h\u00e0nh Li\u00ean Chi h\u1ed9i sinh vi\u00ean&#8221; figure=&#8221;number&#8221; number=&#8221;02&#8243; show_direction=&#8221;on&#8221; dir_icon=&#8221;%%72%%&#8221; _builder_version=&#8221;4.10.7&#8243; _module_preset=&#8221;default&#8221; global_colors_info=&#8221;{}&#8221;][\/bck_list_group_child][bck_list_group_child title=&#8221;H\u1ed3 s\u01a1 b\u00e1o c\u00e1o so k\u1ebft c\u00f4ng t\u00e1c Li\u00ean Chi h\u1ed9i&#8221; figure=&#8221;number&#8221; number=&#8221;03&#8243; show_direction=&#8221;on&#8221; dir_icon=&#8221;%%72%%&#8221; _builder_version=&#8221;4.10.7&#8243; _module_preset=&#8221;default&#8221; global_colors_info=&#8221;{}&#8221;][\/bck_list_group_child][bck_list_group_child title=&#8221;H\u1ed3 s\u01a1 c\u1eadp nh\u1eadt ng\u00e0y C\u00f4ng t\u00e1c x\u00e3 h\u1ed9i&#8221; figure=&#8221;number&#8221; number=&#8221;03&#8243; show_direction=&#8221;on&#8221; dir_icon=&#8221;%%72%%&#8221; _builder_version=&#8221;4.10.7&#8243; _module_preset=&#8221;default&#8221; global_colors_info=&#8221;{}&#8221;][\/bck_list_group_child][bck_list_group_child title=&#8221;Bi\u1ec3u m\u1eabu k\u1ebf ho\u1ea1ch t\u1ed5 ch\u1ee9c ho\u1ea1t \u0111\u1ed9ng Li\u00ean Chi h\u1ed9i&#8221; figure=&#8221;number&#8221; number=&#8221;04&#8243; show_direction=&#8221;on&#8221; dir_icon=&#8221;%%72%%&#8221; _builder_version=&#8221;4.10.7&#8243; _module_preset=&#8221;default&#8221; global_colors_info=&#8221;{}&#8221;][\/bck_list_group_child][bck_list_group_child title=&#8221;Quy \u0111\u1ecbnh th\u1ec3 th\u1ee9c tr\u00ecnh b\u00e0y v\u0103n b\u1ea3n&#8221; figure=&#8221;number&#8221; number=&#8221;05&#8243; show_direction=&#8221;on&#8221; dir_icon=&#8221;%%72%%&#8221; _builder_version=&#8221;4.10.7&#8243; _module_preset=&#8221;default&#8221; global_colors_info=&#8221;{}&#8221;][\/bck_list_group_child][\/bck_list_group][et_pb_text _builder_version=&#8221;4.10.7&#8243; _module_preset=&#8221;default&#8221; text_font=&#8221;|||on|||||&#8221; text_text_color=&#8221;#FFFFFF&#8221; text_font_size=&#8221;18px&#8221; text_line_height=&#8221;1.8em&#8221; use_background_color_gradient=&#8221;on&#8221; background_color_gradient_start=&#8221;#000049&#8243; background_color_gradient_end=&#8221;#0c71c3&#8243; background_color_gradient_direction=&#8221;100deg&#8221; background_color_gradient_start_position=&#8221;18%&#8221; custom_margin=&#8221;||1rem||false|false&#8221; custom_padding=&#8221;3px|||1rem|false|false&#8221; border_radii=&#8221;on|6px|6px|6px|6px&#8221; global_colors_info=&#8221;{}&#8221;]<\/p>\n<p>Bi\u1ec3u m\u1eabu c\u00f4ng t\u00e1c ph\u00e1t tri\u1ec3n \u0110\u1ea3ng vi\u00ean<\/p>\n<p>[\/et_pb_text][bck_list_group item_spacing=&#8221;15px&#8221; content_align_items=&#8221;center&#8221; dir_height=&#8221;34px&#8221; item_bg_color=&#8221;#f5f5f5&#8243; _builder_version=&#8221;4.10.8&#8243; _module_preset=&#8221;default&#8221; title_font=&#8221;Open Sans||||||||&#8221; title_text_color=&#8221;rgba(1,32,96,0.85)&#8221; title_font_size=&#8221;16px&#8221; title_line_height=&#8221;1.3em&#8221; number_font=&#8221;||||||||&#8221; number_text_color=&#8221;#012060&#8243; number_font_size=&#8221;16px&#8221; background_color=&#8221;#f5f5f5&#8243; custom_padding=&#8221;2rem|1rem|2rem|1rem|true|true&#8221; hover_enabled=&#8221;0&#8243; border_radii_main=&#8221;on|10px|10px|10px|10px&#8221; global_colors_info=&#8221;{}&#8221; sticky_enabled=&#8221;0&#8243;][bck_list_group_child title=&#8221;Bi\u1ec3u m\u1eabu gi\u1edbi thi\u1ec7u \u0110o\u00e0n vi\u00ean \u01b0u t\u00fa v\u00e0o \u0110\u1ea3ng&#8221; figure=&#8221;number&#8221; show_direction=&#8221;on&#8221; dir_icon=&#8221;%%72%%&#8221; _builder_version=&#8221;4.10.7&#8243; _module_preset=&#8221;default&#8221; global_colors_info=&#8221;{}&#8221;][\/bck_list_group_child][bck_list_group_child title=&#8221;Bi\u1ec3u m\u1eabu x\u00e9t chuy\u1ec3n \u0110\u1ea3ng ch\u00ednh th\u1ee9c&#8221; figure=&#8221;number&#8221; number=&#8221;02&#8243; show_direction=&#8221;on&#8221; dir_icon=&#8221;%%72%%&#8221; _builder_version=&#8221;4.10.7&#8243; _module_preset=&#8221;default&#8221; global_colors_info=&#8221;{}&#8221;][\/bck_list_group_child][\/bck_list_group][\/et_pb_column][et_pb_column type=&#8221;3_5&#8243; _builder_version=&#8221;4.10.7&#8243; _module_preset=&#8221;default&#8221; global_colors_info=&#8221;{}&#8221;][\/et_pb_column][\/et_pb_row][\/et_pb_section]<\/p>\n","protected":false},"excerpt":{"rendered":"<p>Bi\u1ec3u m\u1eabu c\u00f4ng t\u00e1c \u0110o\u00e0n H\u1ed9iBi\u1ec3u m\u1eabu c\u00f4ng t\u00e1c \u0110o\u00e0n<div class=\"et_pb_module bck_list_group bck_list_group_0\">\n\t\t\t\t\n\t\t\t\t\n\t\t\t\t\n\t\t\t\t\n\t\t\t\t\n\t\t\t\t\n\t\t\t\t<div class=\"et_pb_module_inner\">\n\t\t\t\t\t<div class=\"bck-module bck-module-pro bck-list-group\">\r\n                \r\n            <\/div>\n\t\t\t\t<\/div>\n\t\t\t<\/div><div class=\"bck_list_group_child bck_list_group_child_0 bck_et_pb_module\">\n\t\t\t\t\n\t\t\t\t\n\t\t\t\t\n\t\t\t\t\n\t\t\t\t\n\t\t\t\t\n\t\t\t\t<div class=\"et_pb_module_inner\">\n\t\t\t\t\t<div class=\"bck-module bck-module-pro bck-list-group-child\">\r\n                <div class=\"bck-list-group-figure bck-list-group-number\">\r\n                    <span>01<\/span>\r\n                <\/div>\r\n                <div class=\"bck-list-group-content\">\r\n                     <h4 class=\"bck-list-group-title\">H\u1ed3 s\u01a1 \u0110o\u00e0n v\u1ee5<\/h4> \r\n                <\/div>\r\n                <div class=\"bck-list-group-direction\">\r\n                    <span class=\"bck-icon bck-et-icon\">&#x69;<\/span>\r\n                <\/div>\r\n            <\/div>\n\t\t\t\t<\/div>\n\t\t\t<\/div><div class=\"bck_list_group_child bck_list_group_child_1 bck_et_pb_module\">\n\t\t\t\t\n\t\t\t\t\n\t\t\t\t\n\t\t\t\t\n\t\t\t\t\n\t\t\t\t\n\t\t\t\t<div class=\"et_pb_module_inner\">\n\t\t\t\t\t<div class=\"bck-module bck-module-pro bck-list-group-child\">\r\n                <div class=\"bck-list-group-figure bck-list-group-number\">\r\n                    <span>02<\/span>\r\n                <\/div>\r\n                <div class=\"bck-list-group-content\">\r\n                     <h4 class=\"bck-list-group-title\">H\u1ed3 s\u01a1 \u0111\u1ea1i h\u1ed9i \u0110o\u00e0n<\/h4> \r\n                <\/div>\r\n                <div class=\"bck-list-group-direction\">\r\n                    <span class=\"bck-icon bck-et-icon\">&#x69;<\/span>\r\n                <\/div>\r\n            <\/div>\n\t\t\t\t<\/div>\n\t\t\t<\/div><div class=\"bck_list_group_child bck_list_group_child_2 bck_et_pb_module\">\n\t\t\t\t\n\t\t\t\t\n\t\t\t\t\n\t\t\t\t\n\t\t\t\t\n\t\t\t\t\n\t\t\t\t<div class=\"et_pb_module_inner\">\n\t\t\t\t\t<div class=\"bck-module bck-module-pro bck-list-group-child\">\r\n                \r\n                <div class=\"bck-list-group-content\">\r\n                     <h4 class=\"bck-list-group-title\">&#8221;H\u1ed3<\/h4> \r\n                <\/div>\r\n                \r\n            <\/div>\n\t\t\t\t<\/div>\n\t\t\t<\/div><\/p>\n","protected":false},"author":6,"featured_media":0,"parent":0,"menu_order":0,"comment_status":"closed","ping_status":"closed","template":"","meta":{"_et_pb_use_builder":"on","_et_pb_old_content":"","_et_gb_content_width":"","footnotes":""},"class_list":["post-420","page","type-page","status-publish","hentry"],"_links":{"self":[{"href":"https:\/\/oisp.hcmut.edu.vn\/doanhoi\/wp-json\/wp\/v2\/pages\/420","targetHints":{"allow":["GET"]}}],"collection":[{"href":"https:\/\/oisp.hcmut.edu.vn\/doanhoi\/wp-json\/wp\/v2\/pages"}],"about":[{"href":"https:\/\/oisp.hcmut.edu.vn\/doanhoi\/wp-json\/wp\/v2\/types\/page"}],"author":[{"embeddable":true,"href":"https:\/\/oisp.hcmut.edu.vn\/doanhoi\/wp-json\/wp\/v2\/users\/6"}],"replies":[{"embeddable":true,"href":"https:\/\/oisp.hcmut.edu.vn\/doanhoi\/wp-json\/wp\/v2\/comments?post=420"}],"version-history":[{"count":18,"href":"https:\/\/oisp.hcmut.edu.vn\/doanhoi\/wp-json\/wp\/v2\/pages\/420\/revisions"}],"predecessor-version":[{"id":52433,"href":"https:\/\/oisp.hcmut.edu.vn\/doanhoi\/wp-json\/wp\/v2\/pages\/420\/revisions\/52433"}],"wp:attachment":[{"href":"https:\/\/oisp.hcmut.edu.vn\/doanhoi\/wp-json\/wp\/v2\/media?parent=420"}],"curies":[{"name":"wp","href":"https:\/\/api.w.org\/{rel}","templated":true}]}}