{"id":52254,"date":"2021-09-10T14:01:50","date_gmt":"2021-09-10T14:01:50","guid":{"rendered":"https:\/\/oisp.hcmut.edu.vn\/doanhoi\/?page_id=52254"},"modified":"2021-09-10T14:03:07","modified_gmt":"2021-09-10T14:03:07","slug":"cong-tac-xa-hoi","status":"publish","type":"page","link":"https:\/\/oisp.hcmut.edu.vn\/doanhoi\/cong-tac-xa-hoi\/","title":{"rendered":"C\u00f4ng t\u00e1c x\u00e3 h\u1ed9i"},"content":{"rendered":"<p>[et_pb_section fb_built=&#8221;1&#8243; next_background_color=&#8221;#ffffff&#8221; _builder_version=&#8221;4.10.6&#8243; _module_preset=&#8221;default&#8221; background_color=&#8221;#0C71C3&#8243; custom_padding=&#8221;15px||||false|false&#8221; bottom_divider_style=&#8221;arrow3&#8243; global_colors_info=&#8221;{}&#8221;][et_pb_row _builder_version=&#8221;4.10.6&#8243; _module_preset=&#8221;default&#8221; width=&#8221;100%&#8221; max_width=&#8221;1440px&#8221; global_colors_info=&#8221;{}&#8221;][et_pb_column type=&#8221;4_4&#8243; _builder_version=&#8221;4.10.6&#8243; _module_preset=&#8221;default&#8221; global_colors_info=&#8221;{}&#8221;][et_pb_text _builder_version=&#8221;4.10.7&#8243; _module_preset=&#8221;default&#8221; text_font=&#8221;|700||on|||||&#8221; text_text_color=&#8221;#FFFFFF&#8221; text_font_size=&#8221;35px&#8221; text_letter_spacing=&#8221;2px&#8221; text_line_height=&#8221;1.8em&#8221; text_orientation=&#8221;center&#8221; hover_enabled=&#8221;0&#8243; global_colors_info=&#8221;{}&#8221; sticky_enabled=&#8221;0&#8243;]<\/p>\n<p>C\u00f4ng t\u00e1c x\u00e3 h\u1ed9i<\/p>\n<p>[\/et_pb_text][\/et_pb_column][\/et_pb_row][\/et_pb_section][et_pb_section fb_built=&#8221;1&#8243; _builder_version=&#8221;4.10.6&#8243; _module_preset=&#8221;default&#8221; global_colors_info=&#8221;{}&#8221;][et_pb_row _builder_version=&#8221;4.10.7&#8243; _module_preset=&#8221;default&#8221; global_colors_info=&#8221;{}&#8221;][et_pb_column type=&#8221;4_4&#8243; _builder_version=&#8221;4.10.7&#8243; _module_preset=&#8221;default&#8221; global_colors_info=&#8221;{}&#8221;][et_pb_text _builder_version=&#8221;4.10.7&#8243; _module_preset=&#8221;default&#8221; text_font=&#8221;Allerta Stencil|700||on|||||&#8221; text_text_color=&#8221;#E02B20&#8243; text_font_size=&#8221;100px&#8221; text_letter_spacing=&#8221;10px&#8221; text_line_height=&#8221;1.8em&#8221; text_orientation=&#8221;center&#8221; text_text_shadow_style=&#8221;preset1&#8243; text_text_shadow_color=&#8221;rgba(0,0,0,0.6)&#8221; global_colors_info=&#8221;{}&#8221;]<\/p>\n<p>coming soon<\/p>\n<p>[\/et_pb_text][\/et_pb_column][\/et_pb_row][\/et_pb_section]<\/p>\n","protected":false},"excerpt":{"rendered":"<p>C\u00f4ng t\u00e1c x\u00e3 h\u1ed9icoming soon<\/p>\n","protected":false},"author":1,"featured_media":0,"parent":0,"menu_order":0,"comment_status":"closed","ping_status":"closed","template":"","meta":{"_et_pb_use_builder":"on","_et_pb_old_content":"","_et_gb_content_width":"","footnotes":""},"class_list":["post-52254","page","type-page","status-publish","hentry"],"_links":{"self":[{"href":"https:\/\/oisp.hcmut.edu.vn\/doanhoi\/wp-json\/wp\/v2\/pages\/52254","targetHints":{"allow":["GET"]}}],"collection":[{"href":"https:\/\/oisp.hcmut.edu.vn\/doanhoi\/wp-json\/wp\/v2\/pages"}],"about":[{"href":"https:\/\/oisp.hcmut.edu.vn\/doanhoi\/wp-json\/wp\/v2\/types\/page"}],"author":[{"embeddable":true,"href":"https:\/\/oisp.hcmut.edu.vn\/doanhoi\/wp-json\/wp\/v2\/users\/1"}],"replies":[{"embeddable":true,"href":"https:\/\/oisp.hcmut.edu.vn\/doanhoi\/wp-json\/wp\/v2\/comments?post=52254"}],"version-history":[{"count":2,"href":"https:\/\/oisp.hcmut.edu.vn\/doanhoi\/wp-json\/wp\/v2\/pages\/52254\/revisions"}],"predecessor-version":[{"id":52256,"href":"https:\/\/oisp.hcmut.edu.vn\/doanhoi\/wp-json\/wp\/v2\/pages\/52254\/revisions\/52256"}],"wp:attachment":[{"href":"https:\/\/oisp.hcmut.edu.vn\/doanhoi\/wp-json\/wp\/v2\/media?parent=52254"}],"curies":[{"name":"wp","href":"https:\/\/api.w.org\/{rel}","templated":true}]}}