{"id":52574,"date":"2021-10-03T12:12:42","date_gmt":"2021-10-03T12:12:42","guid":{"rendered":"https:\/\/oisp.hcmut.edu.vn\/doanhoi\/?page_id=52574"},"modified":"2021-10-03T17:10:18","modified_gmt":"2021-10-03T17:10:18","slug":"sinh-vien-5-tot-cac-cap","status":"publish","type":"page","link":"https:\/\/oisp.hcmut.edu.vn\/doanhoi\/sinh-vien-5-tot-cac-cap\/","title":{"rendered":"Sinh vi\u00ean 5 t\u1ed1t c\u00e1c c\u1ea5p"},"content":{"rendered":"<p>[et_pb_section fb_built=&#8221;1&#8243; _builder_version=&#8221;4.11.1&#8243; _module_preset=&#8221;default&#8221; global_colors_info=&#8221;{}&#8221;][et_pb_row column_structure=&#8221;1_5,1_5,1_5,1_5,1_5&#8243; use_custom_gutter=&#8221;on&#8221; gutter_width=&#8221;2&#8243; _builder_version=&#8221;4.11.1&#8243; _module_preset=&#8221;default&#8221; width=&#8221;100%&#8221; max_width=&#8221;1440px&#8221; global_colors_info=&#8221;{}&#8221;][et_pb_column type=&#8221;1_5&#8243; _builder_version=&#8221;4.11.1&#8243; _module_preset=&#8221;default&#8221; global_colors_info=&#8221;{}&#8221;][et_pb_testimonial author=&#8221;\u0110\u1eb7ng B\u00ednh Ph\u01b0\u01a1ng&#8221; job_title=&#8221;K\u1ef9 thu\u1eadt M\u00f4i tr\u01b0\u1eddng&#8221; portrait_url=&#8221;https:\/\/oisp.hcmut.edu.vn\/doanhoi\/wp-content\/uploads\/2021\/10\/DBP-01.png&#8221; quote_icon=&#8221;off&#8221; _builder_version=&#8221;4.11.1&#8243; _module_preset=&#8221;default&#8221; body_font=&#8221;|600|||||||&#8221; body_text_align=&#8221;center&#8221; body_text_color=&#8221;#E02B20&#8243; body_font_size=&#8221;15px&#8221; author_font=&#8221;|700||on|||||&#8221; author_text_color=&#8221;#354084&#8243; author_font_size=&#8221;16px&#8221; position_font=&#8221;|600|||||||&#8221; position_text_color=&#8221;#3991d8&#8243; use_background_color_gradient=&#8221;on&#8221; background_color_gradient_start=&#8221;#184fc7&#8243; background_color_gradient_end=&#8221;#ffffff&#8221; background_color_gradient_direction=&#8221;200deg&#8221; background_color_gradient_start_position=&#8221;35%&#8221; background_color_gradient_end_position=&#8221;10%&#8221; border_radii=&#8221;on|15px|15px|15px|15px&#8221; box_shadow_style=&#8221;preset4&#8243; box_shadow_horizontal=&#8221;3px&#8221; box_shadow_vertical=&#8221;3px&#8221; global_colors_info=&#8221;{}&#8221;]<\/p>\n<p>Sinh vi\u00ean 5 t\u1ed1t c\u1ea5p OISP n\u0103m 2020<\/p>\n<p>[\/et_pb_testimonial][\/et_pb_column][et_pb_column type=&#8221;1_5&#8243; _builder_version=&#8221;4.11.1&#8243; _module_preset=&#8221;default&#8221; global_colors_info=&#8221;{}&#8221;][et_pb_testimonial author=&#8221;L\u00ea Ng\u1ecdc Anh&#8221; job_title=&#8221;K\u1ef9 thu\u1eadt H\u00f3a h\u1ecdc&#8221; portrait_url=&#8221;https:\/\/oisp.hcmut.edu.vn\/doanhoi\/wp-content\/uploads\/2021\/10\/LNA-01-240&#215;300.png&#8221; quote_icon=&#8221;off&#8221; _builder_version=&#8221;4.11.1&#8243; _module_preset=&#8221;default&#8221; body_font=&#8221;|600|||||||&#8221; body_text_align=&#8221;center&#8221; body_text_color=&#8221;#E02B20&#8243; body_font_size=&#8221;15px&#8221; author_font=&#8221;|700||on|||||&#8221; author_text_color=&#8221;#354084&#8243; author_font_size=&#8221;16px&#8221; position_font=&#8221;|600|||||||&#8221; position_text_color=&#8221;#3991d8&#8243; use_background_color_gradient=&#8221;on&#8221; background_color_gradient_start=&#8221;#184fc7&#8243; background_color_gradient_end=&#8221;#ffffff&#8221; background_color_gradient_direction=&#8221;200deg&#8221; background_color_gradient_start_position=&#8221;35%&#8221; background_color_gradient_end_position=&#8221;10%&#8221; hover_enabled=&#8221;0&#8243; border_radii=&#8221;on|15px|15px|15px|15px&#8221; box_shadow_style=&#8221;preset4&#8243; box_shadow_horizontal=&#8221;3px&#8221; box_shadow_vertical=&#8221;3px&#8221; global_colors_info=&#8221;{}&#8221; sticky_enabled=&#8221;0&#8243;]<\/p>\n<p>Sinh vi\u00ean 5 t\u1ed1t c\u1ea5p OISP n\u0103m 2020<\/p>\n<p>[\/et_pb_testimonial][\/et_pb_column][et_pb_column type=&#8221;1_5&#8243; _builder_version=&#8221;4.11.1&#8243; _module_preset=&#8221;default&#8221; global_colors_info=&#8221;{}&#8221;][et_pb_testimonial author=&#8221;L\u00ea Kh\u00e1nh D\u0169&#8221; job_title=&#8221;K\u1ef9 thu\u1eadt \u00d4 t\u00f4&#8221; portrait_url=&#8221;https:\/\/oisp.hcmut.edu.vn\/doanhoi\/wp-content\/uploads\/2021\/10\/LKD-01-240&#215;300.png&#8221; quote_icon=&#8221;off&#8221; _builder_version=&#8221;4.11.1&#8243; _module_preset=&#8221;default&#8221; body_font=&#8221;|600|||||||&#8221; body_text_align=&#8221;center&#8221; body_text_color=&#8221;#E02B20&#8243; body_font_size=&#8221;15px&#8221; author_font=&#8221;|700||on|||||&#8221; author_text_color=&#8221;#354084&#8243; author_font_size=&#8221;16px&#8221; position_font=&#8221;|600|||||||&#8221; position_text_color=&#8221;#3991d8&#8243; use_background_color_gradient=&#8221;on&#8221; background_color_gradient_start=&#8221;#184fc7&#8243; background_color_gradient_end=&#8221;#ffffff&#8221; background_color_gradient_direction=&#8221;200deg&#8221; background_color_gradient_start_position=&#8221;35%&#8221; background_color_gradient_end_position=&#8221;10%&#8221; border_radii=&#8221;on|15px|15px|15px|15px&#8221; box_shadow_style=&#8221;preset4&#8243; box_shadow_horizontal=&#8221;3px&#8221; box_shadow_vertical=&#8221;3px&#8221; global_colors_info=&#8221;{}&#8221;]<\/p>\n<p>Sinh vi\u00ean 5 t\u1ed1t c\u1ea5p OISP n\u0103m 2020<\/p>\n<p>[\/et_pb_testimonial][\/et_pb_column][et_pb_column type=&#8221;1_5&#8243; _builder_version=&#8221;4.11.1&#8243; _module_preset=&#8221;default&#8221; global_colors_info=&#8221;{}&#8221;][et_pb_testimonial author=&#8221;Ng\u00f4 Ho\u00e0ng B\u1ea3o Tr\u00e2n&#8221; job_title=&#8221;K\u1ef9 thu\u1eadt H\u00f3a h\u1ecdc&#8221; portrait_url=&#8221;https:\/\/oisp.hcmut.edu.vn\/doanhoi\/wp-content\/uploads\/2021\/10\/NHBT-01.png&#8221; quote_icon=&#8221;off&#8221; _builder_version=&#8221;4.11.1&#8243; _module_preset=&#8221;default&#8221; body_font=&#8221;|600|||||||&#8221; body_text_align=&#8221;center&#8221; body_text_color=&#8221;#E02B20&#8243; body_font_size=&#8221;15px&#8221; author_font=&#8221;|700||on|||||&#8221; author_text_color=&#8221;#354084&#8243; author_font_size=&#8221;16px&#8221; position_font=&#8221;|600|||||||&#8221; position_text_color=&#8221;#3991d8&#8243; use_background_color_gradient=&#8221;on&#8221; background_color_gradient_start=&#8221;#184fc7&#8243; background_color_gradient_end=&#8221;#ffffff&#8221; background_color_gradient_direction=&#8221;200deg&#8221; background_color_gradient_start_position=&#8221;35%&#8221; background_color_gradient_end_position=&#8221;10%&#8221; hover_enabled=&#8221;0&#8243; border_radii=&#8221;on|15px|15px|15px|15px&#8221; box_shadow_style=&#8221;preset4&#8243; box_shadow_horizontal=&#8221;3px&#8221; box_shadow_vertical=&#8221;3px&#8221; global_colors_info=&#8221;{}&#8221; title_text=&#8221;NHBT-01&#8243; sticky_enabled=&#8221;0&#8243;]<\/p>\n<p>Sinh vi\u00ean 5 t\u1ed1t c\u1ea5p OISP n\u0103m 2020<\/p>\n<p>[\/et_pb_testimonial][\/et_pb_column][et_pb_column type=&#8221;1_5&#8243; _builder_version=&#8221;4.11.1&#8243; _module_preset=&#8221;default&#8221; global_colors_info=&#8221;{}&#8221;][et_pb_testimonial author=&#8221;L\u00ea Kh\u00e1nh D\u0169&#8221; job_title=&#8221;K\u1ef9 thu\u1eadt \u00d4 t\u00f4&#8221; portrait_url=&#8221;https:\/\/oisp.hcmut.edu.vn\/doanhoi\/wp-content\/uploads\/2021\/10\/LKD-01-240&#215;300.png&#8221; quote_icon=&#8221;off&#8221; _builder_version=&#8221;4.11.1&#8243; _module_preset=&#8221;default&#8221; body_font=&#8221;|600|||||||&#8221; body_text_align=&#8221;center&#8221; body_text_color=&#8221;#E02B20&#8243; body_font_size=&#8221;15px&#8221; author_font=&#8221;|700||on|||||&#8221; author_text_color=&#8221;#354084&#8243; author_font_size=&#8221;16px&#8221; position_font=&#8221;|600|||||||&#8221; position_text_color=&#8221;#3991d8&#8243; use_background_color_gradient=&#8221;on&#8221; background_color_gradient_start=&#8221;#184fc7&#8243; background_color_gradient_end=&#8221;#ffffff&#8221; background_color_gradient_direction=&#8221;200deg&#8221; background_color_gradient_start_position=&#8221;35%&#8221; background_color_gradient_end_position=&#8221;10%&#8221; hover_enabled=&#8221;0&#8243; border_radii=&#8221;on|15px|15px|15px|15px&#8221; box_shadow_style=&#8221;preset4&#8243; box_shadow_horizontal=&#8221;3px&#8221; box_shadow_vertical=&#8221;3px&#8221; global_colors_info=&#8221;{}&#8221; sticky_enabled=&#8221;0&#8243;]<\/p>\n<p>Sinh vi\u00ean 5 t\u1ed1t c\u1ea5p OISP n\u0103m 2020<\/p>\n<p>[\/et_pb_testimonial][\/et_pb_column][\/et_pb_row][\/et_pb_section]<\/p>\n","protected":false},"excerpt":{"rendered":"<p>Sinh vi\u00ean 5 t\u1ed1t c\u1ea5p OISP n\u0103m 2020Sinh vi\u00ean 5 t\u1ed1t c\u1ea5p OISP n\u0103m 2020Sinh vi\u00ean 5 t\u1ed1t c\u1ea5p OISP n\u0103m 2020Sinh vi\u00ean 5 t\u1ed1t c\u1ea5p OISP n\u0103m 2020Sinh vi\u00ean 5 t\u1ed1t c\u1ea5p OISP n\u0103m 2020<\/p>\n","protected":false},"author":1,"featured_media":0,"parent":0,"menu_order":0,"comment_status":"closed","ping_status":"closed","template":"","meta":{"_et_pb_use_builder":"on","_et_pb_old_content":"","_et_gb_content_width":"","footnotes":""},"class_list":["post-52574","page","type-page","status-publish","hentry"],"_links":{"self":[{"href":"https:\/\/oisp.hcmut.edu.vn\/doanhoi\/wp-json\/wp\/v2\/pages\/52574","targetHints":{"allow":["GET"]}}],"collection":[{"href":"https:\/\/oisp.hcmut.edu.vn\/doanhoi\/wp-json\/wp\/v2\/pages"}],"about":[{"href":"https:\/\/oisp.hcmut.edu.vn\/doanhoi\/wp-json\/wp\/v2\/types\/page"}],"author":[{"embeddable":true,"href":"https:\/\/oisp.hcmut.edu.vn\/doanhoi\/wp-json\/wp\/v2\/users\/1"}],"replies":[{"embeddable":true,"href":"https:\/\/oisp.hcmut.edu.vn\/doanhoi\/wp-json\/wp\/v2\/comments?post=52574"}],"version-history":[{"count":6,"href":"https:\/\/oisp.hcmut.edu.vn\/doanhoi\/wp-json\/wp\/v2\/pages\/52574\/revisions"}],"predecessor-version":[{"id":52594,"href":"https:\/\/oisp.hcmut.edu.vn\/doanhoi\/wp-json\/wp\/v2\/pages\/52574\/revisions\/52594"}],"wp:attachment":[{"href":"https:\/\/oisp.hcmut.edu.vn\/doanhoi\/wp-json\/wp\/v2\/media?parent=52574"}],"curies":[{"name":"wp","href":"https:\/\/api.w.org\/{rel}","templated":true}]}}