{"id":876,"date":"2017-11-30T08:32:14","date_gmt":"2017-11-30T08:32:14","guid":{"rendered":"https:\/\/oisp.hcmut.edu.vn\/en\/?page_id=876"},"modified":"2023-03-16T20:47:39","modified_gmt":"2023-03-16T13:47:39","slug":"maps-and-location","status":"publish","type":"page","link":"https:\/\/oisp.hcmut.edu.vn\/en\/contact-us\/maps-and-location","title":{"rendered":"Maps and location"},"content":{"rendered":"<p>[et_pb_section fb_built=&#8221;1&#8243; _builder_version=&#8221;4.19.0&#8243; custom_padding=&#8221;0|0px|0|0px&#8221; global_colors_info=&#8221;{}&#8221;][et_pb_row _builder_version=&#8221;4.19.0&#8243; width=&#8221;100%&#8221; max_width=&#8221;2560px&#8221; custom_padding=&#8221;0px|0px|0|0px||&#8221; global_colors_info=&#8221;{}&#8221;][et_pb_column type=&#8221;4_4&#8243; _builder_version=&#8221;4.19.0&#8243; custom_padding=&#8221;|||&#8221; global_colors_info=&#8221;{}&#8221; custom_padding__hover=&#8221;|||&#8221;][et_pb_map address=&#8221;Khoa Khoa h\u1ecdc v\u00e0 K\u1ef9 thu\u1eadt M\u00e1y t\u00ednh &#8211; A3, A3, 268 L\u00fd Th\u01b0\u1eddng Ki\u1ec7t, ph\u01b0\u1eddng 14, Qu\u1eadn 10, H\u1ed3 Ch\u00ed Minh, Vi\u1ec7t Nam&#8221; address_lat=&#8221;10.7734259&#8243; address_lng=&#8221;106.660793&#8243; _builder_version=&#8221;4.19.0&#8243; background_color=&#8221;#0038F0&#8243; custom_margin=&#8221;75px||||false|false&#8221; custom_margin_tablet=&#8221;75px||||false|false&#8221; custom_margin_phone=&#8221;75px||||false|false&#8221; custom_margin_last_edited=&#8221;on|desktop&#8221; custom_padding=&#8221;||275px||false|false&#8221; custom_padding_tablet=&#8221;||275px||false|false&#8221; custom_padding_phone=&#8221;||275px||false|false&#8221; custom_padding_last_edited=&#8221;on|desktop&#8221; global_colors_info=&#8221;{}&#8221;][et_pb_map_pin title=&#8221;Ho Chi Minh City University of Technology (Bach khoa)&#8221; _builder_version=&#8221;4.19.0&#8243; global_colors_info=&#8221;{}&#8221;]<\/p>\n<p>268 Ly Thuong Kiet, Ward 14, Dist 10.<\/p>\n<p>[\/et_pb_map_pin][\/et_pb_map][et_pb_text _builder_version=&#8221;4.19.0&#8243; _module_preset=&#8221;default&#8221; text_font=&#8221;Poppins||||||||&#8221; text_text_color=&#8221;#FFFFFF&#8221; text_font_size=&#8221;55px&#8221; custom_margin=&#8221;-182px||161px|388px|false|false&#8221; custom_margin_tablet=&#8221;-182px||161px|388px|false|false&#8221; custom_margin_phone=&#8221;-182px||161px|388px|false|false&#8221; custom_margin_last_edited=&#8221;on|desktop&#8221; custom_padding_tablet=&#8221;&#8221; custom_padding_phone=&#8221;&#8221; custom_padding_last_edited=&#8221;on|desktop&#8221; text_font_size_tablet=&#8221;55px&#8221; text_font_size_phone=&#8221;55px&#8221; text_font_size_last_edited=&#8221;on|desktop&#8221; global_colors_info=&#8221;{}&#8221;]Contact us[\/et_pb_text][et_pb_contact_form captcha=&#8221;off&#8221; title=&#8221;FEEDBACK FORM&#8221; success_message=&#8221;THANK YOU FOR YOUR FEEDBACK&#8221; submit_button_text=&#8221;SEND MESSAGE&#8221; _builder_version=&#8221;4.20.0&#8243; _module_preset=&#8221;default&#8221; _unique_id=&#8221;b7329271-860a-4723-be30-b0303d682827&#8243; form_field_background_color=&#8221;#FFFFFF&#8221; form_field_text_color=&#8221;#000000&#8243; form_field_focus_text_color=&#8221;#000000&#8243; title_font=&#8221;Poppins|300|||||||&#8221; title_text_align=&#8221;left&#8221; title_text_color=&#8221;#000000&#8243; title_font_size=&#8221;12px&#8221; captcha_font=&#8221;Poppins||||||||&#8221; form_field_font=&#8221;Poppins||||||||&#8221; background_color=&#8221;#FFFFFF&#8221; custom_button=&#8221;on&#8221; button_text_size=&#8221;15px&#8221; button_text_color=&#8221;#FFFFFF&#8221; button_border_width=&#8221;0px&#8221; button_border_radius=&#8221;2px&#8221; button_font=&#8221;Poppins|300|||||||&#8221; custom_margin=&#8221;-779px|332px||1200px|false|false&#8221; custom_margin_tablet=&#8221;-779px|301px||1357px|false|false&#8221; custom_margin_phone=&#8221;-779px|301px||1357px|false|false&#8221; custom_margin_last_edited=&#8221;on|desktop&#8221; custom_padding=&#8221;35px||236px|28px|false|false&#8221; custom_padding_tablet=&#8221;35px||236px|28px|false|false&#8221; custom_padding_phone=&#8221;35px||236px|28px|false|false&#8221; custom_padding_last_edited=&#8221;on|desktop&#8221; hover_enabled=&#8221;0&#8243; title_font_size_tablet=&#8221;12px&#8221; title_font_size_phone=&#8221;12px&#8221; title_font_size_last_edited=&#8221;on|desktop&#8221; title_line_height_tablet=&#8221;&#8221; title_line_height_phone=&#8221;&#8221; title_line_height_last_edited=&#8221;on|desktop&#8221; box_shadow_style_button=&#8221;preset3&#8243; box_shadow_blur_button=&#8221;12px&#8221; box_shadow_spread_button=&#8221;-12px&#8221; box_shadow_color_button=&#8221;RGBA(255,255,255,0)&#8221; global_colors_info=&#8221;{}&#8221; transform_styles__hover_enabled=&#8221;on|hover&#8221; transform_scale__hover_enabled=&#8221;on|hover&#8221; transform_translate__hover_enabled=&#8221;on|desktop&#8221; transform_rotate__hover_enabled=&#8221;on|desktop&#8221; transform_skew__hover_enabled=&#8221;on|desktop&#8221; transform_origin__hover_enabled=&#8221;on|desktop&#8221; sticky_enabled=&#8221;0&#8243; button_bg_enable_color=&#8221;off&#8221; button_bg_color_gradient_stops=&#8221;#edf000 0%|#e06100 100%&#8221; button_bg_use_color_gradient=&#8221;on&#8221; button_text_size__hover_enabled=&#8221;on|desktop&#8221; button_text_size__hover=&#8221;15.5px&#8221;][et_pb_contact_field field_id=&#8221;Name&#8221; field_title=&#8221;Name&#8221; min_length=&#8221;6&#8243; max_length=&#8221;31&#8243; _builder_version=&#8221;4.19.0&#8243; form_field_background_color=&#8221;#FFFFFF&#8221; form_field_text_color=&#8221;#000000&#8243; background_enable_color=&#8221;off&#8221; border_width_bottom=&#8221;1px&#8221; global_colors_info=&#8221;{}&#8221; button_text_size__hover_enabled=&#8221;off&#8221; button_one_text_size__hover_enabled=&#8221;off&#8221; button_two_text_size__hover_enabled=&#8221;off&#8221; button_text_color__hover_enabled=&#8221;off&#8221; button_one_text_color__hover_enabled=&#8221;off&#8221; button_two_text_color__hover_enabled=&#8221;off&#8221; button_border_width__hover_enabled=&#8221;off&#8221; button_one_border_width__hover_enabled=&#8221;off&#8221; button_two_border_width__hover_enabled=&#8221;off&#8221; button_border_color__hover_enabled=&#8221;off&#8221; button_one_border_color__hover_enabled=&#8221;off&#8221; button_two_border_color__hover_enabled=&#8221;off&#8221; button_border_radius__hover_enabled=&#8221;off&#8221; button_one_border_radius__hover_enabled=&#8221;off&#8221; button_two_border_radius__hover_enabled=&#8221;off&#8221; button_letter_spacing__hover_enabled=&#8221;off&#8221; button_one_letter_spacing__hover_enabled=&#8221;off&#8221; button_two_letter_spacing__hover_enabled=&#8221;off&#8221; button_bg_color__hover_enabled=&#8221;off&#8221; button_one_bg_color__hover_enabled=&#8221;off&#8221; button_two_bg_color__hover_enabled=&#8221;off&#8221;][\/et_pb_contact_field][et_pb_contact_field field_id=&#8221;Phone&#8221; field_title=&#8221;Phone&#8221; field_type=&#8221;email&#8221; _builder_version=&#8221;4.19.0&#8243; form_field_background_color=&#8221;#FFFFFF&#8221; form_field_text_color=&#8221;#000000&#8243; background_enable_color=&#8221;off&#8221; border_width_bottom=&#8221;1px&#8221; global_colors_info=&#8221;{}&#8221; button_text_size__hover_enabled=&#8221;off&#8221; button_one_text_size__hover_enabled=&#8221;off&#8221; button_two_text_size__hover_enabled=&#8221;off&#8221; button_text_color__hover_enabled=&#8221;off&#8221; button_one_text_color__hover_enabled=&#8221;off&#8221; button_two_text_color__hover_enabled=&#8221;off&#8221; button_border_width__hover_enabled=&#8221;off&#8221; button_one_border_width__hover_enabled=&#8221;off&#8221; button_two_border_width__hover_enabled=&#8221;off&#8221; button_border_color__hover_enabled=&#8221;off&#8221; button_one_border_color__hover_enabled=&#8221;off&#8221; button_two_border_color__hover_enabled=&#8221;off&#8221; button_border_radius__hover_enabled=&#8221;off&#8221; button_one_border_radius__hover_enabled=&#8221;off&#8221; button_two_border_radius__hover_enabled=&#8221;off&#8221; button_letter_spacing__hover_enabled=&#8221;off&#8221; button_one_letter_spacing__hover_enabled=&#8221;off&#8221; button_two_letter_spacing__hover_enabled=&#8221;off&#8221; button_bg_color__hover_enabled=&#8221;off&#8221; button_one_bg_color__hover_enabled=&#8221;off&#8221; button_two_bg_color__hover_enabled=&#8221;off&#8221;][\/et_pb_contact_field][et_pb_contact_field field_id=&#8221;Email&#8221; field_title=&#8221;E-mail&#8221; field_type=&#8221;email&#8221; _builder_version=&#8221;4.19.0&#8243; form_field_background_color=&#8221;#FFFFFF&#8221; form_field_text_color=&#8221;#000000&#8243; background_enable_color=&#8221;off&#8221; border_width_bottom=&#8221;1px&#8221; global_colors_info=&#8221;{}&#8221; button_text_size__hover_enabled=&#8221;off&#8221; button_one_text_size__hover_enabled=&#8221;off&#8221; button_two_text_size__hover_enabled=&#8221;off&#8221; button_text_color__hover_enabled=&#8221;off&#8221; button_one_text_color__hover_enabled=&#8221;off&#8221; button_two_text_color__hover_enabled=&#8221;off&#8221; button_border_width__hover_enabled=&#8221;off&#8221; button_one_border_width__hover_enabled=&#8221;off&#8221; button_two_border_width__hover_enabled=&#8221;off&#8221; button_border_color__hover_enabled=&#8221;off&#8221; button_one_border_color__hover_enabled=&#8221;off&#8221; button_two_border_color__hover_enabled=&#8221;off&#8221; button_border_radius__hover_enabled=&#8221;off&#8221; button_one_border_radius__hover_enabled=&#8221;off&#8221; button_two_border_radius__hover_enabled=&#8221;off&#8221; button_letter_spacing__hover_enabled=&#8221;off&#8221; button_one_letter_spacing__hover_enabled=&#8221;off&#8221; button_two_letter_spacing__hover_enabled=&#8221;off&#8221; button_bg_color__hover_enabled=&#8221;off&#8221; button_one_bg_color__hover_enabled=&#8221;off&#8221; button_two_bg_color__hover_enabled=&#8221;off&#8221;][\/et_pb_contact_field][et_pb_contact_field field_id=&#8221;Message&#8221; field_title=&#8221;Message&#8221; field_type=&#8221;text&#8221; fullwidth_field=&#8221;on&#8221; _builder_version=&#8221;4.20.0&#8243; form_field_background_color=&#8221;#FFFFFF&#8221; form_field_text_color=&#8221;#000000&#8243; hover_enabled=&#8221;0&#8243; border_width_bottom=&#8221;1px&#8221; global_colors_info=&#8221;{}&#8221; button_text_size__hover_enabled=&#8221;off&#8221; button_one_text_size__hover_enabled=&#8221;off&#8221; button_two_text_size__hover_enabled=&#8221;off&#8221; button_text_color__hover_enabled=&#8221;off&#8221; button_one_text_color__hover_enabled=&#8221;off&#8221; button_two_text_color__hover_enabled=&#8221;off&#8221; button_border_width__hover_enabled=&#8221;off&#8221; button_one_border_width__hover_enabled=&#8221;off&#8221; button_two_border_width__hover_enabled=&#8221;off&#8221; button_border_color__hover_enabled=&#8221;off&#8221; button_one_border_color__hover_enabled=&#8221;off&#8221; button_two_border_color__hover_enabled=&#8221;off&#8221; button_border_radius__hover_enabled=&#8221;off&#8221; button_one_border_radius__hover_enabled=&#8221;off&#8221; button_two_border_radius__hover_enabled=&#8221;off&#8221; button_letter_spacing__hover_enabled=&#8221;off&#8221; button_one_letter_spacing__hover_enabled=&#8221;off&#8221; button_two_letter_spacing__hover_enabled=&#8221;off&#8221; button_bg_color__hover_enabled=&#8221;off&#8221; button_one_bg_color__hover_enabled=&#8221;off&#8221; button_two_bg_color__hover_enabled=&#8221;off&#8221; sticky_enabled=&#8221;0&#8243;][\/et_pb_contact_field][\/et_pb_contact_form][\/et_pb_column][\/et_pb_row][\/et_pb_section][et_pb_section fb_built=&#8221;1&#8243; _builder_version=&#8221;4.0.9&#8243; global_module=&#8221;53956&#8243; global_colors_info=&#8221;{}&#8221;][et_pb_row column_structure=&#8221;1_3,1_3,1_3&#8243; custom_padding_last_edited=&#8221;on|desktop&#8221; _builder_version=&#8221;4.19.0&#8243; module_alignment=&#8221;center&#8221; custom_margin=&#8221;64px||||false|false&#8221; custom_margin_tablet=&#8221;&#8221; custom_margin_phone=&#8221;&#8221; custom_margin_last_edited=&#8221;on|desktop&#8221; custom_padding=&#8221;0|0px|0|0px&#8221; custom_padding_tablet=&#8221;&#8221; custom_padding_phone=&#8221;&#8221; global_colors_info=&#8221;{}&#8221;][et_pb_column type=&#8221;1_3&#8243; _builder_version=&#8221;4.16&#8243; custom_padding=&#8221;|||&#8221; global_colors_info=&#8221;{}&#8221; custom_padding__hover=&#8221;|||&#8221;][et_pb_blurb title=&#8221;WhatsApp&#8221; url=&#8221;https:\/\/api.whatsapp.com\/send?phone=84899169961&#8243; image=&#8221;https:\/\/oisp.hcmut.edu.vn\/en\/wp-content\/uploads\/2018\/03\/WhatsApp.png&#8221; _builder_version=&#8221;4.19.0&#8243; header_font=&#8221;Poppins|300||on|||||&#8221; header_text_align=&#8221;center&#8221; header_text_color=&#8221;#7CDA24&#8243; text_orientation=&#8221;center&#8221; animation=&#8221;off&#8221; custom_css_main_element=&#8221;width:100%;||&#8221; global_colors_info=&#8221;{}&#8221; transform_styles__hover_enabled=&#8221;on|desktop&#8221; transform_scale__hover_enabled=&#8221;on|desktop&#8221; transform_translate__hover_enabled=&#8221;on|desktop&#8221; transform_rotate__hover_enabled=&#8221;on|desktop&#8221; transform_skew__hover_enabled=&#8221;on|desktop&#8221; transform_origin__hover_enabled=&#8221;on|desktop&#8221; transform_scale__hover=&#8221;104%|104%&#8221;][\/et_pb_blurb][\/et_pb_column][et_pb_column type=&#8221;1_3&#8243; _builder_version=&#8221;4.16&#8243; custom_padding=&#8221;|||&#8221; global_colors_info=&#8221;{}&#8221; custom_padding__hover=&#8221;|||&#8221;][et_pb_blurb title=&#8221;Facebook Messenger&#8221; url=&#8221;https:\/\/m.me\/bachkhoauni&#8221; image=&#8221;https:\/\/oisp.hcmut.edu.vn\/en\/wp-content\/uploads\/2018\/03\/messenger.png&#8221; _builder_version=&#8221;4.19.0&#8243; header_font=&#8221;Poppins|300||on|||||&#8221; header_text_align=&#8221;center&#8221; header_text_color=&#8221;#007FE0&#8243; text_orientation=&#8221;center&#8221; animation=&#8221;off&#8221; custom_css_main_element=&#8221;width:100%;||&#8221; global_colors_info=&#8221;{}&#8221; transform_styles__hover_enabled=&#8221;on|desktop&#8221; transform_scale__hover=&#8221;104%|104%&#8221; transform_scale__hover_enabled=&#8221;on|desktop&#8221; transform_translate__hover_enabled=&#8221;on|desktop&#8221; transform_rotate__hover_enabled=&#8221;on|desktop&#8221; transform_skew__hover_enabled=&#8221;on|desktop&#8221; transform_origin__hover_enabled=&#8221;on|desktop&#8221;][\/et_pb_blurb][\/et_pb_column][et_pb_column type=&#8221;1_3&#8243; _builder_version=&#8221;4.16&#8243; custom_padding=&#8221;|||&#8221; global_colors_info=&#8221;{}&#8221; custom_padding__hover=&#8221;|||&#8221;][et_pb_blurb title=&#8221;Email&#8221; url=&#8221;mailto:admission@oisp.edu.vn&#8221; image=&#8221;https:\/\/oisp.hcmut.edu.vn\/en\/wp-content\/uploads\/2018\/03\/gmail.png&#8221; _builder_version=&#8221;4.19.0&#8243; header_font=&#8221;Poppins|300||on|||||&#8221; header_text_align=&#8221;center&#8221; header_text_color=&#8221;#E02B20&#8243; text_orientation=&#8221;center&#8221; animation=&#8221;off&#8221; custom_css_main_element=&#8221;width:100%;||&#8221; global_colors_info=&#8221;{}&#8221; transform_styles__hover_enabled=&#8221;on|desktop&#8221; transform_scale__hover=&#8221;104%|104%&#8221; transform_scale__hover_enabled=&#8221;on|desktop&#8221; transform_translate__hover_enabled=&#8221;on|desktop&#8221; transform_rotate__hover_enabled=&#8221;on|desktop&#8221; transform_skew__hover_enabled=&#8221;on|desktop&#8221; transform_origin__hover_enabled=&#8221;on|desktop&#8221;][\/et_pb_blurb][\/et_pb_column][\/et_pb_row][\/et_pb_section]<\/p>\n","protected":false},"excerpt":{"rendered":"<p>268 Ly Thuong Kiet, Ward 14, Dist 10.Contact us<\/p>\n","protected":false},"author":1,"featured_media":0,"parent":756,"menu_order":1,"comment_status":"closed","ping_status":"closed","template":"","meta":{"_et_pb_use_builder":"on","_et_pb_old_content":"","_et_gb_content_width":"","footnotes":""},"class_list":["post-876","page","type-page","status-publish","hentry"],"yoast_head":"<!-- This site is optimized with the Yoast SEO plugin v27.4 - https:\/\/yoast.com\/product\/yoast-seo-wordpress\/ -->\n<title>Maps and location - Ho Chi Minh City University of Technology - Bach Khoa<\/title>\n<meta name=\"robots\" content=\"index, follow, max-snippet:-1, max-image-preview:large, max-video-preview:-1\" \/>\n<link rel=\"canonical\" href=\"https:\/\/oisp.hcmut.edu.vn\/en\/contact-us\/maps-and-location\" \/>\n<meta property=\"og:locale\" content=\"en_US\" \/>\n<meta property=\"og:type\" content=\"article\" \/>\n<meta property=\"og:title\" content=\"Maps and location - Ho Chi Minh City University of Technology - Bach Khoa\" \/>\n<meta property=\"og:description\" content=\"268 Ly Thuong Kiet, Ward 14, Dist 10.Contact us\" \/>\n<meta property=\"og:url\" content=\"https:\/\/oisp.hcmut.edu.vn\/en\/contact-us\/maps-and-location\" \/>\n<meta property=\"og:site_name\" content=\"Ho Chi Minh City University of Technology - Bach Khoa\" \/>\n<meta property=\"article:modified_time\" content=\"2023-03-16T13:47:39+00:00\" \/>\n<meta name=\"twitter:card\" content=\"summary_large_image\" \/>\n<meta name=\"twitter:label1\" content=\"Est. reading time\" \/>\n\t<meta name=\"twitter:data1\" content=\"8 minutes\" \/>\n<script type=\"application\/ld+json\" class=\"yoast-schema-graph\">{\"@context\":\"https:\\\/\\\/schema.org\",\"@graph\":[{\"@type\":\"WebPage\",\"@id\":\"https:\\\/\\\/oisp.hcmut.edu.vn\\\/en\\\/contact-us\\\/maps-and-location\",\"url\":\"https:\\\/\\\/oisp.hcmut.edu.vn\\\/en\\\/contact-us\\\/maps-and-location\",\"name\":\"Maps and location - Ho Chi Minh City University of Technology - Bach Khoa\",\"isPartOf\":{\"@id\":\"https:\\\/\\\/oisp.hcmut.edu.vn\\\/en\\\/#website\"},\"datePublished\":\"2017-11-30T08:32:14+00:00\",\"dateModified\":\"2023-03-16T13:47:39+00:00\",\"breadcrumb\":{\"@id\":\"https:\\\/\\\/oisp.hcmut.edu.vn\\\/en\\\/contact-us\\\/maps-and-location#breadcrumb\"},\"inLanguage\":\"en-US\",\"potentialAction\":[{\"@type\":\"ReadAction\",\"target\":[\"https:\\\/\\\/oisp.hcmut.edu.vn\\\/en\\\/contact-us\\\/maps-and-location\"]}]},{\"@type\":\"BreadcrumbList\",\"@id\":\"https:\\\/\\\/oisp.hcmut.edu.vn\\\/en\\\/contact-us\\\/maps-and-location#breadcrumb\",\"itemListElement\":[{\"@type\":\"ListItem\",\"position\":1,\"name\":\"Home\",\"item\":\"https:\\\/\\\/oisp.hcmut.edu.vn\\\/en\\\/\"},{\"@type\":\"ListItem\",\"position\":2,\"name\":\"Contact Us\",\"item\":\"https:\\\/\\\/oisp.hcmut.edu.vn\\\/en\\\/?page_id=756\"},{\"@type\":\"ListItem\",\"position\":3,\"name\":\"Maps and location\"}]},{\"@type\":\"WebSite\",\"@id\":\"https:\\\/\\\/oisp.hcmut.edu.vn\\\/en\\\/#website\",\"url\":\"https:\\\/\\\/oisp.hcmut.edu.vn\\\/en\\\/\",\"name\":\"Ho Chi Minh City University of Technology - Bach Khoa\",\"description\":\"Ho Chi Minh City University of Technology - Vietnam National University\",\"publisher\":{\"@id\":\"https:\\\/\\\/oisp.hcmut.edu.vn\\\/en\\\/#organization\"},\"potentialAction\":[{\"@type\":\"SearchAction\",\"target\":{\"@type\":\"EntryPoint\",\"urlTemplate\":\"https:\\\/\\\/oisp.hcmut.edu.vn\\\/en\\\/?s={search_term_string}\"},\"query-input\":{\"@type\":\"PropertyValueSpecification\",\"valueRequired\":true,\"valueName\":\"search_term_string\"}}],\"inLanguage\":\"en-US\"},{\"@type\":\"Organization\",\"@id\":\"https:\\\/\\\/oisp.hcmut.edu.vn\\\/en\\\/#organization\",\"name\":\"Ho Chi Minh City University of Technology\",\"url\":\"https:\\\/\\\/oisp.hcmut.edu.vn\\\/en\\\/\",\"logo\":{\"@type\":\"ImageObject\",\"inLanguage\":\"en-US\",\"@id\":\"https:\\\/\\\/oisp.hcmut.edu.vn\\\/en\\\/#\\\/schema\\\/logo\\\/image\\\/\",\"url\":\"https:\\\/\\\/oisp.hcmut.edu.vn\\\/en\\\/wp-content\\\/uploads\\\/2017\\\/12\\\/BK_w_c-02-e1512553957872.png\",\"contentUrl\":\"https:\\\/\\\/oisp.hcmut.edu.vn\\\/en\\\/wp-content\\\/uploads\\\/2017\\\/12\\\/BK_w_c-02-e1512553957872.png\",\"width\":60,\"height\":60,\"caption\":\"Ho Chi Minh City University of Technology\"},\"image\":{\"@id\":\"https:\\\/\\\/oisp.hcmut.edu.vn\\\/en\\\/#\\\/schema\\\/logo\\\/image\\\/\"}}]}<\/script>\n<!-- \/ Yoast SEO plugin. -->","yoast_head_json":{"title":"Maps and location - Ho Chi Minh City University of Technology - Bach Khoa","robots":{"index":"index","follow":"follow","max-snippet":"max-snippet:-1","max-image-preview":"max-image-preview:large","max-video-preview":"max-video-preview:-1"},"canonical":"https:\/\/oisp.hcmut.edu.vn\/en\/contact-us\/maps-and-location","og_locale":"en_US","og_type":"article","og_title":"Maps and location - Ho Chi Minh City University of Technology - Bach Khoa","og_description":"268 Ly Thuong Kiet, Ward 14, Dist 10.Contact us","og_url":"https:\/\/oisp.hcmut.edu.vn\/en\/contact-us\/maps-and-location","og_site_name":"Ho Chi Minh City University of Technology - Bach Khoa","article_modified_time":"2023-03-16T13:47:39+00:00","twitter_card":"summary_large_image","twitter_misc":{"Est. reading time":"8 minutes"},"schema":{"@context":"https:\/\/schema.org","@graph":[{"@type":"WebPage","@id":"https:\/\/oisp.hcmut.edu.vn\/en\/contact-us\/maps-and-location","url":"https:\/\/oisp.hcmut.edu.vn\/en\/contact-us\/maps-and-location","name":"Maps and location - Ho Chi Minh City University of Technology - Bach Khoa","isPartOf":{"@id":"https:\/\/oisp.hcmut.edu.vn\/en\/#website"},"datePublished":"2017-11-30T08:32:14+00:00","dateModified":"2023-03-16T13:47:39+00:00","breadcrumb":{"@id":"https:\/\/oisp.hcmut.edu.vn\/en\/contact-us\/maps-and-location#breadcrumb"},"inLanguage":"en-US","potentialAction":[{"@type":"ReadAction","target":["https:\/\/oisp.hcmut.edu.vn\/en\/contact-us\/maps-and-location"]}]},{"@type":"BreadcrumbList","@id":"https:\/\/oisp.hcmut.edu.vn\/en\/contact-us\/maps-and-location#breadcrumb","itemListElement":[{"@type":"ListItem","position":1,"name":"Home","item":"https:\/\/oisp.hcmut.edu.vn\/en\/"},{"@type":"ListItem","position":2,"name":"Contact Us","item":"https:\/\/oisp.hcmut.edu.vn\/en\/?page_id=756"},{"@type":"ListItem","position":3,"name":"Maps and location"}]},{"@type":"WebSite","@id":"https:\/\/oisp.hcmut.edu.vn\/en\/#website","url":"https:\/\/oisp.hcmut.edu.vn\/en\/","name":"Ho Chi Minh City University of Technology - Bach Khoa","description":"Ho Chi Minh City University of Technology - Vietnam National University","publisher":{"@id":"https:\/\/oisp.hcmut.edu.vn\/en\/#organization"},"potentialAction":[{"@type":"SearchAction","target":{"@type":"EntryPoint","urlTemplate":"https:\/\/oisp.hcmut.edu.vn\/en\/?s={search_term_string}"},"query-input":{"@type":"PropertyValueSpecification","valueRequired":true,"valueName":"search_term_string"}}],"inLanguage":"en-US"},{"@type":"Organization","@id":"https:\/\/oisp.hcmut.edu.vn\/en\/#organization","name":"Ho Chi Minh City University of Technology","url":"https:\/\/oisp.hcmut.edu.vn\/en\/","logo":{"@type":"ImageObject","inLanguage":"en-US","@id":"https:\/\/oisp.hcmut.edu.vn\/en\/#\/schema\/logo\/image\/","url":"https:\/\/oisp.hcmut.edu.vn\/en\/wp-content\/uploads\/2017\/12\/BK_w_c-02-e1512553957872.png","contentUrl":"https:\/\/oisp.hcmut.edu.vn\/en\/wp-content\/uploads\/2017\/12\/BK_w_c-02-e1512553957872.png","width":60,"height":60,"caption":"Ho Chi Minh City University of Technology"},"image":{"@id":"https:\/\/oisp.hcmut.edu.vn\/en\/#\/schema\/logo\/image\/"}}]}},"_links":{"self":[{"href":"https:\/\/oisp.hcmut.edu.vn\/en\/wp-json\/wp\/v2\/pages\/876","targetHints":{"allow":["GET"]}}],"collection":[{"href":"https:\/\/oisp.hcmut.edu.vn\/en\/wp-json\/wp\/v2\/pages"}],"about":[{"href":"https:\/\/oisp.hcmut.edu.vn\/en\/wp-json\/wp\/v2\/types\/page"}],"author":[{"embeddable":true,"href":"https:\/\/oisp.hcmut.edu.vn\/en\/wp-json\/wp\/v2\/users\/1"}],"replies":[{"embeddable":true,"href":"https:\/\/oisp.hcmut.edu.vn\/en\/wp-json\/wp\/v2\/comments?post=876"}],"version-history":[{"count":11,"href":"https:\/\/oisp.hcmut.edu.vn\/en\/wp-json\/wp\/v2\/pages\/876\/revisions"}],"predecessor-version":[{"id":67423,"href":"https:\/\/oisp.hcmut.edu.vn\/en\/wp-json\/wp\/v2\/pages\/876\/revisions\/67423"}],"up":[{"embeddable":true,"href":"https:\/\/oisp.hcmut.edu.vn\/en\/wp-json\/wp\/v2\/pages\/756"}],"wp:attachment":[{"href":"https:\/\/oisp.hcmut.edu.vn\/en\/wp-json\/wp\/v2\/media?parent=876"}],"curies":[{"name":"wp","href":"https:\/\/api.w.org\/{rel}","templated":true}]}}