{"id":49710,"date":"2020-02-08T04:48:08","date_gmt":"2020-02-08T04:48:08","guid":{"rendered":"https:\/\/oisp.hcmut.edu.vn\/sac\/?page_id=49710"},"modified":"2021-09-13T14:14:51","modified_gmt":"2021-09-13T14:14:51","slug":"lien-he","status":"publish","type":"page","link":"https:\/\/oisp.hcmut.edu.vn\/sac\/lien-he\/","title":{"rendered":"Li\u00ean h\u1ec7"},"content":{"rendered":"<p>[et_pb_section fb_built=&#8221;1&#8243; _builder_version=&#8221;4.0.9&#8243; background_image=&#8221;https:\/\/themes.divigear.net\/multipurpose\/wp-content\/uploads\/sites\/2\/2019\/08\/bg-slider-02.jpg&#8221; custom_padding=&#8221;100px||100px||false|false&#8221; global_colors_info=&#8221;{}&#8221;][et_pb_row _builder_version=&#8221;3.27.4&#8243; max_width=&#8221;1280px&#8221; module_alignment=&#8221;left&#8221; module_alignment_tablet=&#8221;center&#8221; module_alignment_phone=&#8221;center&#8221; module_alignment_last_edited=&#8221;on|tablet&#8221; locked=&#8221;off&#8221; global_colors_info=&#8221;{}&#8221;][et_pb_column type=&#8221;4_4&#8243; _builder_version=&#8221;3.27.3&#8243; global_colors_info=&#8221;{}&#8221;][et_pb_text _builder_version=&#8221;3.27.4&#8243; header_2_font=&#8221;Roboto|700|||||||&#8221; header_2_text_align=&#8221;center&#8221; header_2_text_color=&#8221;rgba(0,0,0,0)&#8221; header_2_font_size=&#8221;250px&#8221; z_index=&#8221;1&#8243; text_orientation=&#8221;center&#8221; min_height=&#8221;117px&#8221; custom_margin=&#8221;||-160px||false|false&#8221; custom_margin_tablet=&#8221;||-192px||false|false&#8221; custom_margin_phone=&#8221;0%||-186px||false|false&#8221; custom_margin_last_edited=&#8221;on|tablet&#8221; header_2_text_align_tablet=&#8221;&#8221; header_2_text_align_phone=&#8221;&#8221; header_2_text_align_last_edited=&#8221;on|phone&#8221; header_2_font_size_tablet=&#8221;80px&#8221; header_2_font_size_phone=&#8221;80px&#8221; header_2_font_size_last_edited=&#8221;on|tablet&#8221; custom_css_main_element=&#8221;-webkit-text-stroke-width: 1px !important;||-webkit-text-stroke-color: rgba(96,115,133,0.5) !important;||text-shadow: 0 1px 3px rgba(25,62,244,0);&#8221; text_text_align=&#8221;center&#8221; global_colors_info=&#8221;{}&#8221;]<\/p>\n<h2>Contact<\/h2>\n<p>[\/et_pb_text][et_pb_text module_class=&#8221;dige_multi_primary_color&#8221; _builder_version=&#8221;3.27.4&#8243; header_4_font=&#8221;Khula|700||on|||||&#8221; header_4_text_align=&#8221;center&#8221; header_4_text_color=&#8221;#1a7efb&#8221; header_4_letter_spacing=&#8221;3px&#8221; z_index=&#8221;2&#8243; width=&#8221;550px&#8221; width_tablet=&#8221;100%&#8221; width_phone=&#8221;100%&#8221; width_last_edited=&#8221;on|tablet&#8221; custom_margin=&#8221;||8px|-36px|false|false&#8221; custom_margin_tablet=&#8221;|||0px|false|false&#8221; custom_margin_phone=&#8221;|||0px|false|false&#8221; custom_margin_last_edited=&#8221;on|phone&#8221; header_4_text_align_tablet=&#8221;&#8221; header_4_text_align_phone=&#8221;center&#8221; header_4_text_align_last_edited=&#8221;on|phone&#8221; locked=&#8221;off&#8221; global_colors_info=&#8221;{}&#8221;]<\/p>\n<h4>We are Best<\/h4>\n<p>[\/et_pb_text][et_pb_text _builder_version=&#8221;4.5.1&#8243; header_font=&#8221;Khula|700|||||||&#8221; header_text_color=&#8221;#0d2335&#8243; header_font_size=&#8221;100px&#8221; header_2_font=&#8221;|800|||||||&#8221; header_2_text_align=&#8221;center&#8221; header_2_text_color=&#8221;#ffffff&#8221; header_2_font_size=&#8221;55px&#8221; header_2_line_height=&#8221;1.2em&#8221; z_index=&#8221;2&#8243; width=&#8221;550px&#8221; width_tablet=&#8221;100%&#8221; width_phone=&#8221;100%&#8221; width_last_edited=&#8221;on|tablet&#8221; module_alignment=&#8221;left&#8221; custom_margin=&#8221;||8px|||&#8221; header_font_size_tablet=&#8221;&#8221; header_font_size_phone=&#8221;55px&#8221; header_font_size_last_edited=&#8221;on|phone&#8221; header_2_font_size_tablet=&#8221;&#8221; header_2_font_size_phone=&#8221;35px&#8221; header_2_font_size_last_edited=&#8221;on|phone&#8221; locked=&#8221;off&#8221; global_colors_info=&#8221;{}&#8221;]<\/p>\n<h2>V\u1ec1 Ch\u00fang T\u00f4i<\/h2>\n<p>[\/et_pb_text][\/et_pb_column][\/et_pb_row][\/et_pb_section][et_pb_section fb_built=&#8221;1&#8243; _builder_version=&#8221;3.27.4&#8243; custom_padding=&#8221;0px|||||&#8221; global_colors_info=&#8221;{}&#8221;][et_pb_row use_custom_gutter=&#8221;on&#8221; gutter_width=&#8221;1&#8243; _builder_version=&#8221;4.0.9&#8243; use_background_color_gradient=&#8221;on&#8221; background_color_gradient_start=&#8221;rgba(0,10,56,0.82)&#8221; background_color_gradient_end=&#8221;rgba(0,26,45,0.94)&#8221; background_color_gradient_direction=&#8221;147deg&#8221; background_color_gradient_overlays_image=&#8221;on&#8221; background_image=&#8221;https:\/\/themes.divigear.net\/multipurpose\/wp-content\/uploads\/sites\/2\/2019\/08\/bg-slider-02.jpg&#8221; background_position=&#8221;top_center&#8221; width=&#8221;100%&#8221; max_width=&#8221;100%&#8221; custom_padding=&#8221;10%||10%||true|false&#8221; global_colors_info=&#8221;{}&#8221;][et_pb_column type=&#8221;4_4&#8243; _builder_version=&#8221;3.27.4&#8243; global_colors_info=&#8221;{}&#8221;][\/et_pb_column][\/et_pb_row][\/et_pb_section][et_pb_section fb_built=&#8221;1&#8243; _builder_version=&#8221;4.5.1&#8243; background_color=&#8221;#d6d6d6&#8243; custom_margin=&#8221;-300px||||false|false&#8221; custom_padding=&#8221;||||false|false&#8221; global_colors_info=&#8221;{}&#8221; custom_css_main_element_last_edited=&#8221;on|phone&#8221; custom_css_main_element_phone=&#8221;overflow:hidden;&#8221;][et_pb_row column_structure=&#8221;2_5,3_5&#8243; _builder_version=&#8221;4.5.1&#8243; _module_preset=&#8221;default&#8221; background_color=&#8221;#000049&#8243; global_colors_info=&#8221;{}&#8221;][et_pb_column type=&#8221;2_5&#8243; _builder_version=&#8221;4.5.1&#8243; _module_preset=&#8221;default&#8221; custom_padding=&#8221;|||40px|false|false&#8221; global_colors_info=&#8221;{}&#8221;][et_pb_image src=&#8221;https:\/\/oisp.hcmut.edu.vn\/sac\/wp-content\/uploads\/2020\/07\/6-gi\u1edd-s\u00e1ng-1024&#215;576.jpg&#8221; title_text=&#8221;6 gi\u1edd s\u00e1ng&#8221; _builder_version=&#8221;4.5.1&#8243; _module_preset=&#8221;default&#8221; global_colors_info=&#8221;{}&#8221;][\/et_pb_image][\/et_pb_column][et_pb_column type=&#8221;3_5&#8243; _builder_version=&#8221;4.5.1&#8243; _module_preset=&#8221;default&#8221; custom_padding=&#8221;|40px|||false|false&#8221; global_colors_info=&#8221;{}&#8221;][et_pb_text _builder_version=&#8221;4.10.7&#8243; _module_preset=&#8221;default&#8221; text_font=&#8221;||||||||&#8221; text_font_size=&#8221;18px&#8221; text_letter_spacing=&#8221;1px&#8221; text_orientation=&#8221;justified&#8221; custom_margin=&#8221;10px||||false|false&#8221; hover_enabled=&#8221;0&#8243; global_colors_info=&#8221;{}&#8221; sticky_enabled=&#8221;0&#8243; text_text_color=&#8221;#f5f5f5&#8243; text_line_height=&#8221;1.8em&#8221;]<\/p>\n<p>Trung t\u00e2m T\u01b0 v\u1ea5n Du h\u1ecdc B\u00e1ch Khoa tr\u1ef1c thu\u1ed9c V\u0103n ph\u00f2ng \u0110\u00e0o t\u1ea1o Qu\u1ed1c t\u1ebf &#8211; Tr\u01b0\u1eddng \u0110\u1ea1i h\u1ecdc B\u00e1ch Khoa TP.HCM l\u00e0 \u0111\u1ecba \u0111i\u1ec3m tin c\u1eady gi\u00fap c\u00e1c b\u1ea1n h\u1ecdc sinh Trung h\u1ecdc Ph\u1ed5 th\u00f4ng \u00a0t\u00ecm cho m\u00ecnh c\u01a1 h\u1ed9i du h\u1ecdc t\u1ea1i c\u00e1c Tr\u01b0\u1eddng \u0110\u1ea1i h\u1ecdc \u0111\u1ed1i t\u00e1c uy t\u00edn h\u00e0ng \u0111\u1ea7u c\u1ee7a Tr\u01b0\u1eddng \u0110\u1ea1i h\u1ecdc B\u00e1ch Khoa TPHCM \u1edf c\u00e1c n\u01b0\u1edbc \u00dac, M\u1ef9, Nh\u1eadt B\u1ea3n.<\/p>\n<p>[\/et_pb_text][\/et_pb_column][\/et_pb_row][et_pb_row column_structure=&#8221;2_3,1_3&#8243; _builder_version=&#8221;4.5.1&#8243; _module_preset=&#8221;default&#8221; background_color=&#8221;#000049&#8243; custom_margin=&#8221;5px||5px||true|false&#8221; global_colors_info=&#8221;{}&#8221;][et_pb_column type=&#8221;2_3&#8243; _builder_version=&#8221;4.5.1&#8243; _module_preset=&#8221;default&#8221; custom_padding=&#8221;10px|||40px|false|false&#8221; global_colors_info=&#8221;{}&#8221;][et_pb_text _builder_version=&#8221;4.5.1&#8243; _module_preset=&#8221;default&#8221; text_font=&#8221;||||||||&#8221; text_font_size=&#8221;18px&#8221; text_letter_spacing=&#8221;1px&#8221; text_orientation=&#8221;justified&#8221; global_colors_info=&#8221;{}&#8221; sticky_enabled=&#8221;0&#8243; custom_margin=&#8221;10px||||false|false&#8221; text_text_color=&#8221;#f5f5f5&#8243; text_line_height=&#8221;1.8em&#8221;]<\/p>\n<p>Trung t\u00e2m t\u01b0 v\u1ea5n du h\u1ecdc B\u00e1ch Khoa s\u1ebd h\u1ed7 tr\u1ee3 v\u00e0 t\u01b0 v\u1ea5n t\u00ecm ki\u1ebfm c\u00e1c kh\u00f3a h\u1ecdc ph\u00f9 h\u1ee3p v\u1edbi c\u00e1c c\u01a1 h\u1ed9i h\u1ecdc b\u1ed5ng, d\u1ecbch v\u1ee5 t\u00ecm ki\u1ebfm ch\u1ed7 \u1edf, k\u00fd t\u00fac x\u00e1, h\u1ed3 s\u01a1 xin Visa, b\u1ea3o hi\u1ec3m, d\u1ecbch v\u1ee5 v\u00e9 m\u00e1y bay, h\u1ed7 tr\u1ee3 th\u1ee7 t\u1ee5c t\u00e0i ch\u00ednh d\u00e0nh cho c\u00e1c b\u1ea1n h\u1ecdc sinh Trung h\u1ecdc Ph\u1ed5 th\u00f4ng t\u1eeb kh\u1eafp c\u1ea3 n\u01b0\u1edbc.<\/p>\n<p>[\/et_pb_text][\/et_pb_column][et_pb_column type=&#8221;1_3&#8243; _builder_version=&#8221;4.5.1&#8243; _module_preset=&#8221;default&#8221; custom_padding=&#8221;|40px|||false|false&#8221; global_colors_info=&#8221;{}&#8221;][et_pb_image src=&#8221;https:\/\/oisp.hcmut.edu.vn\/sac\/wp-content\/uploads\/2020\/07\/4.jpg&#8221; title_text=&#8221;4&#8243; _builder_version=&#8221;4.5.1&#8243; _module_preset=&#8221;default&#8221; global_colors_info=&#8221;{}&#8221;][\/et_pb_image][\/et_pb_column][\/et_pb_row][et_pb_row column_structure=&#8221;2_5,3_5&#8243; _builder_version=&#8221;4.5.1&#8243; _module_preset=&#8221;default&#8221; background_color=&#8221;#000049&#8243; custom_margin=&#8221;5px||5px||true|false&#8221; global_colors_info=&#8221;{}&#8221;][et_pb_column type=&#8221;2_5&#8243; _builder_version=&#8221;4.5.1&#8243; _module_preset=&#8221;default&#8221; custom_padding=&#8221;|||40px|false|false&#8221; global_colors_info=&#8221;{}&#8221;][et_pb_image src=&#8221;https:\/\/oisp.hcmut.edu.vn\/sac\/wp-content\/uploads\/2020\/07\/team-1024&#215;522.jpg&#8221; title_text=&#8221;team&#8221; _builder_version=&#8221;4.5.1&#8243; _module_preset=&#8221;default&#8221; global_colors_info=&#8221;{}&#8221;][\/et_pb_image][\/et_pb_column][et_pb_column type=&#8221;3_5&#8243; _builder_version=&#8221;4.5.1&#8243; _module_preset=&#8221;default&#8221; custom_padding=&#8221;|40px|||false|false&#8221; global_colors_info=&#8221;{}&#8221;][et_pb_text _builder_version=&#8221;4.5.1&#8243; _module_preset=&#8221;default&#8221; text_font=&#8221;||||||||&#8221; text_font_size=&#8221;18px&#8221; text_letter_spacing=&#8221;1px&#8221; text_orientation=&#8221;justified&#8221; custom_margin=&#8221;10px||||false|false&#8221; global_colors_info=&#8221;{}&#8221; text_text_color=&#8221;#f5f5f5&#8243; text_line_height=&#8221;1.8em&#8221;]<\/p>\n<p>Trung t\u00e2m t\u01b0 v\u1ea5n du h\u1ecdc B\u00e1ch Khoa v\u1edbi d\u1ecbch v\u1ee5 t\u01b0 v\u1ea5n t\u1eeb A \u0111\u1ebfn Z, trang thi\u1ebft b\u1ecb hi\u1ec7n \u0111\u1ea1i, \u0111\u1ed9i ng\u0169 t\u01b0 v\u1ea5n \u0111\u00e0o t\u1ea1o chuy\u00ean nghi\u1ec7p, quy tr\u00ecnh t\u01b0 v\u1ea5n b\u00e0i b\u1ea3n, c\u01a1 s\u1edf v\u1eadt ch\u1ea5t khang trang, s\u1ebd \u0111\u00e1p \u1ee9ng cho c\u00e1c nhu c\u1ea7u du h\u1ecdc ri\u00eang bi\u1ec7t nh\u01b0ng ph\u00f9 h\u1ee3p cho c\u00e1c em h\u1ecdc sinh Trung h\u1ecdc Ph\u1ed5 th\u00f4ng .<\/p>\n<p>[\/et_pb_text][\/et_pb_column][\/et_pb_row][\/et_pb_section][et_pb_section fb_built=&#8221;1&#8243; _builder_version=&#8221;4.5.1&#8243; _module_preset=&#8221;default&#8221; global_colors_info=&#8221;{}&#8221;][et_pb_row column_structure=&#8221;1_3,1_3,1_3&#8243; _builder_version=&#8221;4.5.1&#8243; _module_preset=&#8221;default&#8221; custom_margin=&#8221;-100px||||false|false&#8221; global_colors_info=&#8221;{}&#8221;][et_pb_column type=&#8221;1_3&#8243; _builder_version=&#8221;4.5.1&#8243; _module_preset=&#8221;default&#8221; global_colors_info=&#8221;{}&#8221;][et_pb_blurb title=&#8221;t\u01b0 v\u1ea5n qua \u0111i\u1ec7n tho\u1ea1i&#8221; _builder_version=&#8221;4.5.1&#8243; _module_preset=&#8221;default&#8221; body_font=&#8221;|600|||||||&#8221; body_font_size=&#8221;16px&#8221; body_letter_spacing=&#8221;2px&#8221; custom_padding=&#8221;10px|35px|10px|35px|false|true&#8221; border_width_all=&#8221;0px&#8221; global_colors_info=&#8221;{}&#8221;]<\/p>\n<p><em>[028] &#8211; 73004183<\/em><\/p>\n<p>[\/et_pb_blurb][\/et_pb_column][et_pb_column type=&#8221;1_3&#8243; _builder_version=&#8221;4.5.1&#8243; _module_preset=&#8221;default&#8221; global_colors_info=&#8221;{}&#8221;][et_pb_blurb title=&#8221;t\u01b0 v\u1ea5n qua email&#8221; _builder_version=&#8221;4.5.1&#8243; _module_preset=&#8221;default&#8221; body_font=&#8221;|600|||||||&#8221; body_font_size=&#8221;16px&#8221; body_letter_spacing=&#8221;2px&#8221; custom_padding=&#8221;10px|50px|10px|50px|false|true&#8221; border_width_all=&#8221;0px&#8221; global_colors_info=&#8221;{}&#8221;]<\/p>\n<p><i>info.sac@oisp.edu.vn<\/i><\/p>\n<p>[\/et_pb_blurb][\/et_pb_column][et_pb_column type=&#8221;1_3&#8243; _builder_version=&#8221;4.5.1&#8243; _module_preset=&#8221;default&#8221; global_colors_info=&#8221;{}&#8221;][et_pb_blurb title=&#8221;t\u01b0 v\u1ea5n qua Fanpage&#8221; url=&#8221;https:\/\/www.facebook.com\/tuvanduhocbachkhoa\/&#8221; url_new_window=&#8221;on&#8221; _builder_version=&#8221;4.5.1&#8243; _module_preset=&#8221;default&#8221; body_font=&#8221;|600|||||||&#8221; body_font_size=&#8221;16px&#8221; body_letter_spacing=&#8221;2px&#8221; custom_padding=&#8221;10px|50px|10px|50px|false|true&#8221; link_option_url=&#8221;https:\/\/www.facebook.com\/tuvanduhocbachkhoa\/&#8221; link_option_url_new_window=&#8221;on&#8221; border_width_all=&#8221;0px&#8221; global_colors_info=&#8221;{}&#8221;]<\/p>\n<p><i>#tuvanduhocbachkhoa<\/i><\/p>\n<p>[\/et_pb_blurb][\/et_pb_column][\/et_pb_row][et_pb_row column_structure=&#8221;1_2,1_2&#8243; make_equal=&#8221;on&#8221; disabled_on=&#8221;on|on|on&#8221; _builder_version=&#8221;4.0.9&#8243; background_color=&#8221;#ffffff&#8221; max_width=&#8221;1280px&#8221; custom_margin=&#8221;-35%||||false|false&#8221; custom_padding=&#8221;0px|||||&#8221; border_radii=&#8221;on|5px|5px|5px|5px&#8221; disabled=&#8221;on&#8221; locked=&#8221;off&#8221; global_colors_info=&#8221;{}&#8221;][et_pb_column type=&#8221;1_2&#8243; _builder_version=&#8221;3.27.4&#8243; custom_padding=&#8221;40px||||false|false&#8221; global_colors_info=&#8221;{}&#8221;][et_pb_text _builder_version=&#8221;3.27.4&#8243; header_2_font=&#8221;Roboto|700|||||||&#8221; header_2_text_align=&#8221;center&#8221; header_2_text_color=&#8221;rgba(0,0,0,0)&#8221; header_2_font_size=&#8221;250px&#8221; z_index=&#8221;1&#8243; text_orientation=&#8221;center&#8221; min_height=&#8221;117px&#8221; custom_margin=&#8221;||-160px||false|false&#8221; custom_margin_tablet=&#8221;&#8221; custom_margin_phone=&#8221;0%||-138px||false|false&#8221; custom_margin_last_edited=&#8221;on|phone&#8221; header_2_font_size_tablet=&#8221;55px&#8221; header_2_font_size_phone=&#8221;100px&#8221; header_2_font_size_last_edited=&#8221;on|desktop&#8221; custom_css_main_element=&#8221;-webkit-text-stroke-width: 1px !important;||-webkit-text-stroke-color: rgba(117,140,160,0.20) !important;||text-shadow: 0 1px 3px rgba(25,62,244,0);&#8221; text_text_align=&#8221;center&#8221; global_colors_info=&#8221;{}&#8221;]<\/p>\n<h2>FAQ<\/h2>\n<p>[\/et_pb_text][et_pb_text module_class=&#8221;dige_multi_primary_color&#8221; _builder_version=&#8221;3.27.4&#8243; header_4_font=&#8221;Khula|700||on|||||&#8221; header_4_text_align=&#8221;center&#8221; header_4_text_color=&#8221;#1a7efb&#8221; header_4_letter_spacing=&#8221;3px&#8221; z_index=&#8221;2&#8243; custom_margin=&#8221;||18px|||&#8221; locked=&#8221;off&#8221; global_colors_info=&#8221;{}&#8221;]<\/p>\n<h4>FAQ<\/h4>\n<p>[\/et_pb_text][et_pb_text _builder_version=&#8221;3.29.2&#8243; header_font=&#8221;Khula|700|||||||&#8221; header_text_color=&#8221;#0d2335&#8243; header_font_size=&#8221;100px&#8221; header_2_font=&#8221;Khula|800|||||||&#8221; header_2_text_align=&#8221;center&#8221; header_2_text_color=&#8221;#0d2335&#8243; header_2_font_size=&#8221;55px&#8221; header_2_line_height=&#8221;1.2em&#8221; z_index=&#8221;2&#8243; custom_margin=&#8221;||8px|||&#8221; header_font_size_tablet=&#8221;&#8221; header_font_size_phone=&#8221;55px&#8221; header_font_size_last_edited=&#8221;on|phone&#8221; header_2_font_size_tablet=&#8221;&#8221; header_2_font_size_phone=&#8221;35px&#8221; header_2_font_size_last_edited=&#8221;on|phone&#8221; locked=&#8221;off&#8221; global_colors_info=&#8221;{}&#8221;]<\/p>\n<h2>Get Some <br \/>Answers<\/h2>\n<p>[\/et_pb_text][et_pb_accordion open_toggle_text_color=&#8221;#0d2335&#8243; open_toggle_background_color=&#8221;#ffffff&#8221; closed_toggle_text_color=&#8221;#758ca0&#8243; closed_toggle_background_color=&#8221;#ffffff&#8221; icon_color=&#8221;#1a7efb&#8221; module_class=&#8221;dige_multi_faq_toggle&#8221; _builder_version=&#8221;3.27.4&#8243; toggle_text_color=&#8221;#758ca0&#8243; toggle_level=&#8221;h4&#8243; toggle_font=&#8221;Khula|700|||||||&#8221; toggle_font_size=&#8221;18px&#8221; border_color_all=&#8221;rgba(44,137,249,0.15)&#8221; global_colors_info=&#8221;{}&#8221;][et_pb_accordion_item title=&#8221;How can I install this child theme?&#8221; open=&#8221;on&#8221; _builder_version=&#8221;3.27.4&#8243; global_colors_info=&#8221;{}&#8221;]<\/p>\n<p>Lorem ipsum dolor sit amet, consectetuer adipiscing elit. Donec odio. Quisque volutpat mattis eros. Nullam malesuada erat ut turpis. Suspendisse urna nibh, viverra non, semper suscipit, posuere a, pede.<\/p>\n<p>[\/et_pb_accordion_item][et_pb_accordion_item title=&#8221;How to Import the content?&#8221; _builder_version=&#8221;3.27.4&#8243; global_colors_info=&#8221;{}&#8221; open=&#8221;off&#8221;]<\/p>\n<p>Donec nec justo eget felis facilisis fermentum. Aliquam porttitor mauris sit amet orci. Aenean dignissim pellentesque felis.<\/p>\n<p>[\/et_pb_accordion_item][et_pb_accordion_item title=&#8221;How to change the footer logo and text?&#8221; _builder_version=&#8221;3.27.4&#8243; global_colors_info=&#8221;{}&#8221; open=&#8221;off&#8221;]<\/p>\n<p>Morbi in sem quis dui placerat ornare. Pellentesque odio nisi, euismod in, pharetra a, ultricies in, diam. Sed arcu. Cras consequat.<\/p>\n<p>[\/et_pb_accordion_item][et_pb_accordion_item title=&#8221;How to change the color?&#8221; _builder_version=&#8221;3.27.4&#8243; global_colors_info=&#8221;{}&#8221; open=&#8221;off&#8221;]<\/p>\n<p>Lorem ipsum dolor sit amet, consectetuer adipiscing elit. Donec odio. Quisque volutpat mattis eros. Nullam malesuada erat ut turpis. Suspendisse urna nibh, viverra non, semper suscipit, posuere a, pede.<\/p>\n<p>[\/et_pb_accordion_item][\/et_pb_accordion][\/et_pb_column][et_pb_column type=&#8221;1_2&#8243; _builder_version=&#8221;4.0.9&#8243; background_image=&#8221;https:\/\/oisp.hcmut.edu.vn\/sac\/wp-content\/uploads\/2020\/07\/faq.png&#8221; custom_padding=&#8221;|0px||0px|false|false&#8221; global_colors_info=&#8221;{}&#8221;][\/et_pb_column][\/et_pb_row][\/et_pb_section]<\/p>\n","protected":false},"excerpt":{"rendered":"<p>ContactWe are BestV\u1ec1 Ch\u00fang T\u00f4iTrung t\u00e2m T\u01b0 v\u1ea5n Du h\u1ecdc B\u00e1ch Khoa tr\u1ef1c thu\u1ed9c V\u0103n ph\u00f2ng \u0110\u00e0o t\u1ea1o Qu\u1ed1c t\u1ebf &#8211; Tr\u01b0\u1eddng \u0110\u1ea1i h\u1ecdc B\u00e1ch Khoa TP.HCM l\u00e0 \u0111\u1ecba \u0111i\u1ec3m tin c\u1eady gi\u00fap c\u00e1c b\u1ea1n h\u1ecdc sinh Trung h\u1ecdc Ph\u1ed5 th\u00f4ng \u00a0t\u00ecm cho m\u00ecnh c\u01a1 h\u1ed9i du h\u1ecdc t\u1ea1i c\u00e1c Tr\u01b0\u1eddng \u0110\u1ea1i h\u1ecdc \u0111\u1ed1i t\u00e1c [&hellip;]<\/p>\n","protected":false},"author":1,"featured_media":0,"parent":0,"menu_order":0,"comment_status":"closed","ping_status":"closed","template":"","meta":{"_et_pb_use_builder":"on","_et_pb_old_content":"<!-- wp:divi\/placeholder \/-->","_et_gb_content_width":"","footnotes":""},"class_list":["post-49710","page","type-page","status-publish","hentry"],"_links":{"self":[{"href":"https:\/\/oisp.hcmut.edu.vn\/sac\/wp-json\/wp\/v2\/pages\/49710","targetHints":{"allow":["GET"]}}],"collection":[{"href":"https:\/\/oisp.hcmut.edu.vn\/sac\/wp-json\/wp\/v2\/pages"}],"about":[{"href":"https:\/\/oisp.hcmut.edu.vn\/sac\/wp-json\/wp\/v2\/types\/page"}],"author":[{"embeddable":true,"href":"https:\/\/oisp.hcmut.edu.vn\/sac\/wp-json\/wp\/v2\/users\/1"}],"replies":[{"embeddable":true,"href":"https:\/\/oisp.hcmut.edu.vn\/sac\/wp-json\/wp\/v2\/comments?post=49710"}],"version-history":[{"count":1,"href":"https:\/\/oisp.hcmut.edu.vn\/sac\/wp-json\/wp\/v2\/pages\/49710\/revisions"}],"predecessor-version":[{"id":52486,"href":"https:\/\/oisp.hcmut.edu.vn\/sac\/wp-json\/wp\/v2\/pages\/49710\/revisions\/52486"}],"wp:attachment":[{"href":"https:\/\/oisp.hcmut.edu.vn\/sac\/wp-json\/wp\/v2\/media?parent=49710"}],"curies":[{"name":"wp","href":"https:\/\/api.w.org\/{rel}","templated":true}]}}