{"id":50052,"date":"2020-03-10T07:22:22","date_gmt":"2020-03-10T07:22:22","guid":{"rendered":"https:\/\/oisp.hcmut.edu.vn\/sac\/?page_id=50052"},"modified":"2025-03-27T10:17:53","modified_gmt":"2025-03-27T03:17:53","slug":"tin-tuc-du-hoc","status":"publish","type":"page","link":"https:\/\/oisp.hcmut.edu.vn\/sac\/tin-tuc-du-hoc\/","title":{"rendered":"Tin t\u1ee9c Du h\u1ecdc"},"content":{"rendered":"<p>[et_pb_section fb_built=&#8221;1&#8243; _builder_version=&#8221;4.16&#8243; _module_preset=&#8221;default&#8221; background_color=&#8221;#f5f5f5&#8243; custom_padding=&#8221;1.8rem||1.4rem||false|false&#8221; global_colors_info=&#8221;{}&#8221;][et_pb_row _builder_version=&#8221;4.16&#8243; _module_preset=&#8221;default&#8221; width=&#8221;90%&#8221; max_width=&#8221;2048px&#8221; custom_padding=&#8221;0px||0px||false|false&#8221; global_colors_info=&#8221;{}&#8221;][et_pb_column type=&#8221;4_4&#8243; _builder_version=&#8221;4.16&#8243; _module_preset=&#8221;default&#8221; global_colors_info=&#8221;{}&#8221;][et_pb_text _builder_version=&#8221;4.16&#8243; _module_preset=&#8221;default&#8221; text_font=&#8221;|700|||||||&#8221; text_text_color=&#8221;#221199&#8243; text_font_size=&#8221;18px&#8221; link_font=&#8221;|600|||||||&#8221; link_font_size=&#8221;18px&#8221; header_3_font=&#8221;|700|||||||&#8221; header_3_text_align=&#8221;left&#8221; header_3_text_color=&#8221;#221199&#8243; header_3_font_size=&#8221;15px&#8221; global_colors_info=&#8221;{}&#8221;]<\/p>\n<h3><a href=\"https:\/\/oisp.hcmut.edu.vn\/sac\/\">Trang ch\u1ee7<\/a> \/ <a href=\"https:\/\/oisp.hcmut.edu.vn\/sac\/tin-tuc-du-hoc\">Tin t\u1ee9c du h\u1ecdc<\/a><\/h3>\n<p>[\/et_pb_text][\/et_pb_column][\/et_pb_row][\/et_pb_section][et_pb_section fb_built=&#8221;1&#8243; _builder_version=&#8221;4.16&#8243; _module_preset=&#8221;default&#8221; custom_padding=&#8221;0px||0px||false|false&#8221; global_colors_info=&#8221;{}&#8221;][et_pb_row column_structure=&#8221;1_4,3_4&#8243; _builder_version=&#8221;4.16&#8243; _module_preset=&#8221;default&#8221; width=&#8221;90%&#8221; max_width=&#8221;2048px&#8221; global_colors_info=&#8221;{}&#8221;][et_pb_column type=&#8221;1_4&#8243; _builder_version=&#8221;4.16&#8243; _module_preset=&#8221;default&#8221; global_colors_info=&#8221;{}&#8221;][et_pb_text _builder_version=&#8221;4.16&#8243; _module_preset=&#8221;default&#8221; text_font=&#8221;|||on|||||&#8221; text_text_color=&#8221;#221199&#8243; text_font_size=&#8221;18px&#8221; custom_margin=&#8221;||0px||false|false&#8221; global_colors_info=&#8221;{}&#8221;]<\/p>\n<p>T\u00ecm ki\u1ebfm th\u00f4ng tin du h\u1ecdc<\/p>\n<p>[\/et_pb_text][et_pb_divider color=&#8221;#221199&#8243; _builder_version=&#8221;4.16&#8243; _module_preset=&#8221;default&#8221; custom_margin=&#8221;||0px||false|false&#8221; global_colors_info=&#8221;{}&#8221;][\/et_pb_divider][et_pb_search exclude_pages=&#8221;off&#8221; placeholder=&#8221;Nh\u1eadp n\u1ed9i dung c\u1ea7n t\u00ecm&#8221; _builder_version=&#8221;4.16&#8243; _module_preset=&#8221;default&#8221; button_font=&#8221;||||||||&#8221; button_font_size=&#8221;15px&#8221; form_field_font=&#8221;||||||||&#8221; custom_margin=&#8221;||2rem||false|false&#8221; global_colors_info=&#8221;{}&#8221;][\/et_pb_search][et_pb_text _builder_version=&#8221;4.16&#8243; _module_preset=&#8221;default&#8221; text_font=&#8221;|||on|||||&#8221; text_text_color=&#8221;#221199&#8243; text_font_size=&#8221;18px&#8221; custom_margin=&#8221;||0px||false|false&#8221; global_colors_info=&#8221;{}&#8221;]<\/p>\n<p>Tin t\u1ee9c du h\u1ecdc<\/p>\n<p>[\/et_pb_text][et_pb_divider color=&#8221;#221199&#8243; _builder_version=&#8221;4.16&#8243; _module_preset=&#8221;default&#8221; custom_margin=&#8221;||0px||false|false&#8221; global_colors_info=&#8221;{}&#8221;][\/et_pb_divider][et_pb_text _builder_version=&#8221;4.16&#8243; _module_preset=&#8221;default&#8221; text_text_color=&#8221;#221199&#8243; background_color=&#8221;#f5f5f5&#8243; custom_margin=&#8221;||1px||false|false&#8221; custom_padding=&#8221;0.5rem||0.5rem|2rem|true|false&#8221; global_colors_info=&#8221;{}&#8221;]<\/p>\n<p>\u2192 Du h\u1ecdc \u00dac<\/p>\n<p>[\/et_pb_text][et_pb_text _builder_version=&#8221;4.16&#8243; _module_preset=&#8221;default&#8221; text_text_color=&#8221;#221199&#8243; background_color=&#8221;#f5f5f5&#8243; custom_margin=&#8221;||1px||false|false&#8221; custom_padding=&#8221;0.5rem||0.5rem|2rem|true|false&#8221; global_colors_info=&#8221;{}&#8221;]<\/p>\n<p>\u2192 Du h\u1ecdc M\u1ef9<\/p>\n<p>[\/et_pb_text][et_pb_text _builder_version=&#8221;4.16&#8243; _module_preset=&#8221;default&#8221; text_text_color=&#8221;#221199&#8243; background_color=&#8221;#f5f5f5&#8243; custom_margin=&#8221;||1px||false|false&#8221; custom_padding=&#8221;0.5rem||0.5rem|2rem|true|false&#8221; global_colors_info=&#8221;{}&#8221;]<\/p>\n<p>\u2192 Du h\u1ecdc Nh\u1eadt B\u1ea3n<\/p>\n<p>[\/et_pb_text][et_pb_text _builder_version=&#8221;4.16&#8243; _module_preset=&#8221;default&#8221; text_text_color=&#8221;#221199&#8243; background_color=&#8221;#f5f5f5&#8243; custom_margin=&#8221;||1px||false|false&#8221; custom_padding=&#8221;0.5rem||0.5rem|2rem|true|false&#8221; global_colors_info=&#8221;{}&#8221;]<\/p>\n<p>\u2192 H\u1ed9i th\u1ea3o du h\u1ecdc<\/p>\n<p>[\/et_pb_text][et_pb_text _builder_version=&#8221;4.16&#8243; _module_preset=&#8221;default&#8221; text_text_color=&#8221;#221199&#8243; background_color=&#8221;#f5f5f5&#8243; custom_margin=&#8221;||2rem||false|false&#8221; custom_padding=&#8221;0.5rem||0.5rem|2rem|true|false&#8221; global_colors_info=&#8221;{}&#8221;]<\/p>\n<p>\u2192 Gi\u1edbi thi\u1ec7u v\u1ec1 SAC<\/p>\n<p>[\/et_pb_text][et_pb_text _builder_version=&#8221;4.16&#8243; _module_preset=&#8221;default&#8221; text_font=&#8221;|||on|||||&#8221; text_text_color=&#8221;#535353&#8243; text_font_size=&#8221;18px&#8221; header_3_text_color=&#8221;#221199&#8243; custom_margin=&#8221;||0px||false|false&#8221; global_colors_info=&#8221;{}&#8221;]<\/p>\n<h3>\u0110\u0103ng k\u00fd \u0111\u1ec3 \u0111\u01b0\u1ee3c t\u01b0 v\u1ea5n<\/h3>\n<p>[\/et_pb_text][et_pb_divider color=&#8221;#221199&#8243; _builder_version=&#8221;4.16&#8243; _module_preset=&#8221;default&#8221; custom_margin=&#8221;||-1rem||false|false&#8221; global_colors_info=&#8221;{}&#8221;][\/et_pb_divider][et_pb_code _builder_version=&#8221;4.16&#8243; _module_preset=&#8221;default&#8221; global_colors_info=&#8221;{}&#8221;]<!-- Begin Mailchimp Signup Form --><!-- [et_pb_line_break_holder] --><link href=\"\/\/cdn-images.mailchimp.com\/embedcode\/classic-10_7.css\" rel=\"stylesheet\" type=\"text\/css\"><!-- [et_pb_line_break_holder] --><\/p>\n<style type=\"text\/css\"><!-- [et_pb_line_break_holder] -->\t#mc_embed_signup{background:#fff; clear:left; font:14px Arial; color: #221199; font-weight: bold; }<!-- [et_pb_line_break_holder] -->  #mc-embedded-subscribe {background-color:#221199 !important; font-weight: bold !important; text-transform: uppercase !important;}<!-- [et_pb_line_break_holder] -->\t\/* Add your own Mailchimp form style overrides in your site stylesheet or in this style block.<!-- [et_pb_line_break_holder] -->\t   We recommend moving this block and the preceding CSS link to the HEAD of your HTML file. *\/<!-- [et_pb_line_break_holder] --><\/style>\n<p><!-- [et_pb_line_break_holder] --><\/p>\n<div id=\"mc_embed_signup\" class=\"mk\"><!-- [et_pb_line_break_holder] --><\/p>\n<form action=\"https:\/\/hcmut.us4.list-manage.com\/subscribe\/post?u=fbdaa82e3f332d66186d60ee8&#038;id=abc787077e\" method=\"post\" id=\"mc-embedded-subscribe-form\" name=\"mc-embedded-subscribe-form\" class=\"validate\" target=\"_blank\" novalidate><!-- [et_pb_line_break_holder] -->    <\/p>\n<div id=\"mc_embed_signup_scroll\"><!-- [et_pb_line_break_holder] -->\t<!-- [et_pb_line_break_holder] --><\/p>\n<div class=\"indicates-required\"><span class=\"asterisk\">*<\/span> B\u1eaft bu\u1ed9c<\/div>\n<p><!-- [et_pb_line_break_holder] --><\/p>\n<div class=\"mc-field-group \"><!-- [et_pb_line_break_holder] -->\t<label for=\"mce-MMERGE1\">H\u1ecd v\u00e0 t\u00ean  <span class=\"asterisk\">*<\/span><!-- [et_pb_line_break_holder] --><\/label><!-- [et_pb_line_break_holder] -->\t<input type=\"text\" value=\"\" name=\"MMERGE1\" class=\"required\" id=\"mce-MMERGE1\"><!-- [et_pb_line_break_holder] --><\/div>\n<p><!-- [et_pb_line_break_holder] --><\/p>\n<div class=\"mc-field-group size1of2\"><!-- [et_pb_line_break_holder] -->\t<label for=\"mce-EMAIL\">Email  <span class=\"asterisk\">*<\/span><!-- [et_pb_line_break_holder] --><\/label><!-- [et_pb_line_break_holder] -->\t<input type=\"email\" value=\"\" name=\"EMAIL\" class=\"required email\" id=\"mce-EMAIL\"><!-- [et_pb_line_break_holder] --><\/div>\n<p><!-- [et_pb_line_break_holder] --><\/p>\n<div class=\"mc-field-group size1of2\"><!-- [et_pb_line_break_holder] -->\t<label for=\"mce-MMERGE2\">\u0110i\u1ec7n tho\u1ea1i  <span class=\"asterisk\">*<\/span><!-- [et_pb_line_break_holder] --><\/label><!-- [et_pb_line_break_holder] -->\t<input type=\"text\" value=\"\" name=\"MMERGE2\" class=\"required\" id=\"mce-MMERGE2\"><!-- [et_pb_line_break_holder] --><\/div>\n<p><!-- [et_pb_line_break_holder] --><\/p>\n<div class=\"mc-field-group size1of2\"><!-- [et_pb_line_break_holder] -->\t<label for=\"mce-MMERGE5\">B\u1ea1n quan t\u00e2m Du h\u1ecdc Qu\u1ed1c gia n\u00e0o?  <span class=\"asterisk\">*<\/span><!-- [et_pb_line_break_holder] --><\/label><!-- [et_pb_line_break_holder] -->\t<select name=\"MMERGE5\" class=\"required\" id=\"mce-MMERGE5\"><!-- [et_pb_line_break_holder] --><option value=\"\"><\/option><!-- [et_pb_line_break_holder] --><option value=\"Du h\u1ecdc \u00dac\">Du h\u1ecdc \u00dac<\/option><!-- [et_pb_line_break_holder] --><option value=\"Du H\u1ecdc M\u1ef9\">Du H\u1ecdc M\u1ef9<\/option><!-- [et_pb_line_break_holder] --><option value=\"Du h\u1ecdc Nh\u1eadt B\u1ea3n\">Du h\u1ecdc Nh\u1eadt B\u1ea3n<\/option><!-- [et_pb_line_break_holder] --><!-- [et_pb_line_break_holder] -->\t<\/select><!-- [et_pb_line_break_holder] --><\/div>\n<p><!-- [et_pb_line_break_holder] --><\/p>\n<div class=\"mc-field-group size1of2\"><!-- [et_pb_line_break_holder] -->\t<label for=\"mce-MMERGE3\">B\u1ea1n quan t\u00e2m B\u1eadc h\u1ecdc n\u00e0o?  <span class=\"asterisk\">*<\/span><!-- [et_pb_line_break_holder] --><\/label><!-- [et_pb_line_break_holder] -->\t<select name=\"MMERGE3\" class=\"required\" id=\"mce-MMERGE3\"><!-- [et_pb_line_break_holder] --><option value=\"\"><\/option><!-- [et_pb_line_break_holder] --><option value=\"\u0110\u1ea1i h\u1ecdc\">\u0110\u1ea1i h\u1ecdc<\/option><!-- [et_pb_line_break_holder] --><option value=\"Cao h\u1ecdc\">Cao h\u1ecdc<\/option><!-- [et_pb_line_break_holder] --><!-- [et_pb_line_break_holder] -->\t<\/select><!-- [et_pb_line_break_holder] --><\/div>\n<p><!-- [et_pb_line_break_holder] --><\/p>\n<div class=\"mc-field-group\"><!-- [et_pb_line_break_holder] -->\t<label for=\"mce-MMERGE4\">Cho SAC bi\u1ebft \u0111i\u1ec1u b\u1ea1n quan t\u00e2m! <\/label><!-- [et_pb_line_break_holder] -->\t<input type=\"text\" value=\"\" name=\"MMERGE4\" class=\"\" id=\"mce-MMERGE4\"><!-- [et_pb_line_break_holder] --><\/div>\n<p><!-- [et_pb_line_break_holder] -->\t<\/p>\n<div id=\"mce-responses\" class=\"clear\"><!-- [et_pb_line_break_holder] -->\t\t<\/p>\n<div class=\"response\" id=\"mce-error-response\" style=\"display:none\"><\/div>\n<p><!-- [et_pb_line_break_holder] -->\t\t<\/p>\n<div class=\"response\" id=\"mce-success-response\" style=\"display:none\"><\/div>\n<p><!-- [et_pb_line_break_holder] -->\t<\/div>\n<p>    <!-- real people should not fill this in and expect good things - do not remove this or risk form bot signups--><!-- [et_pb_line_break_holder] -->    <\/p>\n<div style=\"position: absolute; left: -5000px;\" aria-hidden=\"true\"><input type=\"text\" name=\"b_fbdaa82e3f332d66186d60ee8_abc787077e\" tabindex=\"-1\" value=\"\"><\/div>\n<p><!-- [et_pb_line_break_holder] -->    <\/p>\n<div class=\"clear\"><input type=\"submit\" value=\"G\u1eedi\" name=\"subscribe\" id=\"mc-embedded-subscribe\" class=\"button\"><\/div>\n<p><!-- [et_pb_line_break_holder] -->    <\/div>\n<p><!-- [et_pb_line_break_holder] --><\/form>\n<p><!-- [et_pb_line_break_holder] --><\/div>\n<p><!-- [et_pb_line_break_holder] --><script type='text\/javascript' src='\/\/s3.amazonaws.com\/downloads.mailchimp.com\/js\/mc-validate.js'><\/script><script type='text\/javascript'>(function($) {window.fnames = new Array(); window.ftypes = new Array();fnames[1]='MMERGE1';ftypes[1]='text';fnames[0]='EMAIL';ftypes[0]='email';fnames[2]='MMERGE2';ftypes[2]='text';fnames[5]='MMERGE5';ftypes[5]='dropdown';fnames[3]='MMERGE3';ftypes[3]='dropdown';fnames[4]='MMERGE4';ftypes[4]='text';}(jQuery));var $mcj = jQuery.noConflict(true);<\/script><!-- [et_pb_line_break_holder] --><!--End mc_embed_signup-->[\/et_pb_code][et_pb_text _builder_version=&#8221;4.16&#8243; _module_preset=&#8221;default&#8221; text_font=&#8221;|||on|||||&#8221; text_text_color=&#8221;#221199&#8243; text_font_size=&#8221;18px&#8221; custom_margin=&#8221;||0px||false|false&#8221; global_colors_info=&#8221;{}&#8221;]<\/p>\n<p>Fanpage<\/p>\n<p>[\/et_pb_text][et_pb_divider color=&#8221;#221199&#8243; _builder_version=&#8221;4.16&#8243; _module_preset=&#8221;default&#8221; custom_margin=&#8221;||0px||false|false&#8221; global_colors_info=&#8221;{}&#8221;][\/et_pb_divider][et_pb_code _builder_version=&#8221;4.27.4&#8243; _module_preset=&#8221;default&#8221; hover_enabled=&#8221;0&#8243; global_colors_info=&#8221;{}&#8221; sticky_enabled=&#8221;0&#8243;]<iframe loading=\"lazy\" src=\"https:\/\/www.facebook.com\/plugins\/page.php?href=https%3A%2F%2Fwww.facebook.com%2Ftuvanduhocbachkhoa%2F&#038;tabs=timeline&#038;width=340&#038;height=500&#038;small_header=true&#038;adapt_container_width=true&#038;hide_cover=true&#038;show_facepile=true&#038;appId\" width=\"340\" height=\"500\" style=\"border:none;overflow:hidden\" scrolling=\"no\" frameborder=\"0\" allowfullscreen=\"true\" allow=\"autoplay; clipboard-write; encrypted-media; picture-in-picture; web-share\"><\/iframe>[\/et_pb_code][\/et_pb_column][et_pb_column type=&#8221;3_4&#8243; _builder_version=&#8221;4.16&#8243; _module_preset=&#8221;default&#8221; global_colors_info=&#8221;{}&#8221;][et_pb_blog posts_number=&#8221;7&#8243; include_categories=&#8221;37,34,36,47,39&#8243; meta_date=&#8221;d\/m\/Y&#8221; module_class=&#8221;left-blog-image&#8221; _builder_version=&#8221;4.27.4&#8243; _module_preset=&#8221;default&#8221; header_font=&#8221;|700|||||||&#8221; header_text_color=&#8221;#120060&#8243; header_font_size=&#8221;18px&#8221; header_line_height=&#8221;1.3em&#8221; body_text_color=&#8221;#535353&#8243; meta_font=&#8221;|||on|||||&#8221; meta_text_color=&#8221;#0C71C3&#8243; meta_font_size=&#8221;14px&#8221; hover_enabled=&#8221;0&#8243; header_line_height_tablet=&#8221;&#8221; header_line_height_phone=&#8221;&#8221; header_line_height_last_edited=&#8221;on|tablet&#8221; meta_font_size_tablet=&#8221;&#8221; meta_font_size_phone=&#8221;&#8221; meta_font_size_last_edited=&#8221;on|phone&#8221; global_colors_info=&#8221;{}&#8221; sticky_enabled=&#8221;0&#8243; show_author=&#8221;off&#8221;][\/et_pb_blog][et_pb_code _builder_version=&#8221;4.27.4&#8243; _module_preset=&#8221;default&#8221; hover_enabled=&#8221;0&#8243; global_colors_info=&#8221;{}&#8221; sticky_enabled=&#8221;0&#8243;]<\/p>\n<style><!-- [et_pb_line_break_holder] -->@media (min-width: 981px) {<!-- [et_pb_line_break_holder] -->.left-blog-image .et_pb_post .entry-featured-image-url {<!-- [et_pb_line_break_holder] -->float: left;<!-- [et_pb_line_break_holder] -->width: 100%;<!-- [et_pb_line_break_holder] -->max-width: 150px;<!-- [et_pb_line_break_holder] -->margin: 2rem 2rem 2rem 0;<!-- [et_pb_line_break_holder] -->}<!-- [et_pb_line_break_holder] -->.left-blog-image .et_pb_post {<!-- [et_pb_line_break_holder] -->margin-bottom: 2rem !important;<!-- [et_pb_line_break_holder] -->border-bottom: solid 0.2rem #b8b8b8<!-- [et_pb_line_break_holder] -->}<!-- [et_pb_line_break_holder] --><!-- [et_pb_line_break_holder] -->}<!-- [et_pb_line_break_holder] --><\/style>\n<p>[\/et_pb_code][\/et_pb_column][\/et_pb_row][\/et_pb_section]<\/p>\n","protected":false},"excerpt":{"rendered":"<p>Trang ch\u1ee7 \/ Tin t\u1ee9c du h\u1ecdcT\u00ecm ki\u1ebfm th\u00f4ng tin du h\u1ecdcTin t\u1ee9c du h\u1ecdc\u2192 Du h\u1ecdc \u00dac\u2192 Du h\u1ecdc M\u1ef9\u2192 Du h\u1ecdc Nh\u1eadt B\u1ea3n\u2192 H\u1ed9i th\u1ea3o du h\u1ecdc\u2192 Gi\u1edbi thi\u1ec7u v\u1ec1 SAC\u0110\u0103ng k\u00fd \u0111\u1ec3 \u0111\u01b0\u1ee3c t\u01b0 v\u1ea5nFanpage<\/p>\n","protected":false},"author":1,"featured_media":0,"parent":0,"menu_order":0,"comment_status":"closed","ping_status":"closed","template":"","meta":{"_et_pb_use_builder":"on","_et_pb_old_content":"","_et_gb_content_width":"","footnotes":""},"class_list":["post-50052","page","type-page","status-publish","hentry"],"_links":{"self":[{"href":"https:\/\/oisp.hcmut.edu.vn\/sac\/wp-json\/wp\/v2\/pages\/50052","targetHints":{"allow":["GET"]}}],"collection":[{"href":"https:\/\/oisp.hcmut.edu.vn\/sac\/wp-json\/wp\/v2\/pages"}],"about":[{"href":"https:\/\/oisp.hcmut.edu.vn\/sac\/wp-json\/wp\/v2\/types\/page"}],"author":[{"embeddable":true,"href":"https:\/\/oisp.hcmut.edu.vn\/sac\/wp-json\/wp\/v2\/users\/1"}],"replies":[{"embeddable":true,"href":"https:\/\/oisp.hcmut.edu.vn\/sac\/wp-json\/wp\/v2\/comments?post=50052"}],"version-history":[{"count":36,"href":"https:\/\/oisp.hcmut.edu.vn\/sac\/wp-json\/wp\/v2\/pages\/50052\/revisions"}],"predecessor-version":[{"id":54683,"href":"https:\/\/oisp.hcmut.edu.vn\/sac\/wp-json\/wp\/v2\/pages\/50052\/revisions\/54683"}],"wp:attachment":[{"href":"https:\/\/oisp.hcmut.edu.vn\/sac\/wp-json\/wp\/v2\/media?parent=50052"}],"curies":[{"name":"wp","href":"https:\/\/api.w.org\/{rel}","templated":true}]}}