{"id":50118,"date":"2020-03-14T05:40:53","date_gmt":"2020-03-14T05:40:53","guid":{"rendered":"https:\/\/oisp.hcmut.edu.vn\/sac\/?page_id=50118"},"modified":"2021-05-24T08:29:57","modified_gmt":"2021-05-24T08:29:57","slug":"the-university-of-queensland","status":"publish","type":"page","link":"https:\/\/oisp.hcmut.edu.vn\/sac\/diem-den\/uc\/the-university-of-queensland\/","title":{"rendered":"The University of Queensland"},"content":{"rendered":"<p>[et_pb_section fb_built=&#8221;1&#8243; fullwidth=&#8221;on&#8221; custom_padding_last_edited=&#8221;on|phone&#8221; _builder_version=&#8221;4.4.0&#8243; background_enable_color=&#8221;off&#8221; use_background_color_gradient=&#8221;on&#8221; background_color_gradient_start=&#8221;rgba(0,0,0,0.5)&#8221; background_color_gradient_end=&#8221;rgba(0,0,0,0.28)&#8221; background_color_gradient_overlays_image=&#8221;on&#8221; background_image=&#8221;https:\/\/oisp.hcmut.edu.vn\/sac\/wp-content\/uploads\/2020\/03\/HCMUT-SAC_UQ_University-of-Queensland_banner.jpg&#8221; custom_padding=&#8221;200px||200px||false|false&#8221; custom_padding_tablet=&#8221;50px||50px||false|false&#8221; custom_padding_phone=&#8221;&#8221;][et_pb_fullwidth_header title=&#8221;The University of Queensland &#8211; UQ&#8221; background_overlay_color=&#8221;rgba(0,0,0,0)&#8221; _builder_version=&#8221;4.3.2&#8243; title_font=&#8221;|800||on|||||&#8221; title_font_size=&#8221;48px&#8221; title_line_height=&#8221;1.4em&#8221; background_enable_color=&#8221;off&#8221; title_font_size_tablet=&#8221;32px&#8221; title_font_size_phone=&#8221;&#8221; title_font_size_last_edited=&#8221;on|phone&#8221; title_text_shadow_style=&#8221;preset5&#8243; title_text_shadow_color=&#8221;#8300e9&#8243;][\/et_pb_fullwidth_header][\/et_pb_section][et_pb_section fb_built=&#8221;1&#8243; fullwidth=&#8221;on&#8221; _builder_version=&#8221;4.3.2&#8243;][\/et_pb_section][et_pb_section fb_built=&#8221;1&#8243; _builder_version=&#8221;4.3.2&#8243; min_height=&#8221;487px&#8221; custom_margin=&#8221;||-78px|||&#8221;][et_pb_row column_structure=&#8221;3_5,2_5&#8243; _builder_version=&#8221;4.3.2&#8243;][et_pb_column type=&#8221;3_5&#8243; _builder_version=&#8221;4.3.2&#8243;][et_pb_video src=&#8221;https:\/\/youtu.be\/o8tsWHhsm5M&#8221; thumbnail_overlay_color=&#8221;rgba(0,0,0,0.6)&#8221; _builder_version=&#8221;4.3.2&#8243; custom_margin=&#8221;|-34px||||&#8221; custom_padding=&#8221;|0px||||&#8221;][\/et_pb_video][\/et_pb_column][et_pb_column type=&#8221;2_5&#8243; _builder_version=&#8221;4.3.2&#8243;][et_pb_image src=&#8221;https:\/\/oisp.hcmut.edu.vn\/sac\/wp-content\/uploads\/2021\/05\/uqlogo1.png&#8221; _builder_version=&#8221;4.3.2&#8243; width=&#8221;60%&#8221; module_alignment=&#8221;center&#8221; custom_padding=&#8221;||0px|||&#8221; box_shadow_style=&#8221;preset2&#8243;][\/et_pb_image][et_pb_text _builder_version=&#8221;4.3.2&#8243; width=&#8221;100%&#8221;]<\/p>\n<h2 style=\"text-align: center;\"><strong>B\u1eb0NG C\u1ea2 KI\u1ebeN TH\u1ee8C <\/strong><\/h2>\n<h2 style=\"text-align: center;\"><strong>V\u00c0 S\u1ef0 C\u1ea6N M\u1eaaN<\/strong><\/h2>\n<p>[\/et_pb_text][\/et_pb_column][\/et_pb_row][\/et_pb_section][et_pb_section fb_built=&#8221;1&#8243; _builder_version=&#8221;4.3.2&#8243; custom_margin=&#8221;-57px|||||&#8221; custom_padding=&#8221;58px|||||&#8221;][et_pb_row column_structure=&#8221;1_5,1_5,1_5,1_5,1_5&#8243; _builder_version=&#8221;4.3.2&#8243; min_height=&#8221;223px&#8221; custom_padding=&#8221;0px|||||&#8221;][et_pb_column type=&#8221;1_5&#8243; _builder_version=&#8221;4.3.2&#8243;][et_pb_number_counter title=&#8221;N\u0102M H\u00ccNH TH\u00c0NH V\u00c0 PH\u00c1T TRI\u1ec2N&#8221; number=&#8221;111+&#8221; percent_sign=&#8221;off&#8221; _builder_version=&#8221;4.3.2&#8243; title_font=&#8221;|700||on|||||&#8221; title_text_align=&#8221;center&#8221; title_text_color=&#8221;#ffffff&#8221; title_font_size=&#8221;15px&#8221; title_line_height=&#8221;1.3em&#8221; number_font=&#8221;|800||on|||||&#8221; number_text_align=&#8221;center&#8221; number_text_color=&#8221;#ffffff&#8221; number_font_size=&#8221;60px&#8221; use_background_color_gradient=&#8221;on&#8221; background_color_gradient_start=&#8221;#8300e9&#8243; background_color_gradient_end=&#8221;#9782b5&#8243; module_alignment=&#8221;center&#8221; hover_enabled=&#8221;0&#8243; number_text_shadow_style=&#8221;preset5&#8243; number_text_shadow_color=&#8221;#8300e9&#8243; border_radii=&#8221;on|12px|12px|12px|12px&#8221; custom_padding=&#8221;||11px||false|false&#8221;][\/et_pb_number_counter][\/et_pb_column][et_pb_column type=&#8221;1_5&#8243; _builder_version=&#8221;4.3.2&#8243;][et_pb_number_counter title=&#8221;TH\u1ee8 H\u1ea0NG TRONG B\u1ea2NG QS WORLD UNIVERSITY RANKINGS 2020&#8243; number=&#8221;47&#8243; percent_sign=&#8221;off&#8221; _builder_version=&#8221;4.3.2&#8243; title_font=&#8221;|700||on|||||&#8221; title_text_color=&#8221;#ffffff&#8221; title_font_size=&#8221;12px&#8221; title_line_height=&#8221;1.2em&#8221; number_font=&#8221;|800||on|||||&#8221; number_text_align=&#8221;center&#8221; number_text_color=&#8221;#ffffff&#8221; number_font_size=&#8221;60px&#8221; use_background_color_gradient=&#8221;on&#8221; background_color_gradient_start=&#8221;#8300e9&#8243; background_color_gradient_end=&#8221;#9782b5&#8243; custom_padding=&#8221;||7px||false|false&#8221; number_text_shadow_style=&#8221;preset5&#8243; number_text_shadow_color=&#8221;#8300e9&#8243; border_radii=&#8221;on|12px|12px|12px|12px&#8221;][\/et_pb_number_counter][\/et_pb_column][et_pb_column type=&#8221;1_5&#8243; _builder_version=&#8221;4.3.2&#8243;][et_pb_number_counter title=&#8221;TH\u1ee8 H\u1ea0NG TRONG B\u1ea2NG US NEWS BEST GLOBAL UNIVERSITIES RANKINGS 2020&#8243; number=&#8221;42&#8243; percent_sign=&#8221;off&#8221; _builder_version=&#8221;4.3.2&#8243; title_font=&#8221;|700||on|||||&#8221; title_text_align=&#8221;center&#8221; title_text_color=&#8221;#ffffff&#8221; title_font_size=&#8221;11px&#8221; title_line_height=&#8221;1.2em&#8221; number_font=&#8221;|800||on|||||&#8221; number_text_align=&#8221;center&#8221; number_text_color=&#8221;#ffffff&#8221; number_font_size=&#8221;60px&#8221; use_background_color_gradient=&#8221;on&#8221; background_color_gradient_start=&#8221;#8300e9&#8243; background_color_gradient_end=&#8221;#9782b5&#8243; custom_padding=&#8221;||10px||false|false&#8221; number_text_shadow_style=&#8221;preset5&#8243; number_text_shadow_color=&#8221;#8300e9&#8243; border_radii=&#8221;on|12px|12px|12px|12px&#8221;][\/et_pb_number_counter][\/et_pb_column][et_pb_column type=&#8221;1_5&#8243; _builder_version=&#8221;4.3.2&#8243;][et_pb_number_counter title=&#8221;TH\u1ee8 H\u1ea0NG TRONG B\u1ea2NG NTU PERFORMANCE RANKING OF SCIENTIFIC PAPERS 2019&#8243; number=&#8221;40&#8243; percent_sign=&#8221;off&#8221; _builder_version=&#8221;4.3.2&#8243; title_font=&#8221;|700||on|||||&#8221; title_text_align=&#8221;center&#8221; title_text_color=&#8221;#ffffff&#8221; title_font_size=&#8221;11px&#8221; title_line_height=&#8221;1.2em&#8221; number_font=&#8221;|800||on|||||&#8221; number_text_align=&#8221;center&#8221; number_text_color=&#8221;#ffffff&#8221; number_font_size=&#8221;60px&#8221; use_background_color_gradient=&#8221;on&#8221; background_color_gradient_start=&#8221;#8300e9&#8243; background_color_gradient_end=&#8221;#9782b5&#8243; custom_padding=&#8221;||10px||false|false&#8221; number_text_shadow_style=&#8221;preset5&#8243; number_text_shadow_color=&#8221;#8300e9&#8243; border_radii=&#8221;on|12px|12px|12px|12px&#8221;][\/et_pb_number_counter][\/et_pb_column][et_pb_column type=&#8221;1_5&#8243; _builder_version=&#8221;4.3.2&#8243;][et_pb_number_counter title=&#8221;SINH VI\u00caN MANG QU\u1ed0C T\u1ecaCH VI\u1ec6T NAM&#8221; number=&#8221;2&#8243; _builder_version=&#8221;4.3.2&#8243; title_font=&#8221;|700||on|||||&#8221; title_text_align=&#8221;center&#8221; title_text_color=&#8221;#ffffff&#8221; title_font_size=&#8221;13px&#8221; title_line_height=&#8221;1.2em&#8221; number_font=&#8221;|800||on|||||&#8221; number_text_align=&#8221;center&#8221; number_text_color=&#8221;#ffffff&#8221; number_font_size=&#8221;60px&#8221; use_background_color_gradient=&#8221;on&#8221; background_color_gradient_start=&#8221;#8300e9&#8243; background_color_gradient_end=&#8221;#9782b5&#8243; custom_padding=&#8221;0px|0px|16px|0px|false|false&#8221; number_text_shadow_style=&#8221;preset5&#8243; number_text_shadow_color=&#8221;#8300e9&#8243; border_radii=&#8221;on|12px|12px|12px|12px&#8221;][\/et_pb_number_counter][\/et_pb_column][\/et_pb_row][\/et_pb_section][et_pb_section fb_built=&#8221;1&#8243; _builder_version=&#8221;4.4.0&#8243; min_height=&#8221;944px&#8221; custom_margin=&#8221;-88px|||||&#8221;][et_pb_row _builder_version=&#8221;4.4.0&#8243; min_height=&#8221;835px&#8221;][et_pb_column type=&#8221;4_4&#8243; _builder_version=&#8221;4.4.0&#8243;][et_pb_accordion _builder_version=&#8221;4.3.2&#8243; custom_margin=&#8221;-62px|||||&#8221; hover_enabled=&#8221;0&#8243;][et_pb_accordion_item title=&#8221;Th\u00f4ng tin t\u1ed5ng quan&#8221; open=&#8221;off&#8221; open_toggle_text_color=&#8221;#0c71c3&#8243; open_toggle_background_color=&#8221;rgba(0,199,255,0.12)&#8221; icon_color=&#8221;#00aeef&#8221; _builder_version=&#8221;4.3.2&#8243; body_font_size=&#8221;17px&#8221; text_orientation=&#8221;justified&#8221; border_color_all=&#8221;#00aeef&#8221; toggle_font=&#8221;|800||on|||||&#8221; closed_toggle_font=&#8221;|600||on|||||&#8221;]<\/p>\n<p>Th\u00e0nh l\u1eadp n\u0103m 1909, t\u1ecda l\u1ea1c t\u1ea1i th\u00e0nh ph\u1ed1 Brisbane, bang Queensland, \u0110\u00f4ng B\u1eafc \u00dac.<\/p>\n<p>Thu\u1ed9c M\u1ea1ng l\u01b0\u1edbi c\u00e1c \u0110H nghi\u00ean c\u1ee9u chuy\u00ean s\u00e2u d\u1eabn \u0111\u1ea7u th\u1ebf gi\u1edbi (Universitas 21), th\u00e0nh vi\u00ean s\u00e1ng l\u1eadp Group of Eight (Go8)\u00a0\u2013 nh\u00f3m t\u00e1m \u0110H nghi\u00ean c\u1ee9u chuy\u00ean s\u00e2u h\u00e0ng \u0111\u1ea7u \u00dac, nh\u1eadn nhi\u1ec1u gi\u1ea3i th\u01b0\u1edfng v\u1ec1 ch\u1ea5t l\u01b0\u1ee3ng gi\u1ea3ng d\u1ea1y nh\u1ea5t n\u01b0\u1edbc \u00dac.<\/p>\n<p>M\u1ed9t trong nh\u1eefng t\u1ed5 ch\u1ee9c gi\u00e1o d\u1ee5c l\u1edbn nh\u1ea5t \u1edf \u00dac v\u1edbi g\u1ea7n 7.000 c\u00e1n b\u1ed9, gi\u1ea3ng vi\u00ean v\u00e0 h\u01a1n 52.000 SV, h\u1ecdc vi\u00ean \u0111\u1ebfn t\u1eeb 135 qu\u1ed1c gia tr\u00ean th\u1ebf gi\u1edbi.<\/p>\n<p>Trung t\u00e2m Ngh\u1ec1 nghi\u1ec7p v\u00e0 Vi\u1ec7c l\u00e0m c\u1ee7a UQ gi\u00fap SV ho\u1ea1ch \u0111\u1ecbnh s\u1ef1 nghi\u1ec7p v\u00e0 ph\u00e1t tri\u1ec3n c\u00e1c k\u1ef9 n\u0103ng c\u1ea7n thi\u1ebft cho c\u00f4ng vi\u1ec7c, t\u1ed5 ch\u1ee9c h\u1ed9i th\u1ea3o h\u01b0\u1edbng d\u1eabn t\u00ecm ki\u1ebfm vi\u1ec7c l\u00e0m,\u00a0h\u01b0\u1edbng d\u1eabn vi\u1ebft s\u01a1 y\u1ebfu l\u00fd l\u1ecbch, ghi \u0111i\u1ec3m trong c\u00e1c cu\u1ed9c ph\u1ecfng v\u1ea5n v\u00e0 nhi\u1ec1u d\u1ecbch v\u1ee5 kh\u00e1c n\u1eefa.<\/p>\n<p>C\u00f3 \u0111\u1ed9i ng\u0169 c\u1ed1 v\u1ea5n cho SV qu\u1ed1c t\u1ebf, s\u1eb5n s\u00e0ng t\u01b0 v\u1ea5n, h\u01b0\u1edbng d\u1eabn, gi\u00fap \u0111\u1ee1 khi c\u1ea7n.<\/p>\n<p>\u0110\u1eb7c bi\u1ec7t, \u1ee9ng d\u1ee5ng UQ Mates \u2013 m\u1ea1ng x\u00e3 h\u1ed9i n\u1ed9i b\u1ed9 do nh\u00e0 tr\u01b0\u1eddng ph\u00e1t tri\u1ec3n,\u00a0gi\u00fap SV c\u00f9ng ch\u00ed h\u01b0\u1edbng v\u00e0 s\u1edf th\u00edch d\u1ec5 d\u00e0ng k\u1ebft n\u1ed1i v\u1edbi nhau.<\/p>\n<p>Tham gia d\u1ef1 \u00e1n nghi\u00ean c\u1ee9u tr\u1ecb gi\u00e1 6,6 tri\u1ec7u dollar \u00dac c\u00f9ng C\u01a1 quan H\u00e0ng kh\u00f4ng &amp; v\u0169 tr\u1ee5 Hoa K\u1ef3 (NASA) v\u00e0 L\u1ef1c l\u01b0\u1ee3ng Qu\u1ed1c ph\u00f2ng \u00dac (ADF) \u0111\u1ec3 ph\u00e1t tri\u1ec3n lo\u1ea1i c\u1ea3m bi\u1ebfn ch\u00ednh x\u00e1c, \u1ee9ng d\u1ee5ng c\u00f4ng ngh\u1ec7 l\u01b0\u1ee3ng t\u1eed v\u00e0o l\u0129nh v\u1ef1c qu\u1ed1c ph\u00f2ng, cho c\u00e1c ph\u01b0\u01a1ng ti\u1ec7n t\u1ef1 \u0111\u1ed9ng\/ kh\u00f4ng ng\u01b0\u1eddi l\u00e1i.<\/p>\n<p>[\/et_pb_accordion_item][et_pb_accordion_item title=&#8221;H\u1ecdc ph\u00ed trung b\u00ecnh&#8221; open_toggle_text_color=&#8221;#0c71c3&#8243; open_toggle_background_color=&#8221;rgba(0,199,255,0.12)&#8221; icon_color=&#8221;#00aeef&#8221; _builder_version=&#8221;4.3.2&#8243; body_font_size=&#8221;17px&#8221; text_orientation=&#8221;justified&#8221; border_color_all=&#8221;#00aeef&#8221; toggle_font=&#8221;|800||on|||||&#8221; closed_toggle_font=&#8221;|600||on|||||&#8221; open=&#8221;off&#8221;]<\/p>\n<p>\u2013 H\u1ecdc ph\u00ed \u01b0\u1edbc t\u00ednh c\u1ee7a UQ : ~ 730.000.000 \u0111\u1ed3ng\/n\u0103m<\/p>\n<p>\u2013 Sinh ho\u1ea1t ph\u00ed \u01b0\u1edbc t\u00ednh t\u1ea1i \u00dac: ~ 170.000.000 \u2013 270.000.000 \u0111\u1ed3ng\/n\u0103m<\/p>\n<p><span><em>(Sinh ho\u1ea1t ph\u00ed bao g\u1ed3m c\u00e1c kho\u1ea3n chi ti\u00eau cho l\u01b0u tr\u00fa, \u0103n u\u1ed1ng, \u0111i l\u1ea1i, b\u1ea3o hi\u1ec3m, \u0111i\u1ec7n, n\u01b0\u1edbc, gas, internet, ti\u1ec7n \u00edch kh\u00e1c\u2026 Sinh ho\u1ea1t ph\u00ed\u00a0mang t\u00ednh ch\u1ea5t tham kh\u1ea3o, d\u1ef1a tr\u00ean kinh nghi\u1ec7m t\u1eeb SV B\u00e1ch khoa Qu\u1ed1c t\u1ebf t\u1ea1i \u00dac. C\u00e1c kho\u1ea3n chi ti\u00eau th\u1ef1c t\u1ebf c\u00f3 th\u1ec3 thay \u0111\u1ed5i t\u00f9y theo k\u1ebf ho\u1ea1ch c\u1ee7a t\u1eebng SV. Th\u1eddi \u0111i\u1ec3m c\u1eadp nh\u1eadt: 3\/2020.)<\/em><\/span><\/p>\n<p>[\/et_pb_accordion_item][et_pb_accordion_item title=&#8221;C\u00e1c Ng\u00e0nh \u0111\u00e0o t\u1ea1o&#8221; open_toggle_text_color=&#8221;#0c71c3&#8243; open_toggle_background_color=&#8221;rgba(0,199,255,0.12)&#8221; icon_color=&#8221;#00aeef&#8221; _builder_version=&#8221;4.3.2&#8243; body_font_size=&#8221;17px&#8221; text_orientation=&#8221;justified&#8221; hover_enabled=&#8221;0&#8243; border_color_all=&#8221;#00aeef&#8221; toggle_font=&#8221;|800||on|||||&#8221; closed_toggle_font=&#8221;|600||on|||||&#8221; open=&#8221;off&#8221;]<\/p>\n<p><span>\u0110\u1ea1i h\u1ecdc Queensland \u0111\u00e0o t\u1ea1o h\u01a1n 370 ch\u01b0\u01a1ng tr\u00ecnh h\u1ecdc c\u1ea5p b\u1eb1ng c\u1eed nh\u00e2n v\u00e0 sau \u0111\u1ea1i h\u1ecdc, v\u1edbi h\u01a1n 5600 kh\u00f3a h\u1ecdc tr\u00ean c\u00e1c l\u0129nh v\u1ef1c.\u00a0<\/span>Sinh vi\u00ean c\u00f3 th\u1ec3 h\u1ecdc b\u1eb1ng c\u00e1c h\u00ecnh th\u1ee9c kh\u00e1c nhau (to\u00e0n th\u1eddi gian, b\u00e1n th\u1eddi gian, d\u00e0i h\u1ea1n; c\u00e1c kh\u00f3a h\u1ecdc m\u00f9a h\u00e8; h\u1ecdc b\u1eb1ng k\u00e9p&#8230;)<\/p>\n<ul>\n<li><span>N\u00f4ng nghi\u1ec7p<\/span><\/li>\n<li><span>M\u00f4i tr\u01b0\u1eddng<\/span><\/li>\n<li><span>Khoa h\u1ecdc<\/span><\/li>\n<li><span>Kinh doanh<\/span><\/li>\n<li><span>Kinh t\u1ebf<\/span><\/li>\n<li><span>Lu\u1eadt<\/span><\/li>\n<li><span>C\u01a1 kh\u00ed<\/span><\/li>\n<li><span>Ki\u1ebfn tr\u00fac v\u00e0 Quy ho\u1ea1ch<\/span><\/li>\n<li><span>C\u00f4ng ngh\u1ec7 th\u00f4ng tin<\/span><\/li>\n<li><span>S<\/span><span>\u1ee9c kh\u1ecfe<\/span><\/li>\n<li><span>Nh\u00e2n v\u0103n<\/span><\/li>\n<li><span>Gi\u00e1o d\u1ee5c<\/span><\/li>\n<li><span>T\u00e2m l\u00ed v\u00e0 \u00c2m nh\u1ea1c<\/span><\/li>\n<\/ul>\n<p>[\/et_pb_accordion_item][et_pb_accordion_item title=&#8221;Y\u00eau c\u1ea7u ti\u1ebfng Anh&#8221; open_toggle_text_color=&#8221;#0c71c3&#8243; open_toggle_background_color=&#8221;rgba(0,199,255,0.12)&#8221; icon_color=&#8221;#00aeef&#8221; _builder_version=&#8221;4.3.2&#8243; body_font_size=&#8221;17px&#8221; text_orientation=&#8221;justified&#8221; border_color_all=&#8221;#00aeef&#8221; toggle_font=&#8221;|800||on|||||&#8221; closed_toggle_font=&#8221;|600||on|||||&#8221; open=&#8221;off&#8221;]<\/p>\n<p><span>&#8211; \u0110\u1ea1i h\u1ecdc:\u00a0\u00a0<\/span><span>Ti\u1ebfng Anh: IELTS 6.5 v\u00e0 kh\u00f4ng c\u00f3 k\u1ef9 n\u0103ng n\u00e0o d\u01b0\u1edbi 6.0*;<br \/> H\u1ecdc l\u1ef1c: GPA l\u1edbp 12 \u0111\u1ea1t t\u1eeb 8.0 t\u1ea1i tr\u01b0\u1eddng THPT \u0111\u01b0\u1ee3c c\u00f4ng nh\u1eadn ho\u1eb7c \u0111\u1ea1t 29 \u0111i\u1ec3m IB ho\u1eb7c \u0111\u1ea1t 9.0 ch\u01b0\u01a1ng tr\u00ecnh A\/ AS levels.<\/span><\/p>\n<p><span>&#8211; Th\u1ea1c s\u1ef9:\u00a0 Ti\u1ebfng Anh: IELTS 6.5 v\u00e0 kh\u00f4ng c\u00f3 k\u1ef9 n\u0103ng n\u00e0o d\u01b0\u1edbi 6.0*;<br \/> H\u1ecdc l\u1ef1c: t\u1ed1t nghi\u1ec7p b\u1eb1ng c\u1eed nh\u00e2n chuy\u00ean ng\u00e0nh li\u00ean quan v\u1edbi GPA y\u00eau c\u1ea7u t\u00f9y t\u1eebng ng\u00e0nh.<\/span><\/p>\n<p><span>*M\u1ed9t s\u1ed1 ng\u00e0nh nh\u01b0 Y t\u00e1, Lu\u1eadt, Kinh doanh\u2026 c\u00f3 th\u1ec3 y\u00eau c\u1ea7u \u0111i\u1ec3m ti\u1ebfng Anh cao h\u01a1n<\/span><\/p>\n<p><em>Sinh vi\u00ean ch\u01b0a \u0111\u1ee7 \u0111i\u1ec1u ki\u1ec7n ti\u1ebfng Anh c\u00f3 th\u1ec3 tham d\u1ef1 kh\u00f3a ti\u1ebfng Anh t\u1ea1i tr\u01b0\u1eddng tr\u01b0\u1edbc khi v\u00e0o kh\u00f3a h\u1ecdc ch\u00ednh.<\/em><\/p>\n<p>[\/et_pb_accordion_item][et_pb_accordion_item title=&#8221;H\u1ecdc b\u1ed5ng&#8221; open_toggle_text_color=&#8221;#0c71c3&#8243; open_toggle_background_color=&#8221;rgba(0,199,255,0.12)&#8221; icon_color=&#8221;#00aeef&#8221; _builder_version=&#8221;4.3.2&#8243; body_font_size=&#8221;18px&#8221; text_orientation=&#8221;justified&#8221; border_color_all=&#8221;#00aeef&#8221; toggle_font=&#8221;|800||on|||||&#8221; closed_toggle_font=&#8221;|600||on|||||&#8221; open=&#8221;off&#8221;]<\/p>\n<p>UQ c\u00f3 nhi\u1ec1u ch\u01b0\u01a1ng tr\u00ecnh h\u1ecdc b\u1ed5ng c\u1ea1nh tranh nh\u1eb1m h\u1ed7 tr\u1ee3 t\u00e0i ch\u00ednh cho SV qu\u1ed1c t\u1ebf b\u1eadc \u0110H c\u00f3 th\u00e0nh t\u00edch h\u1ecdc t\u1eadp xu\u1ea5t s\u1eafc.\u00a0B\u00ean c\u1ea1nh \u0111\u00f3 c\u00f2n c\u00f3 h\u1ecdc b\u1ed5ng nghi\u00ean c\u1ee9u Sau \u0110H v\u1edbi t\u1ed5ng tr\u1ecb gi\u00e1 l\u00ean \u0111\u1ebfn 40 tri\u1ec7u dollar \u00dac\/n\u0103m.<\/p>\n<p>Ri\u00eang \u0111\u1ed1i v\u1edbi sinh vi\u00ean qu\u1ed1c t\u1ebf du h\u1ecdc to\u00e0n ph\u1ea7n, m\u1ed7i h\u1ecdc k\u00ec UQ \u0111\u1ec1u m\u1edf nhi\u1ec1u h\u1ecdc b\u1ed5ng t\u00e0i tr\u1ee3 h\u1ecdc ph\u00ed. Ti\u00eau bi\u1ec3u trong k\u00ec 2 n\u0103m 2021, UQ hi\u1ec7n \u0111ang m\u1edf <a href=\"https:\/\/oisp.hcmut.edu.vn\/sac\/hoc-bong-cho-du-hoc-toan-phan-tai-dai-hoc-queensland-uc-ki-2-nam-2021\/\">4 h\u1ecdc b\u1ed5ng cho sinh vi\u00ean qu\u1ed1c t\u1ebf<\/a> c\u00f3 th\u00e0nh t\u00edch t\u1ed1t \u0111\u0103ng k\u00ed x\u00e9t tuy\u1ec3n v\u00e0o nhi\u1ec1u ng\u00e0nh h\u1ecdc kh\u00e1c nhau:\u00a0UQ Excellence Scholarship, UQ High Achievers Scholarship,\u00a0UQ International Scholarship,\u00a0UQ Lifelong Learner.<span style=\"font-size: 14px;\">\u00a0<\/span><\/p>\n<p>Song song \u0111\u00f3, c\u00e1c khoa\/ \u0111\u01a1n v\u1ecb th\u00e0nh vi\u00ean c\u1ee7a UQ c\u00f9ng m\u1ed9t s\u1ed1 nh\u00f3m ng\u00e0nh li\u00ean k\u1ebft v\u00e0 t\u1ed5 ch\u1ee9c t\u01b0 nh\u00e2n c\u0169ng c\u00f3 ch\u01b0\u01a1ng tr\u00ecnh h\u1ecdc b\u1ed5ng cho SV theo h\u1ecdc ch\u01b0\u01a1ng tr\u00ecnh danh d\u1ef1.<\/p>\n<p>SV qu\u1ed1c t\u1ebf t\u1ea1i UQ c\u00f3 c\u01a1 h\u1ed9i tranh tuy\u1ec3n h\u1ecdc b\u1ed5ng Australia Awards Scholarships\u00a0danh gi\u00e1 c\u1ee7a Ch\u00ednh ph\u1ee7 \u00dac. H\u1ecdc b\u1ed5ng n\u00e0y trao c\u01a1 h\u1ed9i h\u1ecdc t\u1eadp, nghi\u00ean c\u1ee9u, ph\u00e1t tri\u1ec3n chuy\u00ean m\u00f4n v\u00e0 n\u0103ng l\u1ef1c l\u00e3nh \u0111\u1ea1o cho nh\u1eefng SV qu\u1ed1c t\u1ebf \u01b0u t\u00fa v\u1edbi cam k\u1ebft d\u00f9ng t\u01b0 duy v\u00e0 ki\u1ebfn th\u1ee9c m\u1edbi \u0111\u1ec3 tr\u1edf v\u1ec1 ki\u1ebfn thi\u1ebft qu\u00ea h\u01b0\u01a1ng.<\/p>\n<p><span><em>(1 dollar \u00dac ~ 17.895 \u0111\u1ed3ng, th\u1eddi gi\u00e1 05\/2021)<\/em><\/span><\/p>\n<p><span><em>\u0110\u1ea1i h\u1ecdc UQ lu\u00f4n c\u00f3 c\u00e1c h\u1ecdc b\u1ed5ng c\u0169ng nh\u01b0 h\u1ed7 tr\u1ee3 v\u1ec1 t\u00e0i ch\u00ednh cho sinh vi\u00ean, chi ti\u1ebft vui l\u00f2ng xem <a href=\"https:\/\/oisp.hcmut.edu.vn\/sac\/category\/du-hoc-uc\/\" target=\"_blank\" rel=\"noopener noreferrer\">t\u1ea1i\u00a0\u0111\u00e2y<\/a>.<\/em><\/span><\/p>\n<p>[\/et_pb_accordion_item][et_pb_accordion_item title=&#8221;H\u1ed7 tr\u1ee3 c\u1ee7a trung t\u00e2m d\u00e0nh cho SV B\u00e1ch khoa chuy\u1ec3n ti\u1ebfp sang UQ&#8221; open_toggle_text_color=&#8221;#0c71c3&#8243; open_toggle_background_color=&#8221;rgba(0,199,255,0.12)&#8221; icon_color=&#8221;#00aeef&#8221; _builder_version=&#8221;4.3.2&#8243; body_font_size=&#8221;18px&#8221; text_orientation=&#8221;justified&#8221; border_color_all=&#8221;#00aeef&#8221; toggle_font=&#8221;|800||on|||||&#8221; closed_toggle_font=&#8221;|600||on|||||&#8221; open=&#8221;on&#8221;]<\/p>\n<p>\u2013 H\u01b0\u1edbng d\u1eabn th\u1ee7 t\u1ee5c chuy\u1ec3n \u0111i\u1ec3m\/ t\u00edn ch\u1ec9 sang \u0110H \u0111\u1ed1i t\u00e1c<\/p>\n<p>\u2013 Xin Gi\u1ea5y Nh\u1eadp h\u1ecdc (CoE), \u0111\u0103ng k\u00fd l\u1edbp ti\u1ebfng Anh (n\u1ebfu c\u00f3)<\/p>\n<p>\u2013 T\u01b0 v\u1ea5n th\u1ee7 t\u1ee5c ch\u1ee9ng minh t\u00e0i ch\u00ednh, xin visa<\/p>\n<p>\u2013 H\u1ed7 tr\u1ee3 t\u00ecm nh\u00e0 \u1edf, \u0111\u0103ng k\u00fd k\u00fd t\u00fac x\u00e1<\/p>\n<p>\u2013 \u0110\u01b0a \u0111\u00f3n t\u1ea1i s\u00e2n bay, li\u00ean h\u1ec7 v\u1edbi c\u1ed9ng \u0111\u1ed3ng SV B\u00e1ch khoa Qu\u1ed1c t\u1ebf \u1edf n\u01b0\u1edbc b\u1ea1n \u0111\u1ec3 \u0111\u01b0\u1ee3c gi\u00fap \u0111\u1ee1<\/p>\n<p>[\/et_pb_accordion_item][\/et_pb_accordion][\/et_pb_column][\/et_pb_row][\/et_pb_section][et_pb_section fb_built=&#8221;1&#8243; _builder_version=&#8221;4.3.2&#8243; custom_margin=&#8221;-81px|||||&#8221; custom_padding=&#8221;0px||0px|||&#8221; global_module=&#8221;51740&#8243; saved_tabs=&#8221;all&#8221;][et_pb_row module_class=&#8221;lien-he-bottom&#8221; _builder_version=&#8221;4.4.8&#8243; min_height=&#8221;248px&#8221; custom_margin=&#8221;0px||||false|false&#8221; animation_style=&#8221;fade&#8221; locked=&#8221;off&#8221; collapsed=&#8221;off&#8221; custom_padding=&#8221;0px|||||&#8221;][et_pb_column type=&#8221;4_4&#8243; _builder_version=&#8221;3.25&#8243; custom_padding=&#8221;|||&#8221; custom_padding__hover=&#8221;|||&#8221;][et_pb_text module_id=&#8221;diachiOISP&#8221; _builder_version=&#8221;4.3.2&#8243; text_font=&#8221;||||||||&#8221; text_line_height=&#8221;1.8em&#8221; header_font=&#8221;||||||||&#8221; header_2_font=&#8221;||||||||&#8221; header_2_text_color=&#8221;#00aaef&#8221; header_2_font_size=&#8221;18px&#8221; header_2_line_height=&#8221;1.2em&#8221; background_color=&#8221;#cef2ff&#8221; use_background_color_gradient=&#8221;on&#8221; background_color_gradient_start=&#8221;#cef2ff&#8221; background_color_gradient_end=&#8221;#ffffff&#8221; width=&#8221;70%&#8221; width_tablet=&#8221;100%&#8221; width_phone=&#8221;100%&#8221; width_last_edited=&#8221;on|desktop&#8221; max_width=&#8221;100%&#8221; module_alignment=&#8221;center&#8221; custom_padding=&#8221;15px|15px|5px|15px|false|false&#8221; border_width_all=&#8221;1px&#8221; border_color_all=&#8221;#00aaef&#8221; border_style_all=&#8221;dashed&#8221; box_shadow_style=&#8221;preset3&#8243; locked=&#8221;off&#8221; custom_margin__hover_enabled=&#8221;on|desktop&#8221;]<\/p>\n<h2>LI\u00caN H\u1ec6 TRUNG T\u00c2M T\u01af V\u1ea4N DU H\u1eccC<\/h2>\n<ul>\n<li>\n<p><strong>V\u0103n ph\u00f2ng \u0110\u00e0o t\u1ea1o Qu\u1ed1c t\u1ebf (OISP), Tr\u01b0\u1eddng \u0110H B\u00e1ch khoa \u2013 \u0110H Qu\u1ed1c gia TP.HCM<\/strong><\/p>\n<ul>\n<li>\u0110\u1ecba ch\u1ec9: P.306, Nh\u00e0 A4, Tr\u01b0\u1eddng \u0110H B\u00e1ch khoa, 268 L\u00fd Th\u01b0\u1eddng Ki\u1ec7t, P.14, Q.10, TP.HCM<\/li>\n<li>\u0110i\u1ec7n tho\u1ea1i:<span>\u00a0<\/span><a href=\"tel:028-7300-4183\">(028) 7300.4183<\/a>\u00a0(g\u1eb7p Ms. An) \u2013 Hotline:<span>\u00a0<\/span><a href=\"tel:+84909544592\">0909.544.592<\/a><\/li>\n<li>E-mail:<span>\u00a0<\/span><a href=\"mailto:stu.transfer@oisp.edu.vn\">info.sac@oisp.edu.vn<\/a>\u00a0| Website:<span>\u00a0<\/span><a href=\"https:\/\/oisp.hcmut.edu.vn\/sac\/\" target=\"_blank\" rel=\"noopener noreferrer\">oisp.hcmut.edu.vn\/sac\/<\/a><\/li>\n<li>Facebook:\u00a0<a href=\"https:\/\/www.facebook.com\/tuvanduhocbachkhoa\/\">https:\/\/www.facebook.com\/tuvanduhocbachkhoa\/<\/a><\/li>\n<\/ul>\n<\/li>\n<\/ul>\n<p style=\"text-align: center;\">[\/et_pb_text][\/et_pb_column][\/et_pb_row][\/et_pb_section]<\/p>\n","protected":false},"excerpt":{"rendered":"<p>B\u1eb0NG C\u1ea2 KI\u1ebeN TH\u1ee8C V\u00c0 S\u1ef0 C\u1ea6N M\u1eaaNTh\u00e0nh l\u1eadp n\u0103m 1909, t\u1ecda l\u1ea1c t\u1ea1i th\u00e0nh ph\u1ed1 Brisbane, bang Queensland, \u0110\u00f4ng B\u1eafc \u00dac. Thu\u1ed9c M\u1ea1ng l\u01b0\u1edbi c\u00e1c \u0110H nghi\u00ean c\u1ee9u chuy\u00ean s\u00e2u d\u1eabn \u0111\u1ea7u th\u1ebf gi\u1edbi (Universitas 21), th\u00e0nh vi\u00ean s\u00e1ng l\u1eadp Group of Eight (Go8)\u00a0\u2013 nh\u00f3m t\u00e1m \u0110H nghi\u00ean c\u1ee9u chuy\u00ean s\u00e2u h\u00e0ng \u0111\u1ea7u \u00dac, [&hellip;]<\/p>\n","protected":false},"author":1,"featured_media":0,"parent":49688,"menu_order":0,"comment_status":"closed","ping_status":"closed","template":"","meta":{"_et_pb_use_builder":"on","_et_pb_old_content":"","_et_gb_content_width":"","footnotes":""},"class_list":["post-50118","page","type-page","status-publish","hentry"],"_links":{"self":[{"href":"https:\/\/oisp.hcmut.edu.vn\/sac\/wp-json\/wp\/v2\/pages\/50118","targetHints":{"allow":["GET"]}}],"collection":[{"href":"https:\/\/oisp.hcmut.edu.vn\/sac\/wp-json\/wp\/v2\/pages"}],"about":[{"href":"https:\/\/oisp.hcmut.edu.vn\/sac\/wp-json\/wp\/v2\/types\/page"}],"author":[{"embeddable":true,"href":"https:\/\/oisp.hcmut.edu.vn\/sac\/wp-json\/wp\/v2\/users\/1"}],"replies":[{"embeddable":true,"href":"https:\/\/oisp.hcmut.edu.vn\/sac\/wp-json\/wp\/v2\/comments?post=50118"}],"version-history":[{"count":13,"href":"https:\/\/oisp.hcmut.edu.vn\/sac\/wp-json\/wp\/v2\/pages\/50118\/revisions"}],"predecessor-version":[{"id":52144,"href":"https:\/\/oisp.hcmut.edu.vn\/sac\/wp-json\/wp\/v2\/pages\/50118\/revisions\/52144"}],"up":[{"embeddable":true,"href":"https:\/\/oisp.hcmut.edu.vn\/sac\/wp-json\/wp\/v2\/pages\/49688"}],"wp:attachment":[{"href":"https:\/\/oisp.hcmut.edu.vn\/sac\/wp-json\/wp\/v2\/media?parent=50118"}],"curies":[{"name":"wp","href":"https:\/\/api.w.org\/{rel}","templated":true}]}}