{"id":50136,"date":"2020-03-14T06:13:12","date_gmt":"2020-03-14T06:13:12","guid":{"rendered":"https:\/\/oisp.hcmut.edu.vn\/sac\/?page_id=50136"},"modified":"2021-05-24T08:34:08","modified_gmt":"2021-05-24T08:34:08","slug":"griffith-university","status":"publish","type":"page","link":"https:\/\/oisp.hcmut.edu.vn\/sac\/diem-den\/uc\/griffith-university\/","title":{"rendered":"Griffith University"},"content":{"rendered":"<p>[et_pb_section fb_built=&#8221;1&#8243; fullwidth=&#8221;on&#8221; custom_padding_last_edited=&#8221;on|phone&#8221; _builder_version=&#8221;4.4.0&#8243; background_enable_color=&#8221;off&#8221; use_background_color_gradient=&#8221;on&#8221; background_color_gradient_start=&#8221;rgba(0,0,0,0.5)&#8221; background_color_gradient_end=&#8221;rgba(0,0,0,0.28)&#8221; background_color_gradient_overlays_image=&#8221;on&#8221; background_image=&#8221;https:\/\/oisp.hcmut.edu.vn\/sac\/wp-content\/uploads\/2020\/03\/HCMUT-SAC_GU_Griffith-University_banner.jpg&#8221; custom_padding=&#8221;200px||200px||false|false&#8221; custom_padding_tablet=&#8221;50px||50px||false|false&#8221; custom_padding_phone=&#8221;&#8221;][et_pb_fullwidth_header title=&#8221;Griffith University &#8211; gu&#8221; _builder_version=&#8221;4.3.2&#8243; title_font=&#8221;|800||on|||||&#8221; title_font_size=&#8221;48px&#8221; title_line_height=&#8221;1.4em&#8221; background_enable_color=&#8221;off&#8221; hover_enabled=&#8221;0&#8243; title_font_size_tablet=&#8221;32px&#8221; title_font_size_phone=&#8221;&#8221; title_font_size_last_edited=&#8221;on|phone&#8221; title_text_shadow_style=&#8221;preset5&#8243; title_text_shadow_color=&#8221;#e02b20&#8243;][\/et_pb_fullwidth_header][\/et_pb_section][et_pb_section fb_built=&#8221;1&#8243; _builder_version=&#8221;4.3.2&#8243;][et_pb_row column_structure=&#8221;3_5,2_5&#8243; _builder_version=&#8221;4.3.2&#8243;][et_pb_column type=&#8221;3_5&#8243; _builder_version=&#8221;4.3.2&#8243;][et_pb_video src=&#8221;https:\/\/youtu.be\/wX7cCVW7U8Y&#8221; _builder_version=&#8221;4.3.2&#8243; custom_margin=&#8221;|-77px||||&#8221; custom_padding=&#8221;|0px||||&#8221;][\/et_pb_video][\/et_pb_column][et_pb_column type=&#8221;2_5&#8243; _builder_version=&#8221;4.3.2&#8243;][et_pb_image src=&#8221;https:\/\/oisp.hcmut.edu.vn\/sac\/wp-content\/uploads\/2021\/05\/GRF-logo_02.jpg&#8221; _builder_version=&#8221;4.3.2&#8243; width=&#8221;60%&#8221; module_alignment=&#8221;center&#8221; box_shadow_style=&#8221;preset2&#8243;][\/et_pb_image][et_pb_text _builder_version=&#8221;4.3.2&#8243;]<\/p>\n<h2 style=\"text-align: center;\"><strong>HI\u1ec2U BI\u1ebeT NHI\u1ec0U<\/strong><\/h2>\n<h2 style=\"text-align: center;\"><strong>TH\u1ef0C H\u00c0NH NHI\u1ec0U<\/strong><\/h2>\n<p>[\/et_pb_text][\/et_pb_column][\/et_pb_row][\/et_pb_section][et_pb_section fb_built=&#8221;1&#8243; _builder_version=&#8221;4.3.2&#8243; custom_margin=&#8221;-80px|||||&#8221; custom_padding=&#8221;0px||0px|||&#8221;][et_pb_row column_structure=&#8221;1_5,1_5,1_5,1_5,1_5&#8243; _builder_version=&#8221;4.3.2&#8243;][et_pb_column type=&#8221;1_5&#8243; _builder_version=&#8221;4.3.2&#8243;][et_pb_number_counter title=&#8221;N\u0102M H\u00ccNH TH\u00c0NH V\u00c0 PH\u00c1T TRI\u1ec2N&#8221; number=&#8221;49+&#8221; percent_sign=&#8221;off&#8221; _builder_version=&#8221;4.3.2&#8243; title_font=&#8221;|700|||||||&#8221; title_text_align=&#8221;center&#8221; title_text_color=&#8221;#ffffff&#8221; title_font_size=&#8221;16px&#8221; title_line_height=&#8221;1.2em&#8221; number_font=&#8221;|800||on|||||&#8221; number_text_align=&#8221;center&#8221; number_text_color=&#8221;#ffffff&#8221; number_font_size=&#8221;60px&#8221; use_background_color_gradient=&#8221;on&#8221; background_color_gradient_start=&#8221;#e02b20&#8243; background_color_gradient_end=&#8221;#f16334&#8243; number_text_shadow_style=&#8221;preset5&#8243; number_text_shadow_color=&#8221;#e02b20&#8243; border_radii=&#8221;on|12px|12px|12px|12px&#8221; border_color_all=&#8221;#ffffff&#8221;][\/et_pb_number_counter][\/et_pb_column][et_pb_column type=&#8221;1_5&#8243; _builder_version=&#8221;4.3.2&#8243;][et_pb_number_counter title=&#8221;TH\u1ee8 H\u1ea0NG TRONG B\u1ea2NG QS WORLD UNIVERSITY RANKINGS TOP 50 UNDER 50&#8243; number=&#8221;37&#8243; percent_sign=&#8221;off&#8221; _builder_version=&#8221;4.3.2&#8243; title_font=&#8221;|700||on|||||&#8221; title_text_align=&#8221;center&#8221; title_text_color=&#8221;#ffffff&#8221; title_font_size=&#8221;11px&#8221; title_line_height=&#8221;1.2em&#8221; number_font=&#8221;|800||on|||||&#8221; number_text_align=&#8221;center&#8221; number_text_color=&#8221;#ffffff&#8221; number_font_size=&#8221;60px&#8221; use_background_color_gradient=&#8221;on&#8221; background_color_gradient_start=&#8221;#e02b20&#8243; background_color_gradient_end=&#8221;#f16334&#8243; number_text_shadow_style=&#8221;preset5&#8243; number_text_shadow_color=&#8221;#e02b20&#8243; border_radii=&#8221;on|12px|12px|12px|12px&#8221;][\/et_pb_number_counter][\/et_pb_column][et_pb_column type=&#8221;1_5&#8243; _builder_version=&#8221;4.3.2&#8243;][et_pb_number_counter title=&#8221;TH\u1ee8 H\u1ea0NG TRONG B\u1ea2NG THE WORLD UNIVERSITY RANKINGS 2020&#8243; number=&#8221;201&#8243; percent_sign=&#8221;off&#8221; _builder_version=&#8221;4.3.2&#8243; title_font=&#8221;|700||on|||||&#8221; title_text_align=&#8221;center&#8221; title_text_color=&#8221;#ffffff&#8221; title_font_size=&#8221;12px&#8221; title_line_height=&#8221;1.2em&#8221; number_font=&#8221;|800||on|||||&#8221; number_text_align=&#8221;center&#8221; number_text_color=&#8221;#ffffff&#8221; number_font_size=&#8221;60px&#8221; use_background_color_gradient=&#8221;on&#8221; background_color_gradient_start=&#8221;#e02b20&#8243; background_color_gradient_end=&#8221;#f16334&#8243; number_text_shadow_style=&#8221;preset5&#8243; number_text_shadow_color=&#8221;#e02b20&#8243; border_radii=&#8221;on|12px|12px|12px|12px&#8221;][\/et_pb_number_counter][\/et_pb_column][et_pb_column type=&#8221;1_5&#8243; _builder_version=&#8221;4.3.2&#8243;][et_pb_number_counter title=&#8221;TH\u1ee8 H\u1ea0NG TRONG B\u1ea2NG US NEWS BEST GLOBAL UNIVERSITIES 2020&#8243; number=&#8221;240&#8243; percent_sign=&#8221;off&#8221; _builder_version=&#8221;4.3.2&#8243; title_font=&#8221;|700||on|||||&#8221; title_text_align=&#8221;center&#8221; title_text_color=&#8221;#ffffff&#8221; title_font_size=&#8221;11px&#8221; title_line_height=&#8221;1.2em&#8221; number_font=&#8221;|800||on|||||&#8221; number_text_align=&#8221;center&#8221; number_text_color=&#8221;#ffffff&#8221; number_font_size=&#8221;60px&#8221; use_background_color_gradient=&#8221;on&#8221; background_color_gradient_start=&#8221;#e02b20&#8243; background_color_gradient_end=&#8221;#f16334&#8243; number_text_shadow_style=&#8221;preset5&#8243; number_text_shadow_color=&#8221;#e02b20&#8243; border_radii=&#8221;on|12px|12px|12px|12px&#8221;][\/et_pb_number_counter][\/et_pb_column][et_pb_column type=&#8221;1_5&#8243; _builder_version=&#8221;4.3.2&#8243;][et_pb_number_counter title=&#8221;SINH VI\u00caN MANG QU\u1ed0C T\u1ecaCH VN&#8221; number=&#8221;3.6&#8243; _builder_version=&#8221;4.3.2&#8243; title_font=&#8221;|700||on|||||&#8221; title_text_align=&#8221;center&#8221; title_text_color=&#8221;#ffffff&#8221; title_font_size=&#8221;15px&#8221; title_line_height=&#8221;1.2em&#8221; number_font=&#8221;|800||on|||||&#8221; number_text_align=&#8221;center&#8221; number_text_color=&#8221;#ffffff&#8221; number_font_size=&#8221;60px&#8221; use_background_color_gradient=&#8221;on&#8221; background_color_gradient_start=&#8221;#e02b20&#8243; background_color_gradient_end=&#8221;#f16334&#8243; number_text_shadow_style=&#8221;preset5&#8243; number_text_shadow_color=&#8221;#e02b20&#8243; border_radii=&#8221;on|12px|12px|12px|12px&#8221;][\/et_pb_number_counter][\/et_pb_column][\/et_pb_row][\/et_pb_section][et_pb_section fb_built=&#8221;1&#8243; _builder_version=&#8221;4.4.0&#8243; custom_padding=&#8221;0px|||||&#8221;][et_pb_row _builder_version=&#8221;4.4.0&#8243;][et_pb_column type=&#8221;4_4&#8243; _builder_version=&#8221;4.4.0&#8243;][et_pb_accordion _builder_version=&#8221;4.3.2&#8243; custom_margin=&#8221;||-21px|||&#8221; hover_enabled=&#8221;0&#8243;][et_pb_accordion_item title=&#8221;Th\u00f4ng tin t\u1ed5ng quan&#8221; open_toggle_text_color=&#8221;#0c71c3&#8243; open_toggle_background_color=&#8221;rgba(0,199,255,0.12)&#8221; icon_color=&#8221;#00aeef&#8221; _builder_version=&#8221;4.3.2&#8243; body_font_size=&#8221;17px&#8221; text_orientation=&#8221;justified&#8221; border_color_all=&#8221;#00aeef&#8221; toggle_font=&#8221;|800||on|||||&#8221; closed_toggle_font=&#8221;|600||on|||||&#8221; open=&#8221;off&#8221;]<\/p>\n<p>Th\u00e0nh l\u1eadp n\u0103m 1971, t\u1ecda l\u1ea1c t\u1ea1i<span>\u00a0<\/span><span>th\u00e0nh ph\u1ed1 du l\u1ecbch Gold Coast, bang Queensland, \u0110\u00f4ng \u00dac.<\/span><\/p>\n<p><span>M\u1ed9t trong nh\u1eefng tr\u01b0\u1eddng \u0110H \u0111\u1ed5i m\u1edbi nh\u1ea5t n\u01b0\u1edbc \u00dac, c\u00f3 \u1ea3nh h\u01b0\u1edfng s\u00e2u r\u1ed9ng t\u1ea1i Ch\u00e2u \u00c1 \u2013 Th\u00e1i B\u00ecnh D\u01b0\u01a1ng.<\/span><\/p>\n<p><span>L\u00e0 \u0110H m\u1ea1nh v\u1ec1 nghi\u00ean c\u1ee9u, thu\u1ed9c nh\u00f3m C\u00e1c \u0110H Nghi\u00ean c\u1ee9u chuy\u00ean s\u00e2u (IRU) c\u1ee7a \u00dac. M\u1ed9t s\u1ed1 th\u00e0nh qu\u1ea3 nghi\u00ean c\u1ee9u xu\u1ea5t s\u1eafc c\u1ee7a GU: b\u00e0o ch\u1ebf vaccine s\u1ed1t r\u00e9t \u0111\u1ea7u ti\u00ean tr\u00ean th\u1ebf gi\u1edbi, ch\u1ee5p h\u00ecnh b\u00f3ng c\u1ee7a nguy\u00ean t\u1eed \u0111\u01a1n l\u1ebb.<\/span><\/p>\n<p><span>Cung c\u1ea5p h\u01a1n 200 ch\u01b0\u01a1ng tr\u00ecnh \u0111\u00e0o t\u1ea1o b\u1eadc \u0110H v\u00e0 Sau \u0110H, thu h\u00fat tr\u00ean 50.000 SV theo h\u1ecdc, c\u00f3 m\u1ea1ng l\u01b0\u1edbi 200.000 c\u1ef1u SV tr\u1ea3i r\u1ed9ng kh\u1eafp 130 qu\u1ed1c gia tr\u00ean th\u1ebf gi\u1edbi.<\/span><\/p>\n<p>[\/et_pb_accordion_item][et_pb_accordion_item title=&#8221;H\u1ecdc ph\u00ed trung b\u00ecnh&#8221; open_toggle_text_color=&#8221;#0c71c3&#8243; open_toggle_background_color=&#8221;rgba(0,199,255,0.12)&#8221; icon_color=&#8221;#00aeef&#8221; _builder_version=&#8221;4.3.2&#8243; body_font_size=&#8221;17px&#8221; text_orientation=&#8221;justified&#8221; border_color_all=&#8221;#00aeef&#8221; toggle_font=&#8221;|800||on|||||&#8221; closed_toggle_font=&#8221;|600||on|||||&#8221; open=&#8221;off&#8221;]<\/p>\n<p>\u2013 H\u1ecdc ph\u00ed \u01b0\u1edbc t\u00ednh c\u1ee7a GU : ~ <span>656.000.000\/n\u0103m \u0110H<\/span><\/p>\n<p>\u2013 Sinh ho\u1ea1t ph\u00ed \u01b0\u1edbc t\u00ednh t\u1ea1i \u00dac: ~ 170.000.000 \u2013 270.000.000 \u0111\u1ed3ng\/n\u0103m<\/p>\n<p><span><em>(H\u1ecdc ph\u00ed \u0110H n\u01b0\u1edbc ngo\u00e0i mang t\u00ednh tham kh\u1ea3o, c\u00f3 th\u1ec3 thay \u0111\u1ed5i theo th\u1eddi gi\u00e1 ngo\u1ea1i t\u1ec7 v\u00e0 m\u1ee9c \u0111i\u1ec1u ch\u1ec9nh c\u1ee7a c\u00e1c tr\u01b0\u1eddng theo t\u1eebng n\u0103m. H\u1ecdc ph\u00ed quy \u0111\u1ed5i sang ti\u1ec1n \u0111\u1ed3ng trong b\u1ea3ng n\u00e0y \u0111\u01b0\u1ee3c \u00e1p d\u1ee5ng theo t\u1ec9 gi\u00e1 do Ng\u00e2n h\u00e0ng TMCP Ngo\u1ea1i th\u01b0\u01a1ng Vi\u1ec7t Nam (VCB) c\u00f4ng b\u1ed1 v\u00e0o 27\/02\/2021.<\/em><\/span><span><em>)<\/em><\/span><\/p>\n<p>[\/et_pb_accordion_item][et_pb_accordion_item title=&#8221;C\u00e1c Ng\u00e0nh \u0111\u00e0o t\u1ea1o&#8221; open_toggle_text_color=&#8221;#0c71c3&#8243; open_toggle_background_color=&#8221;rgba(0,199,255,0.12)&#8221; icon_color=&#8221;#00aeef&#8221; _builder_version=&#8221;4.3.2&#8243; body_font_size=&#8221;17px&#8221; text_orientation=&#8221;justified&#8221; hover_enabled=&#8221;0&#8243; border_color_all=&#8221;#00aeef&#8221; toggle_font=&#8221;|800||on|||||&#8221; closed_toggle_font=&#8221;|600||on|||||&#8221; open=&#8221;off&#8221;]<\/p>\n<p>\u0110H Griffith l\u00e0 n\u01a1i nghi\u00ean c\u1ee9u chuy\u00ean s\u00e2u c\u00f3 h\u01a1n 2.600 nh\u00e0 nghi\u00ean c\u1ee9u l\u00e0m vi\u1ec7c t\u1ea1i h\u01a1n 30 vi\u1ec7n v\u00e0 trung t\u00e2m nghi\u00ean c\u1ee9u \u0111\u1eb3ng c\u1ea5p th\u1ebf gi\u1edbi. 99% k\u1ebft qu\u1ea3 nghi\u00ean c\u1ee9u c\u1ee7a GU thu\u1ed9c nhi\u1ec1u chuy\u00ean ng\u00e0nh \u0111\u01b0\u1ee3c \u0111\u00e1nh gi\u00e1 l\u00e0 \u0111\u1ea1t chu\u1ea9n th\u1ebf gi\u1edbi ho\u1eb7c cao h\u01a1n (<em>Excellence in Research for Australia 2018<\/em>).<\/p>\n<p>\u1ede Griffith, sinh vi\u00ean c\u00f3 c\u01a1 h\u1ed9i h\u1ecdc h\u1ecfi t\u1eeb c\u00e1c nh\u00e0 nghi\u00ean c\u1ee9u n\u1ed5i ti\u1ebfng th\u1ebf gi\u1edbi v\u00e0 \u0111\u01b0\u1ee3c h\u1ed7 tr\u1ee3 d\u01b0\u1edbi nhi\u1ec1u h\u00ecnh th\u1ee9c: th\u1ed9i th\u1ea3o t\u1eadp hu\u1ea5n k\u1ef9 n\u0103ng nghi\u00ean c\u1ee9u, k\u1ef9 n\u0103ng truy\u1ec1n th\u00f4ng, d\u1ecbch v\u1ee5 th\u01b0 vi\u1ec7n cao c\u1ea5p, c\u00f4ng c\u1ee5 qu\u1ea3n l\u00fd d\u1eef li\u1ec7u.<\/p>\n<p>C\u00e1c ng\u00e0nh \u0111\u00e0o t\u1ea1o hi\u1ec7n nay c\u1ee7a Griffith:<\/p>\n<ul>\n<li>Ki\u1ebfn tr\u00fac<\/li>\n<li>X\u00e2y d\u1ef1ng v\u00e0 Quy ho\u1ea1ch<\/li>\n<li>Kinh doanh v\u00e0 Ch\u00ednh ph\u1ee7<\/li>\n<li>T\u1ed9i ph\u1ea1m h\u1ecdc v\u00e0 Lu\u1eadt<\/li>\n<li>S\u01b0 ph\u1ea1m<\/li>\n<li>K\u1ef9 thu\u1eadt<\/li>\n<li>CNTT v\u00e0 H\u00e0ng kh\u00f4ng<\/li>\n<li>Nh\u00e2n v\u0103n<\/li>\n<li>Ng\u00f4n ng\u1eef v\u00e0 Khoa h\u1ecdc x\u00e3 h\u1ed9i<\/li>\n<li>Y khoa<\/li>\n<li>Nha khoa v\u00e0 S\u1ee9c kh\u1ecfe<\/li>\n<li>\u00c2m nh\u1ea1c v\u00e0 Ngh\u1ec7 thu\u1eadt Bi\u1ec3u di\u1ec5n<\/li>\n<li>Khoa h\u1ecdc v\u00e0 M\u00f4i tr\u01b0\u1eddng<\/li>\n<li>Ngh\u1ec7 thu\u1eadt Th\u1ecb gi\u00e1c v\u00e0 S\u00e1ng t\u1ea1o<\/li>\n<\/ul>\n<p>[\/et_pb_accordion_item][et_pb_accordion_item title=&#8221;Y\u00eau c\u1ea7u ti\u1ebfng Anh&#8221; open=&#8221;off&#8221; open_toggle_text_color=&#8221;#0c71c3&#8243; open_toggle_background_color=&#8221;rgba(0,199,255,0.12)&#8221; icon_color=&#8221;#00aeef&#8221; _builder_version=&#8221;4.3.2&#8243; body_font_size=&#8221;17px&#8221; text_orientation=&#8221;justified&#8221; border_color_all=&#8221;#00aeef&#8221; toggle_font=&#8221;|800||on|||||&#8221; closed_toggle_font=&#8221;|600||on|||||&#8221;]<\/p>\n<p><span>\u2022 IELTS \u2265 6.0 (\u0111i\u1ec3m th\u00e0nh ph\u1ea7n \u2265 5.5); ho\u1eb7c<\/span><br \/><span>\u2022 TOEFL iBT \u2265 71 (\u0111i\u1ec3m th\u00e0nh ph\u1ea7n \u2265 19); ho\u1eb7c<\/span><br \/><span>\u2022 PTE \u2265 50 (\u0111i\u1ec3m th\u00e0nh ph\u1ea7n \u2265 40)<\/span><\/p>\n<p>[\/et_pb_accordion_item][et_pb_accordion_item title=&#8221;H\u1ecdc b\u1ed5ng&#8221; open_toggle_text_color=&#8221;#0c71c3&#8243; open_toggle_background_color=&#8221;rgba(0,199,255,0.12)&#8221; icon_color=&#8221;#00aeef&#8221; _builder_version=&#8221;4.3.2&#8243; body_font_size=&#8221;17px&#8221; text_orientation=&#8221;justified&#8221; border_color_all=&#8221;#00aeef&#8221; toggle_font=&#8221;|800||on|||||&#8221; closed_toggle_font=&#8221;|600||on|||||&#8221; open=&#8221;on&#8221;]<\/p>\n<p>GU cung c\u1ea5p nhi\u1ec1u h\u1ecdc b\u1ed5ng cho SV qu\u1ed1c t\u1ebf theo h\u1ecdc ch\u01b0\u01a1ng tr\u00ecnh b\u1eadc \u0110H v\u00e0 Sau \u0110H:<\/p>\n<p>\u2013 H\u1ecdc b\u1ed5ng\u00a0Study Abroad Program\u00a0tr\u1ecb gi\u00e1 m\u1ed9t n\u0103m h\u1ecdc ph\u00ed d\u00e0nh cho SV B\u00e1ch khoa Qu\u1ed1c t\u1ebf s\u1eafp chuy\u1ec3n ti\u1ebfp sang GU v\u00e0 \u0111\u1ea1t k\u1ebft qu\u1ea3 h\u1ecdc t\u1eadp xu\u1ea5t s\u1eafc giai \u0111o\u1ea1n 1 t\u1ea1i Tr\u01b0\u1eddng \u0110H B\u00e1ch khoa (SV<span>\u00a0<\/span><a href=\"https:\/\/oisp.hcmut.edu.vn\/du-hoc\/tin-tuc-du-hoc\/gap-go-kim-hoang-nu-sieu-nhan-xay-dung-k12.html\" target=\"_blank\" rel=\"noopener noreferrer\">Tr\u1ecbnh Tr\u1ea7n Mai Kim Ho\u00e0ng<\/a><span>\u00a0<\/span>\u2013 K2012 K\u1ef9 thu\u1eadt X\u00e2y d\u1ef1ng, ch\u01b0\u01a1ng tr\u00ecnh Li\u00ean k\u1ebft Qu\u1ed1c t\u1ebf, t\u1eebng \u0111\u1ea1t h\u1ecdc b\u1ed5ng n\u00e0y)<\/p>\n<p>\u2013 H\u1ecdc b\u1ed5ng d\u00e0nh cho n\u1eef SV qu\u1ed1c t\u1ebf kh\u1ed1i ng\u00e0nh k\u1ef9 thu\u1eadt, tr\u1ecb gi\u00e1 l\u00ean t\u1edbi 2.000 dollar \u00dac\/h\u1ecdc k\u1ef3<\/p>\n<p>\u2013 H\u1ecdc b\u1ed5ng Remarkable Scholarship tr\u1ecb gi\u00e1 50% h\u1ecdc ph\u00ed c\u1ee7a to\u00e0n b\u1ed9 ch\u01b0\u01a1ng tr\u00ecnh h\u1ecdc d\u00e0nh cho SV c\u00f3 th\u00e0nh t\u00edch h\u1ecdc t\u1eadp xu\u1ea5t s\u1eafc \u0111\u0103ng k\u00fd ch\u01b0ng tr\u00ecnh b\u1eadc \u0110H ho\u1eb7c Sau \u0110H t\u1ea1i GU<\/p>\n<p>\u2013 H\u1ecdc b\u1ed5ng<span>\u00a0<\/span><a href=\"https:\/\/www.griffith.edu.au\/international\/scholarships-finance\/scholarships\/international-student-excellence-scholarship-high-school-leavers\" target=\"_blank\" rel=\"noopener noreferrer\">International Student Excellence Scholarship \u2013 High School Leavers<\/a><span>\u00a0<\/span>tr\u1ecb gi\u00e1 25% hoc ph\u00ed c\u1ee7a to\u00e0n b\u1ed9 ch\u01b0\u01a1ng tr\u00ecnh h\u1ecdc d\u00e0nh cho h\u1ecdc sinh t\u1ed1t nghi\u1ec7p THPT v\u1edbi th\u00e0nh t\u00edch xu\u1ea5t s\u1eafc \u0111\u0103ng k\u00fd theo h\u1ecdc ch\u01b0\u01a1ng tr\u00ecnh b\u1eadc \u0110H t\u1ea1i GU<\/p>\n<p>\u2013 H\u1ecdc b\u1ed5ng<span>\u00a0<\/span><a href=\"https:\/\/www.griffith.edu.au\/international\/scholarships-finance\/scholarships\/international-student-excellence-scholarship-postgraduate-coursework\" target=\"_blank\" rel=\"noopener noreferrer\">International Student Excellence Scholarship \u2013 Postgraduate Coursework<\/a><span>\u00a0<\/span>tr\u1ecb gi\u00e1\u00a025% hoc ph\u00ed c\u1ee7a to\u00e0n b\u1ed9 ch\u01b0\u01a1ng tr\u00ecnh h\u1ecdc d\u00e0nh cho SV c\u00f3 th\u00e0nh t\u00edch cao ghi danh ch\u01b0\u01a1ng tr\u00ecnh Sau \u0110H t\u1ea1i GU<\/p>\n<p><span><em>(1 dollar \u00dac ~ 13.875 \u0111\u1ed3ng, th\u1eddi gi\u00e1 5\/2021)<\/em><\/span><\/p>\n<p><span><\/span><\/p>\n<p><span><em>\u0110\u1ea1i h\u1ecdc GU lu\u00f4n c\u00f3 c\u00e1c h\u1ecdc b\u1ed5ng c\u0169ng nh\u01b0 h\u1ed7 tr\u1ee3 v\u1ec1 t\u00e0i ch\u00ednh cho sinh vi\u00ean, chi ti\u1ebft vui l\u00f2ng xem\u00a0<a href=\"https:\/\/oisp.hcmut.edu.vn\/sac\/category\/du-hoc-uc\/\" target=\"_blank\" rel=\"noopener noreferrer\">t\u1ea1i\u00a0\u0111\u00e2y<\/a><\/em><\/span><\/p>\n<p>[\/et_pb_accordion_item][et_pb_accordion_item title=&#8221;H\u1ed7 tr\u1ee3 c\u1ee7a trung t\u00e2m d\u00e0nh cho SV b\u00e1ch khoa chuy\u1ec3n ti\u1ebfp sang UQ&#8221; open_toggle_text_color=&#8221;#0c71c3&#8243; open_toggle_background_color=&#8221;rgba(0,199,255,0.12)&#8221; icon_color=&#8221;#00aeef&#8221; _builder_version=&#8221;4.3.2&#8243; body_font_size=&#8221;17px&#8221; text_orientation=&#8221;justified&#8221; border_color_all=&#8221;#00aeef&#8221; toggle_font=&#8221;|800||on|||||&#8221; closed_toggle_font=&#8221;|600||on|||||&#8221; open=&#8221;off&#8221;]<\/p>\n<p>\u2013 H\u01b0\u1edbng d\u1eabn th\u1ee7 t\u1ee5c chuy\u1ec3n \u0111i\u1ec3m\/ t\u00edn ch\u1ec9 sang \u0110H \u0111\u1ed1i t\u00e1c<\/p>\n<p>\u2013 Xin Gi\u1ea5y Nh\u1eadp h\u1ecdc (CoE), \u0111\u0103ng k\u00fd l\u1edbp ti\u1ebfng Anh (n\u1ebfu c\u00f3)<\/p>\n<p>\u2013 T\u01b0 v\u1ea5n th\u1ee7 t\u1ee5c ch\u1ee9ng minh t\u00e0i ch\u00ednh, xin visa<\/p>\n<p>\u2013 H\u1ed7 tr\u1ee3 t\u00ecm nh\u00e0 \u1edf, \u0111\u0103ng k\u00fd k\u00fd t\u00fac x\u00e1<\/p>\n<p>\u2013 \u0110\u01b0a \u0111\u00f3n t\u1ea1i s\u00e2n bay, li\u00ean h\u1ec7 v\u1edbi c\u1ed9ng \u0111\u1ed3ng SV B\u00e1ch khoa Qu\u1ed1c t\u1ebf \u1edf n\u01b0\u1edbc b\u1ea1n \u0111\u1ec3 \u0111\u01b0\u1ee3c gi\u00fap \u0111\u1ee1<\/p>\n<p>[\/et_pb_accordion_item][\/et_pb_accordion][\/et_pb_column][\/et_pb_row][\/et_pb_section][et_pb_section fb_built=&#8221;1&#8243; _builder_version=&#8221;4.3.2&#8243; custom_margin=&#8221;-85px|||||&#8221; custom_padding=&#8221;49px|||||&#8221; saved_tabs=&#8221;all&#8221;][et_pb_row module_class=&#8221;lien-he-bottom&#8221; _builder_version=&#8221;4.4.8&#8243; custom_margin=&#8221;0px||||false|false&#8221; animation_style=&#8221;fade&#8221; locked=&#8221;off&#8221; collapsed=&#8221;off&#8221;][et_pb_column type=&#8221;4_4&#8243; _builder_version=&#8221;3.25&#8243; custom_padding=&#8221;|||&#8221; custom_padding__hover=&#8221;|||&#8221;][et_pb_text module_id=&#8221;diachiOISP&#8221; _builder_version=&#8221;4.3.2&#8243; text_font=&#8221;||||||||&#8221; text_line_height=&#8221;1.8em&#8221; header_font=&#8221;||||||||&#8221; header_2_font=&#8221;||||||||&#8221; header_2_text_color=&#8221;#00aaef&#8221; header_2_font_size=&#8221;18px&#8221; header_2_line_height=&#8221;1.2em&#8221; background_color=&#8221;#cef2ff&#8221; use_background_color_gradient=&#8221;on&#8221; background_color_gradient_start=&#8221;#cef2ff&#8221; background_color_gradient_end=&#8221;#ffffff&#8221; width=&#8221;70%&#8221; width_tablet=&#8221;100%&#8221; width_phone=&#8221;100%&#8221; width_last_edited=&#8221;on|desktop&#8221; max_width=&#8221;100%&#8221; module_alignment=&#8221;center&#8221; custom_padding=&#8221;15px|15px|5px|15px|false|false&#8221; border_width_all=&#8221;1px&#8221; border_color_all=&#8221;#00aaef&#8221; border_style_all=&#8221;dashed&#8221; box_shadow_style=&#8221;preset3&#8243; locked=&#8221;off&#8221; custom_margin__hover_enabled=&#8221;on|desktop&#8221;]<\/p>\n<h2 style=\"text-align: left;\">LI\u00caN H\u1ec6 TRUNG T\u00c2M T\u01af V\u1ea4N DU H\u1eccC<\/h2>\n<ul>\n<li>\n<p><strong>V\u0103n ph\u00f2ng \u0110\u00e0o t\u1ea1o Qu\u1ed1c t\u1ebf (OISP), Tr\u01b0\u1eddng \u0110H B\u00e1ch khoa \u2013 \u0110H Qu\u1ed1c gia TP.HCM<\/strong><\/p>\n<ul>\n<li>\u0110\u1ecba ch\u1ec9: P.306, Nh\u00e0 A4, Tr\u01b0\u1eddng \u0110H B\u00e1ch khoa, 268 L\u00fd Th\u01b0\u1eddng Ki\u1ec7t, P.14, Q.10, TP.HCM<\/li>\n<li>\u0110i\u1ec7n tho\u1ea1i:<span>\u00a0<\/span><a href=\"tel:028-7300-4183\">(028) 7300.4183<\/a>\u00a0(g\u1eb7p Ms. An) \u2013 Hotline:<span>\u00a0<\/span><a href=\"tel:+84909544592\">0909.544.592<\/a><\/li>\n<li>E-mail:<span>\u00a0<\/span><a href=\"mailto:stu.transfer@oisp.edu.vn\">info.sac@oisp.edu.vn<\/a>\u00a0| Website:<span>\u00a0<\/span><a href=\"https:\/\/oisp.hcmut.edu.vn\/sac\/\" target=\"_blank\" rel=\"noopener noreferrer\">oisp.hcmut.edu.vn\/sac\/<\/a><\/li>\n<li>Facebook:\u00a0<a href=\"https:\/\/www.facebook.com\/tuvanduhocbachkhoa\/\">https:\/\/www.facebook.com\/tuvanduhocbachkhoa\/<\/a><\/li>\n<\/ul>\n<\/li>\n<\/ul>\n<p style=\"text-align: center;\">\n<p>[\/et_pb_text][\/et_pb_column][\/et_pb_row][\/et_pb_section]<\/p>\n","protected":false},"excerpt":{"rendered":"<p>HI\u1ec2U BI\u1ebeT NHI\u1ec0U TH\u1ef0C H\u00c0NH NHI\u1ec0UTh\u00e0nh l\u1eadp n\u0103m 1971, t\u1ecda l\u1ea1c t\u1ea1i\u00a0th\u00e0nh ph\u1ed1 du l\u1ecbch Gold Coast, bang Queensland, \u0110\u00f4ng \u00dac. M\u1ed9t trong nh\u1eefng tr\u01b0\u1eddng \u0110H \u0111\u1ed5i m\u1edbi nh\u1ea5t n\u01b0\u1edbc \u00dac, c\u00f3 \u1ea3nh h\u01b0\u1edfng s\u00e2u r\u1ed9ng t\u1ea1i Ch\u00e2u \u00c1 \u2013 Th\u00e1i B\u00ecnh D\u01b0\u01a1ng. L\u00e0 \u0110H m\u1ea1nh v\u1ec1 nghi\u00ean c\u1ee9u, thu\u1ed9c nh\u00f3m C\u00e1c \u0110H Nghi\u00ean c\u1ee9u [&hellip;]<\/p>\n","protected":false},"author":1,"featured_media":0,"parent":49688,"menu_order":0,"comment_status":"closed","ping_status":"closed","template":"","meta":{"_et_pb_use_builder":"on","_et_pb_old_content":"","_et_gb_content_width":"","footnotes":""},"class_list":["post-50136","page","type-page","status-publish","hentry"],"_links":{"self":[{"href":"https:\/\/oisp.hcmut.edu.vn\/sac\/wp-json\/wp\/v2\/pages\/50136","targetHints":{"allow":["GET"]}}],"collection":[{"href":"https:\/\/oisp.hcmut.edu.vn\/sac\/wp-json\/wp\/v2\/pages"}],"about":[{"href":"https:\/\/oisp.hcmut.edu.vn\/sac\/wp-json\/wp\/v2\/types\/page"}],"author":[{"embeddable":true,"href":"https:\/\/oisp.hcmut.edu.vn\/sac\/wp-json\/wp\/v2\/users\/1"}],"replies":[{"embeddable":true,"href":"https:\/\/oisp.hcmut.edu.vn\/sac\/wp-json\/wp\/v2\/comments?post=50136"}],"version-history":[{"count":4,"href":"https:\/\/oisp.hcmut.edu.vn\/sac\/wp-json\/wp\/v2\/pages\/50136\/revisions"}],"predecessor-version":[{"id":52146,"href":"https:\/\/oisp.hcmut.edu.vn\/sac\/wp-json\/wp\/v2\/pages\/50136\/revisions\/52146"}],"up":[{"embeddable":true,"href":"https:\/\/oisp.hcmut.edu.vn\/sac\/wp-json\/wp\/v2\/pages\/49688"}],"wp:attachment":[{"href":"https:\/\/oisp.hcmut.edu.vn\/sac\/wp-json\/wp\/v2\/media?parent=50136"}],"curies":[{"name":"wp","href":"https:\/\/api.w.org\/{rel}","templated":true}]}}