{"id":50151,"date":"2020-03-14T06:41:36","date_gmt":"2020-03-14T06:41:36","guid":{"rendered":"https:\/\/oisp.hcmut.edu.vn\/sac\/?page_id=50151"},"modified":"2021-09-17T15:45:22","modified_gmt":"2021-09-17T15:45:22","slug":"the-university-of-adelaide","status":"publish","type":"page","link":"https:\/\/oisp.hcmut.edu.vn\/sac\/diem-den\/uc\/the-university-of-adelaide\/","title":{"rendered":"The University of Adelaide"},"content":{"rendered":"<p>[et_pb_section fb_built=&#8221;1&#8243; fullwidth=&#8221;on&#8221; custom_padding_last_edited=&#8221;on|phone&#8221; _builder_version=&#8221;4.4.0&#8243; background_enable_color=&#8221;off&#8221; use_background_color_gradient=&#8221;on&#8221; background_color_gradient_start=&#8221;rgba(0,0,0,0.5)&#8221; background_color_gradient_end=&#8221;rgba(0,0,0,0.28)&#8221; background_color_gradient_overlays_image=&#8221;on&#8221; background_image=&#8221;https:\/\/oisp.hcmut.edu.vn\/sac\/wp-content\/uploads\/2020\/03\/HCMUT-SAC_AU_Adelaide-University_banner.jpg&#8221; custom_padding=&#8221;200px||200px||false|false&#8221; custom_padding_tablet=&#8221;50px||50px||false|false&#8221; custom_padding_phone=&#8221;&#8221; global_colors_info=&#8221;{}&#8221;][et_pb_fullwidth_header title=&#8221;The University of Adelaide &#8211; UoA&#8221; _builder_version=&#8221;4.3.2&#8243; title_font=&#8221;|800||on|||||&#8221; title_font_size=&#8221;48px&#8221; title_line_height=&#8221;1.4em&#8221; background_enable_color=&#8221;off&#8221; title_font_size_tablet=&#8221;32px&#8221; title_font_size_phone=&#8221;&#8221; title_font_size_last_edited=&#8221;on|phone&#8221; title_text_shadow_style=&#8221;preset5&#8243; title_text_shadow_color=&#8221;#0c71c3&#8243; global_colors_info=&#8221;{}&#8221;][\/et_pb_fullwidth_header][\/et_pb_section][et_pb_section fb_built=&#8221;1&#8243; _builder_version=&#8221;4.3.2&#8243; custom_padding=&#8221;||0px|||&#8221; global_colors_info=&#8221;{}&#8221;][et_pb_row column_structure=&#8221;3_5,2_5&#8243; _builder_version=&#8221;4.3.2&#8243; custom_padding=&#8221;0px|||||&#8221; global_colors_info=&#8221;{}&#8221;][et_pb_column type=&#8221;3_5&#8243; _builder_version=&#8221;4.3.2&#8243; global_colors_info=&#8221;{}&#8221;][et_pb_video src=&#8221;https:\/\/youtu.be\/RhuxAfL98wY&#8221; _builder_version=&#8221;4.3.2&#8243; custom_margin=&#8221;|-75px||||&#8221; custom_padding=&#8221;|0px||||&#8221; global_colors_info=&#8221;{}&#8221;][\/et_pb_video][\/et_pb_column][et_pb_column type=&#8221;2_5&#8243; _builder_version=&#8221;4.3.2&#8243; global_colors_info=&#8221;{}&#8221;][et_pb_image src=&#8221;https:\/\/oisp.hcmut.edu.vn\/sac\/wp-content\/uploads\/2021\/05\/the-university-of-adelaide.png&#8221; _builder_version=&#8221;4.3.2&#8243; width=&#8221;60%&#8221; module_alignment=&#8221;center&#8221; box_shadow_style=&#8221;preset2&#8243; global_colors_info=&#8221;{}&#8221;][\/et_pb_image][et_pb_text _builder_version=&#8221;4.3.2&#8243; global_colors_info=&#8221;{}&#8221;]<\/p>\n<h2 style=\"text-align: center;\"><strong>NGU\u1ed2N S\u00c1NG H\u1eccC T\u1eacP<\/strong><\/h2>\n<h2 style=\"text-align: center;\"><strong>D\u01af\u1edaI TH\u1eacP T\u1ef0 GI\u00c1 <\/strong><\/h2>\n<h2 style=\"text-align: center;\"><strong>PH\u01af\u01a0NG NAM<\/strong><\/h2>\n<p>[\/et_pb_text][\/et_pb_column][\/et_pb_row][\/et_pb_section][et_pb_section fb_built=&#8221;1&#8243; _builder_version=&#8221;4.3.2&#8243; global_colors_info=&#8221;{}&#8221;][et_pb_row column_structure=&#8221;1_5,1_5,1_5,1_5,1_5&#8243; _builder_version=&#8221;4.3.2&#8243; global_colors_info=&#8221;{}&#8221;][et_pb_column type=&#8221;1_5&#8243; _builder_version=&#8221;4.3.2&#8243; global_colors_info=&#8221;{}&#8221;][et_pb_number_counter title=&#8221;N\u0102M H\u00ccNH TH\u00c0NH V\u00c0 PH\u00c1T TRI\u1ec2N&#8221; number=&#8221;143+&#8221; percent_sign=&#8221;off&#8221; _builder_version=&#8221;4.3.2&#8243; title_font=&#8221;|700||on|||||&#8221; title_text_align=&#8221;center&#8221; title_text_color=&#8221;#ffffff&#8221; title_font_size=&#8221;15px&#8221; title_line_height=&#8221;1.2em&#8221; number_font=&#8221;|800||on|||||&#8221; number_text_align=&#8221;center&#8221; number_text_color=&#8221;#ffffff&#8221; number_font_size=&#8221;60px&#8221; use_background_color_gradient=&#8221;on&#8221; background_color_gradient_end=&#8221;#00aeef&#8221; number_text_shadow_style=&#8221;preset5&#8243; number_text_shadow_color=&#8221;#0c71c3&#8243; border_radii=&#8221;on|12px|12px|12px|12px&#8221; global_colors_info=&#8221;{}&#8221;][\/et_pb_number_counter][\/et_pb_column][et_pb_column type=&#8221;1_5&#8243; _builder_version=&#8221;4.3.2&#8243; global_colors_info=&#8221;{}&#8221;][et_pb_number_counter title=&#8221;TH\u1ee8 H\u1ea0NG TRONG B\u1ea2NG QS WORLD UNIVERSITY RANKINGS 2020&#8243; number=&#8221;106&#8243; percent_sign=&#8221;off&#8221; _builder_version=&#8221;4.3.2&#8243; title_font=&#8221;|700||on|||||&#8221; title_text_align=&#8221;center&#8221; title_text_color=&#8221;#ffffff&#8221; title_font_size=&#8221;12px&#8221; title_line_height=&#8221;1.2em&#8221; number_font=&#8221;|800||on|||||&#8221; number_text_align=&#8221;center&#8221; number_text_color=&#8221;#ffffff&#8221; number_font_size=&#8221;60px&#8221; use_background_color_gradient=&#8221;on&#8221; background_color_gradient_end=&#8221;#00aeef&#8221; number_text_shadow_style=&#8221;preset5&#8243; number_text_shadow_color=&#8221;#0c71c3&#8243; border_radii=&#8221;on|12px|12px|12px|12px&#8221; global_colors_info=&#8221;{}&#8221;][\/et_pb_number_counter][\/et_pb_column][et_pb_column type=&#8221;1_5&#8243; _builder_version=&#8221;4.3.2&#8243; global_colors_info=&#8221;{}&#8221;][et_pb_number_counter title=&#8221;TH\u1ee8 H\u1ea0NG TRONG B\u1ea2NG THE WORLD UNIVERSITY RANKINGS 2020&#8243; number=&#8221;120&#8243; percent_sign=&#8221;off&#8221; _builder_version=&#8221;4.3.2&#8243; title_font=&#8221;|700||on|||||&#8221; title_text_align=&#8221;center&#8221; title_text_color=&#8221;#ffffff&#8221; title_font_size=&#8221;12px&#8221; title_line_height=&#8221;1.2em&#8221; number_font=&#8221;|800||on|||||&#8221; number_text_align=&#8221;center&#8221; number_text_color=&#8221;#ffffff&#8221; number_font_size=&#8221;60px&#8221; use_background_color_gradient=&#8221;on&#8221; background_color_gradient_end=&#8221;#00aeef&#8221; number_text_shadow_style=&#8221;preset5&#8243; number_text_shadow_color=&#8221;#0c71c3&#8243; border_radii=&#8221;on|12px|12px|12px|12px&#8221; global_colors_info=&#8221;{}&#8221;][\/et_pb_number_counter][\/et_pb_column][et_pb_column type=&#8221;1_5&#8243; _builder_version=&#8221;4.3.2&#8243; global_colors_info=&#8221;{}&#8221;][et_pb_number_counter title=&#8221;TH\u1ee8 H\u1ea0NG TRONG B\u1ea2NG ACADEMIC RANKINGS OF WORLD UNIVERSITIES 2019&#8243; number=&#8221;137&#8243; percent_sign=&#8221;off&#8221; _builder_version=&#8221;4.3.2&#8243; title_font=&#8221;|700||on|||||&#8221; title_text_align=&#8221;center&#8221; title_text_color=&#8221;#ffffff&#8221; title_font_size=&#8221;12px&#8221; title_line_height=&#8221;1.2em&#8221; number_font=&#8221;|800||on|||||&#8221; number_text_align=&#8221;center&#8221; number_text_color=&#8221;#ffffff&#8221; number_font_size=&#8221;60px&#8221; use_background_color_gradient=&#8221;on&#8221; background_color_gradient_end=&#8221;#00aeef&#8221; number_text_shadow_style=&#8221;preset5&#8243; number_text_shadow_color=&#8221;#0c71c3&#8243; border_radii=&#8221;on|12px|12px|12px|12px&#8221; global_colors_info=&#8221;{}&#8221;][\/et_pb_number_counter][\/et_pb_column][et_pb_column type=&#8221;1_5&#8243; _builder_version=&#8221;4.3.2&#8243; global_colors_info=&#8221;{}&#8221;][et_pb_number_counter title=&#8221;SINH VI\u00caN MANG QU\u1ed0C T\u1ecaCH VN&#8221; number=&#8221;3.3&#8243; _builder_version=&#8221;4.3.2&#8243; title_font=&#8221;|700||on|||||&#8221; title_text_align=&#8221;center&#8221; title_text_color=&#8221;#ffffff&#8221; title_font_size=&#8221;15px&#8221; title_line_height=&#8221;1.2em&#8221; number_font=&#8221;|800||on|||||&#8221; number_text_align=&#8221;center&#8221; number_text_color=&#8221;#ffffff&#8221; number_font_size=&#8221;60px&#8221; use_background_color_gradient=&#8221;on&#8221; background_color_gradient_end=&#8221;#00aeef&#8221; number_text_shadow_style=&#8221;preset5&#8243; number_text_shadow_color=&#8221;#0c71c3&#8243; border_radii=&#8221;on|12px|12px|12px|12px&#8221; global_colors_info=&#8221;{}&#8221;][\/et_pb_number_counter][\/et_pb_column][\/et_pb_row][\/et_pb_section][et_pb_section fb_built=&#8221;1&#8243; _builder_version=&#8221;4.4.0&#8243; min_height=&#8221;865px&#8221; custom_margin=&#8221;-80px|||||&#8221; custom_padding=&#8221;0px|||||&#8221; global_colors_info=&#8221;{}&#8221;][et_pb_row _builder_version=&#8221;4.4.0&#8243; global_colors_info=&#8221;{}&#8221;][et_pb_column type=&#8221;4_4&#8243; _builder_version=&#8221;4.4.0&#8243; global_colors_info=&#8221;{}&#8221;][et_pb_accordion _builder_version=&#8221;4.3.2&#8243; global_colors_info=&#8221;{}&#8221;][et_pb_accordion_item title=&#8221;Th\u00f4ng tin t\u1ed5ng quan&#8221; open_toggle_text_color=&#8221;#0c71c3&#8243; open_toggle_background_color=&#8221;rgba(0,199,255,0.12)&#8221; icon_color=&#8221;#00aeef&#8221; _builder_version=&#8221;4.3.2&#8243; body_font_size=&#8221;17px&#8221; text_orientation=&#8221;justified&#8221; border_color_all=&#8221;#00aeef&#8221; global_colors_info=&#8221;{}&#8221; toggle_font=&#8221;|800||on|||||&#8221; closed_toggle_font=&#8221;|600||on|||||&#8221; open=&#8221;on&#8221;]<\/p>\n<p>Th\u00e0nh l\u1eadp n\u0103m 1874, t\u1ecda l\u1ea1c t\u1ea1i th\u00e0nh ph\u1ed1 Adelaide, bang Nam \u00dac, mi\u1ec1n Nam n\u01b0\u1edbc \u00dac.<\/p>\n<p>Th\u00e0nh vi\u00ean Group of Eight (Go8)\u00a0\u2013 nh\u00f3m t\u00e1m \u0110H nghi\u00ean c\u1ee9u chuy\u00ean s\u00e2u h\u00e0ng \u0111\u1ea7u \u00dac.<\/p>\n<p>Cung c\u1ea5p 7.009 ch\u01b0\u01a1ng tr\u00ecnh \u0111\u00e0o t\u1ea1o v\u00e0 kh\u00f3a h\u1ecdc, thu h\u00fat 21.142 SV \u0111\u1ebfn t\u1eeb h\u01a1n 100 qu\u1ed1c gia tr\u00ean th\u1ebf gi\u1edbi theo h\u1ecdc, trong \u0111\u00f3 c\u00f3 7.868 SV qu\u1ed1c t\u1ebf v\u00e0 Vi\u1ec7t Nam l\u00e0 m\u1ed9t trong t\u00e1m n\u01b0\u1edbc c\u00f3 SV theo h\u1ecdc t\u1ea1i UoA \u0111\u00f4ng nh\u1ea5t.<\/p>\n<p>V\u1edbi 5 gi\u1ea3i Nobel v\u00e0 110 gi\u1ea3i Rhodes \u0111\u01b0\u1ee3c trao cho c\u00e1c c\u1ef1u SV xu\u1ea5t s\u1eafc, UoA \u0111\u01b0\u1ee3c c\u00f4ng nh\u1eadn l\u00e0 m\u1ed9t trong \u0110H theo \u0111\u1ecbnh h\u01b0\u1edbng nghi\u00ean c\u1ee9u h\u00e0ng \u0111\u1ea7u th\u1ebf gi\u1edbi.<\/p>\n<p>T\u1ec9 l\u1ec7 SV: GV l\u00e0 21:1, \u0111\u1ed3ng ngh\u0129a v\u1edbi vi\u1ec7c SV qu\u1ed1c t\u1ebf s\u1ebd c\u00f3 \u0111\u01b0\u1ee3c nh\u1eefng h\u1ed7 tr\u1ee3 s\u00e2u s\u00e1t v\u00e0 c\u1ea7n thi\u1ebft \u0111\u1ec3 t\u1ea1o d\u1ef1ng th\u00e0nh c\u00f4ng.<\/p>\n<p>C\u00e1c ch\u01b0\u01a1ng tr\u00ecnh c\u1ee7a tr\u01b0\u1eddng nh\u1eadn \u0111\u01b0\u1ee3c s\u1ef1 c\u1ed1 v\u1ea5n c\u1ee7a c\u00e1c th\u00e0nh vi\u00ean gi\u00e0u kinh nghi\u1ec7m th\u1ef1c ti\u1ec5n v\u00e0 l\u00e0m vi\u1ec7c ch\u1eb7t ch\u1ebd v\u1edbi ch\u00ednh ph\u1ee7, \u0111\u1ea3m b\u1ea3o SV \u0111\u01b0\u1ee3c trang b\u1ecb \u0111\u1ea7y \u0111\u1ee7 ki\u1ebfn th\u1ee9c v\u00e0 k\u1ef9 n\u0103ng \u0111\u1ec3\u00a0s\u1eb5n s\u00e0ng \u0111\u1ed1i di\u1ec7n v\u1edbi nh\u1eefng th\u00e1ch th\u1ee9c l\u1edbn lao c\u1ee7a t\u01b0\u01a1ng lai.<\/p>\n<p>[\/et_pb_accordion_item][et_pb_accordion_item title=&#8221;H\u1ecdc ph\u00ed trung b\u00ecnh&#8221; open_toggle_text_color=&#8221;#0c71c3&#8243; open_toggle_background_color=&#8221;rgba(0,199,255,0.12)&#8221; icon_color=&#8221;#00aeef&#8221; _builder_version=&#8221;4.3.2&#8243; body_font_size=&#8221;17px&#8221; text_orientation=&#8221;justified&#8221; border_color_all=&#8221;#00aeef&#8221; global_colors_info=&#8221;{}&#8221; toggle_font=&#8221;|800||on|||||&#8221; closed_toggle_font=&#8221;|600||on|||||&#8221; open=&#8221;off&#8221;]<\/p>\n<p>\u2013 H\u1ecdc ph\u00ed \u01b0\u1edbc t\u00ednh c\u1ee7a UoA : ~ <span>789.000.000<\/span> \u0111\u1ed3ng\/n\u0103m \u0110H<\/p>\n<p>\u2013 Sinh ho\u1ea1t ph\u00ed \u01b0\u1edbc t\u00ednh t\u1ea1i \u00dac: ~ 170.000.000 \u2013 270.000.000 \u0111\u1ed3ng\/n\u0103m<\/p>\n<p><span><em>(H\u1ecdc ph\u00ed \u0110H n\u01b0\u1edbc ngo\u00e0i mang t\u00ednh tham kh\u1ea3o, c\u00f3 th\u1ec3 thay \u0111\u1ed5i theo th\u1eddi gi\u00e1 ngo\u1ea1i t\u1ec7 v\u00e0 m\u1ee9c \u0111i\u1ec1u ch\u1ec9nh c\u1ee7a c\u00e1c tr\u01b0\u1eddng theo t\u1eebng n\u0103m. H\u1ecdc ph\u00ed quy \u0111\u1ed5i sang ti\u1ec1n \u0111\u1ed3ng trong b\u1ea3ng n\u00e0y \u0111\u01b0\u1ee3c \u00e1p d\u1ee5ng theo t\u1ec9 gi\u00e1 do Ng\u00e2n h\u00e0ng TMCP Ngo\u1ea1i th\u01b0\u01a1ng Vi\u1ec7t Nam (VCB) c\u00f4ng b\u1ed1 v\u00e0o 27\/02\/2021.)<\/em><\/span><\/p>\n<p>[\/et_pb_accordion_item][et_pb_accordion_item title=&#8221;C\u00e1c Ng\u00e0nh \u0111\u00e0o t\u1ea1o&#8221; open=&#8221;off&#8221; open_toggle_text_color=&#8221;#0c71c3&#8243; open_toggle_background_color=&#8221;rgba(0,199,255,0.12)&#8221; icon_color=&#8221;#00aeef&#8221; _builder_version=&#8221;4.3.2&#8243; body_font_size=&#8221;17px&#8221; text_orientation=&#8221;justified&#8221; border_color_all=&#8221;#00aeef&#8221; global_colors_info=&#8221;{}&#8221; toggle_font=&#8221;|800||on|||||&#8221; closed_toggle_font=&#8221;|600||on|||||&#8221;]<\/p>\n<p><span>\u0110\u1ea1i h\u1ecdc Adelaide mang \u0111\u1ebfn m\u1ed9t n\u1ec1n gi\u00e1o d\u1ee5c \u0111\u1eb3ng c\u1ea5p th\u1ebf gi\u1edbi, \u0111\u00e1p \u1ee9ng tr\u1ecdn v\u1eb9n nh\u1eefng k\u1ef3 v\u1ecdng c\u1ee7a sinh vi\u00ean. C\u00e1c ch\u01b0\u01a1ng tr\u00ecnh c\u1eed nh\u00e2n, cao h\u1ecdc v\u00e0 nghi\u00ean c\u1ee9u c\u1ee7a tr\u01b0\u1eddng \u0111\u01b0\u1ee3c gi\u1ea3ng d\u1ea1y th\u00f4ng qua\u00a0<\/span><a onclick=\"hcAdClick(this,72228,170309,268,91725,'9'); ga('send', 'event', 'Interaction', 'Webclick','The University of Adelaide (UoA)', 1, {dimension1:'IP Content Hub', dimension3:'The University of Adelaide (UoA)', dimension19:'Dynamic Section 2','nonInteraction': 1});\" href=\"https:\/\/www.hotcoursesinternational.com\/study\/cpe-track.html?url=https%3A%2F%2Fwww.adelaide.edu.au%2Fabout%2Fleadership-and-structure%2Ffaculties-and-divisions%2Facademic%2F%3Futm_source%3Dhotcoursesinternational%26amp%3Butm_medium%3Dreferral%26amp%3Butm_campaign%3Dhotcourses\" rel=\"nofollow noopener noreferrer\" target=\"_blank\">5 tr\u01b0\u1eddng tr\u1ef1c thu\u1ed9c<\/a><span>: <em>Tr\u01b0\u1eddng v\u0103n ch\u01b0\u01a1ng, Tr\u01b0\u1eddng K\u1ef9 thu\u1eadt, Khoa h\u1ecdc v\u00e0 M\u00e1y t\u00ednh v\u1ec1 To\u00e1n; Tr\u01b0\u1eddng Khoa h\u1ecdc S\u1ee9c kh\u1ecfe v\u00e0 Y t\u1ebf, Tr\u01b0\u1eddng Khoa h\u1ecdc, Khoa \u0110\u00e0o t\u1ea1o chuy\u00ean nghi\u1ec7p.<\/em><\/span><\/p>\n<p>C\u00e1c ng\u00e0nh h\u1ecdc ph\u1ed5 bi\u1ebfn t\u1ea1i Adelaide bao g\u1ed3m:<\/p>\n<ul>\n<li>Y t\u1ebf &amp; s\u1ee9c kho\u1ebb<\/li>\n<li>K\u1ef9 thu\u1eadt m\u00e1y t\u00ednh v\u00e0 Khoa h\u1ecdc to\u00e1n h\u1ecdc<\/li>\n<li>Kinh doanh<\/li>\n<li>Lu\u1eadt<\/li>\n<li>N\u00f4ng nghi\u1ec7p<\/li>\n<li>Gi\u00e1o d\u1ee5c<\/li>\n<\/ul>\n<p>[\/et_pb_accordion_item][et_pb_accordion_item title=&#8221;Y\u00eau c\u1ea7u ti\u1ebfng Anh&#8221; open_toggle_text_color=&#8221;#0c71c3&#8243; open_toggle_background_color=&#8221;rgba(0,199,255,0.12)&#8221; icon_color=&#8221;#00aeef&#8221; _builder_version=&#8221;4.3.2&#8243; body_font_size=&#8221;17px&#8221; text_orientation=&#8221;justified&#8221; border_color_all=&#8221;#00aeef&#8221; global_colors_info=&#8221;{}&#8221; toggle_font=&#8221;|800||on|||||&#8221; closed_toggle_font=&#8221;|600||on|||||&#8221; open=&#8221;off&#8221;]<\/p>\n<p><span>\u2022 IELTS \u2265 6.5 (\u0111i\u1ec3m th\u00e0nh ph\u1ea7n \u2265 6.0); ho\u1eb7c<\/span><br \/> <span>\u2022 TOEFL iBT \u2265 79 (vi\u1ebft \u2265 21, n\u00f3i \u2265 18; nghe, \u0111\u1ecdc \u2265 13); ho\u1eb7c<\/span><br \/> <span>\u2022 PTE \u2265 58 (\u0111i\u1ec3m th\u00e0nh ph\u1ea7n \u2265 50)<\/span><\/p>\n<p>[\/et_pb_accordion_item][et_pb_accordion_item title=&#8221;H\u1ecdc b\u1ed5ng&#8221; open_toggle_text_color=&#8221;#0c71c3&#8243; open_toggle_background_color=&#8221;rgba(0,199,255,0.12)&#8221; icon_color=&#8221;#00aeef&#8221; _builder_version=&#8221;4.3.2&#8243; body_font_size=&#8221;17px&#8221; text_orientation=&#8221;justified&#8221; border_color_all=&#8221;#00aeef&#8221; global_colors_info=&#8221;{}&#8221; toggle_font=&#8221;|800||on|||||&#8221; closed_toggle_font=&#8221;|600||on|||||&#8221; open=&#8221;off&#8221;]<\/p>\n<p>UoA cung c\u1ea5p nhi\u1ec1u h\u1ecdc b\u1ed5ng cho SV qu\u1ed1c t\u1ebf theo h\u1ecdc ch\u01b0\u01a1ng tr\u00ecnh b\u1eadc \u0110H v\u00e0 Sau \u0110H:<\/p>\n<p>\u2013 H\u1ecdc b\u1ed5ng<span>\u00a0<\/span><a href=\"https:\/\/international.adelaide.edu.au\/admissions\/scholarships\/the-university-of-adelaide-global-citizens-scholarshipv\" target=\"_blank\" rel=\"noopener noreferrer\">Global Citizens<\/a>\u00a0mi\u1ec5n gi\u1ea3m 15-30% h\u1ecdc ph\u00ed;<\/p>\n<p>\u2013 H\u1ecdc b\u1ed5ng\u00a0<a href=\"https:\/\/international.adelaide.edu.au\/admissions\/scholarships\/global-academic-excellence-scholarship-international\" target=\"_blank\" rel=\"noopener noreferrer\">Global Academic Excellence<\/a>. \u0110\u00e2y l\u00e0 h\u1ecdc b\u1ed5ng r\u1ea5t c\u1ea1nh tranh c\u1ee7a UoA nh\u1eb1m khen th\u01b0\u1edfng c\u00e1c SV qu\u1ed1c t\u1ebf c\u00f3 th\u00e0nh t\u00edch h\u1ecdc t\u1eadp xu\u1ea5t s\u1eafc t\u1ea1i UoA. Gi\u00e1 tr\u1ecb h\u1ecdc b\u1ed5ng t\u01b0\u01a1ng \u0111\u01b0\u01a1ng 50% h\u1ecdc ph\u00ed;<\/p>\n<p>\u2013 H\u1ecdc b\u1ed5ng<span>\u00a0<\/span><a href=\"https:\/\/international.adelaide.edu.au\/admissions\/scholarships\/higher-education-scholarships\" target=\"_blank\" rel=\"noopener noreferrer\">Higher Education Scholarship<\/a>\u00a0mi\u1ec5n gi\u1ea3m 25% h\u1ecdc ph\u00ed d\u00e0nh cho SV qu\u1ed1c t\u1ebf \u0111\u00e3 ho\u00e0n th\u00e0nh xu\u1ea5t s\u1eafc ch\u01b0\u01a1ng tr\u00ecnh h\u1ecdc l\u1edbp 12 b\u1eadc THPT.<\/p>\n<p><em>\u0110\u1ea1i h\u1ecdc UoA lu\u00f4n c\u00f3 c\u00e1c h\u1ecdc b\u1ed5ng c\u0169ng nh\u01b0 h\u1ed7 tr\u1ee3 v\u1ec1 t\u00e0i ch\u00ednh cho sinh vi\u00ean, chi ti\u1ebft vui l\u00f2ng xem\u00a0<a href=\"https:\/\/oisp.hcmut.edu.vn\/sac\/category\/du-hoc-uc\/\" target=\"_blank\" rel=\"noopener noreferrer\">t\u1ea1i\u00a0\u0111\u00e2y<\/a><\/em><\/p>\n<p>[\/et_pb_accordion_item][et_pb_accordion_item title=&#8221;H\u1ed7 tr\u1ee3 c\u1ee7a trung t\u00e2m d\u00e0nh cho SV B\u00e1ch khoa chuy\u1ec3n ti\u1ebfp sang UoA&#8221; open_toggle_text_color=&#8221;#0c71c3&#8243; open_toggle_background_color=&#8221;rgba(0,199,255,0.12)&#8221; icon_color=&#8221;#00aeef&#8221; _builder_version=&#8221;4.3.2&#8243; body_font_size=&#8221;17px&#8221; text_orientation=&#8221;justified&#8221; border_color_all=&#8221;#00aeef&#8221; global_colors_info=&#8221;{}&#8221; toggle_font=&#8221;|800||on|||||&#8221; closed_toggle_font=&#8221;|600||on|||||&#8221; open=&#8221;off&#8221;]<\/p>\n<div class=\"et_pb_toggle et_pb_module et_pb_accordion_item et_pb_accordion_item_3 et_pb_toggle_open\">\n<div class=\"et_pb_toggle_content clearfix\">\n<p>\u2013 H\u01b0\u1edbng d\u1eabn th\u1ee7 t\u1ee5c chuy\u1ec3n \u0111i\u1ec3m\/ t\u00edn ch\u1ec9 sang \u0110H \u0111\u1ed1i t\u00e1c<\/p>\n<p>\u2013 Xin Gi\u1ea5y Nh\u1eadp h\u1ecdc (CoE), \u0111\u0103ng k\u00fd l\u1edbp ti\u1ebfng Anh (n\u1ebfu c\u00f3)<\/p>\n<p>\u2013 T\u01b0 v\u1ea5n th\u1ee7 t\u1ee5c ch\u1ee9ng minh t\u00e0i ch\u00ednh, xin visa<\/p>\n<p>\u2013 H\u1ed7 tr\u1ee3 t\u00ecm nh\u00e0 \u1edf, \u0111\u0103ng k\u00fd k\u00fd t\u00fac x\u00e1<\/p>\n<p>\u2013 \u0110\u01b0a \u0111\u00f3n t\u1ea1i s\u00e2n bay, li\u00ean h\u1ec7 v\u1edbi c\u1ed9ng \u0111\u1ed3ng SV B\u00e1ch khoa Qu\u1ed1c t\u1ebf \u1edf n\u01b0\u1edbc b\u1ea1n \u0111\u1ec3 \u0111\u01b0\u1ee3c gi\u00fap \u0111\u1ee1<\/p>\n<\/div>\n<\/div>\n<p>[\/et_pb_accordion_item][\/et_pb_accordion][\/et_pb_column][\/et_pb_row][\/et_pb_section]<\/p>\n","protected":false},"excerpt":{"rendered":"<p>NGU\u1ed2N S\u00c1NG H\u1eccC T\u1eacP D\u01af\u1edaI TH\u1eacP T\u1ef0 GI\u00c1 PH\u01af\u01a0NG NAMTh\u00e0nh l\u1eadp n\u0103m 1874, t\u1ecda l\u1ea1c t\u1ea1i th\u00e0nh ph\u1ed1 Adelaide, bang Nam \u00dac, mi\u1ec1n Nam n\u01b0\u1edbc \u00dac. Th\u00e0nh vi\u00ean Group of Eight (Go8)\u00a0\u2013 nh\u00f3m t\u00e1m \u0110H nghi\u00ean c\u1ee9u chuy\u00ean s\u00e2u h\u00e0ng \u0111\u1ea7u \u00dac. Cung c\u1ea5p 7.009 ch\u01b0\u01a1ng tr\u00ecnh \u0111\u00e0o t\u1ea1o v\u00e0 kh\u00f3a h\u1ecdc, thu h\u00fat 21.142 [&hellip;]<\/p>\n","protected":false},"author":1,"featured_media":0,"parent":49688,"menu_order":0,"comment_status":"closed","ping_status":"closed","template":"","meta":{"_et_pb_use_builder":"on","_et_pb_old_content":"","_et_gb_content_width":"","footnotes":""},"class_list":["post-50151","page","type-page","status-publish","hentry"],"_links":{"self":[{"href":"https:\/\/oisp.hcmut.edu.vn\/sac\/wp-json\/wp\/v2\/pages\/50151","targetHints":{"allow":["GET"]}}],"collection":[{"href":"https:\/\/oisp.hcmut.edu.vn\/sac\/wp-json\/wp\/v2\/pages"}],"about":[{"href":"https:\/\/oisp.hcmut.edu.vn\/sac\/wp-json\/wp\/v2\/types\/page"}],"author":[{"embeddable":true,"href":"https:\/\/oisp.hcmut.edu.vn\/sac\/wp-json\/wp\/v2\/users\/1"}],"replies":[{"embeddable":true,"href":"https:\/\/oisp.hcmut.edu.vn\/sac\/wp-json\/wp\/v2\/comments?post=50151"}],"version-history":[{"count":4,"href":"https:\/\/oisp.hcmut.edu.vn\/sac\/wp-json\/wp\/v2\/pages\/50151\/revisions"}],"predecessor-version":[{"id":53182,"href":"https:\/\/oisp.hcmut.edu.vn\/sac\/wp-json\/wp\/v2\/pages\/50151\/revisions\/53182"}],"up":[{"embeddable":true,"href":"https:\/\/oisp.hcmut.edu.vn\/sac\/wp-json\/wp\/v2\/pages\/49688"}],"wp:attachment":[{"href":"https:\/\/oisp.hcmut.edu.vn\/sac\/wp-json\/wp\/v2\/media?parent=50151"}],"curies":[{"name":"wp","href":"https:\/\/api.w.org\/{rel}","templated":true}]}}