{"id":50168,"date":"2020-03-16T08:56:32","date_gmt":"2020-03-16T08:56:32","guid":{"rendered":"https:\/\/oisp.hcmut.edu.vn\/sac\/?page_id=50168"},"modified":"2021-05-24T08:58:06","modified_gmt":"2021-05-24T08:58:06","slug":"the-university-of-technology-sydney","status":"publish","type":"page","link":"https:\/\/oisp.hcmut.edu.vn\/sac\/diem-den\/uc\/the-university-of-technology-sydney\/","title":{"rendered":"The University of Technology, Sydney"},"content":{"rendered":"<p>[et_pb_section fb_built=&#8221;1&#8243; fullwidth=&#8221;on&#8221; custom_padding_last_edited=&#8221;on|phone&#8221; _builder_version=&#8221;4.4.0&#8243; background_enable_color=&#8221;off&#8221; use_background_color_gradient=&#8221;on&#8221; background_color_gradient_start=&#8221;rgba(0,0,0,0.5)&#8221; background_color_gradient_end=&#8221;rgba(0,0,0,0.28)&#8221; background_color_gradient_overlays_image=&#8221;on&#8221; background_image=&#8221;https:\/\/oisp.hcmut.edu.vn\/sac\/wp-content\/uploads\/2020\/03\/HCMUT-SAC_UTS_University-of-Technology_banner.jpg&#8221; custom_padding=&#8221;200px||176px||false|false&#8221; custom_padding_tablet=&#8221;50px||50px||false|false&#8221; custom_padding_phone=&#8221;&#8221;][et_pb_fullwidth_header title=&#8221;The University of Technology &#8211; uts&#8221; _builder_version=&#8221;4.3.2&#8243; title_font=&#8221;|800||on|||||&#8221; title_font_size=&#8221;48px&#8221; title_line_height=&#8221;1.4em&#8221; background_enable_color=&#8221;off&#8221; title_font_size_tablet=&#8221;32px&#8221; title_font_size_phone=&#8221;&#8221; title_font_size_last_edited=&#8221;on|phone&#8221; title_text_shadow_style=&#8221;preset5&#8243; title_text_shadow_color=&#8221;#000000&#8243;][\/et_pb_fullwidth_header][\/et_pb_section][et_pb_section fb_built=&#8221;1&#8243; _builder_version=&#8221;4.3.2&#8243; min_height=&#8221;480px&#8221; custom_margin=&#8221;||-119px|||&#8221;][et_pb_row column_structure=&#8221;3_5,2_5&#8243; _builder_version=&#8221;4.3.2&#8243; custom_padding=&#8221;0px|||||&#8221;][et_pb_column type=&#8221;3_5&#8243; _builder_version=&#8221;4.3.2&#8243;][et_pb_video src=&#8221;https:\/\/youtu.be\/-9sPhQaU1g8&#8243; _builder_version=&#8221;4.3.2&#8243; custom_margin=&#8221;|-79px||||&#8221;][\/et_pb_video][\/et_pb_column][et_pb_column type=&#8221;2_5&#8243; _builder_version=&#8221;4.3.2&#8243;][et_pb_image src=&#8221;https:\/\/oisp.hcmut.edu.vn\/sac\/wp-content\/uploads\/2021\/05\/University-of-Technology-Sydney_-UTS-logo.jpg&#8221; align=&#8221;center&#8221; _builder_version=&#8221;4.3.2&#8243; width=&#8221;60%&#8221; box_shadow_style=&#8221;preset2&#8243;][\/et_pb_image][et_pb_text _builder_version=&#8221;4.3.2&#8243;]<\/p>\n<h2 style=\"text-align: center;\"><strong>NGH\u0128. L\u00c0M. THAY \u0110\u1ed4I<\/strong><\/h2>\n<p>[\/et_pb_text][\/et_pb_column][\/et_pb_row][\/et_pb_section][et_pb_section fb_built=&#8221;1&#8243; _builder_version=&#8221;4.3.2&#8243;][et_pb_row column_structure=&#8221;1_5,1_5,1_5,1_5,1_5&#8243; _builder_version=&#8221;4.3.2&#8243;][et_pb_column type=&#8221;1_5&#8243; _builder_version=&#8221;4.3.2&#8243;][et_pb_number_counter title=&#8221;N\u0102M H\u00ccNH TH\u00c0NH V\u00c0 PH\u00c1T TRI\u1ec2N&#8221; number=&#8221;36+&#8221; percent_sign=&#8221;off&#8221; _builder_version=&#8221;4.3.2&#8243; title_font=&#8221;|700||on|||||&#8221; title_text_align=&#8221;center&#8221; title_text_color=&#8221;#ffffff&#8221; title_font_size=&#8221;15px&#8221; title_line_height=&#8221;1.2em&#8221; number_font=&#8221;|800||on|||||&#8221; number_text_align=&#8221;center&#8221; number_text_color=&#8221;#ffffff&#8221; number_font_size=&#8221;60px&#8221; use_background_color_gradient=&#8221;on&#8221; background_color_gradient_start=&#8221;#474747&#8243; background_color_gradient_end=&#8221;#8f8f8f&#8221; number_text_shadow_style=&#8221;preset5&#8243; number_text_shadow_color=&#8221;#000000&#8243; border_radii=&#8221;on|12px|12px|12px|12px&#8221;][\/et_pb_number_counter][\/et_pb_column][et_pb_column type=&#8221;1_5&#8243; _builder_version=&#8221;4.3.2&#8243;][et_pb_number_counter title=&#8221;TH\u1ee8 H\u1ea0NG TRONG B\u1ea2NG THE YOUNG UNIVERSITY RANKINGS 2019&#8243; number=&#8221;13&#8243; percent_sign=&#8221;off&#8221; _builder_version=&#8221;4.3.2&#8243; title_font=&#8221;|700||on|||||&#8221; title_text_align=&#8221;center&#8221; title_text_color=&#8221;#ffffff&#8221; title_font_size=&#8221;12px&#8221; title_line_height=&#8221;1.2em&#8221; number_font=&#8221;|800||on|||||&#8221; number_text_align=&#8221;center&#8221; number_text_color=&#8221;#ffffff&#8221; number_font_size=&#8221;60px&#8221; use_background_color_gradient=&#8221;on&#8221; background_color_gradient_start=&#8221;#474747&#8243; background_color_gradient_end=&#8221;#8f8f8f&#8221; number_text_shadow_style=&#8221;preset5&#8243; number_text_shadow_color=&#8221;#000000&#8243; border_radii=&#8221;on|12px|12px|12px|12px&#8221;][\/et_pb_number_counter][\/et_pb_column][et_pb_column type=&#8221;1_5&#8243; _builder_version=&#8221;4.3.2&#8243;][et_pb_number_counter title=&#8221;TH\u1ee8 H\u1ea0NG TRONG B\u1ea2NG QS WORLD UNIVERSITY RANKINGS 2020&#8243; number=&#8221;140&#8243; percent_sign=&#8221;off&#8221; _builder_version=&#8221;4.3.2&#8243; title_font=&#8221;|700||on|||||&#8221; title_text_align=&#8221;center&#8221; title_text_color=&#8221;#ffffff&#8221; title_font_size=&#8221;12px&#8221; title_line_height=&#8221;1.2em&#8221; number_font=&#8221;|800||on|||||&#8221; number_text_align=&#8221;center&#8221; number_text_color=&#8221;#ffffff&#8221; number_font_size=&#8221;60px&#8221; use_background_color_gradient=&#8221;on&#8221; background_color_gradient_start=&#8221;#474747&#8243; background_color_gradient_end=&#8221;#8f8f8f&#8221; number_text_shadow_style=&#8221;preset5&#8243; number_text_shadow_color=&#8221;#000000&#8243; border_radii=&#8221;on|12px|12px|12px|12px&#8221;][\/et_pb_number_counter][\/et_pb_column][et_pb_column type=&#8221;1_5&#8243; _builder_version=&#8221;4.3.2&#8243;][et_pb_number_counter title=&#8221;TH\u1ee8 H\u1ea0NG TRONG B\u1ea2NG HIGHLY CITED RESEARCHERS 2019, \u00daC&#8221; number=&#8221;8&#8243; percent_sign=&#8221;off&#8221; _builder_version=&#8221;4.3.2&#8243; title_font=&#8221;|700||on|||||&#8221; title_text_align=&#8221;center&#8221; title_text_color=&#8221;#ffffff&#8221; title_font_size=&#8221;12px&#8221; title_line_height=&#8221;1.2em&#8221; number_font=&#8221;|800||on|||||&#8221; number_text_align=&#8221;center&#8221; number_text_color=&#8221;#ffffff&#8221; number_font_size=&#8221;60px&#8221; use_background_color_gradient=&#8221;on&#8221; background_color_gradient_start=&#8221;#474747&#8243; background_color_gradient_end=&#8221;#8f8f8f&#8221; number_text_shadow_style=&#8221;preset5&#8243; number_text_shadow_color=&#8221;#000000&#8243; border_radii=&#8221;on|12px|12px|12px|12px&#8221;][\/et_pb_number_counter][\/et_pb_column][et_pb_column type=&#8221;1_5&#8243; _builder_version=&#8221;4.3.2&#8243;][et_pb_number_counter title=&#8221;SINH VI\u00caN MANG QU\u1ed0C T\u1ecaCH VN&#8221; number=&#8221;5.6&#8243; _builder_version=&#8221;4.3.2&#8243; title_font=&#8221;|700||on|||||&#8221; title_text_align=&#8221;center&#8221; title_text_color=&#8221;#ffffff&#8221; title_font_size=&#8221;15px&#8221; title_line_height=&#8221;1.2em&#8221; number_font=&#8221;|800||on|||||&#8221; number_text_align=&#8221;center&#8221; number_text_color=&#8221;#ffffff&#8221; number_font_size=&#8221;60px&#8221; use_background_color_gradient=&#8221;on&#8221; background_color_gradient_start=&#8221;#474747&#8243; background_color_gradient_end=&#8221;#8f8f8f&#8221; number_text_shadow_style=&#8221;preset5&#8243; number_text_shadow_color=&#8221;#000000&#8243; border_radii=&#8221;on|12px|12px|12px|12px&#8221;][\/et_pb_number_counter][\/et_pb_column][\/et_pb_row][\/et_pb_section][et_pb_section fb_built=&#8221;1&#8243; _builder_version=&#8221;4.4.0&#8243; custom_margin=&#8221;-64px|||||&#8221; custom_padding=&#8221;0px|||||&#8221;][et_pb_row _builder_version=&#8221;4.4.0&#8243;][et_pb_column type=&#8221;4_4&#8243; _builder_version=&#8221;4.4.0&#8243;][et_pb_accordion _builder_version=&#8221;4.3.2&#8243; hover_enabled=&#8221;0&#8243;][et_pb_accordion_item title=&#8221;Th\u00f4ng tin t\u1ed5ng quan&#8221; open_toggle_text_color=&#8221;#0c71c3&#8243; open_toggle_background_color=&#8221;rgba(0,199,255,0.12)&#8221; icon_color=&#8221;#00aeef&#8221; _builder_version=&#8221;4.3.2&#8243; body_font_size=&#8221;17px&#8221; text_orientation=&#8221;justified&#8221; border_color_all=&#8221;#00aeef&#8221; toggle_font=&#8221;|800||on|||||&#8221; closed_toggle_font=&#8221;|600||on|||||&#8221; open=&#8221;off&#8221;]<\/p>\n<p>Th\u00e0nh l\u1eadp n\u0103m 1964, ti\u1ec1n th\u00e2n l\u00e0 Vi\u1ec7n C\u00f4ng ngh\u1ec7 New South Wales.<\/p>\n<p>T\u1ecda l\u1ea1c t\u1ea1i Khu Th\u01b0\u01a1ng m\u1ea1i Trung t\u00e2m th\u00e0nh ph\u1ed1 Sydney, b\u1edd bi\u1ec3n ph\u00eda \u0110\u00f4ng n\u01b0\u1edbc \u00dac, th\u1ee7 ph\u1ee7 ti\u1ec3u bang New South Wales.<\/p>\n<p>Khu h\u1ecdc x\u00e1 ch\u00ednh c\u1ee7a tr\u01b0\u1eddng \u0111\u01b0\u1ee3c n\u00e2ng c\u1ea5p t\u1ed1i t\u00e2n trong nh\u1eefng n\u0103m g\u1ea7n \u0111\u00e2y v\u1edbi kho\u1ea3n \u0111\u1ea7u t\u01b0 h\u01a1n 1 t\u1ec9 dollar \u00dac, bi\u1ebfn ng\u00f4i tr\u01b0\u1eddng tr\u1edf th\u00e0nh m\u1ed9t trong nh\u1eefng trung t\u00e2m s\u00e1ng t\u1ea1o l\u1edbn v\u00e0 hi\u1ec7n \u0111\u1ea1i b\u1eadc nh\u1ea5t Sydney.<\/p>\n<p>Tuy tu\u1ed5i \u0111\u1eddi kh\u00e1 tr\u1ebb nh\u01b0ng UTS \u0111\u00e3 s\u1edbm x\u00e2y d\u1ef1ng \u0111\u01b0\u1ee3c danh ti\u1ebfng qu\u1ed1c t\u1ebf v\u00ec s\u1ef1 v\u01b0\u1ee3t tr\u1ed9i trong ho\u1ea1t \u0111\u1ed9ng gi\u1ea3ng d\u1ea1y, \u0111\u1ecbnh h\u01b0\u1edbng ngh\u1ec1 nghi\u1ec7p v\u00e0 nghi\u00ean c\u1ee9u th\u1ef1c ti\u1ec5n.<\/p>\n<p>Cung c\u1ea5p h\u01a1n 130 ch\u01b0\u01a1ng tr\u00ecnh \u0110H v\u00e0 180 ch\u01b0\u01a1ng tr\u00ecnh Sau \u0110H v\u1edbi \u0111\u1ea7u v\u00e0o 40.000 SV. Ng\u00e0nh h\u1ecdc \u0111a d\u1ea1ng, tr\u1ea3i r\u1ed9ng t\u1eeb truy\u1ec1n th\u1ed1ng \u0111\u1ebfn m\u1edbi n\u1ed5i, v\u00e0 t\u1ea5t c\u1ea3 \u0111\u1ec1u \u0111\u1ec1 cao t\u00ednh tr\u1ea3i nghi\u1ec7m th\u1ef1c t\u1ebf trong qu\u00e1 tr\u00ecnh h\u1ecdc.<\/p>\n<p>Ch\u01b0\u01a1ng tr\u00ecnh \u0111\u00e0o t\u1ea1o k\u1ef9 s\u01b0 c\u1ee7a UTS \u0111\u01b0\u1ee3c Hi\u1ec7p h\u1ed9i K\u1ef9 s\u01b0 \u00dac (EA) ki\u1ec3m \u0111\u1ecbnh v\u00e0 c\u00f4ng nh\u1eadn, SV t\u1ed1t nghi\u1ec7p UTS s\u1ebd \u0111\u01b0\u1ee3c gia nh\u1eadp hi\u1ec7p h\u1ed9i n\u00e0y.<\/p>\n<p>SV d\u1ec5 d\u00e0ng ti\u1ebfp c\u1eadn c\u00e1c trung t\u00e2m nghi\u00ean c\u1ee9u h\u00e0ng \u0111\u1ea7u th\u1ebf gi\u1edbi c\u0169ng nh\u01b0 k\u1ebft n\u1ed1i v\u1edbi th\u1ecb tr\u01b0\u1eddng vi\u1ec7c l\u00e0m, n\u00e2ng cao c\u01a1 h\u1ed9i ngh\u1ec1 nghi\u1ec7p th\u00f4ng qua m\u1ed1i quan h\u1ec7 ch\u1eb7t ch\u1ebd c\u1ee7a tr\u01b0\u1eddng v\u1edbi c\u00e1c doanh nghi\u1ec7p, chuy\u00ean gia t\u1ea1i \u0111\u1ecba ph\u01b0\u01a1ng.<\/p>\n<p>[\/et_pb_accordion_item][et_pb_accordion_item title=&#8221;H\u1ecdc ph\u00ed trung b\u00ecnh&#8221; open_toggle_text_color=&#8221;#0c71c3&#8243; open_toggle_background_color=&#8221;rgba(0,199,255,0.12)&#8221; icon_color=&#8221;#00aeef&#8221; _builder_version=&#8221;4.3.2&#8243; body_font_size=&#8221;17px&#8221; text_orientation=&#8221;justified&#8221; border_color_all=&#8221;#00aeef&#8221; toggle_font=&#8221;|800||on|||||&#8221; closed_toggle_font=&#8221;|600||on|||||&#8221; open=&#8221;off&#8221;]<\/p>\n<p>\u2013 H\u1ecdc ph\u00ed \u01b0\u1edbc t\u00ednh c\u1ee7a UTS : ~ <span>828.000.000\u00a0<\/span>\u0111\u1ed3ng\/n\u0103m;<\/p>\n<p>\u2013 Sinh ho\u1ea1t ph\u00ed \u01b0\u1edbc t\u00ednh t\u1ea1i \u00dac: ~ 170.000.000 \u2013 270.000.000 \u0111\u1ed3ng\/n\u0103m<\/p>\n<p><span><em>(H\u1ecdc ph\u00ed \u0110H n\u01b0\u1edbc ngo\u00e0i mang t\u00ednh tham kh\u1ea3o, c\u00f3 th\u1ec3 thay \u0111\u1ed5i theo th\u1eddi gi\u00e1 ngo\u1ea1i t\u1ec7 v\u00e0 m\u1ee9c \u0111i\u1ec1u ch\u1ec9nh c\u1ee7a c\u00e1c tr\u01b0\u1eddng theo t\u1eebng n\u0103m. H\u1ecdc ph\u00ed quy \u0111\u1ed5i sang ti\u1ec1n \u0111\u1ed3ng trong b\u1ea3ng n\u00e0y \u0111\u01b0\u1ee3c \u00e1p d\u1ee5ng theo t\u1ec9 gi\u00e1 do Ng\u00e2n h\u00e0ng TMCP Ngo\u1ea1i th\u01b0\u01a1ng Vi\u1ec7t Nam (VCB) c\u00f4ng b\u1ed1 v\u00e0o 27\/02\/2021.<\/em><\/span><span><em>)<\/em><\/span><\/p>\n<p>[\/et_pb_accordion_item][et_pb_accordion_item title=&#8221;C\u00e1c Ng\u00e0nh \u0111\u00e0o t\u1ea1o&#8221; open_toggle_text_color=&#8221;#0c71c3&#8243; open_toggle_background_color=&#8221;rgba(0,199,255,0.12)&#8221; icon_color=&#8221;#00aeef&#8221; _builder_version=&#8221;4.3.2&#8243; body_font_size=&#8221;17px&#8221; text_orientation=&#8221;justified&#8221; hover_enabled=&#8221;0&#8243; border_color_all=&#8221;#00aeef&#8221; toggle_font=&#8221;|800||on|||||&#8221; closed_toggle_font=&#8221;|600||on|||||&#8221; open=&#8221;on&#8221;]<\/p>\n<p><span>UTS c\u00f3 tr\u00ean 100 ch\u01b0\u01a1ng tr\u00ecnh \u0111\u1ea1i h\u1ecdc v\u00e0 150 ch\u01b0\u01a1ng tr\u00ecnh sau \u0111\u1ea1i h\u1ecdc v\u1ec1 c\u00e1c l\u0129nh v\u1ef1c: <\/span><\/p>\n<ul>\n<li><span>Ki\u1ebfn tr\u00fac (nh\u00e0\/x\u00e2y d\u1ef1ng\/m\u00f4i tr\u01b0\u1eddng\/quy ho\u1ea1ch\u2026)<\/span><\/li>\n<li><span>Thi\u1ebft k\u1ebf (\u0111\u1ed3 h\u1ecda, m\u00e1y t\u00ednh, s\u1ea3n ph\u1ea9m, n\u1ed9i th\u1ea5t, m\u1ed1t)<\/span><\/li>\n<li><span>Truy\u1ec1n th\u00f4ng (\u0111\u1ea1i ch\u00fang\/\u0111a ph\u01b0\u01a1ng ti\u1ec7n\u2026)<\/span><\/li>\n<li><span>X\u00e2y d\u1ef1ng (d\u00e2n d\u1ee5ng, c\u01a1 kh\u00ed\/c\u00f4ng nghi\u1ec7p\u2026)<\/span><\/li>\n<li><span>C\u01a1 kh\u00ed (m\u00e1y, \u0111i\u1ec7n t\u1eed\u2026)<\/span><\/li>\n<li><span>C\u00f4ng ngh\u1ec7 th\u00f4ng tin (m\u00e1y t\u00ednh\/ph\u1ea7n c\u1ee9ng\/ph\u1ea7n m\u1ec1m)<\/span><\/li>\n<li><span>Kinh t\u1ebf (qu\u1ea3n tr\u1ecb kinh doanh\/k\u1ebf to\u00e1n\/t\u00e0i ch\u00ednh\/th\u01b0\u01a1ng m\u1ea1i\/qu\u1ed1c t\u1ebf\/nh\u00e2n l\u1ef1c\/marketing\u2026)<\/span><\/li>\n<li><span> Gi\u00e1o d\u1ee5c (qu\u1ea3n l\u00fd\/\u0111\u00e0o t\u1ea1o gi\u00e1o vi\u00ean)<\/span><\/li>\n<li><span>Lu\u1eadt<\/span><\/li>\n<\/ul>\n<p>[\/et_pb_accordion_item][et_pb_accordion_item title=&#8221;Y\u00eau c\u1ea7u ti\u1ebfng Anh&#8221; open_toggle_text_color=&#8221;#0c71c3&#8243; open_toggle_background_color=&#8221;rgba(0,199,255,0.12)&#8221; icon_color=&#8221;#00aeef&#8221; _builder_version=&#8221;4.3.2&#8243; body_font_size=&#8221;17px&#8221; text_orientation=&#8221;justified&#8221; border_color_all=&#8221;#00aeef&#8221; toggle_font=&#8221;|800||on|||||&#8221; closed_toggle_font=&#8221;|600||on|||||&#8221; open=&#8221;off&#8221;]<\/p>\n<p><span>\u2022 IELTS \u2265 6.5 (vi\u1ebft \u2265 6.0); ho\u1eb7c<\/span><br \/> <span>\u2022 TOEFL iBT \u2265 79-93 (vi\u1ebft \u2265 21); ho\u1eb7c<\/span><br \/> <span>\u2022 PTE \u2265 58<\/span><\/p>\n<p>[\/et_pb_accordion_item][et_pb_accordion_item title=&#8221;H\u1ecdc b\u1ed5ng&#8221; open=&#8221;off&#8221; open_toggle_text_color=&#8221;#0c71c3&#8243; open_toggle_background_color=&#8221;rgba(0,199,255,0.12)&#8221; icon_color=&#8221;#00aeef&#8221; _builder_version=&#8221;4.3.2&#8243; body_font_size=&#8221;17px&#8221; text_orientation=&#8221;justified&#8221; border_color_all=&#8221;#00aeef&#8221; toggle_font=&#8221;|800||on|||||&#8221; closed_toggle_font=&#8221;|600||on|||||&#8221;]<\/p>\n<p><span>UTS \u0111\u1ea7u t\u01b0 qu\u1ef9 tr\u1ecb h\u1ecdc b\u1ed5ng tr\u1ecb 30 tri\u1ec7u dollar \u00dac d\u00e0nh cho SV qu\u1ed1c t\u1ebf:<\/span><\/p>\n<p>\u2013\u00a0H\u1ecdc b\u1ed5ng to\u00e0n ph\u1ea7n cho SV qu\u1ed1c t\u1ebf b\u1eadc \u0110H c\u00f3 th\u00e0nh t\u00edch xu\u1ea5t s\u1eafc nh\u1ea5t v\u00e0 chu\u1ea9n b\u1ecb b\u1eaft \u0111\u1ea7u kh\u00f3a h\u1ecdc t\u1ea1i UTS v\u00e0o h\u1ecdc k\u1ef3 m\u00f9a Thu ho\u1eb7c m\u00f9a Xu\u00e2n;<\/p>\n<p>\u2013\u00a0H\u1ecdc b\u1ed5ng H\u1ecdc thu\u1eadt Xu\u1ea5t s\u1eafc tr\u1ecb gi\u00e1 10.000 dollar \u00dac cho SV qu\u1ed1c t\u1ebf c\u00f3 th\u00e0nh t\u00edch h\u1ecdc t\u1eadp cao nh\u1ea5t \u0111ang theo h\u1ecdc c\u00e1c ch\u01b0\u01a1ng tr\u00ecnh b\u1eadc \u0110H t\u1ea1i UTS;<\/p>\n<p>\u2013 H\u1ecdc b\u1ed5ng tr\u1ecb gi\u00e1 2.000 dollar \u00dac cho SV qu\u1ed1c t\u1ebf b\u1eadc \u0110H nh\u00f3m ng\u00e0nh k\u1ef9 thu\u1eadt \u0111\u1ea1t th\u00e0nh t\u00edch h\u1ecdc t\u1eadp xu\u1ea5t s\u1eafc.<\/p>\n<p><span><em>(1 dollar \u00dac ~ 13.850 \u0111\u1ed3ng, th\u1eddi gi\u00e1 3\/2020)<\/em><\/span><\/p>\n<p><em>\u0110\u1ea1i h\u1ecdc GU lu\u00f4n c\u00f3 c\u00e1c h\u1ecdc b\u1ed5ng c\u0169ng nh\u01b0 h\u1ed7 tr\u1ee3 v\u1ec1 t\u00e0i ch\u00ednh cho sinh vi\u00ean, chi ti\u1ebft vui l\u00f2ng xem\u00a0<a href=\"https:\/\/oisp.hcmut.edu.vn\/sac\/category\/du-hoc-uc\/\" target=\"_blank\" rel=\"noopener noreferrer\">t\u1ea1i\u00a0\u0111\u00e2y<span>\u00a0<\/span><\/a>ho\u1eb7c\u00a0<a href=\"https:\/\/oisp.hcmut.edu.vn\/sac\/thong-tin-du-hoc\/\">li\u00ean h\u1ec7 t\u01b0 v\u1ea5n<\/a><a href=\"https:\/\/oisp.hcmut.edu.vn\/sac\/category\/du-hoc-uc\/\" target=\"_blank\" rel=\"noopener noreferrer\">.<\/a><\/em><span><em><\/em><\/span><\/p>\n<p><span><em><\/em><\/span><\/p>\n<p>[\/et_pb_accordion_item][et_pb_accordion_item title=&#8221;H\u1ed7 tr\u1ee3 c\u1ee7a trung t\u00e2m d\u00e0nh cho sv bk chuy\u1ec3n ti\u1ebfp sang uts&#8221; open_toggle_text_color=&#8221;#0c71c3&#8243; open_toggle_background_color=&#8221;rgba(0,199,255,0.12)&#8221; icon_color=&#8221;#00aeef&#8221; _builder_version=&#8221;4.3.2&#8243; body_font_size=&#8221;17px&#8221; text_orientation=&#8221;justified&#8221; border_color_all=&#8221;#00aeef&#8221; toggle_font=&#8221;|800||on|||||&#8221; closed_toggle_font=&#8221;|600||on|||||&#8221; open=&#8221;off&#8221;]<\/p>\n<p>\u2013 H\u01b0\u1edbng d\u1eabn th\u1ee7 t\u1ee5c chuy\u1ec3n \u0111i\u1ec3m\/ t\u00edn ch\u1ec9 sang \u0110H \u0111\u1ed1i t\u00e1c<\/p>\n<p>\u2013 Xin Gi\u1ea5y Nh\u1eadp h\u1ecdc (CoE), \u0111\u0103ng k\u00fd l\u1edbp ti\u1ebfng Anh (n\u1ebfu c\u00f3)<\/p>\n<p>\u2013 T\u01b0 v\u1ea5n th\u1ee7 t\u1ee5c ch\u1ee9ng minh t\u00e0i ch\u00ednh, xin visa<\/p>\n<p>\u2013 H\u1ed7 tr\u1ee3 t\u00ecm nh\u00e0 \u1edf, \u0111\u0103ng k\u00fd k\u00fd t\u00fac x\u00e1<\/p>\n<p>\u2013 \u0110\u01b0a \u0111\u00f3n t\u1ea1i s\u00e2n bay, li\u00ean h\u1ec7 v\u1edbi c\u1ed9ng \u0111\u1ed3ng SV B\u00e1ch khoa Qu\u1ed1c t\u1ebf \u1edf n\u01b0\u1edbc b\u1ea1n \u0111\u1ec3 \u0111\u01b0\u1ee3c gi\u00fap \u0111\u1ee1<\/p>\n<p><span><em><\/em><\/span><\/p>\n<p>[\/et_pb_accordion_item][\/et_pb_accordion][\/et_pb_column][\/et_pb_row][\/et_pb_section][et_pb_section fb_built=&#8221;1&#8243; _builder_version=&#8221;4.3.2&#8243; custom_margin=&#8221;-120px|||||&#8221; saved_tabs=&#8221;all&#8221;][et_pb_row module_class=&#8221;lien-he-bottom&#8221; _builder_version=&#8221;4.4.8&#8243; custom_margin=&#8221;0px||||false|false&#8221; animation_style=&#8221;fade&#8221; locked=&#8221;off&#8221; collapsed=&#8221;off&#8221;][et_pb_column type=&#8221;4_4&#8243; _builder_version=&#8221;3.25&#8243; custom_padding=&#8221;|||&#8221; custom_padding__hover=&#8221;|||&#8221;][et_pb_text module_id=&#8221;diachiOISP&#8221; _builder_version=&#8221;4.3.2&#8243; text_font=&#8221;||||||||&#8221; text_line_height=&#8221;1.8em&#8221; header_font=&#8221;||||||||&#8221; header_2_font=&#8221;||||||||&#8221; header_2_text_color=&#8221;#00aaef&#8221; header_2_font_size=&#8221;18px&#8221; header_2_line_height=&#8221;1.2em&#8221; background_color=&#8221;#cef2ff&#8221; use_background_color_gradient=&#8221;on&#8221; background_color_gradient_start=&#8221;#cef2ff&#8221; background_color_gradient_end=&#8221;#ffffff&#8221; width=&#8221;70%&#8221; width_tablet=&#8221;100%&#8221; width_phone=&#8221;100%&#8221; width_last_edited=&#8221;on|desktop&#8221; max_width=&#8221;100%&#8221; module_alignment=&#8221;center&#8221; custom_padding=&#8221;15px|15px|5px|15px|false|false&#8221; border_width_all=&#8221;1px&#8221; border_color_all=&#8221;#00aaef&#8221; border_style_all=&#8221;dashed&#8221; box_shadow_style=&#8221;preset3&#8243; locked=&#8221;off&#8221; custom_margin__hover_enabled=&#8221;on|desktop&#8221;]<\/p>\n<h2 style=\"text-align: left;\">LI\u00caN H\u1ec6 TRUNG T\u00c2M T\u01af V\u1ea4N DU H\u1eccC<\/h2>\n<p><strong>V\u0103n ph\u00f2ng \u0110\u00e0o t\u1ea1o Qu\u1ed1c t\u1ebf (OISP), Tr\u01b0\u1eddng \u0110H B\u00e1ch khoa \u2013 \u0110H Qu\u1ed1c gia TP.HCM<\/strong><\/p>\n<ul>\n<li>\u0110\u1ecba ch\u1ec9: P.306, Nh\u00e0 A4, Tr\u01b0\u1eddng \u0110H B\u00e1ch khoa, 268 L\u00fd Th\u01b0\u1eddng Ki\u1ec7t, P.14, Q.10, TP.HCM<\/li>\n<li>\u0110i\u1ec7n tho\u1ea1i:<span>\u00a0<\/span><a href=\"tel:028-7300-4183\">(028) 7300.4183<\/a>\u00a0(g\u1eb7p Ms. An) \u2013 Hotline:<span>\u00a0<\/span><a href=\"tel:+84909544592\">0909.544.592<\/a><\/li>\n<li>E-mail:<span>\u00a0<\/span><a href=\"mailto:stu.transfer@oisp.edu.vn\">info.sac@oisp.edu.vn<\/a>\u00a0| Website:<span>\u00a0<\/span><a href=\"https:\/\/oisp.hcmut.edu.vn\/sac\/\" target=\"_blank\" rel=\"noopener noreferrer\">oisp.hcmut.edu.vn\/sac\/<\/a><\/li>\n<li>Facebook:\u00a0<a href=\"https:\/\/www.facebook.com\/tuvanduhocbachkhoa\/\">https:\/\/www.facebook.com\/tuvanduhocbachkhoa\/<\/a><\/li>\n<\/ul>\n<p>&nbsp;<\/p>\n<p style=\"text-align: center;\">\n<p>[\/et_pb_text][\/et_pb_column][\/et_pb_row][\/et_pb_section]<\/p>\n","protected":false},"excerpt":{"rendered":"<p>NGH\u0128. L\u00c0M. THAY \u0110\u1ed4ITh\u00e0nh l\u1eadp n\u0103m 1964, ti\u1ec1n th\u00e2n l\u00e0 Vi\u1ec7n C\u00f4ng ngh\u1ec7 New South Wales. T\u1ecda l\u1ea1c t\u1ea1i Khu Th\u01b0\u01a1ng m\u1ea1i Trung t\u00e2m th\u00e0nh ph\u1ed1 Sydney, b\u1edd bi\u1ec3n ph\u00eda \u0110\u00f4ng n\u01b0\u1edbc \u00dac, th\u1ee7 ph\u1ee7 ti\u1ec3u bang New South Wales. Khu h\u1ecdc x\u00e1 ch\u00ednh c\u1ee7a tr\u01b0\u1eddng \u0111\u01b0\u1ee3c n\u00e2ng c\u1ea5p t\u1ed1i t\u00e2n trong nh\u1eefng n\u0103m g\u1ea7n [&hellip;]<\/p>\n","protected":false},"author":1,"featured_media":0,"parent":49688,"menu_order":0,"comment_status":"closed","ping_status":"closed","template":"","meta":{"_et_pb_use_builder":"on","_et_pb_old_content":"","_et_gb_content_width":"","footnotes":""},"class_list":["post-50168","page","type-page","status-publish","hentry"],"_links":{"self":[{"href":"https:\/\/oisp.hcmut.edu.vn\/sac\/wp-json\/wp\/v2\/pages\/50168","targetHints":{"allow":["GET"]}}],"collection":[{"href":"https:\/\/oisp.hcmut.edu.vn\/sac\/wp-json\/wp\/v2\/pages"}],"about":[{"href":"https:\/\/oisp.hcmut.edu.vn\/sac\/wp-json\/wp\/v2\/types\/page"}],"author":[{"embeddable":true,"href":"https:\/\/oisp.hcmut.edu.vn\/sac\/wp-json\/wp\/v2\/users\/1"}],"replies":[{"embeddable":true,"href":"https:\/\/oisp.hcmut.edu.vn\/sac\/wp-json\/wp\/v2\/comments?post=50168"}],"version-history":[{"count":4,"href":"https:\/\/oisp.hcmut.edu.vn\/sac\/wp-json\/wp\/v2\/pages\/50168\/revisions"}],"predecessor-version":[{"id":52152,"href":"https:\/\/oisp.hcmut.edu.vn\/sac\/wp-json\/wp\/v2\/pages\/50168\/revisions\/52152"}],"up":[{"embeddable":true,"href":"https:\/\/oisp.hcmut.edu.vn\/sac\/wp-json\/wp\/v2\/pages\/49688"}],"wp:attachment":[{"href":"https:\/\/oisp.hcmut.edu.vn\/sac\/wp-json\/wp\/v2\/media?parent=50168"}],"curies":[{"name":"wp","href":"https:\/\/api.w.org\/{rel}","templated":true}]}}