{"id":50216,"date":"2020-03-18T11:10:49","date_gmt":"2020-03-18T11:10:49","guid":{"rendered":"https:\/\/oisp.hcmut.edu.vn\/sac\/?page_id=50216"},"modified":"2021-05-24T08:56:41","modified_gmt":"2021-05-24T08:56:41","slug":"macquarie-university","status":"publish","type":"page","link":"https:\/\/oisp.hcmut.edu.vn\/sac\/diem-den\/uc\/macquarie-university\/","title":{"rendered":"Macquarie University"},"content":{"rendered":"<p>[et_pb_section fb_built=&#8221;1&#8243; fullwidth=&#8221;on&#8221; custom_padding_last_edited=&#8221;on|phone&#8221; _builder_version=&#8221;4.4.1&#8243; background_enable_color=&#8221;off&#8221; use_background_color_gradient=&#8221;on&#8221; background_color_gradient_start=&#8221;rgba(0,0,0,0.5)&#8221; background_color_gradient_end=&#8221;rgba(0,0,0,0.28)&#8221; background_color_gradient_overlays_image=&#8221;on&#8221; background_image=&#8221;https:\/\/oisp.hcmut.edu.vn\/sac\/wp-content\/uploads\/2020\/03\/HCMUT-SAC_MU_Macquarie_University_banner.jpg&#8221; custom_padding=&#8221;200px||152px||false|false&#8221; custom_padding_tablet=&#8221;50px||50px||false|false&#8221; custom_padding_phone=&#8221;&#8221;][et_pb_fullwidth_header title=&#8221;Macquarie University &#8211; MU&#8221; _builder_version=&#8221;4.3.2&#8243; title_font=&#8221;|800||on|||||&#8221; title_font_size=&#8221;48px&#8221; title_line_height=&#8221;1.4em&#8221; background_enable_color=&#8221;off&#8221; title_font_size_tablet=&#8221;32px&#8221; title_font_size_phone=&#8221;&#8221; title_font_size_last_edited=&#8221;on|phone&#8221; title_text_shadow_style=&#8221;preset5&#8243; title_text_shadow_color=&#8221;#e02b20&#8243;][\/et_pb_fullwidth_header][\/et_pb_section][et_pb_section fb_built=&#8221;1&#8243; _builder_version=&#8221;4.3.2&#8243; custom_margin=&#8221;||-81px|||&#8221; custom_padding=&#8221;0px|||||&#8221;][et_pb_row column_structure=&#8221;2_3,1_3&#8243; _builder_version=&#8221;4.3.2&#8243;][et_pb_column type=&#8221;2_3&#8243; _builder_version=&#8221;4.3.2&#8243;][et_pb_video src=&#8221;https:\/\/youtu.be\/ze__oJUtwPg&#8221; _builder_version=&#8221;4.3.2&#8243; width=&#8221;100%&#8221; custom_margin=&#8221;|-161px||||&#8221; custom_padding=&#8221;|0px||||&#8221;][\/et_pb_video][\/et_pb_column][et_pb_column type=&#8221;1_3&#8243; _builder_version=&#8221;4.3.2&#8243;][et_pb_image src=&#8221;https:\/\/oisp.hcmut.edu.vn\/sac\/wp-content\/uploads\/2021\/05\/MACQUARIEUNI.png&#8221; align=&#8221;center&#8221; _builder_version=&#8221;4.3.2&#8243; width=&#8221;70%&#8221; box_shadow_style=&#8221;preset2&#8243;][\/et_pb_image][et_pb_text _builder_version=&#8221;4.3.2&#8243;]<\/p>\n<h2 style=\"text-align: center;\"><strong>D\u1ea0Y V\u00c0 H\u1eccC<\/strong><\/h2>\n<h2 style=\"text-align: center;\"><strong>B\u1eb0NG C\u1ea2 NI\u1ec0M VUI<\/strong><\/h2>\n<p>[\/et_pb_text][\/et_pb_column][\/et_pb_row][\/et_pb_section][et_pb_section fb_built=&#8221;1&#8243; _builder_version=&#8221;4.3.2&#8243; custom_margin=&#8221;||-81px|||&#8221; custom_padding=&#8221;0px|||||&#8221;][et_pb_row column_structure=&#8221;1_5,1_5,1_5,1_5,1_5&#8243; _builder_version=&#8221;4.3.2&#8243;][et_pb_column type=&#8221;1_5&#8243; _builder_version=&#8221;4.3.2&#8243;][et_pb_number_counter title=&#8221;N\u0102M H\u00ccNH TH\u00c0NH V\u00c0 PH\u00c1T TRI\u1ec2N&#8221; number=&#8221;56+&#8221; percent_sign=&#8221;off&#8221; _builder_version=&#8221;4.3.2&#8243; title_font=&#8221;|700||on|||||&#8221; title_text_align=&#8221;center&#8221; title_text_color=&#8221;#ffffff&#8221; title_font_size=&#8221;15px&#8221; title_line_height=&#8221;1.2em&#8221; number_font=&#8221;|800||on|||||&#8221; number_text_align=&#8221;center&#8221; number_text_color=&#8221;#ffffff&#8221; number_font_size=&#8221;60px&#8221; use_background_color_gradient=&#8221;on&#8221; background_color_gradient_start=&#8221;#e02b20&#8243; background_color_gradient_end=&#8221;#f16334&#8243; number_text_shadow_style=&#8221;preset5&#8243; number_text_shadow_color=&#8221;#e02b20&#8243; border_radii=&#8221;on|12px|12px|12px|12px&#8221;][\/et_pb_number_counter][\/et_pb_column][et_pb_column type=&#8221;1_5&#8243; _builder_version=&#8221;4.3.2&#8243;][et_pb_number_counter title=&#8221;TH\u1ee8 H\u1ea0NG TRONG B\u1ea2NG THE WORLD UNIVERSITY RANKINGS 2020&#8243; number=&#8221;201&#8243; percent_sign=&#8221;off&#8221; _builder_version=&#8221;4.3.2&#8243; title_font=&#8221;|700||on|||||&#8221; title_text_align=&#8221;center&#8221; title_text_color=&#8221;#ffffff&#8221; title_font_size=&#8221;12px&#8221; title_line_height=&#8221;1.2em&#8221; number_font=&#8221;|800||on|||||&#8221; number_text_align=&#8221;center&#8221; number_text_color=&#8221;#ffffff&#8221; number_font_size=&#8221;60px&#8221; use_background_color_gradient=&#8221;on&#8221; background_color_gradient_start=&#8221;#e02b20&#8243; background_color_gradient_end=&#8221;#f16334&#8243; number_text_shadow_style=&#8221;preset5&#8243; number_text_shadow_color=&#8221;#e02b20&#8243; border_radii=&#8221;on|12px|12px|12px|12px&#8221;][\/et_pb_number_counter][\/et_pb_column][et_pb_column type=&#8221;1_5&#8243; _builder_version=&#8221;4.3.2&#8243;][et_pb_number_counter title=&#8221;TH\u1ee8 H\u1ea0NG TRONG B\u1ea2NG QS GRADUATE EMPLOYABILITY RANKINGS 2020&#8243; number=&#8221;101&#8243; percent_sign=&#8221;off&#8221; _builder_version=&#8221;4.3.2&#8243; title_font=&#8221;|700||on|||||&#8221; title_text_align=&#8221;center&#8221; title_text_color=&#8221;#ffffff&#8221; title_font_size=&#8221;11px&#8221; title_line_height=&#8221;1.2em&#8221; number_font=&#8221;|800||on|||||&#8221; number_text_align=&#8221;center&#8221; number_text_color=&#8221;#ffffff&#8221; number_font_size=&#8221;60px&#8221; use_background_color_gradient=&#8221;on&#8221; background_color_gradient_start=&#8221;#e02b20&#8243; background_color_gradient_end=&#8221;#f16334&#8243; number_text_shadow_style=&#8221;preset5&#8243; number_text_shadow_color=&#8221;#e02b20&#8243; border_radii=&#8221;on|12px|12px|12px|12px&#8221;][\/et_pb_number_counter][\/et_pb_column][et_pb_column type=&#8221;1_5&#8243; _builder_version=&#8221;4.3.2&#8243;][et_pb_number_counter title=&#8221;NH\u00c0 KHOA H\u1eccC THU\u1ed8C TOP 1% TH\u1ebe GI\u1edaI (CLARIVATE 2019)&#8221; number=&#8221;6&#8243; percent_sign=&#8221;off&#8221; _builder_version=&#8221;4.3.2&#8243; title_font=&#8221;|700||on|||||&#8221; title_text_align=&#8221;center&#8221; title_text_color=&#8221;#ffffff&#8221; title_font_size=&#8221;12px&#8221; title_line_height=&#8221;1.2em&#8221; number_font=&#8221;|800||on|||||&#8221; number_text_align=&#8221;center&#8221; number_text_color=&#8221;#ffffff&#8221; number_font_size=&#8221;60px&#8221; use_background_color_gradient=&#8221;on&#8221; background_color_gradient_start=&#8221;#e02b20&#8243; background_color_gradient_end=&#8221;#f16334&#8243; number_text_shadow_style=&#8221;preset5&#8243; number_text_shadow_color=&#8221;#e02b20&#8243; border_radii=&#8221;on|12px|12px|12px|12px&#8221;][\/et_pb_number_counter][\/et_pb_column][et_pb_column type=&#8221;1_5&#8243; _builder_version=&#8221;4.3.2&#8243;][et_pb_number_counter title=&#8221;SINH VI\u00caN MANG QU\u1ed0C T\u1ecaCH VN&#8221; number=&#8221;3.4&#8243; _builder_version=&#8221;4.3.2&#8243; title_font=&#8221;|700||on|||||&#8221; title_text_align=&#8221;center&#8221; title_text_color=&#8221;#ffffff&#8221; title_font_size=&#8221;15px&#8221; title_line_height=&#8221;1.2em&#8221; number_font=&#8221;|800||on|||||&#8221; number_text_align=&#8221;center&#8221; number_text_color=&#8221;#ffffff&#8221; number_font_size=&#8221;59px&#8221; use_background_color_gradient=&#8221;on&#8221; background_color_gradient_start=&#8221;#e02b20&#8243; background_color_gradient_end=&#8221;#f16334&#8243; number_text_shadow_style=&#8221;preset5&#8243; number_text_shadow_color=&#8221;#e02b20&#8243; border_radii=&#8221;on|12px|12px|12px|12px&#8221;][\/et_pb_number_counter][\/et_pb_column][\/et_pb_row][\/et_pb_section][et_pb_section fb_built=&#8221;1&#8243; _builder_version=&#8221;4.4.0&#8243; custom_padding=&#8221;0px|||||&#8221;][et_pb_row _builder_version=&#8221;4.4.0&#8243;][et_pb_column type=&#8221;4_4&#8243; _builder_version=&#8221;4.4.0&#8243;][et_pb_accordion _builder_version=&#8221;4.3.2&#8243; hover_enabled=&#8221;0&#8243;][et_pb_accordion_item title=&#8221;Th\u00f4ng tin t\u1ed5ng quan&#8221; open_toggle_text_color=&#8221;#0c71c3&#8243; open_toggle_background_color=&#8221;rgba(0,199,255,0.12)&#8221; icon_color=&#8221;#00aeef&#8221; _builder_version=&#8221;4.3.2&#8243; body_font_size=&#8221;17px&#8221; text_orientation=&#8221;justified&#8221; border_color_all=&#8221;#00aeef&#8221; toggle_font=&#8221;|800||on|||||&#8221; closed_toggle_font=&#8221;|600||on|||||&#8221; open=&#8221;off&#8221;]<\/p>\n<p>Th\u00e0nh l\u1eadp n\u0103m 1964 theo \u0111\u1ecbnh h\u01b0\u1edbng nghi\u00ean c\u1ee9u; l\u00e0 m\u00e1i nh\u00e0 chung c\u1ee7a h\u01a1n 42.000 SV, h\u1ecdc vi\u00ean v\u00e0 3.000 c\u00e1n b\u1ed9, gi\u1ea3ng vi\u00ean.<\/p>\n<p>T\u1ecda l\u1ea1c \u1edf v\u1ecb tr\u00ed \u0111\u1ed9c nh\u1ea5t\u00a0\u2013 trong l\u00f2ng khu c\u00f4ng ngh\u1ec7 cao quy nh\u1ea5t n\u01b0\u1edbc \u00dac, gi\u1eefa khung c\u1ea3nh xanh ng\u00e1t c\u1ee7a th\u00e0nh ph\u1ed1 Sydney, bang New South Wales.<\/p>\n<p>Khu h\u1ecdc x\u00e1 \u0111\u01b0\u1ee3c \u0111\u1ea7u t\u01b0 h\u01a1n 1 t\u1ec9 dollar \u00dac v\u1edbi c\u01a1 s\u1edf h\u1ea1 t\u1ea7ng, trang thi\u1ebft b\u1ecb v\u00e0 c\u00f4ng ngh\u1ec7 t\u00e2n ti\u1ebfn nh\u01b0: b\u1ec7nh vi\u1ec7n \u0110H t\u01b0 \u0111\u1ea7u ti\u00ean v\u00e0 duy nh\u1ea5t \u1edf \u00dac, th\u01b0 vi\u1ec7n hi\u1ec7n \u0111\u1ea1i v\u1edbi h\u1ec7 th\u1ed1ng robot t\u1ef1 \u0111\u1ed9ng ph\u00e2n b\u1ed5 s\u00e1ch, trung t\u00e2m th\u1ec3 thao v\u00e0 c\u00e1c ho\u1ea1t \u0111\u1ed9ng d\u01b0\u1edbi n\u01b0\u1edbc \u0111\u1ea1t chu\u1ea9n Olympic, nh\u00e0 ga xa l\u1eeda\u2026<\/p>\n<p>V\u1edbi h\u01a1n 300 c\u00f4ng ty n\u1eb1m ngay tr\u00ean khu h\u1ecdc x\u00e1 v\u00e0 khu v\u1ef1c l\u00e2n c\u1eadn, SV MQ c\u00f3 c\u01a1 h\u1ed9i ti\u1ebfp c\u1eadn doanh nghi\u1ec7p, tham gia c\u00e1c ch\u01b0\u01a1ng tr\u00ecnh th\u1ef1c t\u1eadp v\u00e0 nghi\u00ean c\u1ee9u.<\/p>\n<p>Cam k\u1ebft chung tay c\u00f9ng c\u01b0 d\u00e2n b\u1ea3n \u0111\u1ecba (th\u1ed5 d\u00e2n \u00dac, th\u1ed5 d\u00e2n quanh eo bi\u1ec3n Torres) g\u00ecn gi\u1eef v\u00e0 ph\u00e1t huy l\u1ecbch s\u1eed, v\u0103n h\u00f3a, tri th\u1ee9c c\u1ee7a c\u1ed9ng \u0111\u1ed3ng th\u1ed5 d\u00e2n c\u0169ng nh\u01b0 v\u0103n h\u00f3a chung c\u1ee7a qu\u1ed1c gia.<\/p>\n<p>[\/et_pb_accordion_item][et_pb_accordion_item title=&#8221;H\u1ecdc ph\u00ed trung b\u00ecnh&#8221; open_toggle_text_color=&#8221;#0c71c3&#8243; open_toggle_background_color=&#8221;rgba(0,199,255,0.12)&#8221; icon_color=&#8221;#00aeef&#8221; _builder_version=&#8221;4.3.2&#8243; body_font_size=&#8221;17px&#8221; text_orientation=&#8221;justified&#8221; border_color_all=&#8221;#00aeef&#8221; toggle_font=&#8221;|800||on|||||&#8221; closed_toggle_font=&#8221;|600||on|||||&#8221; open=&#8221;off&#8221;]<\/p>\n<p>\u2013 H\u1ecdc ph\u00ed \u01b0\u1edbc t\u00ednh c\u1ee7a MU : ~ 706.000.000 \u0111\u1ed3ng\/n\u0103m \u0110H<\/p>\n<p>\u2013 Sinh ho\u1ea1t ph\u00ed \u01b0\u1edbc t\u00ednh t\u1ea1i \u00dac: ~ 170.000.000 \u2013 270.000.000 \u0111\u1ed3ng\/n\u0103m<\/p>\n<p><span><em>(H\u1ecdc ph\u00ed \u0110H n\u01b0\u1edbc ngo\u00e0i mang t\u00ednh tham kh\u1ea3o, c\u00f3 th\u1ec3 thay \u0111\u1ed5i theo th\u1eddi gi\u00e1 ngo\u1ea1i t\u1ec7 v\u00e0 m\u1ee9c \u0111i\u1ec1u ch\u1ec9nh c\u1ee7a c\u00e1c tr\u01b0\u1eddng theo t\u1eebng n\u0103m. H\u1ecdc ph\u00ed quy \u0111\u1ed5i sang ti\u1ec1n \u0111\u1ed3ng trong b\u1ea3ng n\u00e0y \u0111\u01b0\u1ee3c \u00e1p d\u1ee5ng theo t\u1ec9 gi\u00e1 do Ng\u00e2n h\u00e0ng TMCP Ngo\u1ea1i th\u01b0\u01a1ng Vi\u1ec7t Nam (VCB) c\u00f4ng b\u1ed1 v\u00e0o 27\/02\/2021.<\/em><\/span><span><em>)<\/em><\/span><\/p>\n<p>[\/et_pb_accordion_item][et_pb_accordion_item title=&#8221;C\u00e1c Ng\u00e0nh \u0111\u00e0o t\u1ea1o&#8221; open_toggle_text_color=&#8221;#0c71c3&#8243; open_toggle_background_color=&#8221;rgba(0,199,255,0.12)&#8221; icon_color=&#8221;#00aeef&#8221; _builder_version=&#8221;4.3.2&#8243; body_font_size=&#8221;17px&#8221; text_orientation=&#8221;justified&#8221; hover_enabled=&#8221;0&#8243; border_color_all=&#8221;#00aeef&#8221; toggle_font=&#8221;|800||on|||||&#8221; closed_toggle_font=&#8221;|600||on|||||&#8221; open=&#8221;on&#8221;]<\/p>\n<p>\u1ede MU, sinh vi\u00ean c\u00f3 th\u1ec3 ch\u1ecdn c\u00e1c kh\u00f3a th\u1ea1c s\u0129 k\u00e9o d\u00e0i m\u1ed9t n\u0103m ho\u1eb7c c\u00e1c kh\u00f3a th\u1ea1c s\u0129 c\u1ea5p b\u1eb1ng k\u00e9p trong lo\u1ea1t ch\u01b0\u01a1ng tr\u00ecnh quy m\u00f4 nh\u1ea5t n\u01b0\u1edbc \u00dac \u0111\u1ec3 \u0111\u01b0\u1ee3c k\u1ebft h\u1ee3p c\u00e1c s\u1edf th\u00edch c\u1ee7a b\u1ea3n th\u00e2n, \u0111\u1ed3ng th\u1eddi \u0111a d\u1ea1ng h\u00f3a tri\u1ec3n v\u1ecdng s\u1ef1 nghi\u1ec7p sau n\u00e0y.<\/p>\n<p>T\u1ea1i X\u1ebfp h\u1ea1ng \u0110\u1ea1i h\u1ecdc Th\u1ebf gi\u1edbi theo Ng\u00e0nh h\u1ecdc c\u1ee7a QS n\u0103m 2020, Macquarie c\u00f3 7 ng\u00e0nh h\u1ecdc l\u1ecdt v\u00e0o top 100 to\u00e0n c\u1ea7u.<\/p>\n<p><span>Hi\u1ec7n nay, Macquarie c\u00f3\u00a0<\/span>h\u01a1n 200 ch\u01b0\u01a1ng tr\u00ecnh \u0111\u00e0o t\u1ea1o c\u1ea5p b\u1eb1ng thu\u1ed9c c\u00e1c l\u0129nh v\u1ef1c:<\/p>\n<ul>\n<li>Kinh doanh<\/li>\n<li>Khoa h\u1ecdc k\u1ef9 thu\u1eadt<\/li>\n<li>C\u00f4ng ngh\u1ec7 th\u00f4ng tin<\/li>\n<li>Ngh\u1ec7 thu\u1eadt v\u00e0 Khoa h\u1ecdc x\u00e3 h\u1ed9i<\/li>\n<li>Truy\u1ec1n th\u00f4ng \u0111a ph\u01b0\u01a1ng ti\u1ec7n\u00a0<\/li>\n<li>Y t\u1ebf v\u00e0\u00a0 s\u1ee9c kh\u1ecfe<\/li>\n<li>T\u00e2m l\u00fd h\u1ecdc v\u00e0 Khoa h\u1ecdc nh\u1eadn th\u1ee9c<\/li>\n<li>Ng\u00f4n ng\u1eef h\u1ecdc<\/li>\n<li>An ninh, T\u00ecnh b\u00e1o v\u00e0 T\u1ed9i ph\u1ea1m h\u1ecdc<\/li>\n<\/ul>\n<p>[\/et_pb_accordion_item][et_pb_accordion_item title=&#8221;Y\u00eau c\u1ea7u ti\u1ebfng Anh&#8221; open=&#8221;off&#8221; open_toggle_text_color=&#8221;#0c71c3&#8243; open_toggle_background_color=&#8221;rgba(0,199,255,0.12)&#8221; icon_color=&#8221;#00aeef&#8221; _builder_version=&#8221;4.3.2&#8243; body_font_size=&#8221;17px&#8221; text_orientation=&#8221;justified&#8221; border_color_all=&#8221;#00aeef&#8221; toggle_font=&#8221;|800||on|||||&#8221; closed_toggle_font=&#8221;|600||on|||||&#8221;]<\/p>\n<p><span>\u2022 IELTS \u2265 6.5 (\u0111i\u1ec3m th\u00e0nh ph\u1ea7n \u2265 6.0); ho\u1eb7c<\/span><br \/> <span>\u2022 TOEFL iBT \u2265 83 (vi\u1ebft \u2265 21, n\u00f3i \u2265 18, \u0111\u1ecdc \u2265 13, nghe \u2265 12); ho\u1eb7c<\/span><br \/> <span>\u2022 PTE \u2265 58 (\u0111i\u1ec3m th\u00e0nh ph\u1ea7n \u2265 50)<\/span><\/p>\n<p>[\/et_pb_accordion_item][et_pb_accordion_item title=&#8221;H\u1ecdc b\u1ed5ng&#8221; open_toggle_text_color=&#8221;#0c71c3&#8243; open_toggle_background_color=&#8221;rgba(0,199,255,0.12)&#8221; icon_color=&#8221;#00aeef&#8221; _builder_version=&#8221;4.3.2&#8243; body_font_size=&#8221;17px&#8221; text_orientation=&#8221;justified&#8221; border_color_all=&#8221;#00aeef&#8221; toggle_font=&#8221;|800||on|||||&#8221; closed_toggle_font=&#8221;|600||on|||||&#8221; open=&#8221;off&#8221;]<\/p>\n<p><span>MQ l\u00e0 m\u1ed9t trong nh\u1eefng \u0110H c\u00f3 ch\u00ednh s\u00e1ch h\u1ecdc b\u1ed5ng cho SV qu\u1ed1c t\u1ebf \u0111a d\u1ea1ng v\u00e0 h\u00e0o ph\u00f3ng nh\u1ea5t n\u01b0\u1edbc \u00dac. M\u1ed7i n\u0103m, MQ c\u1ea5p h\u01a1n 5 tri\u1ec7u dollar \u00dac cho h\u1ecdc b\u1ed5ng, n\u1ed5i b\u1eadt trong s\u1ed1 \u0111\u00f3 l\u00e0:<\/span><\/p>\n<p>\u2013 H\u1ecdc b\u1ed5ng\u00a0<a href=\"https:\/\/www.mq.edu.au\/study\/why-study-here\/scholarships\/scholarships\/details\/vice-chancellors-international-scholarship\" target=\"_blank\" rel=\"noopener noreferrer\">Vice-Chancellor<\/a><span>\u00a0<\/span>c\u1ea5p cho SV qu\u1ed1c t\u1ebf t\u1ea1i MQ c\u00f3 th\u00e0nh t\u00edch h\u1ecdc t\u1eadp xu\u1ea5t s\u1eafc, tr\u1ecb gi\u00e1 10.000 dollar \u00dac\/n\u0103m<\/p>\n<p>\u2013 H\u1ecdc b\u1ed5ng<span>\u00a0<\/span><a href=\"https:\/\/oisp.hcmut.edu.vn\/du-hoc\/tin-tuc-du-hoc\/hoc-bong-15-000-aud-cho-sv-bach-khoa-quoc-te.html\" target=\"_blank\" rel=\"noopener noreferrer\">HCMUT Ambassador<\/a><span>\u00a0<\/span>cho SV B\u00e1ch khoa Qu\u1ed1c t\u1ebf s\u1eafp chuy\u1ec3n ti\u1ebfp sang MQ v\u00e0 c\u00f3 th\u00e0nh t\u00edch h\u1ecdc t\u1eadp xu\u1ea5t s\u1eafc,\u00a0tr\u1ecb gi\u00e1 15.000 dollar \u00dac, c\u1ea5p t\u1ed1i \u0111a 02 n\u0103m<\/p>\n<p>\u2013 H\u1ecdc b\u1ed5ng\u00a0<a href=\"https:\/\/oisp.hcmut.edu.vn\/du-hoc\/tin-tuc-du-hoc\/hoc-bong-15-000-aud-cho-sv-bach-khoa-quoc-te.html\" target=\"_blank\" rel=\"noopener noreferrer\">Partner Scholarship HCMUT<\/a><span>\u00a0<\/span>c\u0169ng d\u00e0nh cho SV B\u00e1ch khoa Qu\u1ed1c t\u1ebf s\u1eafp chuy\u1ec3n ti\u1ebfp sang MQ v\u00e0 c\u00f3 th\u00e0nh t\u00edch h\u1ecdc t\u1eadp t\u1ed1t, tr\u1ecb gi\u00e1 5.000 dollar \u00dac, c\u1ea5p ti\u1ec1n m\u1eb7t 01 l\u1ea7n<\/p>\n<p><span><em>(1 dollar \u00dac ~ 13.875 \u0111\u1ed3ng, th\u1eddi gi\u00e1 5\/2021)<\/em><\/span><\/p>\n<p><em>\u0110\u1ea1i h\u1ecdc GU lu\u00f4n c\u00f3 c\u00e1c h\u1ecdc b\u1ed5ng c\u0169ng nh\u01b0 h\u1ed7 tr\u1ee3 v\u1ec1 t\u00e0i ch\u00ednh cho sinh vi\u00ean, chi ti\u1ebft vui l\u00f2ng xem\u00a0<a href=\"https:\/\/oisp.hcmut.edu.vn\/sac\/category\/du-hoc-uc\/\" target=\"_blank\" rel=\"noopener noreferrer\">t\u1ea1i\u00a0\u0111\u00e2y <\/a>ho\u1eb7c\u00a0<a href=\"https:\/\/oisp.hcmut.edu.vn\/sac\/thong-tin-du-hoc\/\">li\u00ean h\u1ec7 t\u01b0 v\u1ea5n<\/a><a href=\"https:\/\/oisp.hcmut.edu.vn\/sac\/category\/du-hoc-uc\/\" target=\"_blank\" rel=\"noopener noreferrer\">.<\/a><\/em><span><em><\/em><\/span><\/p>\n<p><span><em><\/em><\/span><\/p>\n<p>[\/et_pb_accordion_item][et_pb_accordion_item title=&#8221;H\u1ed7 tr\u1ee3 c\u1ee7a trung t\u00e2m d\u00e0nh cho sv bk chuy\u1ec3n ti\u1ebfp sang mu&#8221; open_toggle_text_color=&#8221;#0c71c3&#8243; open_toggle_background_color=&#8221;rgba(0,199,255,0.12)&#8221; icon_color=&#8221;#00aeef&#8221; _builder_version=&#8221;4.3.2&#8243; body_font_size=&#8221;17px&#8221; text_orientation=&#8221;justified&#8221; border_color_all=&#8221;#00aeef&#8221; toggle_font=&#8221;|800||on|||||&#8221; closed_toggle_font=&#8221;|600||on|||||&#8221; open=&#8221;off&#8221;]<\/p>\n<p>\u2013 H\u01b0\u1edbng d\u1eabn th\u1ee7 t\u1ee5c chuy\u1ec3n \u0111i\u1ec3m\/ t\u00edn ch\u1ec9 sang \u0110H \u0111\u1ed1i t\u00e1c<\/p>\n<p>\u2013 Xin Gi\u1ea5y Nh\u1eadp h\u1ecdc (CoE), \u0111\u0103ng k\u00fd l\u1edbp ti\u1ebfng Anh (n\u1ebfu c\u00f3)<\/p>\n<p>\u2013 T\u01b0 v\u1ea5n th\u1ee7 t\u1ee5c ch\u1ee9ng minh t\u00e0i ch\u00ednh, xin visa<\/p>\n<p>\u2013 H\u1ed7 tr\u1ee3 t\u00ecm nh\u00e0 \u1edf, \u0111\u0103ng k\u00fd k\u00fd t\u00fac x\u00e1<\/p>\n<p>\u2013 \u0110\u01b0a \u0111\u00f3n t\u1ea1i s\u00e2n bay, li\u00ean h\u1ec7 v\u1edbi c\u1ed9ng \u0111\u1ed3ng SV B\u00e1ch khoa Qu\u1ed1c t\u1ebf \u1edf n\u01b0\u1edbc b\u1ea1n \u0111\u1ec3 \u0111\u01b0\u1ee3c gi\u00fap \u0111\u1ee1<\/p>\n<p><span><em><\/em><\/span><\/p>\n<p>[\/et_pb_accordion_item][\/et_pb_accordion][\/et_pb_column][\/et_pb_row][\/et_pb_section][et_pb_section fb_built=&#8221;1&#8243; _builder_version=&#8221;4.3.2&#8243; custom_margin=&#8221;-114px|||||&#8221; saved_tabs=&#8221;all&#8221;][et_pb_row module_class=&#8221;lien-he-bottom&#8221; _builder_version=&#8221;4.4.8&#8243; custom_margin=&#8221;0px||||false|false&#8221; animation_style=&#8221;fade&#8221; locked=&#8221;off&#8221; collapsed=&#8221;off&#8221;][et_pb_column type=&#8221;4_4&#8243; _builder_version=&#8221;3.25&#8243; custom_padding=&#8221;|||&#8221; custom_padding__hover=&#8221;|||&#8221;][et_pb_text module_id=&#8221;diachiOISP&#8221; _builder_version=&#8221;4.3.2&#8243; text_font=&#8221;||||||||&#8221; text_line_height=&#8221;1.8em&#8221; header_font=&#8221;||||||||&#8221; header_2_font=&#8221;||||||||&#8221; header_2_text_color=&#8221;#00aaef&#8221; header_2_font_size=&#8221;18px&#8221; header_2_line_height=&#8221;1.2em&#8221; background_color=&#8221;#cef2ff&#8221; use_background_color_gradient=&#8221;on&#8221; background_color_gradient_start=&#8221;#cef2ff&#8221; background_color_gradient_end=&#8221;#ffffff&#8221; width=&#8221;70%&#8221; width_tablet=&#8221;100%&#8221; width_phone=&#8221;100%&#8221; width_last_edited=&#8221;on|desktop&#8221; max_width=&#8221;100%&#8221; module_alignment=&#8221;center&#8221; custom_padding=&#8221;15px|15px|5px|15px|false|false&#8221; border_width_all=&#8221;1px&#8221; border_color_all=&#8221;#00aaef&#8221; border_style_all=&#8221;dashed&#8221; box_shadow_style=&#8221;preset3&#8243; locked=&#8221;off&#8221; custom_margin__hover_enabled=&#8221;on|desktop&#8221;]<\/p>\n<h2 style=\"text-align: left;\">LI\u00caN H\u1ec6 TRUNG T\u00c2M DU H\u1eccC<\/h2>\n<p><strong>V\u0103n ph\u00f2ng \u0110\u00e0o t\u1ea1o Qu\u1ed1c t\u1ebf (OISP), Tr\u01b0\u1eddng \u0110H B\u00e1ch khoa \u2013 \u0110H Qu\u1ed1c gia TP.HCM<\/strong><\/p>\n<ul>\n<li>\u0110\u1ecba ch\u1ec9: P.306, Nh\u00e0 A4, Tr\u01b0\u1eddng \u0110H B\u00e1ch khoa, 268 L\u00fd Th\u01b0\u1eddng Ki\u1ec7t, P.14, Q.10, TP.HCM<\/li>\n<li>\u0110i\u1ec7n tho\u1ea1i:<span>\u00a0<\/span><a href=\"tel:028-7300-4183\">(028) 7300.4183<\/a>\u00a0(g\u1eb7p Ms. An) \u2013 Hotline:<span>\u00a0<\/span><a href=\"tel:+84909544592\">0909.544.592<\/a><\/li>\n<li>E-mail:<span>\u00a0<\/span><a href=\"mailto:stu.transfer@oisp.edu.vn\">info.sac@oisp.edu.vn<\/a>\u00a0| Website:<span>\u00a0<\/span><a href=\"https:\/\/oisp.hcmut.edu.vn\/sac\/\" target=\"_blank\" rel=\"noopener noreferrer\">oisp.hcmut.edu.vn\/sac\/<\/a><\/li>\n<li>Facebook:\u00a0<a href=\"https:\/\/www.facebook.com\/tuvanduhocbachkhoa\/\">https:\/\/www.facebook.com\/tuvanduhocbachkhoa\/<\/a><\/li>\n<\/ul>\n<ul><\/ul>\n<p style=\"text-align: center;\">\n<p>[\/et_pb_text][\/et_pb_column][\/et_pb_row][\/et_pb_section]<\/p>\n","protected":false},"excerpt":{"rendered":"<p>D\u1ea0Y V\u00c0 H\u1eccC B\u1eb0NG C\u1ea2 NI\u1ec0M VUITh\u00e0nh l\u1eadp n\u0103m 1964 theo \u0111\u1ecbnh h\u01b0\u1edbng nghi\u00ean c\u1ee9u; l\u00e0 m\u00e1i nh\u00e0 chung c\u1ee7a h\u01a1n 42.000 SV, h\u1ecdc vi\u00ean v\u00e0 3.000 c\u00e1n b\u1ed9, gi\u1ea3ng vi\u00ean. T\u1ecda l\u1ea1c \u1edf v\u1ecb tr\u00ed \u0111\u1ed9c nh\u1ea5t\u00a0\u2013 trong l\u00f2ng khu c\u00f4ng ngh\u1ec7 cao quy nh\u1ea5t n\u01b0\u1edbc \u00dac, gi\u1eefa khung c\u1ea3nh xanh ng\u00e1t c\u1ee7a th\u00e0nh [&hellip;]<\/p>\n","protected":false},"author":1,"featured_media":0,"parent":49688,"menu_order":0,"comment_status":"closed","ping_status":"closed","template":"","meta":{"_et_pb_use_builder":"on","_et_pb_old_content":"","_et_gb_content_width":"","footnotes":""},"class_list":["post-50216","page","type-page","status-publish","hentry"],"_links":{"self":[{"href":"https:\/\/oisp.hcmut.edu.vn\/sac\/wp-json\/wp\/v2\/pages\/50216","targetHints":{"allow":["GET"]}}],"collection":[{"href":"https:\/\/oisp.hcmut.edu.vn\/sac\/wp-json\/wp\/v2\/pages"}],"about":[{"href":"https:\/\/oisp.hcmut.edu.vn\/sac\/wp-json\/wp\/v2\/types\/page"}],"author":[{"embeddable":true,"href":"https:\/\/oisp.hcmut.edu.vn\/sac\/wp-json\/wp\/v2\/users\/1"}],"replies":[{"embeddable":true,"href":"https:\/\/oisp.hcmut.edu.vn\/sac\/wp-json\/wp\/v2\/comments?post=50216"}],"version-history":[{"count":3,"href":"https:\/\/oisp.hcmut.edu.vn\/sac\/wp-json\/wp\/v2\/pages\/50216\/revisions"}],"predecessor-version":[{"id":52150,"href":"https:\/\/oisp.hcmut.edu.vn\/sac\/wp-json\/wp\/v2\/pages\/50216\/revisions\/52150"}],"up":[{"embeddable":true,"href":"https:\/\/oisp.hcmut.edu.vn\/sac\/wp-json\/wp\/v2\/pages\/49688"}],"wp:attachment":[{"href":"https:\/\/oisp.hcmut.edu.vn\/sac\/wp-json\/wp\/v2\/media?parent=50216"}],"curies":[{"name":"wp","href":"https:\/\/api.w.org\/{rel}","templated":true}]}}