{"id":50223,"date":"2020-03-18T11:39:11","date_gmt":"2020-03-18T11:39:11","guid":{"rendered":"https:\/\/oisp.hcmut.edu.vn\/sac\/?page_id=50223"},"modified":"2020-12-01T02:39:54","modified_gmt":"2020-12-01T02:39:54","slug":"deakin-university","status":"publish","type":"page","link":"https:\/\/oisp.hcmut.edu.vn\/sac\/diem-den\/uc\/deakin-university\/","title":{"rendered":"Deakin University"},"content":{"rendered":"<p>[et_pb_section fb_built=&#8221;1&#8243; fullwidth=&#8221;on&#8221; custom_padding_last_edited=&#8221;on|phone&#8221; _builder_version=&#8221;4.4.1&#8243; background_enable_color=&#8221;off&#8221; use_background_color_gradient=&#8221;on&#8221; background_color_gradient_start=&#8221;rgba(0,0,0,0.5)&#8221; background_color_gradient_end=&#8221;rgba(0,0,0,0.28)&#8221; background_color_gradient_overlays_image=&#8221;on&#8221; background_image=&#8221;https:\/\/oisp.hcmut.edu.vn\/sac\/wp-content\/uploads\/2020\/03\/HCMUT-SAC_DU_Deakin_University_banner.jpg&#8221; custom_padding=&#8221;200px||200px||false|false&#8221; custom_padding_tablet=&#8221;50px||50px||false|false&#8221; custom_padding_phone=&#8221;&#8221;][et_pb_fullwidth_header title=&#8221;Deakin University&#8221; _builder_version=&#8221;4.4.1&#8243; title_font=&#8221;|800||on|||||&#8221; title_font_size=&#8221;48px&#8221; title_line_height=&#8221;1.4em&#8221; background_enable_color=&#8221;off&#8221; title_font_size_tablet=&#8221;32px&#8221; title_font_size_phone=&#8221;&#8221; title_font_size_last_edited=&#8221;on|phone&#8221;][\/et_pb_fullwidth_header][\/et_pb_section][et_pb_section fb_built=&#8221;1&#8243; _builder_version=&#8221;4.4.0&#8243;][et_pb_row _builder_version=&#8221;4.4.0&#8243;][et_pb_column type=&#8221;4_4&#8243; _builder_version=&#8221;4.4.0&#8243;][et_pb_accordion _builder_version=&#8221;4.4.1&#8243;][et_pb_accordion_item title=&#8221;Th\u00f4ng tin t\u1ed5ng quan&#8221; open_toggle_text_color=&#8221;#0c71c3&#8243; open_toggle_background_color=&#8221;rgba(0,199,255,0.12)&#8221; icon_color=&#8221;#00aeef&#8221; _builder_version=&#8221;4.4.1&#8243; text_orientation=&#8221;justified&#8221; border_color_all=&#8221;#00aeef&#8221; toggle_font=&#8221;|800||on|||||&#8221; closed_toggle_font=&#8221;|600||on|||||&#8221; open=&#8221;off&#8221;]<\/p>\n<p>\u0110\u1ea1i h\u1ecdc Deakin c\u00f3 m\u1eb7t trong top 1% c\u00e1c tr\u01b0\u1eddng \u0111\u1ea1i h\u1ecdc tr\u00ean to\u00e0n th\u1ebf gi\u1edbi (ShanghaiRankings). Tr\u01b0\u1eddng mang \u0111\u1ebfn cho sinh vi\u00ean n\u1ec1n gi\u00e1o d\u1ee5c ch\u1ea5t l\u01b0\u1ee3ng cao v\u1edbi tri\u1ec3n v\u1ecdng vi\u1ec7c l\u00e0m t\u1ed1t.<\/p>\n<p>\u0110\u1ea1i h\u1ecdc Deakin ti\u1ebfp t\u1ee5c gi\u1eef v\u1eefng x\u1ebfp h\u1ea1ng QS 5 sao v\u1ec1 ch\u1ea5t l\u01b0\u1ee3ng gi\u1ea3ng d\u1ea1y v\u00e0 nghi\u00ean c\u1ee9u \u0111\u1eb3ng c\u1ea5p qu\u1ed1c t\u1ebf, \u0111\u1ee9ng v\u00e0o h\u00e0ng ng\u0169 50 tr\u01b0\u1eddng \u0111\u1ea1i h\u1ecdc tr\u1ebb h\u00e0ng \u0111\u1ea7u th\u1ebf gi\u1edbi (QS Top 50 under 50).<\/p>\n<p>H\u1ecdc x\u00e1 c\u1ee7a tr\u01b0\u1eddng c\u00f3 v\u1ecb tr\u00ed tuy\u1ec7t v\u1eddi t\u1ea1i Melbourne, Geelong v\u00e0 Warrnambool.<\/p>\n<p><span>Tr\u01b0\u1eddng c\u00f3 nh\u1eefng c\u01a1 s\u1edf v\u1eadt ch\u1ea5t \u0111\u01b0\u1ee3c thi\u1ebft k\u1ebf chuy\u00ean bi\u1ec7t d\u00e0nh cho t\u1eebng chuy\u00ean ng\u00e0nh: studio d\u00e0nh cho sinh vi\u00ean khoa Ki\u1ebfn tr\u00fac; trung t\u00e2m ghi h\u00ecnh, ph\u00f2ng s\u1ea3n xu\u1ea5t cho sinh vi\u00ean Truy\u1ec1n th\u00f4ng; khu c\u00f4ng ngh\u1ec7 Geelong, ph\u00f2ng Motion.Lab hi\u1ec7n \u0111\u1ea1i d\u00e0nh cho h\u1ecdc vi\u00ean kh\u1ed1i thi\u1ebft k\u1ebf \u0111\u1ed3 h\u1ecda\u2026<\/span><\/p>\n<p>[\/et_pb_accordion_item][et_pb_accordion_item title=&#8221;H\u1ecdc ph\u00ed trung b\u00ecnh&#8221; open_toggle_text_color=&#8221;#0c71c3&#8243; open_toggle_background_color=&#8221;rgba(0,199,255,0.12)&#8221; icon_color=&#8221;#00aeef&#8221; _builder_version=&#8221;4.4.1&#8243; text_orientation=&#8221;justified&#8221; border_color_all=&#8221;#00aeef&#8221; toggle_font=&#8221;|800||on|||||&#8221; closed_toggle_font=&#8221;|600||on|||||&#8221; open=&#8221;off&#8221;]<\/p>\n<p>\u2013 H\u1ecdc ph\u00ed \u01b0\u1edbc t\u00ednh c\u1ee7a DU : ~ 572.000.000 \u0111\u1ed3ng\/n\u0103m (\u0110\u1ea1i h\u1ecdc);\u00a0~ 567.000.000 \u0111\u1ed3ng\/n\u0103m (Cao h\u1ecdc);<\/p>\n<p>\u2013 Sinh ho\u1ea1t ph\u00ed \u01b0\u1edbc t\u00ednh t\u1ea1i \u00dac: ~ 170.000.000 \u2013 270.000.000 \u0111\u1ed3ng\/n\u0103m<\/p>\n<p><span><em>(Sinh ho\u1ea1t ph\u00ed bao g\u1ed3m c\u00e1c kho\u1ea3n chi ti\u00eau cho l\u01b0u tr\u00fa, \u0103n u\u1ed1ng, \u0111i l\u1ea1i, b\u1ea3o hi\u1ec3m, \u0111i\u1ec7n, n\u01b0\u1edbc, gas, internet, ti\u1ec7n \u00edch kh\u00e1c\u2026 Sinh ho\u1ea1t ph\u00ed\u00a0mang t\u00ednh ch\u1ea5t tham kh\u1ea3o, d\u1ef1a tr\u00ean kinh nghi\u1ec7m t\u1eeb SV B\u00e1ch khoa Qu\u1ed1c t\u1ebf t\u1ea1i \u00dac. C\u00e1c kho\u1ea3n chi ti\u00eau th\u1ef1c t\u1ebf c\u00f3 th\u1ec3 thay \u0111\u1ed5i t\u00f9y theo k\u1ebf ho\u1ea1ch c\u1ee7a t\u1eebng SV. Th\u1eddi \u0111i\u1ec3m c\u1eadp nh\u1eadt: 3\/2020.<\/em><\/span><span><em>)<\/em><\/span><\/p>\n<p>[\/et_pb_accordion_item][et_pb_accordion_item title=&#8221;C\u00e1c Ng\u00e0nh \u0111\u00e0o t\u1ea1o&#8221; open_toggle_text_color=&#8221;#0c71c3&#8243; open_toggle_background_color=&#8221;rgba(0,199,255,0.12)&#8221; icon_color=&#8221;#00aeef&#8221; _builder_version=&#8221;4.4.1&#8243; text_orientation=&#8221;justified&#8221; border_color_all=&#8221;#00aeef&#8221; toggle_font=&#8221;|800||on|||||&#8221; closed_toggle_font=&#8221;|600||on|||||&#8221; open=&#8221;off&#8221;]<\/p>\n<p><span>Deakin cung c\u1ea5p cho sinh vi\u00ean h\u01a1n 550 kh\u00f3a h\u1ecdc \u1edf c\u00e1c b\u1eadc v\u1edbi nhi\u1ec1u ng\u00e0nh h\u1ecdc th\u1eddi th\u01b0\u1ee3ng, h\u1ea5p d\u1eabn nh\u1ea5t hi\u1ec7n nay. Trong \u0111\u00f3 c\u00f3 nhi\u1ec1u ng\u00e0nh n\u1eb1m trong top 25, 150, 200 th\u1ebf gi\u1edbi,<\/span>\u00a0ti\u00eau bi\u1ec3u l\u00e0 c\u00e1c ng\u00e0nh: Ki\u1ebfn tr\u00fac v\u00e0 m\u00f4i tr\u01b0\u1eddng x\u00e2y d\u1ef1ng, Truy\u1ec1n th\u00f4ng ph\u01b0\u01a1ng ti\u1ec7n v\u00e0 ngh\u1ec7 thu\u1eadt s\u00e1ng t\u1ea1o, X\u00e3 h\u1ed9i, con ng\u01b0\u1eddi v\u00e0 khoa h\u1ecdc x\u00e3 h\u1ed9i, Y, Kinh doanh v\u00e0 lu\u1eadt, \u0110i\u1ec1u d\u01b0\u1ee1ng v\u00e0 s\u1ea3n khoa, Gi\u00e1o d\u1ee5c, \u0110i\u1ec1u d\u01b0\u1ee1ng v\u00e0 dinh d\u01b0\u1ee1ng, K\u1ef9 thu\u1eadt, T\u00e2m l\u00fd h\u1ecdc, S\u1ee9c kh\u1ecfe, Khoa h\u1ecdc v\u00e0 m\u00f4i tr\u01b0\u1eddng, C\u00f4ng ngh\u1ec7 th\u00f4ng tin, Th\u1ec3 thao.<\/p>\n<p>[\/et_pb_accordion_item][et_pb_accordion_item title=&#8221;Y\u00eau c\u1ea7u ti\u1ebfng Anh&#8221; open_toggle_text_color=&#8221;#0c71c3&#8243; open_toggle_background_color=&#8221;rgba(0,199,255,0.12)&#8221; icon_color=&#8221;#00aeef&#8221; _builder_version=&#8221;4.4.1&#8243; text_orientation=&#8221;justified&#8221; border_color_all=&#8221;#00aeef&#8221; toggle_font=&#8221;|800||on|||||&#8221; closed_toggle_font=&#8221;|600||on|||||&#8221; open=&#8221;off&#8221;]<\/p>\n<p><span>\u2022\u00a0<\/span><span>IELTS 6.5<\/span><\/p>\n<p><span>\u2022\u00a0<\/span><span>TOFEL iBT 79-83<\/span><\/p>\n<p>[\/et_pb_accordion_item][et_pb_accordion_item title=&#8221;H\u1ecdc b\u1ed5ng&#8221; open=&#8221;on&#8221; open_toggle_text_color=&#8221;#0c71c3&#8243; open_toggle_background_color=&#8221;rgba(0,199,255,0.12)&#8221; icon_color=&#8221;#00aeef&#8221; _builder_version=&#8221;4.4.1&#8243; text_orientation=&#8221;justified&#8221; border_color_all=&#8221;#00aeef&#8221; toggle_font=&#8221;|800||on|||||&#8221; closed_toggle_font=&#8221;|600||on|||||&#8221;]<\/p>\n<p>\u2666 <strong>H\u1ecdc b\u1ed5ng n\u1ed9i tr\u00fa qu\u1ed1c t\u1ebf t\u1ea1i Warrnambool, Deakin<\/strong> (Deakin Warrnambool Residential International Scholarships)<br \/>\u2666 <strong>H\u1ecdc b\u1ed5ng \u0110i\u1ec3m \u0111\u1ebfn \u00dac<\/strong> (Destination Australia Scholarships)<br \/>\u2666 <strong>H\u1ecdc b\u1ed5ng STEM c\u1ee7a Deakin<\/strong> (Deakin STEM Scholarship)<br \/>\u2666 <strong>H\u1ecdc b\u1ed5ng L\u00e3nh \u0111\u1ea1o Y t\u1ebf to\u00e0n c\u1ea7u Deakin<\/strong> (Deakin Global Health Leaders Scholarship)<\/p>\n<p><em>\u0110\u1ea1i h\u1ecdc Deakin lu\u00f4n c\u00f3 c\u00e1c h\u1ecdc b\u1ed5ng c\u0169ng nh\u01b0 h\u1ed7 tr\u1ee3 v\u1ec1 t\u00e0i ch\u00ednh cho sinh vi\u00ean, chi ti\u1ebft vui l\u00f2ng xem t\u1ea1i <a href=\"https:\/\/www.deakin.edu.au\/\">trang web tr\u01b0\u1eddng<\/a> ho\u1eb7c <a href=\"https:\/\/oisp.hcmut.edu.vn\/sac\/thong-tin-du-hoc\/\">li\u00ean h\u1ec7 t\u01b0 v\u1ea5n<\/a>.<\/em><\/p>\n<p>[\/et_pb_accordion_item][\/et_pb_accordion][\/et_pb_column][\/et_pb_row][\/et_pb_section]<\/p>\n","protected":false},"excerpt":{"rendered":"<p>\u0110\u1ea1i h\u1ecdc Deakin c\u00f3 m\u1eb7t trong top 1% c\u00e1c tr\u01b0\u1eddng \u0111\u1ea1i h\u1ecdc tr\u00ean to\u00e0n th\u1ebf gi\u1edbi (ShanghaiRankings). Tr\u01b0\u1eddng mang \u0111\u1ebfn cho sinh vi\u00ean n\u1ec1n gi\u00e1o d\u1ee5c ch\u1ea5t l\u01b0\u1ee3ng cao v\u1edbi tri\u1ec3n v\u1ecdng vi\u1ec7c l\u00e0m t\u1ed1t. \u0110\u1ea1i h\u1ecdc Deakin ti\u1ebfp t\u1ee5c gi\u1eef v\u1eefng x\u1ebfp h\u1ea1ng QS 5 sao v\u1ec1 ch\u1ea5t l\u01b0\u1ee3ng gi\u1ea3ng d\u1ea1y v\u00e0 nghi\u00ean c\u1ee9u [&hellip;]<\/p>\n","protected":false},"author":1,"featured_media":0,"parent":49688,"menu_order":0,"comment_status":"closed","ping_status":"closed","template":"","meta":{"_et_pb_use_builder":"on","_et_pb_old_content":"","_et_gb_content_width":"","footnotes":""},"class_list":["post-50223","page","type-page","status-publish","hentry"],"_links":{"self":[{"href":"https:\/\/oisp.hcmut.edu.vn\/sac\/wp-json\/wp\/v2\/pages\/50223","targetHints":{"allow":["GET"]}}],"collection":[{"href":"https:\/\/oisp.hcmut.edu.vn\/sac\/wp-json\/wp\/v2\/pages"}],"about":[{"href":"https:\/\/oisp.hcmut.edu.vn\/sac\/wp-json\/wp\/v2\/types\/page"}],"author":[{"embeddable":true,"href":"https:\/\/oisp.hcmut.edu.vn\/sac\/wp-json\/wp\/v2\/users\/1"}],"replies":[{"embeddable":true,"href":"https:\/\/oisp.hcmut.edu.vn\/sac\/wp-json\/wp\/v2\/comments?post=50223"}],"version-history":[{"count":0,"href":"https:\/\/oisp.hcmut.edu.vn\/sac\/wp-json\/wp\/v2\/pages\/50223\/revisions"}],"up":[{"embeddable":true,"href":"https:\/\/oisp.hcmut.edu.vn\/sac\/wp-json\/wp\/v2\/pages\/49688"}],"wp:attachment":[{"href":"https:\/\/oisp.hcmut.edu.vn\/sac\/wp-json\/wp\/v2\/media?parent=50223"}],"curies":[{"name":"wp","href":"https:\/\/api.w.org\/{rel}","templated":true}]}}