{"id":50235,"date":"2020-03-18T12:17:11","date_gmt":"2020-03-18T12:17:11","guid":{"rendered":"https:\/\/oisp.hcmut.edu.vn\/sac\/?page_id=50235"},"modified":"2020-12-01T02:41:28","modified_gmt":"2020-12-01T02:41:28","slug":"the-university-of-melbourne","status":"publish","type":"page","link":"https:\/\/oisp.hcmut.edu.vn\/sac\/diem-den\/uc\/the-university-of-melbourne\/","title":{"rendered":"The University of Melbourne"},"content":{"rendered":"<p>[et_pb_section fb_built=&#8221;1&#8243; fullwidth=&#8221;on&#8221; custom_padding_last_edited=&#8221;on|phone&#8221; _builder_version=&#8221;4.4.1&#8243; background_enable_color=&#8221;off&#8221; use_background_color_gradient=&#8221;on&#8221; background_color_gradient_start=&#8221;rgba(0,0,0,0.5)&#8221; background_color_gradient_end=&#8221;rgba(0,0,0,0.28)&#8221; background_color_gradient_overlays_image=&#8221;on&#8221; background_image=&#8221;https:\/\/oisp.hcmut.edu.vn\/sac\/wp-content\/uploads\/2020\/03\/HCMUT-SAC_MU_University_Melbourne_banner.jpg&#8221; custom_padding=&#8221;200px||200px||false|false&#8221; custom_padding_tablet=&#8221;50px||50px||false|false&#8221; custom_padding_phone=&#8221;&#8221;][et_pb_fullwidth_header title=&#8221;The University of Melbourne&#8221; _builder_version=&#8221;4.4.1&#8243; title_font=&#8221;|800||on|||||&#8221; title_font_size=&#8221;48px&#8221; title_line_height=&#8221;1.4em&#8221; background_enable_color=&#8221;off&#8221; title_font_size_tablet=&#8221;32px&#8221; title_font_size_phone=&#8221;&#8221; title_font_size_last_edited=&#8221;on|phone&#8221;][\/et_pb_fullwidth_header][\/et_pb_section][et_pb_section fb_built=&#8221;1&#8243; _builder_version=&#8221;4.4.0&#8243;][et_pb_row _builder_version=&#8221;4.4.0&#8243;][et_pb_column type=&#8221;4_4&#8243; _builder_version=&#8221;4.4.0&#8243;][et_pb_accordion _builder_version=&#8221;4.4.1&#8243;][et_pb_accordion_item title=&#8221;Th\u00f4ng tin t\u1ed5ng quan&#8221; open_toggle_text_color=&#8221;#0c71c3&#8243; open_toggle_background_color=&#8221;rgba(0,199,255,0.12)&#8221; icon_color=&#8221;#00aeef&#8221; _builder_version=&#8221;4.4.1&#8243; text_orientation=&#8221;justified&#8221; border_color_all=&#8221;#00aeef&#8221; toggle_font=&#8221;|800||on|||||&#8221; closed_toggle_font=&#8221;|600||on|||||&#8221; open=&#8221;off&#8221;]<\/p>\n<p>\u0110\u1ea1i h\u1ecdc Melbourne \u0111\u01b0\u1ee3c th\u00e0nh l\u1eadp n\u0103m 1853 v\u00e0 l\u00e0 ng\u00f4i tr\u01b0\u1eddng l\u00e2u \u0111\u1eddi nh\u1ea5t \u1edf bang Victoria, \u00dac. L\u00e0 th\u00e0nh vi\u00ean c\u1ee7a nh\u00f3m 8 tr\u01b0\u1eddng h\u00e0ng \u0111\u1ea7u \u0111\u1ea5t n\u01b0\u1edbc kangaroo (Group of Eight).<\/p>\n<p>Khu h\u1ecdc x\u00e1 ch\u00ednh c\u1ee7a tr\u01b0\u1eddng n\u1eb1m \u1edf Parkville trong l\u00f2ng Melbourne trong khi c\u00e1c c\u01a1 s\u1edf kh\u00e1c n\u1eb1m \u1edf Southbank, Dookie, Burnley, Cresswick v\u00e0 Werribee.<\/p>\n<p>[\/et_pb_accordion_item][et_pb_accordion_item title=&#8221;H\u1ecdc ph\u00ed trung b\u00ecnh&#8221; open_toggle_text_color=&#8221;#0c71c3&#8243; open_toggle_background_color=&#8221;rgba(0,199,255,0.12)&#8221; icon_color=&#8221;#00aeef&#8221; _builder_version=&#8221;4.4.1&#8243; text_orientation=&#8221;justified&#8221; border_color_all=&#8221;#00aeef&#8221; toggle_font=&#8221;|800||on|||||&#8221; closed_toggle_font=&#8221;|600||on|||||&#8221; open=&#8221;off&#8221;]<\/p>\n<p>\u2013 H\u1ecdc ph\u00ed \u01b0\u1edbc t\u00ednh c\u1ee7a UTS : ~ 640.000.000 \u0111\u1ed3ng\/n\u0103m;<\/p>\n<p>\u2013 Sinh ho\u1ea1t ph\u00ed \u01b0\u1edbc t\u00ednh t\u1ea1i \u00dac: ~ 170.000.000 \u2013 270.000.000 \u0111\u1ed3ng\/n\u0103m<\/p>\n<p><span><em>(Sinh ho\u1ea1t ph\u00ed bao g\u1ed3m c\u00e1c kho\u1ea3n chi ti\u00eau cho l\u01b0u tr\u00fa, \u0103n u\u1ed1ng, \u0111i l\u1ea1i, b\u1ea3o hi\u1ec3m, \u0111i\u1ec7n, n\u01b0\u1edbc, gas, internet, ti\u1ec7n \u00edch kh\u00e1c\u2026 Sinh ho\u1ea1t ph\u00ed\u00a0mang t\u00ednh ch\u1ea5t tham kh\u1ea3o, d\u1ef1a tr\u00ean kinh nghi\u1ec7m t\u1eeb SV B\u00e1ch khoa Qu\u1ed1c t\u1ebf t\u1ea1i \u00dac. C\u00e1c kho\u1ea3n chi ti\u00eau th\u1ef1c t\u1ebf c\u00f3 th\u1ec3 thay \u0111\u1ed5i t\u00f9y theo k\u1ebf ho\u1ea1ch c\u1ee7a t\u1eebng SV. Th\u1eddi \u0111i\u1ec3m c\u1eadp nh\u1eadt: 3\/2020.<\/em><\/span><span><em>)<\/em><\/span><\/p>\n<p>[\/et_pb_accordion_item][et_pb_accordion_item title=&#8221;C\u00e1c Ng\u00e0nh \u0111\u00e0o t\u1ea1o&#8221; open_toggle_text_color=&#8221;#0c71c3&#8243; open_toggle_background_color=&#8221;rgba(0,199,255,0.12)&#8221; icon_color=&#8221;#00aeef&#8221; _builder_version=&#8221;4.4.1&#8243; text_orientation=&#8221;justified&#8221; border_color_all=&#8221;#00aeef&#8221; toggle_font=&#8221;|800||on|||||&#8221; closed_toggle_font=&#8221;|600||on|||||&#8221; open=&#8221;on&#8221;]<\/p>\n<p>Tr\u01b0\u1eddng \u0111\u00e0o t\u1ea1o g\u1ea7n 400 chuy\u00ean ng\u00e0nh, trong \u0111\u00f3 \u0111\u00e0o t\u1ea1o h\u01a1n 80 chuy\u00ean ng\u00e0nh \u0111\u1ea1i h\u1ecdc v\u00e0 h\u01a1n 270 chuy\u00ean ng\u00e0nh cao h\u1ecdc.<\/p>\n<p>Tr\u01b0\u1eddng n\u1ed5i ti\u1ebfng v\u1ec1 \u0111\u00e0o t\u1ea1o c\u00e1c ng\u00e0nh: Y D\u01b0\u1ee3c, K\u1ebf to\u00e1n, T\u00e0i ch\u00ednh, Ki\u1ec3m to\u00e1n, Th\u01b0\u01a1ng m\u1ea1i, Lu\u1eadt, Qu\u1ea3n l\u00fd, C\u01a1 kh\u00ed, CNTT, Khoa h\u1ecdc t\u1ef1 nhi\u00ean, Khoa h\u1ecdc x\u00e3 h\u1ed9i, Qu\u1ea3n tr\u1ecb kinh doanh.<\/p>\n<p>[\/et_pb_accordion_item][et_pb_accordion_item title=&#8221;Y\u00eau c\u1ea7u ti\u1ebfng Anh&#8221; open_toggle_text_color=&#8221;#0c71c3&#8243; open_toggle_background_color=&#8221;rgba(0,199,255,0.12)&#8221; icon_color=&#8221;#00aeef&#8221; _builder_version=&#8221;4.4.1&#8243; text_orientation=&#8221;justified&#8221; border_color_all=&#8221;#00aeef&#8221; toggle_font=&#8221;|800||on|||||&#8221; closed_toggle_font=&#8221;|600||on|||||&#8221; open=&#8221;off&#8221;]<\/p>\n<p><span>\u2022\u00a0<\/span><span>IELTS 6.5<\/span><\/p>\n<p><span>\u2022\u00a0<\/span><span>TOFEL iBT 79-83<\/span><\/p>\n<p>[\/et_pb_accordion_item][et_pb_accordion_item title=&#8221;H\u1ecdc b\u1ed5ng&#8221; open=&#8221;off&#8221; open_toggle_text_color=&#8221;#0c71c3&#8243; open_toggle_background_color=&#8221;rgba(0,199,255,0.12)&#8221; icon_color=&#8221;#00aeef&#8221; _builder_version=&#8221;4.4.1&#8243; text_orientation=&#8221;justified&#8221; border_color_all=&#8221;#00aeef&#8221; toggle_font=&#8221;|800||on|||||&#8221; closed_toggle_font=&#8221;|600||on|||||&#8221;]<\/p>\n<p><strong>\u2666 Graduate Research Scholarships:\u00a0<\/strong>Gi\u00e1 tr\u1ecb h\u1ecdc b\u1ed5ng 100% fee remission and up to AUD $110,000.<br \/> <strong>\u2666\u00a0Melbourne Chancellors Scholarship (International Students):\u00a0<\/strong>Gi\u00e1 tr\u1ecb h\u1ecdc b\u1ed5ng 50% fee remission.<br \/> <strong>\u2666 Victorian International Research Scholarship:\u00a0<\/strong>Gi\u00e1 tr\u1ecb h\u1ecdc b\u1ed5ng Up to AUD $90,000.<\/p>\n<p><em>\u0110\u1ea1i h\u1ecdc Deakin lu\u00f4n c\u00f3 c\u00e1c h\u1ecdc b\u1ed5ng c\u0169ng nh\u01b0 h\u1ed7 tr\u1ee3 v\u1ec1 t\u00e0i ch\u00ednh cho sinh vi\u00ean, chi ti\u1ebft vui l\u00f2ng xem t\u1ea1i<span>\u00a0<\/span><a href=\"https:\/\/study.unimelb.edu.au\/discover\/life-at-melbourne\/your-support-services\">trang web tr\u01b0\u1eddng<\/a><span>\u00a0<\/span>ho\u1eb7c<span>\u00a0<\/span><a href=\"https:\/\/oisp.hcmut.edu.vn\/sac\/thong-tin-du-hoc\/\">li\u00ean h\u1ec7 t\u01b0 v\u1ea5n<\/a>.<\/em><\/p>\n<p>[\/et_pb_accordion_item][\/et_pb_accordion][\/et_pb_column][\/et_pb_row][\/et_pb_section]<\/p>\n","protected":false},"excerpt":{"rendered":"<p>\u0110\u1ea1i h\u1ecdc Melbourne \u0111\u01b0\u1ee3c th\u00e0nh l\u1eadp n\u0103m 1853 v\u00e0 l\u00e0 ng\u00f4i tr\u01b0\u1eddng l\u00e2u \u0111\u1eddi nh\u1ea5t \u1edf bang Victoria, \u00dac. L\u00e0 th\u00e0nh vi\u00ean c\u1ee7a nh\u00f3m 8 tr\u01b0\u1eddng h\u00e0ng \u0111\u1ea7u \u0111\u1ea5t n\u01b0\u1edbc kangaroo (Group of Eight). Khu h\u1ecdc x\u00e1 ch\u00ednh c\u1ee7a tr\u01b0\u1eddng n\u1eb1m \u1edf Parkville trong l\u00f2ng Melbourne trong khi c\u00e1c c\u01a1 s\u1edf kh\u00e1c n\u1eb1m \u1edf Southbank, [&hellip;]<\/p>\n","protected":false},"author":1,"featured_media":0,"parent":49688,"menu_order":0,"comment_status":"closed","ping_status":"closed","template":"","meta":{"_et_pb_use_builder":"on","_et_pb_old_content":"","_et_gb_content_width":"","footnotes":""},"class_list":["post-50235","page","type-page","status-publish","hentry"],"_links":{"self":[{"href":"https:\/\/oisp.hcmut.edu.vn\/sac\/wp-json\/wp\/v2\/pages\/50235","targetHints":{"allow":["GET"]}}],"collection":[{"href":"https:\/\/oisp.hcmut.edu.vn\/sac\/wp-json\/wp\/v2\/pages"}],"about":[{"href":"https:\/\/oisp.hcmut.edu.vn\/sac\/wp-json\/wp\/v2\/types\/page"}],"author":[{"embeddable":true,"href":"https:\/\/oisp.hcmut.edu.vn\/sac\/wp-json\/wp\/v2\/users\/1"}],"replies":[{"embeddable":true,"href":"https:\/\/oisp.hcmut.edu.vn\/sac\/wp-json\/wp\/v2\/comments?post=50235"}],"version-history":[{"count":0,"href":"https:\/\/oisp.hcmut.edu.vn\/sac\/wp-json\/wp\/v2\/pages\/50235\/revisions"}],"up":[{"embeddable":true,"href":"https:\/\/oisp.hcmut.edu.vn\/sac\/wp-json\/wp\/v2\/pages\/49688"}],"wp:attachment":[{"href":"https:\/\/oisp.hcmut.edu.vn\/sac\/wp-json\/wp\/v2\/media?parent=50235"}],"curies":[{"name":"wp","href":"https:\/\/api.w.org\/{rel}","templated":true}]}}