{"id":50274,"date":"2020-03-23T07:39:40","date_gmt":"2020-03-23T07:39:40","guid":{"rendered":"https:\/\/oisp.hcmut.edu.vn\/sac\/?page_id=50274"},"modified":"2020-12-01T02:57:01","modified_gmt":"2020-12-01T02:57:01","slug":"the-university-of-canberra","status":"publish","type":"page","link":"https:\/\/oisp.hcmut.edu.vn\/sac\/diem-den\/uc\/the-university-of-canberra\/","title":{"rendered":"The University of Canberra"},"content":{"rendered":"<p>[et_pb_section fb_built=&#8221;1&#8243; fullwidth=&#8221;on&#8221; custom_padding_last_edited=&#8221;on|phone&#8221; _builder_version=&#8221;4.4.1&#8243; background_enable_color=&#8221;off&#8221; use_background_color_gradient=&#8221;on&#8221; background_color_gradient_start=&#8221;rgba(0,0,0,0.5)&#8221; background_color_gradient_end=&#8221;rgba(0,0,0,0.28)&#8221; background_color_gradient_overlays_image=&#8221;on&#8221; background_image=&#8221;https:\/\/oisp.hcmut.edu.vn\/sac\/wp-content\/uploads\/2020\/03\/HCMUT-SAC_UC_The-University-of-Canberra_banner.jpg&#8221; custom_padding=&#8221;200px||200px||false|false&#8221; custom_padding_tablet=&#8221;50px||50px||false|false&#8221; custom_padding_phone=&#8221;&#8221;][et_pb_fullwidth_header title=&#8221;The University of Canberra&#8221; _builder_version=&#8221;4.4.0&#8243; title_font=&#8221;|800||on|||||&#8221; title_font_size=&#8221;48px&#8221; title_line_height=&#8221;1.4em&#8221; background_enable_color=&#8221;off&#8221; title_font_size_tablet=&#8221;32px&#8221; title_font_size_phone=&#8221;&#8221; title_font_size_last_edited=&#8221;on|phone&#8221;][\/et_pb_fullwidth_header][\/et_pb_section][et_pb_section fb_built=&#8221;1&#8243; _builder_version=&#8221;4.4.0&#8243;][et_pb_row _builder_version=&#8221;4.4.0&#8243;][et_pb_column type=&#8221;4_4&#8243; _builder_version=&#8221;4.4.0&#8243;][et_pb_accordion _builder_version=&#8221;4.4.1&#8243;][et_pb_accordion_item title=&#8221;Th\u00f4ng tin t\u1ed5ng quan&#8221; open=&#8221;off&#8221; open_toggle_text_color=&#8221;#0c71c3&#8243; open_toggle_background_color=&#8221;rgba(0,199,255,0.12)&#8221; icon_color=&#8221;#00aeef&#8221; _builder_version=&#8221;4.4.1&#8243; text_orientation=&#8221;justified&#8221; border_color_all=&#8221;#00aeef&#8221; toggle_font=&#8221;|800||on|||||&#8221; closed_toggle_font=&#8221;|600||on|||||&#8221;]<\/p>\n<p>Tr\u01b0\u1eddng \u0110\u1ea1i h\u1ecdc Canberra th\u00e0nh l\u1eadp v\u00e0o n\u0103m 1968, t\u1ecda l\u1ea1c t\u1ea1i th\u1ee7 \u0111\u00f4 Canberra c\u1ee7a \u00dac.\u00a0<\/p>\n<p>Ph\u01b0\u01a1ng ph\u00e1p h\u1ecdc t\u1eadp k\u1ebft h\u1ee3p th\u1ef1c ti\u1ec5n v\u00e0 s\u1ef1 li\u00ean k\u1ebft m\u1ea1nh m\u1ebd trong ng\u00e0nh \u0111\u00e3 gi\u00fap UC n\u1eb1m trong top m\u1ed9t tr\u0103m c\u00e1c tr\u01b0\u1eddng \u0111\u1ea1i h\u1ecdc h\u00e0ng \u0111\u1ea7u th\u1ebf gi\u1edbi (theo B\u1ea3ng x\u1ebfp h\u1ea1ng c\u00e1c tr\u01b0\u1eddng \u0110\u1ea1i h\u1ecdc t\u1ed1t nh\u1ea5t th\u1ebf gi\u1edbi 2019) v\u00e0 top m\u01b0\u1eddi tr\u01b0\u1eddng \u0111\u1ea1i h\u1ecdc h\u00e0ng \u0111\u1ea7u \u1edf \u00dac v\u00e0 top 100 C\u00e1c Tr\u01b0\u1eddng \u0110\u1ea1i h\u1ecdc tr\u1ebb tr\u00ean to\u00e0n th\u1ebf gi\u1edbi (Times Higher Education Young University Rankings 2018).<\/p>\n<p>[\/et_pb_accordion_item][et_pb_accordion_item title=&#8221;H\u1ecdc ph\u00ed trung b\u00ecnh&#8221; open_toggle_text_color=&#8221;#0c71c3&#8243; open_toggle_background_color=&#8221;rgba(0,199,255,0.12)&#8221; icon_color=&#8221;#00aeef&#8221; _builder_version=&#8221;4.4.1&#8243; text_orientation=&#8221;justified&#8221; border_color_all=&#8221;#00aeef&#8221; toggle_font=&#8221;|800||on|||||&#8221; closed_toggle_font=&#8221;|600||on|||||&#8221; open=&#8221;off&#8221;]<\/p>\n<p>\u2013 H\u1ecdc ph\u00ed \u01b0\u1edbc t\u00ednh c\u1ee7a DU : ~ 530.000.000 \u0111\u1ed3ng\/n\u0103m (\u0110\u1ea1i h\u1ecdc);\u00a0~ 550.000.000 \u0111\u1ed3ng\/n\u0103m (Cao h\u1ecdc);<\/p>\n<p>\u2013 Sinh ho\u1ea1t ph\u00ed \u01b0\u1edbc t\u00ednh t\u1ea1i \u00dac: ~ 170.000.000 \u2013 270.000.000 \u0111\u1ed3ng\/n\u0103m<\/p>\n<p><span><em>(Sinh ho\u1ea1t ph\u00ed bao g\u1ed3m c\u00e1c kho\u1ea3n chi ti\u00eau cho l\u01b0u tr\u00fa, \u0103n u\u1ed1ng, \u0111i l\u1ea1i, b\u1ea3o hi\u1ec3m, \u0111i\u1ec7n, n\u01b0\u1edbc, gas, internet, ti\u1ec7n \u00edch kh\u00e1c\u2026 Sinh ho\u1ea1t ph\u00ed\u00a0mang t\u00ednh ch\u1ea5t tham kh\u1ea3o, d\u1ef1a tr\u00ean kinh nghi\u1ec7m t\u1eeb SV B\u00e1ch khoa Qu\u1ed1c t\u1ebf t\u1ea1i \u00dac. C\u00e1c kho\u1ea3n chi ti\u00eau th\u1ef1c t\u1ebf c\u00f3 th\u1ec3 thay \u0111\u1ed5i t\u00f9y theo k\u1ebf ho\u1ea1ch c\u1ee7a t\u1eebng SV. Th\u1eddi \u0111i\u1ec3m c\u1eadp nh\u1eadt: 3\/2020.<\/em><\/span><span><em>)<\/em><\/span><\/p>\n<p>[\/et_pb_accordion_item][et_pb_accordion_item title=&#8221;C\u00e1c Ng\u00e0nh \u0111\u00e0o t\u1ea1o&#8221; open_toggle_text_color=&#8221;#0c71c3&#8243; open_toggle_background_color=&#8221;rgba(0,199,255,0.12)&#8221; icon_color=&#8221;#00aeef&#8221; _builder_version=&#8221;4.4.1&#8243; text_orientation=&#8221;justified&#8221; border_color_all=&#8221;#00aeef&#8221; toggle_font=&#8221;|800||on|||||&#8221; closed_toggle_font=&#8221;|600||on|||||&#8221; open=&#8221;off&#8221;]<\/p>\n<p>Qu\u1ea3n tr\u1ecb kinh doanh, Kinh t\u1ebf h\u1ecdc \u1ee9ng d\u1ee5ng, Quan h\u1ec7 c\u00f4ng ch\u00fang (PR), Thi\u1ebft k\u1ebf \u0111\u1ed3 ho\u1ea1, Khoa h\u1ecdc m\u00f4i tr\u01b0\u1eddng, K\u1ef9 s\u01b0 M\u1ea1ng v\u00e0 C\u00f4ng ngh\u1ec7 ph\u1ea7n m\u1ec1m, C\u00f4ng ngh\u1ec7 th\u00f4ng tin; C\u00f4ng ngh\u1ec7 ph\u1ea7n m\u1ec1m, B\u00e1o ch\u00ed, Lu\u1eadt.\u00a0<span>Ngo\u00e0i ra, \u0110\u1ea1i h\u1ecdc UC c\u0169ng l\u00e0 m\u1ed9t \u0111\u01a1n v\u1ecb \u0111\u00e0o t\u1ea1o chuy\u00ean m\u00f4n n\u1ed5i ti\u1ebfng trong l\u0129nh v\u1ef1c th\u1ec3 thao, gi\u00e1o d\u1ee5c v\u00e0 y t\u1ebf, \u0111\u01b0\u1ee3c xem l\u00e0 c\u00e1i n\u00f4i c\u1ee7a gi\u00e1o d\u1ee5c s\u00e1ng t\u1ea1o t\u1ea1i ACT.<\/span><\/p>\n<p>[\/et_pb_accordion_item][et_pb_accordion_item title=&#8221;Y\u00eau c\u1ea7u ti\u1ebfng Anh&#8221; open_toggle_text_color=&#8221;#0c71c3&#8243; open_toggle_background_color=&#8221;rgba(0,199,255,0.12)&#8221; icon_color=&#8221;#00aeef&#8221; _builder_version=&#8221;4.4.1&#8243; text_orientation=&#8221;justified&#8221; border_color_all=&#8221;#00aeef&#8221; toggle_font=&#8221;|800||on|||||&#8221; closed_toggle_font=&#8221;|600||on|||||&#8221; open=&#8221;off&#8221;]<\/p>\n<p><span>\u2022\u00a0<\/span><span>IELTS 7.0<\/span><\/p>\n<p><span>\u2022\u00a0<\/span><span>TOFEL iBT 94<\/span><\/p>\n<p>[\/et_pb_accordion_item][et_pb_accordion_item title=&#8221;H\u1ecdc b\u1ed5ng&#8221; open_toggle_text_color=&#8221;#0c71c3&#8243; open_toggle_background_color=&#8221;rgba(0,199,255,0.12)&#8221; icon_color=&#8221;#00aeef&#8221; _builder_version=&#8221;4.4.1&#8243; text_orientation=&#8221;justified&#8221; border_color_all=&#8221;#00aeef&#8221; toggle_font=&#8221;|800||on|||||&#8221; closed_toggle_font=&#8221;|600||on|||||&#8221; open=&#8221;on&#8221;]<\/p>\n<p><strong>\u2666 H\u1ecdc b\u1ed5ng Th\u00e0nh t\u00edch H\u1ecdc t\u1eadp Qu\u1ed1c t\u1ebf University of Canberra<\/strong>: D\u00e0nh cho c\u00e1c sinh vi\u00ean qu\u1ed1c t\u1ebf \u0111\u1ebfn t\u1eeb Nepal, \u1ea4n \u0110\u1ed9, Sri Lanka, Bangladesh, Bhutan, Philippines, Pakistan, Vi\u1ec7t Nam v\u00e0 M\u1ef9 La tinh \u0111\u0103ng k\u00fd m\u1ed9t ch\u01b0\u01a1ng tr\u00ecnh h\u1ec7 c\u1eed nh\u00e2n ho\u1eb7c th\u1ea1c s\u0129 nh\u1ea5t \u0111\u1ecbnh t\u1ea1i UC.Gi\u00e1 tr\u1ecb: mi\u1ec5n gi\u1ea3m 25% h\u1ecdc ph\u00ed t\u1ed5ng.<br \/><strong>\u2666 H\u1ecdc b\u1ed5ng Th\u00e0nh t\u00edch H\u1ecdc t\u1eadp Qu\u1ed1c t\u1ebf University of Canberra<\/strong>: D\u00e0nh cho c\u00e1c sinh vi\u00ean qu\u1ed1c t\u1ebf \u0111\u1ebfn t\u1eeb Nepal, \u1ea4n \u0110\u1ed9, Sri Lanka, Bangladesh, Bhutan, Philippines, Pakistan, Vi\u1ec7t Nam v\u00e0 M\u1ef9 La tinh \u0111\u0103ng k\u00fd m\u1ed9t ch\u01b0\u01a1ng tr\u00ecnh h\u1ec7 c\u1eed nh\u00e2n ho\u1eb7c th\u1ea1c s\u0129 nh\u1ea5t \u0111\u1ecbnh t\u1ea1i UC.Gi\u00e1 tr\u1ecb: mi\u1ec5n gi\u1ea3m 25% h\u1ecdc ph\u00ed t\u1ed5ng.<\/p>\n<p><em>\u0110\u1ea1i h\u1ecdc Canberra lu\u00f4n c\u00f3 c\u00e1c h\u1ecdc b\u1ed5ng c\u0169ng nh\u01b0 h\u1ed7 tr\u1ee3 v\u1ec1 t\u00e0i ch\u00ednh cho sinh vi\u00ean, chi ti\u1ebft vui l\u00f2ng xem t\u1ea1i<span>\u00a0<\/span><a href=\"https:\/\/www.canberra.edu.au\/\">trang web tr\u01b0\u1eddng<\/a><span>\u00a0<\/span>ho\u1eb7c<span>\u00a0<\/span><a href=\"https:\/\/oisp.hcmut.edu.vn\/sac\/thong-tin-du-hoc\/\">li\u00ean h\u1ec7 t\u01b0 v\u1ea5n<\/a>.<\/em><\/p>\n<p>[\/et_pb_accordion_item][\/et_pb_accordion][\/et_pb_column][\/et_pb_row][\/et_pb_section]<\/p>\n","protected":false},"excerpt":{"rendered":"<p>Tr\u01b0\u1eddng \u0110\u1ea1i h\u1ecdc Canberra th\u00e0nh l\u1eadp v\u00e0o n\u0103m 1968, t\u1ecda l\u1ea1c t\u1ea1i th\u1ee7 \u0111\u00f4 Canberra c\u1ee7a \u00dac.\u00a0 Ph\u01b0\u01a1ng ph\u00e1p h\u1ecdc t\u1eadp k\u1ebft h\u1ee3p th\u1ef1c ti\u1ec5n v\u00e0 s\u1ef1 li\u00ean k\u1ebft m\u1ea1nh m\u1ebd trong ng\u00e0nh \u0111\u00e3 gi\u00fap UC n\u1eb1m trong top m\u1ed9t tr\u0103m c\u00e1c tr\u01b0\u1eddng \u0111\u1ea1i h\u1ecdc h\u00e0ng \u0111\u1ea7u th\u1ebf gi\u1edbi (theo B\u1ea3ng x\u1ebfp h\u1ea1ng c\u00e1c tr\u01b0\u1eddng [&hellip;]<\/p>\n","protected":false},"author":1,"featured_media":0,"parent":49688,"menu_order":0,"comment_status":"closed","ping_status":"closed","template":"","meta":{"_et_pb_use_builder":"on","_et_pb_old_content":"","_et_gb_content_width":"","footnotes":""},"class_list":["post-50274","page","type-page","status-publish","hentry"],"_links":{"self":[{"href":"https:\/\/oisp.hcmut.edu.vn\/sac\/wp-json\/wp\/v2\/pages\/50274","targetHints":{"allow":["GET"]}}],"collection":[{"href":"https:\/\/oisp.hcmut.edu.vn\/sac\/wp-json\/wp\/v2\/pages"}],"about":[{"href":"https:\/\/oisp.hcmut.edu.vn\/sac\/wp-json\/wp\/v2\/types\/page"}],"author":[{"embeddable":true,"href":"https:\/\/oisp.hcmut.edu.vn\/sac\/wp-json\/wp\/v2\/users\/1"}],"replies":[{"embeddable":true,"href":"https:\/\/oisp.hcmut.edu.vn\/sac\/wp-json\/wp\/v2\/comments?post=50274"}],"version-history":[{"count":0,"href":"https:\/\/oisp.hcmut.edu.vn\/sac\/wp-json\/wp\/v2\/pages\/50274\/revisions"}],"up":[{"embeddable":true,"href":"https:\/\/oisp.hcmut.edu.vn\/sac\/wp-json\/wp\/v2\/pages\/49688"}],"wp:attachment":[{"href":"https:\/\/oisp.hcmut.edu.vn\/sac\/wp-json\/wp\/v2\/media?parent=50274"}],"curies":[{"name":"wp","href":"https:\/\/api.w.org\/{rel}","templated":true}]}}