{"id":50286,"date":"2020-03-23T13:27:18","date_gmt":"2020-03-23T13:27:18","guid":{"rendered":"https:\/\/oisp.hcmut.edu.vn\/sac\/?page_id=50286"},"modified":"2020-12-01T03:04:46","modified_gmt":"2020-12-01T03:04:46","slug":"wollongong-university","status":"publish","type":"page","link":"https:\/\/oisp.hcmut.edu.vn\/sac\/diem-den\/uc\/wollongong-university\/","title":{"rendered":"Wollongong University"},"content":{"rendered":"<p>[et_pb_section fb_built=&#8221;1&#8243; fullwidth=&#8221;on&#8221; custom_padding_last_edited=&#8221;on|phone&#8221; _builder_version=&#8221;4.4.1&#8243; background_enable_color=&#8221;off&#8221; use_background_color_gradient=&#8221;on&#8221; background_color_gradient_start=&#8221;rgba(0,0,0,0.5)&#8221; background_color_gradient_end=&#8221;rgba(0,0,0,0.28)&#8221; background_color_gradient_overlays_image=&#8221;on&#8221; background_image=&#8221;https:\/\/oisp.hcmut.edu.vn\/sac\/wp-content\/uploads\/2020\/03\/HCMUT-SAC_WU_Wollongong-University_banner.jpg&#8221; custom_padding=&#8221;200px||200px||false|false&#8221; custom_padding_tablet=&#8221;50px||50px||false|false&#8221; custom_padding_phone=&#8221;&#8221;][et_pb_fullwidth_header title=&#8221;Wollongong University&#8221; _builder_version=&#8221;4.4.0&#8243; title_font=&#8221;|800||on|||||&#8221; title_font_size=&#8221;48px&#8221; title_line_height=&#8221;1.4em&#8221; background_enable_color=&#8221;off&#8221; title_font_size_tablet=&#8221;32px&#8221; title_font_size_phone=&#8221;&#8221; title_font_size_last_edited=&#8221;on|phone&#8221;][\/et_pb_fullwidth_header][\/et_pb_section][et_pb_section fb_built=&#8221;1&#8243; _builder_version=&#8221;4.4.0&#8243;][et_pb_row _builder_version=&#8221;4.4.0&#8243;][et_pb_column type=&#8221;4_4&#8243; _builder_version=&#8221;4.4.0&#8243;][et_pb_accordion _builder_version=&#8221;4.4.1&#8243;][et_pb_accordion_item title=&#8221;Th\u00f4ng tin t\u1ed5ng quan&#8221; open=&#8221;off&#8221; open_toggle_text_color=&#8221;#0c71c3&#8243; open_toggle_background_color=&#8221;rgba(0,199,255,0.12)&#8221; icon_color=&#8221;#00aeef&#8221; _builder_version=&#8221;4.4.1&#8243; text_orientation=&#8221;justified&#8221; border_color_all=&#8221;#00aeef&#8221; toggle_font=&#8221;|800||on|||||&#8221; closed_toggle_font=&#8221;|600||on|||||&#8221;]<\/p>\n<p>\u0110\u1ea1i h\u1ecdc Wollongong, l\u00e0 m\u1ed9t tr\u01b0\u1eddng \u0111\u1ea1i h\u1ecdc nghi\u00ean c\u1ee9u c\u00f4ng l\u1eadp \u1edf th\u00e0nh ph\u1ed1 bi\u1ec3n Wollongong, New South Wales, Australia, kho\u1ea3ng 80 km v\u1ec1 ph\u00eda nam Sydney.<\/p>\n<p>\u0110\u1ea1i h\u1ecdc Wollongong (UOW) t\u1ef1 h\u00e0o c\u00f3 th\u1ee9 h\u1ea1ng \u1ea5n t\u01b0\u1ee3ng trong s\u1ed1 20 tr\u01b0\u1eddng \u0111\u1ea1i h\u1ecdc hi\u1ec7n \u0111\u1ea1i h\u00e0ng \u0111\u1ea7u th\u1ebf gi\u1edbi (QS Top 50 Under 50 2019) &#8211; c\u0169ng nh\u01b0 \u0111\u01b0\u1ee3c x\u1ebfp trong top 250 tr\u01b0\u1eddng \u0111\u1ea1i h\u1ecdc h\u00e0ng \u0111\u1ea7u tr\u00ean h\u00e0nh tinh (THE World University Rankings 2019).\u00a0<span>UOW \u0111\u01b0\u1ee3c x\u1ebfp h\u1ea1ng trong top 1% v\u1ec1 ch\u1ea5t l\u01b0\u1ee3ng sinh vi\u00ean t\u1ed1t nghi\u1ec7p trong 2019 QS Graduate Employability Rankings (C\u01a1 h\u1ed9i ngh\u1ec1 nghi\u1ec7p cho sinh vi\u00ean t\u1ed1t nghi\u1ec7p).<\/span><\/p>\n<p>&nbsp;<\/p>\n<p>[\/et_pb_accordion_item][et_pb_accordion_item title=&#8221;H\u1ecdc ph\u00ed trung b\u00ecnh&#8221; open_toggle_text_color=&#8221;#0c71c3&#8243; open_toggle_background_color=&#8221;rgba(0,199,255,0.12)&#8221; icon_color=&#8221;#00aeef&#8221; _builder_version=&#8221;4.4.1&#8243; text_orientation=&#8221;justified&#8221; border_color_all=&#8221;#00aeef&#8221; toggle_font=&#8221;|800||on|||||&#8221; closed_toggle_font=&#8221;|600||on|||||&#8221; open=&#8221;off&#8221;]<\/p>\n<p>\u2013 H\u1ecdc ph\u00ed \u01b0\u1edbc t\u00ednh c\u1ee7a UTS : ~ 540.000.000 \u0111\u1ed3ng\/n\u0103m;<\/p>\n<p>\u2013 Sinh ho\u1ea1t ph\u00ed \u01b0\u1edbc t\u00ednh t\u1ea1i \u00dac: ~ 170.000.000 \u2013 270.000.000 \u0111\u1ed3ng\/n\u0103m<\/p>\n<p><span><em>(Sinh ho\u1ea1t ph\u00ed bao g\u1ed3m c\u00e1c kho\u1ea3n chi ti\u00eau cho l\u01b0u tr\u00fa, \u0103n u\u1ed1ng, \u0111i l\u1ea1i, b\u1ea3o hi\u1ec3m, \u0111i\u1ec7n, n\u01b0\u1edbc, gas, internet, ti\u1ec7n \u00edch kh\u00e1c\u2026 Sinh ho\u1ea1t ph\u00ed\u00a0mang t\u00ednh ch\u1ea5t tham kh\u1ea3o, d\u1ef1a tr\u00ean kinh nghi\u1ec7m t\u1eeb SV B\u00e1ch khoa Qu\u1ed1c t\u1ebf t\u1ea1i \u00dac. C\u00e1c kho\u1ea3n chi ti\u00eau th\u1ef1c t\u1ebf c\u00f3 th\u1ec3 thay \u0111\u1ed5i t\u00f9y theo k\u1ebf ho\u1ea1ch c\u1ee7a t\u1eebng SV. Th\u1eddi \u0111i\u1ec3m c\u1eadp nh\u1eadt: 3\/2020.<\/em><\/span><span><em>)<\/em><\/span><\/p>\n<p>[\/et_pb_accordion_item][et_pb_accordion_item title=&#8221;C\u00e1c Ng\u00e0nh \u0111\u00e0o t\u1ea1o&#8221; open_toggle_text_color=&#8221;#0c71c3&#8243; open_toggle_background_color=&#8221;rgba(0,199,255,0.12)&#8221; icon_color=&#8221;#00aeef&#8221; _builder_version=&#8221;4.4.1&#8243; text_orientation=&#8221;justified&#8221; border_color_all=&#8221;#00aeef&#8221; toggle_font=&#8221;|800||on|||||&#8221; closed_toggle_font=&#8221;|600||on|||||&#8221; open=&#8221;off&#8221;]<\/p>\n<ul>\n<li>C\u01a1 kh\u00ed v\u00e0 C\u00f4ng ngh\u1ec7.<\/li>\n<li>C\u00f4ng ngh\u1ec7 th\u00f4ng tin.<\/li>\n<li>Gi\u00e1o D\u1ee5c v\u00e0 \u0110\u00e0o T\u1ea1o.<\/li>\n<li>Khoa h\u1ecdc c\u00f4ng ngh\u1ec7.<\/li>\n<li>Khoa h\u1ecdc \u1ee9ng d\u1ee5ng v\u00e0 Khoa h\u1ecdc c\u01a1 b\u1ea3n.<\/li>\n<li>Khoa h\u1ecdc X\u00e3 h\u1ed9i v\u00e0 Truy\u1ec1n th\u00f4ng.<\/li>\n<li>Khoa ho\u0323c ma\u0301y ti\u0301nh.<\/li>\n<li>Kinh doanh v\u00e0 qu\u1ea3n l\u00fd.<\/li>\n<li>Lu\u1eadt.<\/li>\n<li>Ngh\u1ec7 thu\u1eadt S\u00e1ng t\u1ea1o v\u00e0 Thi\u1ebft k\u1ebf.<\/li>\n<li>Nh\u00e2n v\u0103n.<\/li>\n<li>Quan h\u1ec7 qu\u1ed1c t\u1ebf.<\/li>\n<li>Qu\u1ea3n tr\u1ecb kinh doanh (MBA).<\/li>\n<li>Y t\u1ebf v\u00e0 s\u1ee9c kh\u1ecfe.<\/li>\n<\/ul>\n<p>[\/et_pb_accordion_item][et_pb_accordion_item title=&#8221;Y\u00eau c\u1ea7u ti\u1ebfng Anh&#8221; open_toggle_text_color=&#8221;#0c71c3&#8243; open_toggle_background_color=&#8221;rgba(0,199,255,0.12)&#8221; icon_color=&#8221;#00aeef&#8221; _builder_version=&#8221;4.4.1&#8243; text_orientation=&#8221;justified&#8221; border_color_all=&#8221;#00aeef&#8221; toggle_font=&#8221;|800||on|||||&#8221; closed_toggle_font=&#8221;|600||on|||||&#8221; open=&#8221;off&#8221;]<\/p>\n<p><span>\u2022\u00a0<\/span><span>IELTS 6.5<\/span><\/p>\n<p><span>\u2022\u00a0<\/span><span>TOFEL iBT 86<\/span><\/p>\n<p>[\/et_pb_accordion_item][et_pb_accordion_item title=&#8221;H\u1ecdc b\u1ed5ng&#8221; open_toggle_text_color=&#8221;#0c71c3&#8243; open_toggle_background_color=&#8221;rgba(0,199,255,0.12)&#8221; icon_color=&#8221;#00aeef&#8221; _builder_version=&#8221;4.4.1&#8243; text_orientation=&#8221;justified&#8221; border_color_all=&#8221;#00aeef&#8221; toggle_font=&#8221;|800||on|||||&#8221; closed_toggle_font=&#8221;|600||on|||||&#8221; open=&#8221;on&#8221;]<\/p>\n<p>\u2666 <strong>H\u1ecdc b\u1ed5ng \u01afu t\u00fa b\u1eadc C\u1eed nh\u00e2n d\u00e0nh cho sinh vi\u00ean qu\u1ed1c t\u1ebf (UES)<\/strong>: H\u1ecdc b\u1ed5ng c\u00f3 tr\u1ecb gi\u00e1 kho\u1ea3ng 25% h\u1ecdc ph\u00ed v\u1edbi kho\u1ea3ng th\u1eddi gian h\u1ed7 tr\u1ee3 t\u1ed1i \u0111a 4 n\u0103m h\u1ecdc.<br \/>\u2666 <strong>H\u1ecdc b\u1ed5ng h\u1ed7 tr\u1ee3 h\u1ecdc ph\u00ed d\u00e0nh cho sinh vi\u00ean qu\u1ed1c t\u1ebf \u1edf khu\u00e2n vi\u00ean Sydney<\/strong>: H\u1ecdc b\u1ed5ng s\u1ebd h\u1ed7 tr\u1ee3 to\u00e0n b\u1ed9 h\u1ecdc ph\u00ed 2 m\u00f4n h\u1ecdc cu\u1ed1i c\u00f9ng c\u1ee7a ch\u01b0\u01a1ng tr\u00ecnh Th\u1ea1c s\u0129 12 m\u00f4n ho\u1eb7c 3 m\u00f4n cu\u1ed1i c\u1ee7a ch\u01b0\u01a1ng tr\u00ecnh Th\u1ea1c s\u0129 16 m\u00f4n t\u1ea1i \u0110\u1ea1i h\u1ecdc Wollongong<\/p>\n<p><em>\u0110\u1ea1i h\u1ecdc Deakin lu\u00f4n c\u00f3 c\u00e1c h\u1ecdc b\u1ed5ng c\u0169ng nh\u01b0 h\u1ed7 tr\u1ee3 v\u1ec1 t\u00e0i ch\u00ednh cho sinh vi\u00ean, chi ti\u1ebft vui l\u00f2ng xem t\u1ea1i<span>\u00a0<\/span><a href=\"https:\/\/www.uow.edu.au\/\">trang web tr\u01b0\u1eddng<\/a><span>\u00a0<\/span>ho\u1eb7c<span>\u00a0<\/span><a href=\"https:\/\/oisp.hcmut.edu.vn\/sac\/thong-tin-du-hoc\/\">li\u00ean h\u1ec7 t\u01b0 v\u1ea5n<\/a>.<\/em><\/p>\n<p>&nbsp;<\/p>\n<p>[\/et_pb_accordion_item][\/et_pb_accordion][\/et_pb_column][\/et_pb_row][\/et_pb_section]<\/p>\n","protected":false},"excerpt":{"rendered":"<p>\u0110\u1ea1i h\u1ecdc Wollongong, l\u00e0 m\u1ed9t tr\u01b0\u1eddng \u0111\u1ea1i h\u1ecdc nghi\u00ean c\u1ee9u c\u00f4ng l\u1eadp \u1edf th\u00e0nh ph\u1ed1 bi\u1ec3n Wollongong, New South Wales, Australia, kho\u1ea3ng 80 km v\u1ec1 ph\u00eda nam Sydney. \u0110\u1ea1i h\u1ecdc Wollongong (UOW) t\u1ef1 h\u00e0o c\u00f3 th\u1ee9 h\u1ea1ng \u1ea5n t\u01b0\u1ee3ng trong s\u1ed1 20 tr\u01b0\u1eddng \u0111\u1ea1i h\u1ecdc hi\u1ec7n \u0111\u1ea1i h\u00e0ng \u0111\u1ea7u th\u1ebf gi\u1edbi (QS Top 50 Under [&hellip;]<\/p>\n","protected":false},"author":1,"featured_media":0,"parent":49688,"menu_order":0,"comment_status":"closed","ping_status":"closed","template":"","meta":{"_et_pb_use_builder":"on","_et_pb_old_content":"","_et_gb_content_width":"","footnotes":""},"class_list":["post-50286","page","type-page","status-publish","hentry"],"_links":{"self":[{"href":"https:\/\/oisp.hcmut.edu.vn\/sac\/wp-json\/wp\/v2\/pages\/50286","targetHints":{"allow":["GET"]}}],"collection":[{"href":"https:\/\/oisp.hcmut.edu.vn\/sac\/wp-json\/wp\/v2\/pages"}],"about":[{"href":"https:\/\/oisp.hcmut.edu.vn\/sac\/wp-json\/wp\/v2\/types\/page"}],"author":[{"embeddable":true,"href":"https:\/\/oisp.hcmut.edu.vn\/sac\/wp-json\/wp\/v2\/users\/1"}],"replies":[{"embeddable":true,"href":"https:\/\/oisp.hcmut.edu.vn\/sac\/wp-json\/wp\/v2\/comments?post=50286"}],"version-history":[{"count":0,"href":"https:\/\/oisp.hcmut.edu.vn\/sac\/wp-json\/wp\/v2\/pages\/50286\/revisions"}],"up":[{"embeddable":true,"href":"https:\/\/oisp.hcmut.edu.vn\/sac\/wp-json\/wp\/v2\/pages\/49688"}],"wp:attachment":[{"href":"https:\/\/oisp.hcmut.edu.vn\/sac\/wp-json\/wp\/v2\/media?parent=50286"}],"curies":[{"name":"wp","href":"https:\/\/api.w.org\/{rel}","templated":true}]}}