{"id":50306,"date":"2020-03-23T13:59:20","date_gmt":"2020-03-23T13:59:20","guid":{"rendered":"https:\/\/oisp.hcmut.edu.vn\/sac\/?page_id=50306"},"modified":"2020-12-01T03:13:07","modified_gmt":"2020-12-01T03:13:07","slug":"university-of-western-sydney","status":"publish","type":"page","link":"https:\/\/oisp.hcmut.edu.vn\/sac\/diem-den\/uc\/university-of-western-sydney\/","title":{"rendered":"University of Western Sydney"},"content":{"rendered":"<p>[et_pb_section fb_built=&#8221;1&#8243; fullwidth=&#8221;on&#8221; custom_padding_last_edited=&#8221;on|phone&#8221; _builder_version=&#8221;4.4.1&#8243; background_enable_color=&#8221;off&#8221; use_background_color_gradient=&#8221;on&#8221; background_color_gradient_start=&#8221;rgba(0,0,0,0.5)&#8221; background_color_gradient_end=&#8221;rgba(0,0,0,0.28)&#8221; background_color_gradient_overlays_image=&#8221;on&#8221; background_image=&#8221;https:\/\/oisp.hcmut.edu.vn\/sac\/wp-content\/uploads\/2020\/03\/HCMUT-SAC_UWS_University-of-Western-Sydney_banner.jpg&#8221; custom_padding=&#8221;200px||200px||false|false&#8221; custom_padding_tablet=&#8221;50px||50px||false|false&#8221; custom_padding_phone=&#8221;&#8221;][et_pb_fullwidth_header title=&#8221;University of Western Sydney&#8221; _builder_version=&#8221;4.4.0&#8243; title_font=&#8221;|800||on|||||&#8221; title_font_size=&#8221;48px&#8221; title_line_height=&#8221;1.4em&#8221; background_enable_color=&#8221;off&#8221; title_font_size_tablet=&#8221;32px&#8221; title_font_size_phone=&#8221;&#8221; title_font_size_last_edited=&#8221;on|phone&#8221;][\/et_pb_fullwidth_header][\/et_pb_section][et_pb_section fb_built=&#8221;1&#8243; _builder_version=&#8221;4.4.0&#8243;][et_pb_row _builder_version=&#8221;4.4.0&#8243;][et_pb_column type=&#8221;4_4&#8243; _builder_version=&#8221;4.4.0&#8243;][et_pb_accordion _builder_version=&#8221;4.4.2&#8243;][et_pb_accordion_item title=&#8221;Th\u00f4ng tin t\u1ed5ng quan&#8221; open_toggle_text_color=&#8221;#0c71c3&#8243; open_toggle_background_color=&#8221;rgba(0,199,255,0.12)&#8221; icon_color=&#8221;#00aeef&#8221; _builder_version=&#8221;4.4.1&#8243; text_orientation=&#8221;justified&#8221; border_color_all=&#8221;#00aeef&#8221; toggle_font=&#8221;|800||on|||||&#8221; closed_toggle_font=&#8221;|600||on|||||&#8221; open=&#8221;off&#8221;]<\/p>\n<p>University Of Western Sydney \u0111\u1ee9ng trong top 2% c\u00e1c tr\u01b0\u1eddng \u0111\u1ea1i h\u1ecdc tr\u00ean to\u00e0n th\u1ebf gi\u1edbi v\u00e0 t\u1ef1 h\u00e0o l\u00e0 m\u1ed9t m\u00f4i tr\u01b0\u1eddng \u0111\u00e0o t\u1ea1o \u0111\u1ea1i h\u1ecdc n\u0103ng \u0111\u1ed9ng v\u00e0 h\u00f2a \u0111\u1ed3ng. Tr\u01b0\u1eddng n\u1eb1m trong top 100 c\u00e1c tr\u01b0\u1eddng \u0111\u1ea1i h\u1ecdc non tr\u1ebb theo b\u1ea3ng x\u1ebfp h\u1ea1ng c\u00e1c tr\u01b0\u1eddng \u0111\u1ea1i h\u1ecdc tr\u00ean th\u1ebf gi\u1edbi c\u1ee7a Times Higher Education (Times Higher Education World University Rankings).<\/p>\n<p>N\u01a1i \u0111\u00e2y s\u1edf h\u1eefu danh ti\u1ebfng \u0111\u00e1ng ng\u01b0\u1ee1ng m\u1ed9 v\u1ec1 ch\u1ea5t l\u01b0\u1ee3ng \u0111\u00e0o t\u1ea1o v\u1edbi x\u1ebfp h\u1ea1ng 5 sao t\u1eeb b\u1ea3ng x\u1ebfp h\u1ea1ng c\u00e1c tr\u01b0\u1eddng \u0111\u1ea1i h\u1ecdc c\u1ee7a QS (QS University Rankings).<\/p>\n<p>[\/et_pb_accordion_item][et_pb_accordion_item title=&#8221;H\u1ecdc ph\u00ed trung b\u00ecnh&#8221; open_toggle_text_color=&#8221;#0c71c3&#8243; open_toggle_background_color=&#8221;rgba(0,199,255,0.12)&#8221; icon_color=&#8221;#00aeef&#8221; _builder_version=&#8221;4.4.1&#8243; text_orientation=&#8221;justified&#8221; border_color_all=&#8221;#00aeef&#8221; toggle_font=&#8221;|800||on|||||&#8221; closed_toggle_font=&#8221;|600||on|||||&#8221; open=&#8221;off&#8221;]<\/p>\n<p>\u2013 H\u1ecdc ph\u00ed \u01b0\u1edbc t\u00ednh c\u1ee7a DU : ~ 492.000.000 \u0111\u1ed3ng\/n\u0103m;<\/p>\n<p>\u2013 Sinh ho\u1ea1t ph\u00ed \u01b0\u1edbc t\u00ednh t\u1ea1i \u00dac: ~ 170.000.000 \u2013 270.000.000 \u0111\u1ed3ng\/n\u0103m<\/p>\n<p><span><em>(Sinh ho\u1ea1t ph\u00ed bao g\u1ed3m c\u00e1c kho\u1ea3n chi ti\u00eau cho l\u01b0u tr\u00fa, \u0103n u\u1ed1ng, \u0111i l\u1ea1i, b\u1ea3o hi\u1ec3m, \u0111i\u1ec7n, n\u01b0\u1edbc, gas, internet, ti\u1ec7n \u00edch kh\u00e1c\u2026 Sinh ho\u1ea1t ph\u00ed\u00a0mang t\u00ednh ch\u1ea5t tham kh\u1ea3o, d\u1ef1a tr\u00ean kinh nghi\u1ec7m t\u1eeb SV B\u00e1ch khoa Qu\u1ed1c t\u1ebf t\u1ea1i \u00dac. C\u00e1c kho\u1ea3n chi ti\u00eau th\u1ef1c t\u1ebf c\u00f3 th\u1ec3 thay \u0111\u1ed5i t\u00f9y theo k\u1ebf ho\u1ea1ch c\u1ee7a t\u1eebng SV. Th\u1eddi \u0111i\u1ec3m c\u1eadp nh\u1eadt: 3\/2020.<\/em><\/span><span><em>)<\/em><\/span><\/p>\n<p>[\/et_pb_accordion_item][et_pb_accordion_item title=&#8221;C\u00e1c Ng\u00e0nh \u0111\u00e0o t\u1ea1o&#8221; open=&#8221;off&#8221; open_toggle_text_color=&#8221;#0c71c3&#8243; open_toggle_background_color=&#8221;rgba(0,199,255,0.12)&#8221; icon_color=&#8221;#00aeef&#8221; _builder_version=&#8221;4.4.2&#8243; text_orientation=&#8221;justified&#8221; border_color_all=&#8221;#00aeef&#8221; toggle_font=&#8221;|800||on|||||&#8221; closed_toggle_font=&#8221;|600||on|||||&#8221;]<\/p>\n<ul>\n<li>Kinh t\u1ebf<\/li>\n<li>T\u00e0i ch\u00ednh \u1ee9ng d\u1ee5ng.<\/li>\n<li>k\u1ebf to\u00e1n, ki\u1ec3m to\u00e1n.<\/li>\n<li>Th\u01b0\u01a1ng m\u1ea1i.<\/li>\n<li>\u00a0C\u00f4ng ngh\u1ec7 Th\u00f4ng Tin.<\/li>\n<li>C\u01a1 kh\u00ed (T\u1ef1 \u0111\u1ed9ng &#8211; s\u1ea3n xu\u1ea5t).<\/li>\n<li>\u00a0Khoa h\u1ecdc \u1ee9ng d\u1ee5ng: m\u00f4i tr\u01b0\u1eddng, y sinh<\/li>\n<li>Y h\u1ecdc v\u00e0 s\u1ee9c kh\u1ecfe: Y t\u00e1, khoa h\u1ecdc s\u1ee9c kh\u1ecfe, s\u1ee9c kh\u1ecfe c\u1ed9ng \u0111\u1ed3ng.<\/li>\n<\/ul>\n<p>[\/et_pb_accordion_item][et_pb_accordion_item title=&#8221;Y\u00eau c\u1ea7u ti\u1ebfng Anh&#8221; open_toggle_text_color=&#8221;#0c71c3&#8243; open_toggle_background_color=&#8221;rgba(0,199,255,0.12)&#8221; icon_color=&#8221;#00aeef&#8221; _builder_version=&#8221;4.4.1&#8243; text_orientation=&#8221;justified&#8221; border_color_all=&#8221;#00aeef&#8221; toggle_font=&#8221;|800||on|||||&#8221; closed_toggle_font=&#8221;|600||on|||||&#8221; open=&#8221;off&#8221;]<\/p>\n<p><span>\u2022\u00a0<\/span><span>IELTS 6.5<\/span><\/p>\n<p><span>\u2022\u00a0<\/span><span>TOFEL iBT 82<\/span><\/p>\n<p>[\/et_pb_accordion_item][et_pb_accordion_item title=&#8221;H\u1ecdc b\u1ed5ng&#8221; open_toggle_text_color=&#8221;#0c71c3&#8243; open_toggle_background_color=&#8221;rgba(0,199,255,0.12)&#8221; icon_color=&#8221;#00aeef&#8221; _builder_version=&#8221;4.4.1&#8243; text_orientation=&#8221;justified&#8221; border_color_all=&#8221;#00aeef&#8221; toggle_font=&#8221;|800||on|||||&#8221; closed_toggle_font=&#8221;|600||on|||||&#8221; open=&#8221;on&#8221;]<\/p>\n<p><strong>\u2666 H\u1ecdc b\u1ed5ng Qu\u1ed1c t\u1ebf T\u00e2y Sydney:<\/strong>\u00a0h\u1ecdc b\u1ed5ng\u00a0 50% h\u1ecdc ph\u00ed cho sinh vi\u00ean. Su\u1ea5t h\u1ecdc b\u1ed5ng n\u00e0y \u0111\u01b0\u1ee3c c\u1ea5p trong v\u00f2ng ba n\u0103m cho ch\u01b0\u01a1ng tr\u00ecnh b\u1eadc \u0111\u1ea1i h\u1ecdc v\u00e0 hai n\u0103m cho ch\u01b0\u01a1ng tr\u00ecnh b\u1eadc sau \u0111\u1ea1i h\u1ecdc.<br \/> \u2666\u00a0<strong>H\u1ecdc b\u1ed5ng Ch\u1ea5t l\u01b0\u1ee3ng c\u1ee7a Ph\u00f3 hi\u1ec7u tr\u01b0\u1edfng mi\u1ec5n gi\u1ea3m:<\/strong>\u00a0s\u1ebd c\u1ea5p h\u1ecdc b\u1ed5ng m\u1ed9t ph\u1ea7n trong nhi\u1ec1u n\u0103m tr\u1ecb gi\u00e1 7.500 ho\u1eb7c 5.000 AUD cho sinh vi\u00ean qu\u1ed1c t\u1ebf sau khi \u0111\u00e1nh gi\u00e1 \u0111\u01a1n xin x\u00e9t h\u1ecdc b\u1ed5ng c\u1ee7a sinh vi\u00ean.<\/p>\n<p>C\u00e1c su\u1ea5t h\u1ecdc b\u1ed5ng n\u00e0y \u0111\u01b0\u1ee3c \u00e1p d\u1ee5ng tr\u00ean h\u1ecdc ph\u00ed c\u1ee7a sinh vi\u00ean trong m\u1ed9t kho\u1ea3ng th\u1eddi gian l\u00ean t\u1edbi ba n\u0103m cho c\u00e1c ch\u01b0\u01a1ng tr\u00ecnh b\u1eadc \u0111\u1ea1i h\u1ecdc v\u00e0 hai n\u0103m cho c\u00e1c ch\u01b0\u01a1ng tr\u00ecnh b\u1eadc sau \u0111\u1ea1i h\u1ecdc.<\/p>\n<p>\u00a0<em>\u0110\u1ea1i h\u1ecdc Deakin lu\u00f4n c\u00f3 c\u00e1c h\u1ecdc b\u1ed5ng c\u0169ng nh\u01b0 h\u1ed7 tr\u1ee3 v\u1ec1 t\u00e0i ch\u00ednh cho sinh vi\u00ean, chi ti\u1ebft vui l\u00f2ng xem t\u1ea1i<span>\u00a0<\/span><a href=\"https:\/\/www.westernsydney.edu.au\/\">trang web tr\u01b0\u1eddng<\/a><span>\u00a0<\/span>ho\u1eb7c<span>\u00a0<\/span><a href=\"https:\/\/oisp.hcmut.edu.vn\/sac\/thong-tin-du-hoc\/\">li\u00ean h\u1ec7 t\u01b0 v\u1ea5n<\/a>.<\/em><span style=\"font-size: 14px;\">\u00a0<\/span><\/p>\n<p>[\/et_pb_accordion_item][\/et_pb_accordion][\/et_pb_column][\/et_pb_row][\/et_pb_section]<\/p>\n","protected":false},"excerpt":{"rendered":"<p>University Of Western Sydney \u0111\u1ee9ng trong top 2% c\u00e1c tr\u01b0\u1eddng \u0111\u1ea1i h\u1ecdc tr\u00ean to\u00e0n th\u1ebf gi\u1edbi v\u00e0 t\u1ef1 h\u00e0o l\u00e0 m\u1ed9t m\u00f4i tr\u01b0\u1eddng \u0111\u00e0o t\u1ea1o \u0111\u1ea1i h\u1ecdc n\u0103ng \u0111\u1ed9ng v\u00e0 h\u00f2a \u0111\u1ed3ng. Tr\u01b0\u1eddng n\u1eb1m trong top 100 c\u00e1c tr\u01b0\u1eddng \u0111\u1ea1i h\u1ecdc non tr\u1ebb theo b\u1ea3ng x\u1ebfp h\u1ea1ng c\u00e1c tr\u01b0\u1eddng \u0111\u1ea1i h\u1ecdc tr\u00ean th\u1ebf gi\u1edbi c\u1ee7a [&hellip;]<\/p>\n","protected":false},"author":1,"featured_media":0,"parent":49688,"menu_order":0,"comment_status":"closed","ping_status":"closed","template":"","meta":{"_et_pb_use_builder":"on","_et_pb_old_content":"","_et_gb_content_width":"","footnotes":""},"class_list":["post-50306","page","type-page","status-publish","hentry"],"_links":{"self":[{"href":"https:\/\/oisp.hcmut.edu.vn\/sac\/wp-json\/wp\/v2\/pages\/50306","targetHints":{"allow":["GET"]}}],"collection":[{"href":"https:\/\/oisp.hcmut.edu.vn\/sac\/wp-json\/wp\/v2\/pages"}],"about":[{"href":"https:\/\/oisp.hcmut.edu.vn\/sac\/wp-json\/wp\/v2\/types\/page"}],"author":[{"embeddable":true,"href":"https:\/\/oisp.hcmut.edu.vn\/sac\/wp-json\/wp\/v2\/users\/1"}],"replies":[{"embeddable":true,"href":"https:\/\/oisp.hcmut.edu.vn\/sac\/wp-json\/wp\/v2\/comments?post=50306"}],"version-history":[{"count":0,"href":"https:\/\/oisp.hcmut.edu.vn\/sac\/wp-json\/wp\/v2\/pages\/50306\/revisions"}],"up":[{"embeddable":true,"href":"https:\/\/oisp.hcmut.edu.vn\/sac\/wp-json\/wp\/v2\/pages\/49688"}],"wp:attachment":[{"href":"https:\/\/oisp.hcmut.edu.vn\/sac\/wp-json\/wp\/v2\/media?parent=50306"}],"curies":[{"name":"wp","href":"https:\/\/api.w.org\/{rel}","templated":true}]}}