{"id":50345,"date":"2020-03-29T07:26:14","date_gmt":"2020-03-29T07:26:14","guid":{"rendered":"https:\/\/oisp.hcmut.edu.vn\/sac\/?page_id=50345"},"modified":"2021-05-24T09:02:47","modified_gmt":"2021-05-24T09:02:47","slug":"university-of-illinois-at-springfield","status":"publish","type":"page","link":"https:\/\/oisp.hcmut.edu.vn\/sac\/diem-den\/my\/university-of-illinois-at-springfield\/","title":{"rendered":"University of Illinois At Springfield"},"content":{"rendered":"<p>[et_pb_section fb_built=&#8221;1&#8243; fullwidth=&#8221;on&#8221; custom_padding_last_edited=&#8221;on|phone&#8221; _builder_version=&#8221;4.4.2&#8243; background_enable_color=&#8221;off&#8221; use_background_color_gradient=&#8221;on&#8221; background_color_gradient_start=&#8221;rgba(0,0,0,0.5)&#8221; background_color_gradient_end=&#8221;rgba(0,0,0,0.28)&#8221; background_color_gradient_overlays_image=&#8221;on&#8221; background_image=&#8221;https:\/\/oisp.hcmut.edu.vn\/sac\/wp-content\/uploads\/2020\/03\/HCMUT-SAC_UIS_University-of-Illinois-At-Springfield_banner.jpg&#8221; custom_padding=&#8221;200px||140px||false|false&#8221; custom_padding_tablet=&#8221;50px||50px||false|false&#8221; custom_padding_phone=&#8221;&#8221;][et_pb_fullwidth_header title=&#8221;University of Illinois At Springfield &#8211; UIS&#8221; _builder_version=&#8221;4.3.2&#8243; title_font=&#8221;|800||on|||||&#8221; title_font_size=&#8221;46px&#8221; title_line_height=&#8221;1.4em&#8221; background_enable_color=&#8221;off&#8221; title_font_size_tablet=&#8221;32px&#8221; title_font_size_phone=&#8221;&#8221; title_font_size_last_edited=&#8221;on|phone&#8221; title_text_shadow_style=&#8221;preset5&#8243; title_text_shadow_color=&#8221;#00457c&#8221;][\/et_pb_fullwidth_header][\/et_pb_section][et_pb_section fb_built=&#8221;1&#8243; _builder_version=&#8221;4.3.2&#8243;][et_pb_row column_structure=&#8221;3_5,2_5&#8243; _builder_version=&#8221;4.3.2&#8243; custom_padding=&#8221;0px|||||&#8221;][et_pb_column type=&#8221;3_5&#8243; _builder_version=&#8221;4.3.2&#8243;][et_pb_video src=&#8221;https:\/\/youtu.be\/LMIGI7K14Ok&#8221; _builder_version=&#8221;4.3.2&#8243; custom_margin=&#8221;|-57px||||&#8221;][\/et_pb_video][\/et_pb_column][et_pb_column type=&#8221;2_5&#8243; _builder_version=&#8221;4.3.2&#8243;][et_pb_image src=&#8221;https:\/\/oisp.hcmut.edu.vn\/sac\/wp-content\/uploads\/2021\/05\/UIS-logo.jpg&#8221; _builder_version=&#8221;4.3.2&#8243; width=&#8221;60%&#8221; module_alignment=&#8221;center&#8221; box_shadow_style=&#8221;preset2&#8243;][\/et_pb_image][et_pb_text _builder_version=&#8221;4.3.2&#8243;]<\/p>\n<h2 style=\"text-align: center;\"><strong>TINH TH\u1ea6N L\u00c3NH \u0110\u1ea0O\u00a0<\/strong><\/h2>\n<h2 style=\"text-align: center;\"><strong>HI\u1ec6N H\u1eeeU<\/strong><\/h2>\n<p>[\/et_pb_text][\/et_pb_column][\/et_pb_row][\/et_pb_section][et_pb_section fb_built=&#8221;1&#8243; _builder_version=&#8221;4.3.2&#8243; custom_margin=&#8221;-81px||-89px|||&#8221; custom_padding=&#8221;0px|||||&#8221;][et_pb_row column_structure=&#8221;1_5,1_5,1_5,1_5,1_5&#8243; _builder_version=&#8221;4.3.2&#8243; custom_padding=&#8221;77px|||||&#8221;][et_pb_column type=&#8221;1_5&#8243; _builder_version=&#8221;4.3.2&#8243;][et_pb_number_counter title=&#8221;N\u0102M H\u00ccNH TH\u00c0NH V\u00c0 PH\u00c1T TRI\u1ec2N&#8221; number=&#8221;51+&#8221; percent_sign=&#8221;off&#8221; _builder_version=&#8221;4.3.2&#8243; title_font=&#8221;|700||on|||||&#8221; title_text_align=&#8221;center&#8221; title_text_color=&#8221;#ffffff&#8221; title_font_size=&#8221;15px&#8221; title_line_height=&#8221;1.2em&#8221; number_font=&#8221;|800||on|||||&#8221; number_text_align=&#8221;center&#8221; number_text_color=&#8221;#ffffff&#8221; number_font_size=&#8221;60px&#8221; use_background_color_gradient=&#8221;on&#8221; background_color_gradient_start=&#8221;#0c71c3&#8243; background_color_gradient_end=&#8221;#00aeef&#8221; custom_padding=&#8221;||20px||false|false&#8221; number_text_shadow_style=&#8221;preset5&#8243; number_text_shadow_color=&#8221;#00457c&#8221; border_radii=&#8221;on|12px|12px|12px|12px&#8221;][\/et_pb_number_counter][\/et_pb_column][et_pb_column type=&#8221;1_5&#8243; _builder_version=&#8221;4.3.2&#8243;][et_pb_number_counter title=&#8221;D\u1eaaN \u0110\u1ea6U BANG ILLINOIS (US NEWS &#038; WORLD REPORT 2020)&#8221; number=&#8221;1&#8243; percent_sign=&#8221;off&#8221; _builder_version=&#8221;4.3.2&#8243; title_font=&#8221;|700||on|||||&#8221; title_text_align=&#8221;center&#8221; title_text_color=&#8221;#ffffff&#8221; title_font_size=&#8221;12px&#8221; title_line_height=&#8221;1.2em&#8221; number_font=&#8221;|800||on|||||&#8221; number_text_align=&#8221;center&#8221; number_text_color=&#8221;#ffffff&#8221; use_background_color_gradient=&#8221;on&#8221; background_color_gradient_start=&#8221;#0c71c3&#8243; background_color_gradient_end=&#8221;#00aeef&#8221; custom_padding=&#8221;||20px||false|false&#8221; number_text_shadow_style=&#8221;preset5&#8243; number_text_shadow_color=&#8221;#00457c&#8221; border_radii=&#8221;on|12px|12px|12px|12px&#8221;][\/et_pb_number_counter][\/et_pb_column][et_pb_column type=&#8221;1_5&#8243; _builder_version=&#8221;4.3.2&#8243;][et_pb_number_counter title=&#8221;N\u0102M LI\u00caN T\u1ee4C TR\u1ee4 TOP 15 \u0110H C\u00d4NG T\u1ed0T NH\u1ea4T TRUNG T\u00c2Y M\u1ef8 (US NEWS &#038; WORLD REPORT)&#8221; number=&#8221;13&#8243; percent_sign=&#8221;off&#8221; _builder_version=&#8221;4.3.2&#8243; title_font=&#8221;|700||on|||||&#8221; title_text_align=&#8221;center&#8221; title_text_color=&#8221;#ffffff&#8221; title_font_size=&#8221;12px&#8221; title_line_height=&#8221;1.2em&#8221; number_font=&#8221;|800||on|||||&#8221; number_text_align=&#8221;center&#8221; number_text_color=&#8221;#ffffff&#8221; number_font_size=&#8221;60px&#8221; use_background_color_gradient=&#8221;on&#8221; background_color_gradient_start=&#8221;#0c71c3&#8243; background_color_gradient_end=&#8221;#00aeef&#8221; number_text_shadow_style=&#8221;preset5&#8243; number_text_shadow_color=&#8221;#00457c&#8221; border_radii=&#8221;on|12px|12px|12px|12px&#8221;][\/et_pb_number_counter][\/et_pb_column][et_pb_column type=&#8221;1_5&#8243; _builder_version=&#8221;4.3.2&#8243;][et_pb_number_counter title=&#8221;C\u00c2U L\u1ea0C B\u1ed8 V\u00c0 T\u1ed4 CH\u1ee8C SINH VI\u00caN&#8221; number=&#8221;85&#8243; percent_sign=&#8221;off&#8221; _builder_version=&#8221;4.3.2&#8243; title_font=&#8221;|700||on|||||&#8221; title_text_align=&#8221;center&#8221; title_text_color=&#8221;#ffffff&#8221; title_font_size=&#8221;15px&#8221; title_line_height=&#8221;1.2em&#8221; number_font=&#8221;|800||on|||||&#8221; number_text_align=&#8221;center&#8221; number_text_color=&#8221;#ffffff&#8221; number_font_size=&#8221;60px&#8221; use_background_color_gradient=&#8221;on&#8221; background_color_gradient_start=&#8221;#0c71c3&#8243; background_color_gradient_end=&#8221;#00aeef&#8221; custom_padding=&#8221;||20px||false|false&#8221; number_text_shadow_style=&#8221;preset5&#8243; number_text_shadow_color=&#8221;#00457c&#8221; border_radii=&#8221;on|12px|12px|12px|12px&#8221;][\/et_pb_number_counter][\/et_pb_column][et_pb_column type=&#8221;1_5&#8243; _builder_version=&#8221;4.3.2&#8243;][et_pb_number_counter title=&#8221;SINH VI\u00caN QU\u1ed0C T\u1ebe \u0110ANG THEO H\u1eccC&#8221; number=&#8221;8.7&#8243; _builder_version=&#8221;4.3.2&#8243; title_font=&#8221;|700||on|||||&#8221; title_text_align=&#8221;center&#8221; title_text_color=&#8221;#ffffff&#8221; title_font_size=&#8221;15px&#8221; title_line_height=&#8221;1.2em&#8221; number_font=&#8221;|800||on|||||&#8221; number_text_align=&#8221;center&#8221; number_text_color=&#8221;#ffffff&#8221; number_font_size=&#8221;60px&#8221; use_background_color_gradient=&#8221;on&#8221; background_color_gradient_start=&#8221;#0c71c3&#8243; background_color_gradient_end=&#8221;#00aeef&#8221; custom_padding=&#8221;||20px||false|false&#8221; number_text_shadow_style=&#8221;preset5&#8243; number_text_shadow_color=&#8221;#00457c&#8221; border_radii=&#8221;on|12px|12px|12px|12px&#8221;][\/et_pb_number_counter][\/et_pb_column][\/et_pb_row][\/et_pb_section][et_pb_section fb_built=&#8221;1&#8243; _builder_version=&#8221;4.4.0&#8243;][et_pb_row _builder_version=&#8221;4.4.0&#8243;][et_pb_column type=&#8221;4_4&#8243; _builder_version=&#8221;4.4.0&#8243;][et_pb_accordion _builder_version=&#8221;4.3.2&#8243; hover_enabled=&#8221;0&#8243;][et_pb_accordion_item title=&#8221;Th\u00f4ng tin t\u1ed5ng quan&#8221; open_toggle_text_color=&#8221;#0c71c3&#8243; open_toggle_background_color=&#8221;rgba(0,199,255,0.12)&#8221; icon_color=&#8221;#00aeef&#8221; _builder_version=&#8221;4.3.2&#8243; body_font_size=&#8221;17px&#8221; text_orientation=&#8221;justified&#8221; border_color_all=&#8221;#00aeef&#8221; toggle_font=&#8221;|800||on|||||&#8221; closed_toggle_font=&#8221;|600||on|||||&#8221; open=&#8221;off&#8221;]<\/p>\n<p>Thu\u1ed9c h\u1ec7 th\u1ed1ng \u0110H Illinois danh ti\u1ebfng, do \u0110\u1ea1i H\u1ed9i \u0111\u1ed3ng Bang Illinois th\u00e0nh l\u1eadp v\u00e0o 1969.<\/p>\n<p><span>T\u1ecda l\u1ea1c ph\u00eda T\u00e2y Nam th\u00e0nh ph\u1ed1 Springfield, bang Illinois, g\u1ea7n h\u1ed3 Springfield; c\u00e1ch 321 km ph\u00eda T\u00e2y Nam Chicago v\u00e0 160 km h\u01b0\u1edbng T\u00e2y B\u1eafc St.Louis.\u00a0<\/span><span>Tr\u01b0\u1eddng s<\/span><span>\u1edf h\u1eefu khu\u00f4n vi\u00ean r\u1ed9ng l\u00ean \u0111\u1ebfn h\u01a1n 300 ha.<\/span><\/p>\n<p><span>Khoa Qu\u1ea3n tr\u1ecb Kinh doanh c\u1ee7a UIS \u0111\u1ea1t ch\u1ee9ng nh\u1eadn AACSB danh ti\u1ebfng to\u00e0n c\u1ea7u (ch\u1ec9 c\u00f3 5% tr\u01b0\u1eddng \u0111\u00e0o t\u1ea1o kinh doanh tr\u00ean th\u1ebf gi\u1edbi \u0111\u1ea1t ch\u1ee9ng n\u00e0y).<\/span><\/p>\n<p><span>Cung c\u1ea5p 30 ch\u01b0\u01a1ng tr\u00ecnh \u0111\u00e0o t\u1ea1o b\u1eadc \u0110H, 21 ch\u01b0\u01a1ng tr\u00ecnh \u0111\u00e0o t\u1ea1o b\u1eadc Sau \u0110H, 1.451 kh\u00f3a h\u1ecdc tr\u1ef1c tuy\u1ebfn, thu h\u00fat 4.275 sinh vi\u00ean nh\u1eadp h\u1ecdc kh\u00f3a 2019, c\u00f3 m\u1ea1ng l\u01b0\u1edbi 43.000 c\u1ef1u SV kh\u1eafp n\u01a1i tr\u00ean th\u1ebf gi\u1edbi.<\/span><\/p>\n<p><span>H\u00e0ng n\u0103m, UIS \u0111\u1ea7u t\u01b0 7 tri\u1ec7u USD cho qu\u1ef9 nghi\u00ean c\u1ee9u khoa h\u1ecdc.\u00a0<\/span><span>SV v\u00e0 c\u1ef1u SV c\u1ee7a tr\u01b0\u1eddng c\u0169ng \u0111\u00f3ng g\u00f3p 833 tri\u1ec7u USD l\u1ee3i t\u1ee9c cho n\u1ec1n kinh t\u1ebf bang Illinois h\u00e0ng n\u0103m.<\/span><\/p>\n<p>[\/et_pb_accordion_item][et_pb_accordion_item title=&#8221;H\u1ecdc ph\u00ed trung b\u00ecnh&#8221; open_toggle_text_color=&#8221;#0c71c3&#8243; open_toggle_background_color=&#8221;rgba(0,199,255,0.12)&#8221; icon_color=&#8221;#00aeef&#8221; _builder_version=&#8221;4.3.2&#8243; body_font_size=&#8221;17px&#8221; text_orientation=&#8221;justified&#8221; border_color_all=&#8221;#00aeef&#8221; toggle_font=&#8221;|800||on|||||&#8221; closed_toggle_font=&#8221;|600||on|||||&#8221; open=&#8221;off&#8221;]<\/p>\n<p>\u2013 H\u1ecdc ph\u00ed \u01b0\u1edbc t\u00ednh c\u1ee7a UIS : ~ 650.000.000 \u0111\u1ed3ng\/n\u0103m<\/p>\n<p>\u2013 Sinh ho\u1ea1t ph\u00ed \u01b0\u1edbc t\u00ednh t\u1ea1i M\u1ef9: ~ 310.000.000 \u2013 420.000.000 \u0111\u1ed3ng\/n\u0103m<\/p>\n<p><span><em>(H\u1ecdc ph\u00ed \u0110H n\u01b0\u1edbc ngo\u00e0i mang t\u00ednh tham kh\u1ea3o, c\u00f3 th\u1ec3 thay \u0111\u1ed5i theo th\u1eddi gi\u00e1 ngo\u1ea1i t\u1ec7 v\u00e0 m\u1ee9c \u0111i\u1ec1u ch\u1ec9nh c\u1ee7a c\u00e1c tr\u01b0\u1eddng theo t\u1eebng n\u0103m. H\u1ecdc ph\u00ed quy \u0111\u1ed5i sang ti\u1ec1n \u0111\u1ed3ng trong b\u1ea3ng n\u00e0y \u0111\u01b0\u1ee3c \u00e1p d\u1ee5ng theo t\u1ec9 gi\u00e1 do Ng\u00e2n h\u00e0ng TMCP Ngo\u1ea1i th\u01b0\u01a1ng Vi\u1ec7t Nam (VCB) c\u00f4ng b\u1ed1 v\u00e0o 27\/02\/2021.<\/em><\/span><span><em>)<\/em><\/span><\/p>\n<p>[\/et_pb_accordion_item][et_pb_accordion_item title=&#8221;C\u00e1c Ng\u00e0nh \u0111\u00e0o t\u1ea1o&#8221; open=&#8221;off&#8221; open_toggle_text_color=&#8221;#0c71c3&#8243; open_toggle_background_color=&#8221;rgba(0,199,255,0.12)&#8221; icon_color=&#8221;#00aeef&#8221; _builder_version=&#8221;4.3.2&#8243; body_font_size=&#8221;17px&#8221; text_orientation=&#8221;justified&#8221; border_color_all=&#8221;#00aeef&#8221; toggle_font=&#8221;|800||on|||||&#8221; closed_toggle_font=&#8221;|600||on|||||&#8221;]<\/p>\n<ul>\n<li>Gi\u00e1o d\u1ee5c v\u00e0 \u0110\u00e0o t\u1ea1o.<\/li>\n<li>Khoa h\u1ecdc M\u00e1y t\u00ednh v\u00e0 C\u00f4ng ngh\u1ec7 th\u00f4ng tin (CNTT).<\/li>\n<li>Khoa h\u1ecdc X\u00e3 h\u1ed9i v\u00e0 Truy\u1ec1n th\u00f4ng.<\/li>\n<li>Kinh doanh &amp; Qua\u0309n ly\u0301.<\/li>\n<li>Khoa h\u1ecdc \u1ee8ng d\u1ee5ng v\u00e0 Khoa h\u1ecdc C\u01a1 b\u1ea3n.<\/li>\n<li>Lu\u1eadt.<\/li>\n<li>Ngh\u1ec7 thu\u1eadt S\u00e1ng t\u1ea1o v\u00e0 Thi\u1ebft\u00a0 k\u1ebf.<\/li>\n<li>Nh\u00e2n v\u0103n.<\/li>\n<\/ul>\n<p>[\/et_pb_accordion_item][et_pb_accordion_item title=&#8221;Y\u00eau c\u1ea7u ti\u1ebfng Anh&#8221; open_toggle_text_color=&#8221;#0c71c3&#8243; open_toggle_background_color=&#8221;rgba(0,199,255,0.12)&#8221; icon_color=&#8221;#00aeef&#8221; _builder_version=&#8221;4.3.2&#8243; body_font_size=&#8221;17px&#8221; text_orientation=&#8221;justified&#8221; border_color_all=&#8221;#00aeef&#8221; toggle_font=&#8221;|800||on|||||&#8221; closed_toggle_font=&#8221;|600||on|||||&#8221; open=&#8221;off&#8221;]<\/p>\n<p><span>\u2022 IELTS \u2265 6.0; ho\u1eb7c<\/span><br \/> <span>\u2022 PTE \u2265 65; ho\u1eb7c<\/span><br \/> <span>\u2022 V\u01b0\u1ee3t qua k\u1ef3 thi ti\u1ebfng Anh do University of Illinois Springfield t\u1ed5 ch\u1ee9c<\/span><\/p>\n<p>[\/et_pb_accordion_item][et_pb_accordion_item title=&#8221;H\u1ecdc b\u1ed5ng&#8221; open_toggle_text_color=&#8221;#0c71c3&#8243; open_toggle_background_color=&#8221;rgba(0,199,255,0.12)&#8221; icon_color=&#8221;#00aeef&#8221; _builder_version=&#8221;4.3.2&#8243; body_font_size=&#8221;17px&#8221; text_orientation=&#8221;justified&#8221; border_color_all=&#8221;#00aeef&#8221; toggle_font=&#8221;|800||on|||||&#8221; closed_toggle_font=&#8221;|600||on|||||&#8221; open=&#8221;off&#8221;]<\/p>\n<p>UIS cung c\u1ea5p nhi\u1ec1u<span>\u00a0<\/span><a href=\"https:\/\/www.uis.edu\/admissions\/freshmen\/meritscholarship\/\" target=\"_blank\" rel=\"noopener noreferrer\">h\u1ecdc b\u1ed5ng cho SV qu\u1ed1c t\u1ebf<\/a><span>\u00a0<\/span>theo h\u1ecdc ch\u01b0\u01a1ng tr\u00ecnh b\u1eadc \u0110H:<\/p>\n<p>\u2013 <strong>H\u1ecdc b\u1ed5ng Lincoln\/ AIM HIGH Merit<\/strong> d\u00e0nh cho m\u1ecdi th\u00ed sinh d\u1ef1 tuy\u1ec3n b\u1eadc \u0110H t\u1ea1i UIS, \u0111\u01b0\u1ee3c x\u00e9t d\u1ef1a tr\u00ean \u0111i\u1ec3m GPA v\u00e0 SAT\/ ACT, tr\u1ecb gi\u00e1 l\u00ean t\u1edbi 12.000 dollar M\u1ef9\/n\u0103m<\/p>\n<p>\u2013 <strong>H\u1ecdc b\u1ed5ng Transfer Student AIM HIGH Merit<\/strong> d\u00e0nh cho SV chuy\u1ec3n ti\u1ebfp du h\u1ecdc, \u0111\u01b0\u1ee3c x\u00e9t d\u1ef1a tr\u00ean \u0111i\u1ec3m GPA c\u00f9ng m\u1ed9t s\u1ed1 ti\u00eau ch\u00ed kh\u00e1c, tr\u1ecb gi\u00e1 l\u00ean t\u1edbi 3.000 dollar M\u1ef9\/n\u0103m<\/p>\n<p>\u2013 <strong>Ch\u01b0\u01a1ng tr\u00ecnh International Student Awards<\/strong> d\u00e0nh cho SV qu\u1ed1c t\u1ebf, \u0111\u01b0\u1ee3c x\u00e9t d\u1ef1a tr\u00ean \u0111i\u1ec3m GPA, tr\u1ecb gi\u00e1 l\u00ean t\u1edbi 4.000 dollar M\u1ef9\/n\u0103m v\u00e0 \u0111\u01b0\u1ee3c c\u1ea5p li\u00ean t\u1ee5c trong b\u1ed1n n\u0103m h\u1ecdc n\u1ebfu SV duy tr\u00ec \u0111\u01b0\u1ee3c \u0111i\u1ec3m GPA \u2265 3.0<\/p>\n<p><span><em>(1 dollar M\u1ef9 ~ 23.049 \u0111\u1ed3ng, th\u1eddi gi\u00e1 5\/2021<\/em><\/span><span><em>)<\/em><\/span><\/p>\n<p>[\/et_pb_accordion_item][et_pb_accordion_item title=&#8221;H\u1ed7 tr\u1ee3 c\u1ee7a trung t\u00e2m d\u00e0nh cho SV b\u00e1ch khoa chuy\u1ec3n ti\u1ebfp sang UIS&#8221; open_toggle_text_color=&#8221;#0c71c3&#8243; open_toggle_background_color=&#8221;rgba(0,199,255,0.12)&#8221; icon_color=&#8221;#00aeef&#8221; _builder_version=&#8221;4.3.2&#8243; body_font_size=&#8221;17px&#8221; text_orientation=&#8221;justified&#8221; hover_enabled=&#8221;0&#8243; border_color_all=&#8221;#00aeef&#8221; toggle_font=&#8221;|800||on|||||&#8221; closed_toggle_font=&#8221;|600||on|||||&#8221; open=&#8221;on&#8221;]<\/p>\n<p>\u2013 H\u01b0\u1edbng d\u1eabn th\u1ee7 t\u1ee5c chuy\u1ec3n \u0111i\u1ec3m\/ t\u00edn ch\u1ec9 sang \u0110H \u0111\u1ed1i t\u00e1c<\/p>\n<p>\u2013 Xin Gi\u1ea5y Nh\u1eadp h\u1ecdc (I20), \u0111\u0103ng k\u00fd l\u1edbp ti\u1ebfng Anh (n\u1ebfu c\u00f3)<\/p>\n<p>\u2013 T\u01b0 v\u1ea5n th\u1ee7 t\u1ee5c ch\u1ee9ng minh t\u00e0i ch\u00ednh, xin visa<\/p>\n<p>\u2013 H\u1ed7 tr\u1ee3 t\u00ecm nh\u00e0 \u1edf, \u0111\u0103ng k\u00fd k\u00fd t\u00fac x\u00e1<\/p>\n<p>\u2013 \u0110\u01b0a \u0111\u00f3n t\u1ea1i s\u00e2n bay, li\u00ean h\u1ec7 v\u1edbi c\u1ed9ng \u0111\u1ed3ng SV B\u00e1ch khoa Qu\u1ed1c t\u1ebf \u1edf n\u01b0\u1edbc b\u1ea1n \u0111\u1ec3 \u0111\u01b0\u1ee3c gi\u00fap \u0111\u1ee1<\/p>\n<p>[\/et_pb_accordion_item][\/et_pb_accordion][\/et_pb_column][\/et_pb_row][\/et_pb_section][et_pb_section fb_built=&#8221;1&#8243; _builder_version=&#8221;4.3.2&#8243; custom_margin=&#8221;-83px|||||&#8221; custom_padding=&#8221;38px|||||&#8221; saved_tabs=&#8221;all&#8221;][et_pb_row module_class=&#8221;lien-he-bottom&#8221; _builder_version=&#8221;4.4.8&#8243; custom_margin=&#8221;0px||||false|false&#8221; animation_style=&#8221;fade&#8221; locked=&#8221;off&#8221; collapsed=&#8221;off&#8221;][et_pb_column type=&#8221;4_4&#8243; _builder_version=&#8221;3.25&#8243; custom_padding=&#8221;|||&#8221; custom_padding__hover=&#8221;|||&#8221;][et_pb_text module_id=&#8221;diachiOISP&#8221; _builder_version=&#8221;4.3.2&#8243; text_font=&#8221;||||||||&#8221; text_line_height=&#8221;1.8em&#8221; header_font=&#8221;||||||||&#8221; header_2_font=&#8221;||||||||&#8221; header_2_text_color=&#8221;#00aaef&#8221; header_2_font_size=&#8221;18px&#8221; header_2_line_height=&#8221;1.2em&#8221; background_color=&#8221;#cef2ff&#8221; use_background_color_gradient=&#8221;on&#8221; background_color_gradient_start=&#8221;#cef2ff&#8221; background_color_gradient_end=&#8221;#ffffff&#8221; width=&#8221;70%&#8221; width_tablet=&#8221;100%&#8221; width_phone=&#8221;100%&#8221; width_last_edited=&#8221;on|desktop&#8221; max_width=&#8221;100%&#8221; module_alignment=&#8221;center&#8221; custom_padding=&#8221;15px|15px|5px|15px|false|false&#8221; border_width_all=&#8221;1px&#8221; border_color_all=&#8221;#00aaef&#8221; border_style_all=&#8221;dashed&#8221; box_shadow_style=&#8221;preset3&#8243; locked=&#8221;off&#8221; custom_margin__hover_enabled=&#8221;on|desktop&#8221;]<\/p>\n<h2 style=\"text-align: left;\">LI\u00caN H\u1ec6 TRUNG T\u00c2M T\u01af V\u1ea4N DU H\u1eccC<\/p>\n<p><strong style=\"font-size: 14px; text-align: justify; color: #666666;\">V\u0103n ph\u00f2ng \u0110\u00e0o t\u1ea1o Qu\u1ed1c t\u1ebf (OISP), Tr\u01b0\u1eddng \u0110H B\u00e1ch khoa \u2013 \u0110H Qu\u1ed1c gia TP.HCM<\/strong><\/h2>\n<ul>\n<li>\n<ul>\n<li>\u0110\u1ecba ch\u1ec9: P.306, Nh\u00e0 A4, Tr\u01b0\u1eddng \u0110H B\u00e1ch khoa, 268 L\u00fd Th\u01b0\u1eddng Ki\u1ec7t, P.14, Q.10, TP.HCM<\/li>\n<li>\u0110i\u1ec7n tho\u1ea1i:<span>\u00a0<\/span><a href=\"tel:028-7300-4183\">(028) 7300.4183<\/a>\u00a0(g\u1eb7p Ms. An) \u2013 Hotline:<span>\u00a0<\/span><a href=\"tel:+84909544592\">0909.544.592<\/a><\/li>\n<li>E-mail:<span>\u00a0<\/span><a href=\"mailto:stu.transfer@oisp.edu.vn\">info.sac@oisp.edu.vn<\/a>\u00a0| Website:<span>\u00a0<\/span><a href=\"https:\/\/oisp.hcmut.edu.vn\/sac\/\" target=\"_blank\" rel=\"noopener noreferrer\">oisp.hcmut.edu.vn\/sac\/<\/a><\/li>\n<li>Facebook:\u00a0<a href=\"https:\/\/www.facebook.com\/tuvanduhocbachkhoa\/\">https:\/\/www.facebook.com\/tuvanduhocbachkhoa\/<\/a><\/li>\n<\/ul>\n<\/li>\n<\/ul>\n<p style=\"text-align: center;\">\n<p>[\/et_pb_text][\/et_pb_column][\/et_pb_row][\/et_pb_section]<\/p>\n","protected":false},"excerpt":{"rendered":"<p>TINH TH\u1ea6N L\u00c3NH \u0110\u1ea0O\u00a0 HI\u1ec6N H\u1eeeUThu\u1ed9c h\u1ec7 th\u1ed1ng \u0110H Illinois danh ti\u1ebfng, do \u0110\u1ea1i H\u1ed9i \u0111\u1ed3ng Bang Illinois th\u00e0nh l\u1eadp v\u00e0o 1969. T\u1ecda l\u1ea1c ph\u00eda T\u00e2y Nam th\u00e0nh ph\u1ed1 Springfield, bang Illinois, g\u1ea7n h\u1ed3 Springfield; c\u00e1ch 321 km ph\u00eda T\u00e2y Nam Chicago v\u00e0 160 km h\u01b0\u1edbng T\u00e2y B\u1eafc St.Louis.\u00a0Tr\u01b0\u1eddng s\u1edf h\u1eefu khu\u00f4n vi\u00ean r\u1ed9ng l\u00ean [&hellip;]<\/p>\n","protected":false},"author":1,"featured_media":0,"parent":49690,"menu_order":0,"comment_status":"closed","ping_status":"closed","template":"","meta":{"_et_pb_use_builder":"on","_et_pb_old_content":"","_et_gb_content_width":"","footnotes":""},"class_list":["post-50345","page","type-page","status-publish","hentry"],"_links":{"self":[{"href":"https:\/\/oisp.hcmut.edu.vn\/sac\/wp-json\/wp\/v2\/pages\/50345","targetHints":{"allow":["GET"]}}],"collection":[{"href":"https:\/\/oisp.hcmut.edu.vn\/sac\/wp-json\/wp\/v2\/pages"}],"about":[{"href":"https:\/\/oisp.hcmut.edu.vn\/sac\/wp-json\/wp\/v2\/types\/page"}],"author":[{"embeddable":true,"href":"https:\/\/oisp.hcmut.edu.vn\/sac\/wp-json\/wp\/v2\/users\/1"}],"replies":[{"embeddable":true,"href":"https:\/\/oisp.hcmut.edu.vn\/sac\/wp-json\/wp\/v2\/comments?post=50345"}],"version-history":[{"count":4,"href":"https:\/\/oisp.hcmut.edu.vn\/sac\/wp-json\/wp\/v2\/pages\/50345\/revisions"}],"predecessor-version":[{"id":52155,"href":"https:\/\/oisp.hcmut.edu.vn\/sac\/wp-json\/wp\/v2\/pages\/50345\/revisions\/52155"}],"up":[{"embeddable":true,"href":"https:\/\/oisp.hcmut.edu.vn\/sac\/wp-json\/wp\/v2\/pages\/49690"}],"wp:attachment":[{"href":"https:\/\/oisp.hcmut.edu.vn\/sac\/wp-json\/wp\/v2\/media?parent=50345"}],"curies":[{"name":"wp","href":"https:\/\/api.w.org\/{rel}","templated":true}]}}