{"id":50356,"date":"2020-03-29T07:48:50","date_gmt":"2020-03-29T07:48:50","guid":{"rendered":"https:\/\/oisp.hcmut.edu.vn\/sac\/?page_id=50356"},"modified":"2021-05-24T09:02:06","modified_gmt":"2021-05-24T09:02:06","slug":"catholic-university-of-america","status":"publish","type":"page","link":"https:\/\/oisp.hcmut.edu.vn\/sac\/diem-den\/my\/catholic-university-of-america\/","title":{"rendered":"Catholic University of America"},"content":{"rendered":"<p>[et_pb_section fb_built=&#8221;1&#8243; fullwidth=&#8221;on&#8221; custom_padding_last_edited=&#8221;on|phone&#8221; _builder_version=&#8221;4.4.2&#8243; background_enable_color=&#8221;off&#8221; use_background_color_gradient=&#8221;on&#8221; background_color_gradient_start=&#8221;rgba(0,0,0,0.5)&#8221; background_color_gradient_end=&#8221;rgba(0,0,0,0.28)&#8221; background_color_gradient_overlays_image=&#8221;on&#8221; background_image=&#8221;https:\/\/oisp.hcmut.edu.vn\/sac\/wp-content\/uploads\/2020\/03\/HCMUT-SAC_CUA_Catholic-University-of-America_banner.jpg&#8221; custom_padding=&#8221;200px||150px||false|false&#8221; custom_padding_tablet=&#8221;50px||50px||false|false&#8221; custom_padding_phone=&#8221;&#8221;][et_pb_fullwidth_header title=&#8221;THE Catholic University of America &#8211; CUA&#8221; _builder_version=&#8221;4.3.2&#8243; title_font=&#8221;|800||on|||||&#8221; title_font_size=&#8221;46px&#8221; title_line_height=&#8221;1.4em&#8221; background_enable_color=&#8221;off&#8221; title_font_size_tablet=&#8221;32px&#8221; title_font_size_phone=&#8221;&#8221; title_font_size_last_edited=&#8221;on|phone&#8221; title_text_shadow_style=&#8221;preset5&#8243; title_text_shadow_color=&#8221;#b2282c&#8221;][\/et_pb_fullwidth_header][\/et_pb_section][et_pb_section fb_built=&#8221;1&#8243; _builder_version=&#8221;4.3.2&#8243;][et_pb_row column_structure=&#8221;3_5,2_5&#8243; _builder_version=&#8221;4.3.2&#8243; custom_padding=&#8221;0px|||||&#8221;][et_pb_column type=&#8221;3_5&#8243; _builder_version=&#8221;4.3.2&#8243;][et_pb_video src=&#8221;https:\/\/youtu.be\/LwPrc3Pa6M4&#8243; _builder_version=&#8221;4.3.2&#8243; width=&#8221;100%&#8221;][\/et_pb_video][\/et_pb_column][et_pb_column type=&#8221;2_5&#8243; _builder_version=&#8221;4.3.2&#8243;][et_pb_image src=&#8221;https:\/\/oisp.hcmut.edu.vn\/sac\/wp-content\/uploads\/2021\/05\/CUA-logo_01a.png&#8221; align=&#8221;center&#8221; _builder_version=&#8221;4.3.2&#8243; width=&#8221;60%&#8221; box_shadow_style=&#8221;preset2&#8243;][\/et_pb_image][et_pb_text _builder_version=&#8221;4.3.2&#8243;]<\/p>\n<h2 style=\"text-align: center;\"><strong>CH\u00daA BAN \u00c1NH S\u00c1NG<\/strong><\/h2>\n<p>[\/et_pb_text][\/et_pb_column][\/et_pb_row][\/et_pb_section][et_pb_section fb_built=&#8221;1&#8243; _builder_version=&#8221;4.3.2&#8243; custom_margin=&#8221;-28px|||||&#8221; custom_padding=&#8221;0px|||||&#8221;][et_pb_row column_structure=&#8221;1_5,1_5,1_5,1_5,1_5&#8243; _builder_version=&#8221;4.3.2&#8243;][et_pb_column type=&#8221;1_5&#8243; _builder_version=&#8221;4.3.2&#8243;][et_pb_number_counter title=&#8221;N\u0102M H\u00ccNH TH\u00c0NH V\u00c0 PH\u00c1T TRI\u1ec2N&#8221; number=&#8221;133+&#8221; percent_sign=&#8221;off&#8221; _builder_version=&#8221;4.3.2&#8243; title_font=&#8221;|700||on|||||&#8221; title_text_align=&#8221;center&#8221; title_text_color=&#8221;#ffffff&#8221; title_font_size=&#8221;15px&#8221; title_line_height=&#8221;1.3em&#8221; number_font=&#8221;|800||on|||||&#8221; number_text_align=&#8221;center&#8221; number_text_color=&#8221;#ffffff&#8221; number_font_size=&#8221;60px&#8221; use_background_color_gradient=&#8221;on&#8221; background_color_gradient_start=&#8221;#e02b20&#8243; background_color_gradient_end=&#8221;#f16334&#8243; custom_padding=&#8221;||4px||false|false&#8221; number_text_shadow_style=&#8221;preset5&#8243; number_text_shadow_color=&#8221;#b2282c&#8221; border_radii=&#8221;on|12px|12px|12px|12px&#8221;][\/et_pb_number_counter][\/et_pb_column][et_pb_column type=&#8221;1_5&#8243; _builder_version=&#8221;4.3.2&#8243;][et_pb_number_counter title=&#8221;TR\u01af\u1edcNG \u0110\u1ea0I H\u1eccC T\u1ed0T NH\u1ea4T (THE PRINCETON REVIEW)&#8221; number=&#8221;386&#8243; percent_sign=&#8221;off&#8221; _builder_version=&#8221;4.3.2&#8243; title_font=&#8221;|700||on|||||&#8221; title_text_align=&#8221;center&#8221; title_text_color=&#8221;#ffffff&#8221; title_font_size=&#8221;12px&#8221; title_line_height=&#8221;1.2em&#8221; number_font=&#8221;|800||on|||||&#8221; number_text_align=&#8221;center&#8221; number_text_color=&#8221;#ffffff&#8221; number_font_size=&#8221;60px&#8221; use_background_color_gradient=&#8221;on&#8221; background_color_gradient_start=&#8221;#e02b20&#8243; background_color_gradient_end=&#8221;#f16334&#8243; number_text_shadow_style=&#8221;preset5&#8243; number_text_shadow_color=&#8221;#b2282c&#8221; border_radii=&#8221;on|12px|12px|12px|12px&#8221;][\/et_pb_number_counter][\/et_pb_column][et_pb_column type=&#8221;1_5&#8243; _builder_version=&#8221;4.3.2&#8243;][et_pb_number_counter title=&#8221;TOP TR\u01af\u1edcNG C\u00d3 NHI\u1ec0U SINH VI\u00caN THEO \u0110\u1ea0O NH\u1ea4T&#8221; number=&#8221;11&#8243; percent_sign=&#8221;off&#8221; _builder_version=&#8221;4.3.2&#8243; title_font=&#8221;|700||on|||||&#8221; title_text_align=&#8221;center&#8221; title_text_color=&#8221;#ffffff&#8221; title_font_size=&#8221;12px&#8221; title_line_height=&#8221;1.2em&#8221; number_font=&#8221;|800||on|||||&#8221; number_text_align=&#8221;center&#8221; number_text_color=&#8221;#ffffff&#8221; number_font_size=&#8221;60px&#8221; use_background_color_gradient=&#8221;on&#8221; background_color_gradient_start=&#8221;#e02b20&#8243; background_color_gradient_end=&#8221;#f16334&#8243; custom_padding=&#8221;||14px||false|false&#8221; number_text_shadow_style=&#8221;preset5&#8243; number_text_shadow_color=&#8221;#b2282c&#8221; border_radii=&#8221;on|12px|12px|12px|12px&#8221;][\/et_pb_number_counter][\/et_pb_column][et_pb_column type=&#8221;1_5&#8243; _builder_version=&#8221;4.3.2&#8243;][et_pb_number_counter title=&#8221;TRONG S\u1ed0 25 TR\u01af\u1edcNG \u0110\u1ea0I H\u1eccC XANH NH\u1ea4T N\u01af\u1edaC M\u1ef8&#8221; number=&#8221;21&#8243; percent_sign=&#8221;off&#8221; _builder_version=&#8221;4.3.2&#8243; title_font=&#8221;|700||on|||||&#8221; title_text_align=&#8221;center&#8221; title_text_color=&#8221;#ffffff&#8221; title_font_size=&#8221;12px&#8221; title_line_height=&#8221;1.2em&#8221; number_font=&#8221;|800||on|||||&#8221; number_text_align=&#8221;center&#8221; number_text_color=&#8221;#ffffff&#8221; number_font_size=&#8221;60px&#8221; use_background_color_gradient=&#8221;on&#8221; background_color_gradient_start=&#8221;#e02b20&#8243; background_color_gradient_end=&#8221;#f16334&#8243; custom_padding=&#8221;||14px||false|false&#8221; number_text_shadow_style=&#8221;preset5&#8243; number_text_shadow_color=&#8221;#b2282c&#8221; border_radii=&#8221;on|12px|12px|12px|12px&#8221;][\/et_pb_number_counter][\/et_pb_column][et_pb_column type=&#8221;1_5&#8243; _builder_version=&#8221;4.3.2&#8243;][et_pb_number_counter title=&#8221;SINH VI\u00caN QU\u1ed0C T\u1ebe THEO H\u1eccC&#8221; number=&#8221;9&#8243; _builder_version=&#8221;4.3.2&#8243; title_font=&#8221;|700||on|||||&#8221; title_text_align=&#8221;center&#8221; title_text_color=&#8221;#ffffff&#8221; title_font_size=&#8221;15px&#8221; title_line_height=&#8221;1.2em&#8221; number_font=&#8221;|800||on|||||&#8221; number_text_align=&#8221;center&#8221; number_text_color=&#8221;#ffffff&#8221; number_font_size=&#8221;60px&#8221; use_background_color_gradient=&#8221;on&#8221; background_color_gradient_start=&#8221;#e02b20&#8243; background_color_gradient_end=&#8221;#f16334&#8243; custom_padding=&#8221;||6px||false|false&#8221; number_text_shadow_style=&#8221;preset5&#8243; number_text_shadow_color=&#8221;#b2282c&#8221; border_radii=&#8221;on|12px|12px|12px|12px&#8221;][\/et_pb_number_counter][\/et_pb_column][\/et_pb_row][\/et_pb_section][et_pb_section fb_built=&#8221;1&#8243; _builder_version=&#8221;4.4.0&#8243; custom_margin=&#8221;-1px|||||&#8221; custom_padding=&#8221;0px|||||&#8221;][et_pb_row _builder_version=&#8221;4.4.0&#8243; custom_padding=&#8221;0px|||||&#8221;][et_pb_column type=&#8221;4_4&#8243; _builder_version=&#8221;4.4.0&#8243;][et_pb_accordion _builder_version=&#8221;4.3.2&#8243; hover_enabled=&#8221;0&#8243;][et_pb_accordion_item title=&#8221;Th\u00f4ng tin t\u1ed5ng quan&#8221; open_toggle_text_color=&#8221;#0c71c3&#8243; open_toggle_background_color=&#8221;rgba(0,199,255,0.12)&#8221; icon_color=&#8221;#00aeef&#8221; _builder_version=&#8221;4.3.2&#8243; body_font_size=&#8221;17px&#8221; text_orientation=&#8221;justified&#8221; border_color_all=&#8221;#00aeef&#8221; toggle_font=&#8221;|800||on|||||&#8221; closed_toggle_font=&#8221;|600||on|||||&#8221; open=&#8221;off&#8221;]<\/p>\n<p><span> \u2022 Th\u00e0nh l\u1eadp n\u0103m 1887, t\u1ecda l\u1ea1c ph\u00eda B\u1eafc ng\u1ecdn \u0111\u1ed3i Capitol, th\u1ee7 \u0111\u00f4 Washington<\/span><\/p>\n<p><span>\u2022 Thu\u1ed9c Top 368 \u0110H t\u1ed1t nh\u1ea5t n\u01b0\u1edbc M\u1ef9 (The Princeton Review 2020)<\/span><\/p>\n<p>\u2022 SV ch\u01b0\u01a1ng tr\u00ecnh Li\u00ean k\u1ebft Qu\u1ed1c t\u1ebf h\u1ecdc t\u1ea1i C\u01a1 s\u1edf Little Rome<\/p>\n<p>[\/et_pb_accordion_item][et_pb_accordion_item title=&#8221;H\u1ecdc ph\u00ed trung b\u00ecnh&#8221; open_toggle_text_color=&#8221;#0c71c3&#8243; open_toggle_background_color=&#8221;rgba(0,199,255,0.12)&#8221; icon_color=&#8221;#00aeef&#8221; _builder_version=&#8221;4.3.2&#8243; body_font_size=&#8221;17px&#8221; text_orientation=&#8221;justified&#8221; border_color_all=&#8221;#00aeef&#8221; toggle_font=&#8221;|800||on|||||&#8221; closed_toggle_font=&#8221;|600||on|||||&#8221; open=&#8221;off&#8221;]<\/p>\n<p><span>\u2022 \u0110\u1ea1i h\u1ecdc\u00a0: 38,080 USD <\/span><\/p>\n<p><span>\u2022 Cao h\u1ecdc : 39,140 USD<\/span><\/p>\n<p><em>(H\u1ecdc ph\u00ed \u0110H n\u01b0\u1edbc ngo\u00e0i mang t\u00ednh tham kh\u1ea3o, c\u00f3 th\u1ec3 thay \u0111\u1ed5i theo th\u1eddi gi\u00e1 ngo\u1ea1i t\u1ec7 v\u00e0 m\u1ee9c \u0111i\u1ec1u ch\u1ec9nh c\u1ee7a c\u00e1c tr\u01b0\u1eddng theo t\u1eebng n\u0103m. H\u1ecdc ph\u00ed quy \u0111\u1ed5i sang ti\u1ec1n \u0111\u1ed3ng trong b\u1ea3ng n\u00e0y \u0111\u01b0\u1ee3c \u00e1p d\u1ee5ng theo t\u1ec9 gi\u00e1 do Ng\u00e2n h\u00e0ng TMCP Ngo\u1ea1i th\u01b0\u01a1ng Vi\u1ec7t Nam (VCB) c\u00f4ng b\u1ed1 v\u00e0o 27\/02\/2021.)<\/em><\/p>\n<p>[\/et_pb_accordion_item][et_pb_accordion_item title=&#8221;C\u00e1c Ng\u00e0nh \u0111\u00e0o t\u1ea1o&#8221; open_toggle_text_color=&#8221;#0c71c3&#8243; open_toggle_background_color=&#8221;rgba(0,199,255,0.12)&#8221; icon_color=&#8221;#00aeef&#8221; _builder_version=&#8221;4.3.2&#8243; body_font_size=&#8221;17px&#8221; text_orientation=&#8221;justified&#8221; border_color_all=&#8221;#00aeef&#8221; toggle_font=&#8221;|800||on|||||&#8221; closed_toggle_font=&#8221;|600||on|||||&#8221; open=&#8221;off&#8221;]<\/p>\n<ul>\n<li>Gi\u00e1o d\u1ee5c v\u00e0 \u0110\u00e0o t\u1ea1o.<\/li>\n<li>Khoa h\u1ecdc M\u00e1y t\u00ednh v\u00e0 C\u00f4ng ngh\u1ec7 th\u00f4ng tin (CNTT).<\/li>\n<li>Khoa h\u1ecdc X\u00e3 h\u1ed9i v\u00e0 Truy\u1ec1n th\u00f4ng.<\/li>\n<li>Kinh doanh &amp; Qua\u0309n ly\u0301.<\/li>\n<li>Khoa h\u1ecdc \u1ee8ng d\u1ee5ng v\u00e0 Khoa h\u1ecdc C\u01a1 b\u1ea3n.<\/li>\n<li>Lu\u1eadt.<\/li>\n<li>Ngh\u1ec7 thu\u1eadt S\u00e1ng t\u1ea1o v\u00e0 Thi\u1ebft k\u1ebf.<\/li>\n<li>Nh\u00e2n v\u0103n.<\/li>\n<li>Ki\u1ebfn tr\u00fac v\u00e0 X\u00e2y d\u1ef1ng\u00a0<\/li>\n<\/ul>\n<p>[\/et_pb_accordion_item][et_pb_accordion_item title=&#8221;Y\u00eau c\u1ea7u ti\u1ebfng Anh&#8221; open_toggle_text_color=&#8221;#0c71c3&#8243; open_toggle_background_color=&#8221;rgba(0,199,255,0.12)&#8221; icon_color=&#8221;#00aeef&#8221; _builder_version=&#8221;4.3.2&#8243; body_font_size=&#8221;17px&#8221; text_orientation=&#8221;justified&#8221; border_color_all=&#8221;#00aeef&#8221; toggle_font=&#8221;|800||on|||||&#8221; closed_toggle_font=&#8221;|600||on|||||&#8221; open=&#8221;off&#8221;]<\/p>\n<p><span>\u2022 IELTS \u2265 6.5 (\u0111i\u1ec3m th\u00e0nh ph\u1ea7n \u2265 6.0); ho\u1eb7c<\/span><br \/> <span>\u2022 TOEFL iBT \u2265 87 (vi\u1ebft \u2265 21; nghe, \u0111\u1ecdc, n\u00f3i \u2265 19)<\/span><\/p>\n<p>[\/et_pb_accordion_item][et_pb_accordion_item title=&#8221;H\u1ecdc b\u1ed5ng&#8221; open=&#8221;off&#8221; open_toggle_text_color=&#8221;#0c71c3&#8243; open_toggle_background_color=&#8221;rgba(0,199,255,0.12)&#8221; icon_color=&#8221;#00aeef&#8221; _builder_version=&#8221;4.3.2&#8243; body_font_size=&#8221;17px&#8221; text_orientation=&#8221;justified&#8221; border_color_all=&#8221;#00aeef&#8221; toggle_font=&#8221;|800||on|||||&#8221; closed_toggle_font=&#8221;|600||on|||||&#8221;]<\/p>\n<p>CUA c\u00f3 nhi\u1ec1u ch\u01b0\u01a1ng tr\u00ecnh h\u1ecdc b\u1ed5ng d\u00e0nh cho nhi\u1ec1u \u0111\u1ed1i t\u01b0\u1ee3ng sinh vi\u00ean kh\u00e1c nhau. \u0110a s\u1ed1 h\u1ecdc b\u1ed5ng \u0111\u01b0\u1ee3c x\u00e9t d\u1ef1a tr\u00ean th\u00e0nh t\u00edch h\u1ecdc t\u1eadp.\u00a0<\/p>\n<p>M\u1ed9t s\u1ed1 h\u1ecdc b\u1ed5ng ti\u00eau bi\u1ec3u nh\u01b0:\u00a0<em>Admission Scholarships;\u00a0Archdiocesan Scholarship;\u00a0The Catholic University Scholarship<\/em>. Ngo\u00e0i ra v\u1eabn c\u00f2n r\u1ea5t nhi\u1ec1u c\u00e1c h\u1ecdc b\u1ed5ng kh\u00e1c theo khoa v\u00e0 chuy\u00ean ng\u00e0nh ho\u1eb7c \u0111\u01b0\u1ee3c t\u00e0i tr\u1ee3 b\u1edfi c\u1ef1u sinh vi\u00ean v\u00e0 c\u00e1c doanh nghi\u1ec7p.<\/p>\n<p>Chi ti\u1ebft h\u1ecdc b\u1ed5ng \u1edf CUA xem <a href=\"https:\/\/financial-aid.catholic.edu\/undergraduate\/aid-programs\/scholarships.html\" target=\"_blank\" rel=\"noopener noreferrer\">t\u1ea1i \u0111\u00e2y<\/a>.<\/p>\n<p>[\/et_pb_accordion_item][et_pb_accordion_item title=&#8221;H\u1ed7 tr\u1ee3 c\u1ee7a trung t\u00e2m d\u00e0nh cho sv b\u00e1ch khoa chuy\u1ec3n ti\u1ebfp sang CUA&#8221; open_toggle_text_color=&#8221;#0c71c3&#8243; open_toggle_background_color=&#8221;rgba(0,199,255,0.12)&#8221; icon_color=&#8221;#00aeef&#8221; _builder_version=&#8221;4.3.2&#8243; body_font_size=&#8221;17px&#8221; text_orientation=&#8221;justified&#8221; hover_enabled=&#8221;0&#8243; border_color_all=&#8221;#00aeef&#8221; toggle_font=&#8221;|800||on|||||&#8221; closed_toggle_font=&#8221;|600||on|||||&#8221; open=&#8221;on&#8221;]<\/p>\n<p>\u2013 H\u01b0\u1edbng d\u1eabn th\u1ee7 t\u1ee5c chuy\u1ec3n \u0111i\u1ec3m\/ t\u00edn ch\u1ec9 sang \u0110H \u0111\u1ed1i t\u00e1c<\/p>\n<p>\u2013 Xin Gi\u1ea5y Nh\u1eadp h\u1ecdc (I20), \u0111\u0103ng k\u00fd l\u1edbp ti\u1ebfng Anh (n\u1ebfu c\u00f3)<\/p>\n<p>\u2013 T\u01b0 v\u1ea5n th\u1ee7 t\u1ee5c ch\u1ee9ng minh t\u00e0i ch\u00ednh, xin visa<\/p>\n<p>\u2013 H\u1ed7 tr\u1ee3 t\u00ecm nh\u00e0 \u1edf, \u0111\u0103ng k\u00fd k\u00fd t\u00fac x\u00e1<\/p>\n<p>\u2013 \u0110\u01b0a \u0111\u00f3n t\u1ea1i s\u00e2n bay, li\u00ean h\u1ec7 v\u1edbi c\u1ed9ng \u0111\u1ed3ng SV B\u00e1ch khoa Qu\u1ed1c t\u1ebf \u1edf n\u01b0\u1edbc b\u1ea1n \u0111\u1ec3 \u0111\u01b0\u1ee3c gi\u00fap \u0111\u1ee1<\/p>\n<p>[\/et_pb_accordion_item][\/et_pb_accordion][\/et_pb_column][\/et_pb_row][\/et_pb_section][et_pb_section fb_built=&#8221;1&#8243; _builder_version=&#8221;4.3.2&#8243; custom_padding=&#8221;0px|||||&#8221; saved_tabs=&#8221;all&#8221;][et_pb_row module_class=&#8221;lien-he-bottom&#8221; _builder_version=&#8221;4.4.8&#8243; custom_margin=&#8221;0px||||false|false&#8221; custom_padding=&#8221;0px|||||&#8221; animation_style=&#8221;fade&#8221; locked=&#8221;off&#8221; collapsed=&#8221;off&#8221;][et_pb_column type=&#8221;4_4&#8243; _builder_version=&#8221;3.25&#8243; custom_padding=&#8221;|||&#8221; custom_padding__hover=&#8221;|||&#8221;][et_pb_text module_id=&#8221;diachiOISP&#8221; _builder_version=&#8221;4.3.2&#8243; text_font=&#8221;||||||||&#8221; text_line_height=&#8221;1.8em&#8221; header_font=&#8221;||||||||&#8221; header_2_font=&#8221;||||||||&#8221; header_2_text_color=&#8221;#00aaef&#8221; header_2_font_size=&#8221;18px&#8221; header_2_line_height=&#8221;1.2em&#8221; background_color=&#8221;#cef2ff&#8221; use_background_color_gradient=&#8221;on&#8221; background_color_gradient_start=&#8221;#cef2ff&#8221; background_color_gradient_end=&#8221;#ffffff&#8221; width=&#8221;70%&#8221; width_tablet=&#8221;100%&#8221; width_phone=&#8221;100%&#8221; width_last_edited=&#8221;on|desktop&#8221; max_width=&#8221;100%&#8221; module_alignment=&#8221;center&#8221; custom_padding=&#8221;15px|15px|5px|15px|false|false&#8221; border_width_all=&#8221;1px&#8221; border_color_all=&#8221;#00aaef&#8221; border_style_all=&#8221;dashed&#8221; box_shadow_style=&#8221;preset3&#8243; locked=&#8221;off&#8221; custom_margin__hover_enabled=&#8221;on|desktop&#8221;]<\/p>\n<h2 style=\"text-align: left;\">LI\u00caN H\u1ec6 TRUNG T\u00c2M T\u01af V\u1ea4N DU H\u1eccC<\/h2>\n<p><strong>V\u0103n ph\u00f2ng \u0110\u00e0o t\u1ea1o Qu\u1ed1c t\u1ebf (OISP), Tr\u01b0\u1eddng \u0110H B\u00e1ch khoa \u2013 \u0110H Qu\u1ed1c gia TP.HCM<\/strong><\/p>\n<ul>\n<li>\u0110\u1ecba ch\u1ec9: P.306, Nh\u00e0 A4, Tr\u01b0\u1eddng \u0110H B\u00e1ch khoa, 268 L\u00fd Th\u01b0\u1eddng Ki\u1ec7t, P.14, Q.10, TP.HCM<\/li>\n<li>\u0110i\u1ec7n tho\u1ea1i:<span>\u00a0<\/span><a href=\"tel:028-7300-4183\">(028) 7300.4183<\/a>\u00a0(g\u1eb7p Ms. An) \u2013 Hotline:<span>\u00a0<\/span><a href=\"tel:+84909544592\">0909.544.592<\/a><\/li>\n<li>E-mail:<span>\u00a0<\/span><a href=\"mailto:stu.transfer@oisp.edu.vn\">info.sac@oisp.edu.vn<\/a>\u00a0| Website:<span>\u00a0<\/span><a href=\"https:\/\/oisp.hcmut.edu.vn\/sac\/\" target=\"_blank\" rel=\"noopener noreferrer\">oisp.hcmut.edu.vn\/sac\/<\/a><\/li>\n<li>Facebook:\u00a0<a href=\"https:\/\/www.facebook.com\/tuvanduhocbachkhoa\/\">https:\/\/www.facebook.com\/tuvanduhocbachkhoa\/<\/a><\/li>\n<\/ul>\n<ul><\/ul>\n<p style=\"text-align: center;\">\n<p>[\/et_pb_text][\/et_pb_column][\/et_pb_row][\/et_pb_section]<\/p>\n","protected":false},"excerpt":{"rendered":"<p>CH\u00daA BAN \u00c1NH S\u00c1NG \u2022 Th\u00e0nh l\u1eadp n\u0103m 1887, t\u1ecda l\u1ea1c ph\u00eda B\u1eafc ng\u1ecdn \u0111\u1ed3i Capitol, th\u1ee7 \u0111\u00f4 Washington \u2022 Thu\u1ed9c Top 368 \u0110H t\u1ed1t nh\u1ea5t n\u01b0\u1edbc M\u1ef9 (The Princeton Review 2020) \u2022 SV ch\u01b0\u01a1ng tr\u00ecnh Li\u00ean k\u1ebft Qu\u1ed1c t\u1ebf h\u1ecdc t\u1ea1i C\u01a1 s\u1edf Little Rome\u2022 \u0110\u1ea1i h\u1ecdc\u00a0: 38,080 USD \u2022 Cao h\u1ecdc : 39,140 [&hellip;]<\/p>\n","protected":false},"author":1,"featured_media":0,"parent":49690,"menu_order":0,"comment_status":"closed","ping_status":"closed","template":"","meta":{"_et_pb_use_builder":"on","_et_pb_old_content":"","_et_gb_content_width":"","footnotes":""},"class_list":["post-50356","page","type-page","status-publish","hentry"],"_links":{"self":[{"href":"https:\/\/oisp.hcmut.edu.vn\/sac\/wp-json\/wp\/v2\/pages\/50356","targetHints":{"allow":["GET"]}}],"collection":[{"href":"https:\/\/oisp.hcmut.edu.vn\/sac\/wp-json\/wp\/v2\/pages"}],"about":[{"href":"https:\/\/oisp.hcmut.edu.vn\/sac\/wp-json\/wp\/v2\/types\/page"}],"author":[{"embeddable":true,"href":"https:\/\/oisp.hcmut.edu.vn\/sac\/wp-json\/wp\/v2\/users\/1"}],"replies":[{"embeddable":true,"href":"https:\/\/oisp.hcmut.edu.vn\/sac\/wp-json\/wp\/v2\/comments?post=50356"}],"version-history":[{"count":4,"href":"https:\/\/oisp.hcmut.edu.vn\/sac\/wp-json\/wp\/v2\/pages\/50356\/revisions"}],"predecessor-version":[{"id":52154,"href":"https:\/\/oisp.hcmut.edu.vn\/sac\/wp-json\/wp\/v2\/pages\/50356\/revisions\/52154"}],"up":[{"embeddable":true,"href":"https:\/\/oisp.hcmut.edu.vn\/sac\/wp-json\/wp\/v2\/pages\/49690"}],"wp:attachment":[{"href":"https:\/\/oisp.hcmut.edu.vn\/sac\/wp-json\/wp\/v2\/media?parent=50356"}],"curies":[{"name":"wp","href":"https:\/\/api.w.org\/{rel}","templated":true}]}}