{"id":50365,"date":"2020-03-29T08:18:09","date_gmt":"2020-03-29T08:18:09","guid":{"rendered":"https:\/\/oisp.hcmut.edu.vn\/sac\/?page_id=50365"},"modified":"2020-03-29T08:46:53","modified_gmt":"2020-03-29T08:46:53","slug":"university-of-texas-at-arlington","status":"publish","type":"page","link":"https:\/\/oisp.hcmut.edu.vn\/sac\/diem-den\/my\/university-of-texas-at-arlington\/","title":{"rendered":"University of Texas at Arlington"},"content":{"rendered":"<p>[et_pb_section fb_built=&#8221;1&#8243; fullwidth=&#8221;on&#8221; custom_padding_last_edited=&#8221;on|phone&#8221; _builder_version=&#8221;4.4.2&#8243; background_enable_color=&#8221;off&#8221; use_background_color_gradient=&#8221;on&#8221; background_color_gradient_start=&#8221;rgba(0,0,0,0.5)&#8221; background_color_gradient_end=&#8221;rgba(0,0,0,0.28)&#8221; background_color_gradient_overlays_image=&#8221;on&#8221; background_image=&#8221;https:\/\/oisp.hcmut.edu.vn\/sac\/wp-content\/uploads\/2020\/03\/HCMUT-SAC_UTA_University-of-Texas-at-Arlington_banner.jpg&#8221; custom_padding=&#8221;200px||200px||false|false&#8221; custom_padding_tablet=&#8221;50px||50px||false|false&#8221; custom_padding_phone=&#8221;&#8221; hover_enabled=&#8221;0&#8243;][et_pb_fullwidth_header title=&#8221;University of Texas at Arlington&#8221; _builder_version=&#8221;4.4.0&#8243; title_font=&#8221;|800||on|||||&#8221; title_font_size=&#8221;48px&#8221; title_line_height=&#8221;1.4em&#8221; background_enable_color=&#8221;off&#8221; title_font_size_tablet=&#8221;32px&#8221; title_font_size_phone=&#8221;&#8221; title_font_size_last_edited=&#8221;on|phone&#8221;][\/et_pb_fullwidth_header][\/et_pb_section][et_pb_section fb_built=&#8221;1&#8243; _builder_version=&#8221;4.4.0&#8243;][et_pb_row _builder_version=&#8221;4.4.0&#8243;][et_pb_column type=&#8221;4_4&#8243; _builder_version=&#8221;4.4.0&#8243;][et_pb_accordion _builder_version=&#8221;4.4.2&#8243; hover_enabled=&#8221;0&#8243;][et_pb_accordion_item title=&#8221;Th\u00f4ng tin t\u1ed5ng quan&#8221; open_toggle_text_color=&#8221;#0c71c3&#8243; open_toggle_background_color=&#8221;rgba(0,199,255,0.12)&#8221; icon_color=&#8221;#00aeef&#8221; _builder_version=&#8221;4.4.2&#8243; text_orientation=&#8221;justified&#8221; hover_enabled=&#8221;0&#8243; border_color_all=&#8221;#00aeef&#8221; toggle_font=&#8221;|800||on|||||&#8221; closed_toggle_font=&#8221;|600||on|||||&#8221; open=&#8221;on&#8221;]<\/p>\n<p>Tr\u01b0\u1eddng \u0110\u1ea1i h\u1ecdc Texas t\u1ea1i Arlington &#8211; University of Texas at Arlington (UTA) l\u00e0 m\u1ed9t tr\u01b0\u1eddng c\u00f4ng l\u1eadp \u0111\u01b0\u1ee3c th\u00e0nh l\u1eadp v\u00e0o n\u0103m 1895 v\u00e0 c\u0169ng l\u00e0 c\u01a1 s\u1edf gi\u00e1o d\u1ee5c h\u00e0ng \u0111\u1ea7u \u1edf v\u00f9ng North Texas. University of Texas at Arlington l\u00e0 tr\u01b0\u1eddng \u0110\u1ea1i h\u1ecdc ch\u1ea5t l\u01b0\u1ee3ng cao \u0111\u01b0\u1ee3c Ch\u00ednh ph\u1ee7 v\u00e0 Hi\u1ec7p h\u1ed9i c\u00e1c tr\u01b0\u1eddng \u0110\u1ea1i h\u1ecdc, Cao \u0111\u1eb3ng ph\u00eda Nam c\u00f4ng nh\u1eadn v\u1edbi gi\u1ea3i th\u01b0\u1edfng cho c\u00e1c ch\u01b0\u01a1ng tr\u00ecnh m\u00e0 tr\u01b0\u1eddng \u0111\u00e0o t\u1ea1o t\u1eeb C\u1eed nh\u00e2n \u0111\u1ebfn Ti\u1ebfn s\u0129.<\/p>\n<p>V\u1edbi v\u1ecb tr\u00ed \u0111\u1ecba l\u00fd thu\u1eadn l\u1ee3i, tr\u01b0\u1eddng t\u1ecda l\u1ea1c t\u1ea1i th\u00e0nh ph\u1ed1 Arlington l\u00e0 th\u00e0nh ph\u1ed1 ngo\u1ea1i \u00f4 an to\u00e0n v\u00e0 th\u00e2n thi\u1ec7n n\u1eb1m gi\u1eefa Dallas v\u00e0 Font Worth v\u1edbi nhi\u1ec1u \u0111\u1ecba \u0111i\u1ec3m th\u00fa v\u1ecb, nh\u01b0 c\u00f4ng vi\u00ean vui ch\u01a1i Six Flags Over Texas, Flags Over Texas, c\u00f4ng vi\u00ean n\u01b0\u1edbc Hurricane Harbor, \u0111\u1ed9i b\u00f3ng ch\u00e0y the Texas Rangers, the Dallas Cowboy v\u00e0 s\u00e2n b\u0103ng trong nh\u00e0. UTA c\u00e1ch s\u00e2n bay The Dallas-For kho\u1ea3ng 15-20 ph\u00fat.<\/p>\n<p>[\/et_pb_accordion_item][et_pb_accordion_item title=&#8221;H\u1ecdc ph\u00ed trung b\u00ecnh&#8221; open_toggle_text_color=&#8221;#0c71c3&#8243; open_toggle_background_color=&#8221;rgba(0,199,255,0.12)&#8221; icon_color=&#8221;#00aeef&#8221; _builder_version=&#8221;4.4.2&#8243; text_orientation=&#8221;justified&#8221; hover_enabled=&#8221;0&#8243; border_color_all=&#8221;#00aeef&#8221; toggle_font=&#8221;|800||on|||||&#8221; closed_toggle_font=&#8221;|600||on|||||&#8221; open=&#8221;off&#8221;]<\/p>\n<p><span>\u2022 \u0110\u1ea1i h\u1ecdc\u00a0: 27,920 USD <\/span><\/p>\n<p><span>\u2022 Cao h\u1ecdc : 22,856 USD <\/span><\/p>\n<p>[\/et_pb_accordion_item][et_pb_accordion_item title=&#8221;C\u00e1c Ng\u00e0nh \u0111\u00e0o t\u1ea1o&#8221; open=&#8221;off&#8221; open_toggle_text_color=&#8221;#0c71c3&#8243; open_toggle_background_color=&#8221;rgba(0,199,255,0.12)&#8221; icon_color=&#8221;#00aeef&#8221; _builder_version=&#8221;4.4.2&#8243; text_orientation=&#8221;justified&#8221; hover_enabled=&#8221;0&#8243; border_color_all=&#8221;#00aeef&#8221; toggle_font=&#8221;|800||on|||||&#8221; closed_toggle_font=&#8221;|600||on|||||&#8221;]<\/p>\n<ul>\n<li>Ki\u00ea\u0301n tru\u0301c.<\/li>\n<li>Qua\u0309n tri\u0323 kinh doanh.<\/li>\n<li>Ky\u0303 thu\u00e2\u0323t.<\/li>\n<li>Ngh\u00ea\u0323 thu\u00e2\u0323t.<\/li>\n<li>\u0110i\u00ea\u0300u d\u01b0\u01a1\u0303ng<\/li>\n<\/ul>\n<p>[\/et_pb_accordion_item][et_pb_accordion_item title=&#8221;Y\u00eau c\u1ea7u ti\u1ebfng Anh&#8221; open_toggle_text_color=&#8221;#0c71c3&#8243; open_toggle_background_color=&#8221;rgba(0,199,255,0.12)&#8221; icon_color=&#8221;#00aeef&#8221; _builder_version=&#8221;4.4.2&#8243; text_orientation=&#8221;justified&#8221; hover_enabled=&#8221;0&#8243; border_color_all=&#8221;#00aeef&#8221; toggle_font=&#8221;|800||on|||||&#8221; closed_toggle_font=&#8221;|600||on|||||&#8221; open=&#8221;off&#8221;]<\/p>\n<p><span>\u2022\u00a0<\/span><span>IELTS 6.5<\/span><\/p>\n<p>&nbsp;<\/p>\n<p>[\/et_pb_accordion_item][et_pb_accordion_item title=&#8221;H\u1ecdc b\u1ed5ng&#8221; open_toggle_text_color=&#8221;#0c71c3&#8243; open_toggle_background_color=&#8221;rgba(0,199,255,0.12)&#8221; icon_color=&#8221;#00aeef&#8221; _builder_version=&#8221;4.4.2&#8243; text_orientation=&#8221;justified&#8221; hover_enabled=&#8221;0&#8243; border_color_all=&#8221;#00aeef&#8221; toggle_font=&#8221;|800||on|||||&#8221; closed_toggle_font=&#8221;|600||on|||||&#8221; open=&#8221;off&#8221;]<\/p>\n<p><strong>\u2666 H\u1ecdc b\u1ed5ng Kewal K. Gupta: <\/strong>h\u1ecdc b\u1ed5ng n\u00e0y \u0111\u01b0\u1ee3c t\u1ea1o ra cho sinh vi\u00ean tham d\u1ef1 UTA l\u1ea7n \u0111\u1ea7u ti\u00ean khi l\u00e0 sinh vi\u00ean n\u0103m nh\u1ea5t. N\u00f3 ch\u1ec9 d\u00e0nh cho nh\u1eefng sinh vi\u00ean kh\u00f4ng c\u00f3 ph\u01b0\u01a1ng ti\u1ec7n t\u00e0i ch\u00ednh \u0111\u1ec3 h\u1ed7 tr\u1ee3 cho \u0111\u1ed9ng l\u1ef1c h\u1ecdc t\u1eadp ti\u1ebfp theo c\u1ee7a h\u1ecd.<strong> <br \/>\u2666 H\u1ecdc b\u1ed5ng k\u1ebf th\u1eeba c\u1ef1u sinh vi\u00ean: <\/strong>sinh vi\u00ean mu\u1ed1n n\u1ed9p \u0111\u01a1n xin h\u1ecdc b\u1ed5ng n\u00e0y ph\u1ea3i n\u1ed9p \u0111\u01a1n \u0111\u0103ng k\u00fd \u0111\u1ea7y \u0111\u1ee7 tr\u01b0\u1edbc th\u00e1ng 6 1. \u0110\u1ec3 \u0111\u1ee7 \u0111i\u1ec1u ki\u1ec7n, sinh vi\u00ean ph\u1ea3i \u0111\u01b0\u1ee3c li\u00ean k\u1ebft v\u1edbi m\u1ed9t c\u1ef1u sinh vi\u00ean t\u1ed1t nghi\u1ec7p c\u1ee7a \u0110\u1ea1i h\u1ecdc Texas t\u1ea1i Arlington.<\/p>\n<p>[\/et_pb_accordion_item][\/et_pb_accordion][\/et_pb_column][\/et_pb_row][\/et_pb_section]<\/p>\n","protected":false},"excerpt":{"rendered":"<p>Tr\u01b0\u1eddng \u0110\u1ea1i h\u1ecdc Texas t\u1ea1i Arlington &#8211; University of Texas at Arlington (UTA) l\u00e0 m\u1ed9t tr\u01b0\u1eddng c\u00f4ng l\u1eadp \u0111\u01b0\u1ee3c th\u00e0nh l\u1eadp v\u00e0o n\u0103m 1895 v\u00e0 c\u0169ng l\u00e0 c\u01a1 s\u1edf gi\u00e1o d\u1ee5c h\u00e0ng \u0111\u1ea7u \u1edf v\u00f9ng North Texas. University of Texas at Arlington l\u00e0 tr\u01b0\u1eddng \u0110\u1ea1i h\u1ecdc ch\u1ea5t l\u01b0\u1ee3ng cao \u0111\u01b0\u1ee3c Ch\u00ednh ph\u1ee7 v\u00e0 Hi\u1ec7p h\u1ed9i [&hellip;]<\/p>\n","protected":false},"author":1,"featured_media":0,"parent":49690,"menu_order":0,"comment_status":"closed","ping_status":"closed","template":"","meta":{"_et_pb_use_builder":"on","_et_pb_old_content":"","_et_gb_content_width":"","footnotes":""},"class_list":["post-50365","page","type-page","status-publish","hentry"],"_links":{"self":[{"href":"https:\/\/oisp.hcmut.edu.vn\/sac\/wp-json\/wp\/v2\/pages\/50365","targetHints":{"allow":["GET"]}}],"collection":[{"href":"https:\/\/oisp.hcmut.edu.vn\/sac\/wp-json\/wp\/v2\/pages"}],"about":[{"href":"https:\/\/oisp.hcmut.edu.vn\/sac\/wp-json\/wp\/v2\/types\/page"}],"author":[{"embeddable":true,"href":"https:\/\/oisp.hcmut.edu.vn\/sac\/wp-json\/wp\/v2\/users\/1"}],"replies":[{"embeddable":true,"href":"https:\/\/oisp.hcmut.edu.vn\/sac\/wp-json\/wp\/v2\/comments?post=50365"}],"version-history":[{"count":0,"href":"https:\/\/oisp.hcmut.edu.vn\/sac\/wp-json\/wp\/v2\/pages\/50365\/revisions"}],"up":[{"embeddable":true,"href":"https:\/\/oisp.hcmut.edu.vn\/sac\/wp-json\/wp\/v2\/pages\/49690"}],"wp:attachment":[{"href":"https:\/\/oisp.hcmut.edu.vn\/sac\/wp-json\/wp\/v2\/media?parent=50365"}],"curies":[{"name":"wp","href":"https:\/\/api.w.org\/{rel}","templated":true}]}}