{"id":50384,"date":"2020-03-29T09:05:08","date_gmt":"2020-03-29T09:05:08","guid":{"rendered":"https:\/\/oisp.hcmut.edu.vn\/sac\/?page_id=50384"},"modified":"2021-05-18T06:20:57","modified_gmt":"2021-05-18T06:20:57","slug":"nagaoka-university-of-technology","status":"publish","type":"page","link":"https:\/\/oisp.hcmut.edu.vn\/sac\/diem-den\/nhat-ban\/nagaoka-university-of-technology\/","title":{"rendered":"Nagaoka University of Technology"},"content":{"rendered":"<p>[et_pb_section fb_built=&#8221;1&#8243; fullwidth=&#8221;on&#8221; custom_padding_last_edited=&#8221;on|phone&#8221; _builder_version=&#8221;4.3.2&#8243; background_enable_color=&#8221;off&#8221; use_background_color_gradient=&#8221;on&#8221; background_color_gradient_start=&#8221;rgba(0,0,0,0.5)&#8221; background_color_gradient_end=&#8221;rgba(0,0,0,0.28)&#8221; background_color_gradient_overlays_image=&#8221;on&#8221; background_image=&#8221;https:\/\/oisp.hcmut.edu.vn\/sac\/wp-content\/uploads\/2021\/05\/x7-4.jpg&#8221; custom_padding=&#8221;200px||70px||false|false&#8221; custom_padding_tablet=&#8221;50px||50px||false|false&#8221; custom_padding_phone=&#8221;&#8221;][et_pb_fullwidth_header title=&#8221;Nagaoka University of Technology &#8211; NUT&#8221; _builder_version=&#8221;4.3.2&#8243; title_font=&#8221;|800||on|||||&#8221; title_font_size=&#8221;45px&#8221; title_line_height=&#8221;1.4em&#8221; background_enable_color=&#8221;off&#8221; title_font_size_tablet=&#8221;32px&#8221; title_font_size_phone=&#8221;&#8221; title_font_size_last_edited=&#8221;on|phone&#8221; title_text_shadow_style=&#8221;preset5&#8243; title_text_shadow_color=&#8221;#00aeef&#8221;][\/et_pb_fullwidth_header][\/et_pb_section][et_pb_section fb_built=&#8221;1&#8243; _builder_version=&#8221;4.3.2&#8243; custom_margin=&#8221;-4px|||||&#8221; custom_padding=&#8221;71px|||||&#8221;][et_pb_row column_structure=&#8221;3_5,2_5&#8243; _builder_version=&#8221;4.3.2&#8243; custom_margin=&#8221;0px|auto||auto||&#8221; custom_padding=&#8221;0px|||||&#8221;][et_pb_column type=&#8221;3_5&#8243; _builder_version=&#8221;4.3.2&#8243;][et_pb_video src=&#8221;https:\/\/youtu.be\/gbyiw1AwfW4&#8243; _builder_version=&#8221;4.3.2&#8243; custom_margin=&#8221;|-65px||||&#8221; custom_padding=&#8221;|0px||||&#8221;][\/et_pb_video][\/et_pb_column][et_pb_column type=&#8221;2_5&#8243; _builder_version=&#8221;4.3.2&#8243;][et_pb_image src=&#8221;https:\/\/oisp.hcmut.edu.vn\/sac\/wp-content\/uploads\/2021\/05\/t\u1ea3i-xu\u1ed1ng.png&#8221; align=&#8221;center&#8221; _builder_version=&#8221;4.3.2&#8243; box_shadow_style=&#8221;preset2&#8243;][\/et_pb_image][et_pb_text _builder_version=&#8221;4.3.2&#8243;]<\/p>\n<h2 style=\"text-align: center;\"><strong>\u0110AM M\u00ca. \u0110\u1ed8C \u0110\u00c1O.<\/strong><\/h2>\n<h2 style=\"text-align: center;\"><strong>PH\u1ee4C V\u1ee4 X\u00c3 H\u1ed8I<\/strong><\/h2>\n<p>[\/et_pb_text][\/et_pb_column][\/et_pb_row][\/et_pb_section][et_pb_section fb_built=&#8221;1&#8243; _builder_version=&#8221;4.3.2&#8243; custom_padding=&#8221;0px|||||&#8221;][et_pb_row column_structure=&#8221;1_3,1_3,1_3&#8243; _builder_version=&#8221;4.3.2&#8243; custom_padding=&#8221;0px|||||&#8221;][et_pb_column type=&#8221;1_3&#8243; _builder_version=&#8221;4.3.2&#8243;][et_pb_number_counter title=&#8221;N\u0102M TH\u00c0NH L\u1eacP V\u00c0 PH\u00c1T TRI\u1ec2N&#8221; number=&#8221;45+&#8221; percent_sign=&#8221;off&#8221; _builder_version=&#8221;4.3.2&#8243; title_font=&#8221;|700||on|||||&#8221; title_text_align=&#8221;center&#8221; title_text_color=&#8221;#ffffff&#8221; title_font_size=&#8221;15px&#8221; title_line_height=&#8221;1.2em&#8221; number_font=&#8221;|800||on|||||&#8221; number_text_align=&#8221;center&#8221; number_text_color=&#8221;#ffffff&#8221; number_font_size=&#8221;60px&#8221; background_color=&#8221;#0c71c3&#8243; use_background_color_gradient=&#8221;on&#8221; background_color_gradient_start=&#8221;#0c71c3&#8243; background_color_gradient_end=&#8221;#00aeef&#8221; custom_padding=&#8221;||10px||false|false&#8221; number_text_shadow_style=&#8221;preset5&#8243; number_text_shadow_color=&#8221;#00aeef&#8221; border_radii=&#8221;on|12px|12px|12px|12px&#8221;][\/et_pb_number_counter][\/et_pb_column][et_pb_column type=&#8221;1_3&#8243; _builder_version=&#8221;4.3.2&#8243;][et_pb_number_counter title=&#8221;TRONG S\u1ed0 150 TR\u01af\u1edcNG \u0110H T\u1ed0T NH\u1ea4T NH\u1eacT B\u1ea2N (Times higher education)&#8221; number=&#8221;25&#8243; percent_sign=&#8221;off&#8221; _builder_version=&#8221;4.3.2&#8243; title_font=&#8221;|700||on|||||&#8221; title_text_align=&#8221;center&#8221; title_text_color=&#8221;#ffffff&#8221; title_font_size=&#8221;12px&#8221; title_line_height=&#8221;1.2em&#8221; number_font=&#8221;|800||on|||||&#8221; number_text_align=&#8221;center&#8221; number_text_color=&#8221;#ffffff&#8221; number_font_size=&#8221;60px&#8221; use_background_color_gradient=&#8221;on&#8221; background_color_gradient_end=&#8221;#00aeef&#8221; number_text_shadow_style=&#8221;preset5&#8243; number_text_shadow_color=&#8221;#00aeef&#8221; border_radii=&#8221;on|12px|12px|12px|12px&#8221;][\/et_pb_number_counter][\/et_pb_column][et_pb_column type=&#8221;1_3&#8243; _builder_version=&#8221;4.3.2&#8243;][et_pb_number_counter title=&#8221;SINH VI\u00caN QU\u1ed0C T\u1ebe THEO H\u1eccC&#8221; number=&#8221;13&#8243; _builder_version=&#8221;4.3.2&#8243; title_font=&#8221;|700||on|||||&#8221; title_text_align=&#8221;center&#8221; title_text_color=&#8221;#ffffff&#8221; title_font_size=&#8221;15px&#8221; title_line_height=&#8221;1.2em&#8221; number_font=&#8221;|800||on|||||&#8221; number_text_align=&#8221;center&#8221; number_text_color=&#8221;#ffffff&#8221; number_font_size=&#8221;60px&#8221; use_background_color_gradient=&#8221;on&#8221; background_color_gradient_end=&#8221;#00aeef&#8221; custom_padding=&#8221;||11px||false|false&#8221; number_text_shadow_style=&#8221;preset5&#8243; number_text_shadow_color=&#8221;#00aeef&#8221; border_radii=&#8221;on|12px|12px|12px|12px&#8221;][\/et_pb_number_counter][\/et_pb_column][\/et_pb_row][\/et_pb_section][et_pb_section fb_built=&#8221;1&#8243; _builder_version=&#8221;4.4.0&#8243; custom_padding=&#8221;0px|||||&#8221;][et_pb_row _builder_version=&#8221;4.4.2&#8243; custom_padding=&#8221;0px|||||&#8221;][et_pb_column type=&#8221;4_4&#8243; _builder_version=&#8221;4.4.0&#8243;][et_pb_accordion _builder_version=&#8221;4.3.2&#8243;][et_pb_accordion_item title=&#8221;Th\u00f4ng tin t\u1ed5ng quan&#8221; open=&#8221;on&#8221; open_toggle_text_color=&#8221;#0c71c3&#8243; open_toggle_background_color=&#8221;rgba(0,199,255,0.12)&#8221; icon_color=&#8221;#00aeef&#8221; _builder_version=&#8221;4.3.2&#8243; body_font_size=&#8221;17px&#8221; text_orientation=&#8221;justified&#8221; border_color_all=&#8221;#00aeef&#8221; toggle_font=&#8221;|800||on|||||&#8221; closed_toggle_font=&#8221;|600||on|||||&#8221;]<\/p>\n<p>\u0110\u1ea1i h\u1ecdc C\u00f4ng ngh\u1ec7 Nagaoka (Nagaoka University of Technology \u2013 NUT) \u0111\u01b0\u1ee3c th\u00e0nh l\u1eadp v\u00e0o 1976 t\u1ea1i th\u00e0nh ph\u1ed1 Nagaoka, t\u1ec9nh Niigata v\u1edbi \u01b0u ti\u00ean h\u00e0ng \u0111\u1ea7u l\u00e0 k\u1ef9 thu\u1eadt, hi\u1ec7n nay NUT l\u00e0 m\u1ed9t trong nh\u1eefng tr\u01b0\u1eddng \u0111\u1ea1i h\u1ecdc k\u1ef9 thu\u1eadt c\u00f4ng l\u1eadp uy t\u00edn h\u00e0ng \u0111\u1ea7u Nh\u1eadt B\u1ea3n lu\u00f4n\u00a0<span>\u0111i \u0111\u1ea7u trong \u0111\u1ed5i m\u1edbi v\u00e0 s\u00e1ng t\u1ea1o.<\/span><\/p>\n<p><span>V\u1edbi tinh th\u1ea7n GIGAKU m\u1ee5c ti\u00eau \u0111\u00e0o t\u1ea1o th\u1ebf h\u1ec7 k\u1ef9 s\u01b0 m\u1edbi, nh\u1eefng ng\u01b0\u1eddi c\u00f3 kh\u1ea3 n\u0103ng ti\u1ebfp c\u1eadn v\u00e0 ph\u00e1t huy m\u1ed9t c\u00e1ch s\u00e1ng t\u1ea1o nh\u1eefng th\u00e0nh qu\u1ea3 c\u00f4ng nghi\u1ec7p m\u00e0 th\u1ebf h\u1ec7 tr\u01b0\u1edbc \u0111\u1ec3 l\u1ea1i, \u0110H C\u00f4ng ngh\u1ec7 Nagaoka l\u00e0 \u0111\u1ecba ch\u1ec9 tin c\u1eady c\u1ee7a c\u00e1c sinh vi\u00ean y\u00eau th\u00edch khoa h\u1ecdc k\u1ef9 thu\u1eadt. Nh\u1eb1m t\u1ea1o d\u1ef1ng m\u00f4i tr\u01b0\u1eddng \u0111\u00e0o t\u1ea1o qu\u1ed1c t\u1ebf, NUT c\u00f3 ch\u00ednh s\u00e1ch khuy\u1ebfn kh\u00edch sinh vi\u00ean n\u01b0\u1edbc ngo\u00e0i \u0111\u1ebfn h\u1ecdc t\u1eadp v\u00e0 nghi\u00ean c\u1ee9u t\u1ea1i tr\u01b0\u1eddng.<\/span><\/p>\n<p>[\/et_pb_accordion_item][et_pb_accordion_item title=&#8221;H\u1ecdc ph\u00ed trung b\u00ecnh&#8221; open_toggle_text_color=&#8221;#0c71c3&#8243; open_toggle_background_color=&#8221;rgba(0,199,255,0.12)&#8221; icon_color=&#8221;#00aeef&#8221; _builder_version=&#8221;4.3.2&#8243; body_font_size=&#8221;17px&#8221; text_orientation=&#8221;justified&#8221; border_color_all=&#8221;#00aeef&#8221; toggle_font=&#8221;|800||on|||||&#8221; closed_toggle_font=&#8221;|600||on|||||&#8221; open=&#8221;off&#8221;]<\/p>\n<p><span>\u2022\u00a0<\/span>H\u1ecdc ph\u00ed trung b\u00ecnh ~\u00a0<span>112.000.000 \u0111\u1ed3ng\/ n\u0103m \u0110H.<br \/> <\/span><span>\u2022 Sinh ho\u1ea1t ph\u00ed t\u1ea1i nh\u1eadt ~ 70.000-115.000 y\u00ean\/th\u00e1ng n\u1ebfu \u1edf nh\u00e0 thu\u00ea; ~ 48.500 &#8211; 89.500 y\u00ean\/th\u00e1ng n\u1ebfu \u1edf KTX.<br \/> <\/span><em>(H\u1ecdc ph\u00ed \u0110H n\u01b0\u1edbc ngo\u00e0i mang t\u00ednh tham kh\u1ea3o, c\u00f3 th\u1ec3 thay \u0111\u1ed5i theo th\u1eddi gi\u00e1 ngo\u1ea1i t\u1ec7 v\u00e0 m\u1ee9c \u0111i\u1ec1u ch\u1ec9nh c\u1ee7a c\u00e1c tr\u01b0\u1eddng theo t\u1eebng n\u0103m. H\u1ecdc ph\u00ed quy \u0111\u1ed5i sang ti\u1ec1n \u0111\u1ed3ng trong b\u1ea3ng n\u00e0y \u0111\u01b0\u1ee3c \u00e1p d\u1ee5ng theo t\u1ec9 gi\u00e1 do Ng\u00e2n h\u00e0ng TMCP Ngo\u1ea1i th\u01b0\u01a1ng Vi\u1ec7t Nam (VCB) c\u00f4ng b\u1ed1 v\u00e0o 27\/02\/2021.)<\/em><\/p>\n<p>[\/et_pb_accordion_item][et_pb_accordion_item title=&#8221;C\u00e1c Ng\u00e0nh \u0111\u00e0o t\u1ea1o&#8221; open_toggle_text_color=&#8221;#0c71c3&#8243; open_toggle_background_color=&#8221;rgba(0,199,255,0.12)&#8221; icon_color=&#8221;#00aeef&#8221; _builder_version=&#8221;4.3.2&#8243; body_font_size=&#8221;17px&#8221; text_orientation=&#8221;justified&#8221; border_color_all=&#8221;#00aeef&#8221; toggle_font=&#8221;|800||on|||||&#8221; closed_toggle_font=&#8221;|600||on|||||&#8221; open=&#8221;off&#8221;]<\/p>\n<p><em>Ch\u01b0\u01a1ng tr\u00ecnh \u0111\u1ea1o t\u1ea1o b\u1eadc h\u1ecdc \u0111\u1ea1i h\u1ecdc v\u00e0 th\u1ea1c s\u0129<\/em><\/p>\n<ul>\n<li>C\u01a1 kh\u00ed.<\/li>\n<li>\u0110i\u1ec7n, \u0111i\u1ec7n t\u1eed v\u00e0 c\u00f4ng ngh\u1ec7 th\u00f4ng tin.<\/li>\n<li>Khoa h\u1ecdc v\u1eadt li\u1ec7u v\u00e0 c\u00f4ng ngh\u1ec7<\/li>\n<li>K\u1ef9 thu\u1eadt x\u00e2y d\u1ef1ng.<\/li>\n<li>H\u1ec7 th\u1ed1ng k\u0129 thu\u1eadt m\u00f4i tr\u01b0\u1eddng .<\/li>\n<li>C\u00f4ng ngh\u1ec7 sinh h\u1ecdc.<\/li>\n<li>Qu\u1ea3n l\u00fd v\u00e0 k\u1ef9 thu\u1eadt h\u1ec7 th\u1ed1ng th\u00f4ng tin.<\/li>\n<\/ul>\n<p><em>Ch\u01b0\u01a1ng tr\u00ecnh \u0111\u00e0o t\u1ea1o b\u1eadc h\u1ecdc ti\u1ebfn s\u0129<\/em>:<\/p>\n<ul>\n<li>K\u0129 thu\u1eadt \u0111i\u1ec1u khi\u1ec3n v\u00e0 khoa h\u1ecdc c\u00f4ng ngh\u1ec7 th\u00f4ng tin.<\/li>\n<li>Khoa h\u1ecdc v\u1eadt li\u1ec7u.<\/li>\n<li>N\u0103ng l\u01b0\u1ee3ng v\u00e0 khoa h\u1ecdc m\u00f4i tr\u01b0\u1eddng.<\/li>\n<li>T\u00edch h\u1ee3p khoa h\u1ecdc sinh h\u1ecdc v\u00e0 c\u00f4ng ngh\u1ec7.<\/li>\n<\/ul>\n<p>[\/et_pb_accordion_item][et_pb_accordion_item title=&#8221;Y\u00eau c\u1ea7u ngo\u1ea1i ng\u1eef&#8221; open_toggle_text_color=&#8221;#0c71c3&#8243; open_toggle_background_color=&#8221;rgba(0,199,255,0.12)&#8221; icon_color=&#8221;#00aeef&#8221; _builder_version=&#8221;4.3.2&#8243; body_font_size=&#8221;17px&#8221; text_orientation=&#8221;justified&#8221; border_color_all=&#8221;#00aeef&#8221; toggle_font=&#8221;|800||on|||||&#8221; closed_toggle_font=&#8221;|600||on|||||&#8221; open=&#8221;off&#8221;]<\/p>\n<p><span>Tham gia v\u00e0 \u0111\u1ea1t y\u00eau c\u1ea7u c\u00e1c k\u1ef3 thi ti\u1ebfng Nh\u1eadt theo quy \u0111\u1ecbnh, bao g\u1ed3m:<\/span><br \/> <span>&#8211; K\u1ef3 thi Du h\u1ecdc Nh\u1eadt B\u1ea3n<\/span><br \/> <span>&#8211; K\u1ef3 thi N\u0103ng l\u1ef1c Nh\u1eadt ng\u1eef s\u01a1 c\u1ea5p N3<\/span><br \/> <span>&#8211; K\u1ef3 thi N\u0103ng l\u1ef1c Nh\u1eadt ng\u1eef trung c\u1ea5p N2<\/span><\/p>\n<p>[\/et_pb_accordion_item][et_pb_accordion_item title=&#8221;H\u1ecdc b\u1ed5ng&#8221; open_toggle_text_color=&#8221;#0c71c3&#8243; open_toggle_background_color=&#8221;rgba(0,199,255,0.12)&#8221; icon_color=&#8221;#00aeef&#8221; _builder_version=&#8221;4.3.2&#8243; body_font_size=&#8221;17px&#8221; text_orientation=&#8221;justified&#8221; border_color_all=&#8221;#00aeef&#8221; toggle_font=&#8221;|800||on|||||&#8221; closed_toggle_font=&#8221;|600||on|||||&#8221; open=&#8221;off&#8221;]<\/p>\n<p>NUT c\u00f3 c\u00e1c ch\u00ednh s\u00e1ch h\u1ecdc b\u1ed5ng d\u00e0nh ri\u00eang cho sinh vi\u00ean qu\u1ed1c t\u1ebftheo h\u1ecdc t\u1ea1i tr\u01b0\u1eddng, ti\u00eau bi\u1ec3u nh\u01b0:<\/p>\n<p><em>Monbukagakusho (MEXT) Scholarship Students:<\/em> d\u00e0nh cho sinh vi\u00ean \u0111\u00e3 t\u1ed1t nghi\u1ec7p \u0111\u1ea1i h\u1ecdc tr\u01b0\u1edbc \u0111\u00f3 v\u00e0 sang Nh\u1eadt B\u1ea3n \u0111\u1ec3 du h\u1ecdc v\u00e0 theo \u0111u\u1ed5i nghi\u00ean c\u1ee9u ho\u1eb7c du h\u1ecdc sinh m\u1edbi \u0111\u1ebfn Nh\u1eadt v\u00e0 b\u1eaft \u0111\u1ea7u h\u1ecdc t\u1eeb n\u0103m 1. H\u1ecdc b\u1ed5ng n\u00e0y t\u00e0i tr\u1ee3 chi ph\u00ed sinh ho\u1ea1t, mi\u1ec5n l\u1ec7 ph\u00ed nh\u1eadp h\u1ecdc v\u00e0 h\u1ecdc ph\u00ed, chi ph\u00ed \u0111i l\u1ea1i \u1edf Nh\u1eadt v\u00e0 v\u00e9 m\u00e1y bay v\u1ec1 n\u01b0\u1edbc sau khi h\u1ecdc xong.<\/p>\n<p><em>Private Scholarships:<\/em> sinh vi\u00ean c\u00f3 th\u1ec3 n\u1ed9p x\u00e9t h\u1ecdc b\u1ed5ng k\u00e8m theo th\u01b0 gi\u1edbi thi\u1ec7u t\u1eeb tr\u01b0\u1eddng \u0110\u1ea1i h\u1ecdc ho\u1eb7c t\u1ef1 n\u1ed9p.<\/p>\n<p>Chi ti\u1ebft xem th\u00eam <a href=\"https:\/\/www.nagaokaut.ac.jp\/e\/center\/ciee\/support\/scholarship.html\" target=\"_blank\" rel=\"noopener noreferrer\">t\u1ea1i \u0111\u00e2y<\/a>.<\/p>\n<p>[\/et_pb_accordion_item][et_pb_accordion_item title=&#8221;H\u1ed7 tr\u1ee3 c\u1ee7a trung t\u00e2m d\u00e0nh cho SV B\u00e1ch khoa chuy\u1ec3n ti\u1ebfp sang NUT&#8221; open_toggle_text_color=&#8221;#0c71c3&#8243; open_toggle_background_color=&#8221;rgba(0,199,255,0.12)&#8221; icon_color=&#8221;#00aeef&#8221; _builder_version=&#8221;4.3.2&#8243; body_font_size=&#8221;17px&#8221; text_orientation=&#8221;justified&#8221; border_color_all=&#8221;#00aeef&#8221; toggle_font=&#8221;|800||on|||||&#8221; closed_toggle_font=&#8221;|600||on|||||&#8221; open=&#8221;off&#8221;]<\/p>\n<p>\u2013 H\u01b0\u1edbng d\u1eabn th\u1ee7 t\u1ee5c chuy\u1ec3n \u0111i\u1ec3m\/ t\u00edn ch\u1ec9 sang \u0110H \u0111\u1ed1i t\u00e1c<\/p>\n<p>\u2013 Xin Gi\u1ea5y Nh\u1eadp h\u1ecdc (CoE), \u0111\u0103ng k\u00fd l\u1edbp ti\u1ebfng Anh (n\u1ebfu c\u00f3)<\/p>\n<p>\u2013 T\u01b0 v\u1ea5n th\u1ee7 t\u1ee5c ch\u1ee9ng minh t\u00e0i ch\u00ednh, xin visa<\/p>\n<p>\u2013 H\u1ed7 tr\u1ee3 t\u00ecm nh\u00e0 \u1edf, \u0111\u0103ng k\u00fd k\u00fd t\u00fac x\u00e1<\/p>\n<p>\u2013 \u0110\u01b0a \u0111\u00f3n t\u1ea1i s\u00e2n bay, li\u00ean h\u1ec7 v\u1edbi c\u1ed9ng \u0111\u1ed3ng SV B\u00e1ch khoa Qu\u1ed1c t\u1ebf \u1edf n\u01b0\u1edbc b\u1ea1n \u0111\u1ec3 \u0111\u01b0\u1ee3c gi\u00fap \u0111\u1ee1<\/p>\n<p>[\/et_pb_accordion_item][\/et_pb_accordion][\/et_pb_column][\/et_pb_row][\/et_pb_section][et_pb_section fb_built=&#8221;1&#8243; _builder_version=&#8221;4.3.2&#8243; saved_tabs=&#8221;all&#8221; custom_padding=&#8221;0px|||||&#8221;][et_pb_row module_class=&#8221;lien-he-bottom&#8221; _builder_version=&#8221;4.4.8&#8243; custom_margin=&#8221;0px||||false|false&#8221; animation_style=&#8221;fade&#8221; locked=&#8221;off&#8221; collapsed=&#8221;off&#8221; custom_padding=&#8221;0px|||||&#8221;][et_pb_column type=&#8221;4_4&#8243; _builder_version=&#8221;3.25&#8243; custom_padding=&#8221;|||&#8221; custom_padding__hover=&#8221;|||&#8221;][et_pb_text module_id=&#8221;diachiOISP&#8221; _builder_version=&#8221;4.3.2&#8243; text_font=&#8221;||||||||&#8221; text_line_height=&#8221;1.8em&#8221; header_font=&#8221;||||||||&#8221; header_2_font=&#8221;||||||||&#8221; header_2_text_color=&#8221;#00aaef&#8221; header_2_font_size=&#8221;18px&#8221; header_2_line_height=&#8221;1.2em&#8221; background_color=&#8221;#cef2ff&#8221; use_background_color_gradient=&#8221;on&#8221; background_color_gradient_start=&#8221;#cef2ff&#8221; background_color_gradient_end=&#8221;#ffffff&#8221; width=&#8221;70%&#8221; width_tablet=&#8221;100%&#8221; width_phone=&#8221;100%&#8221; width_last_edited=&#8221;on|desktop&#8221; max_width=&#8221;100%&#8221; module_alignment=&#8221;center&#8221; custom_padding=&#8221;15px|15px|5px|15px|false|false&#8221; border_width_all=&#8221;1px&#8221; border_color_all=&#8221;#00aaef&#8221; border_style_all=&#8221;dashed&#8221; box_shadow_style=&#8221;preset3&#8243; locked=&#8221;off&#8221; custom_margin__hover_enabled=&#8221;on|desktop&#8221;]<\/p>\n<h2 style=\"text-align: left;\">LI\u00caN H\u1ec6 TRUNG T\u00c2M T\u01af V\u1ea4N DU H\u1eccC<\/p>\n<\/h2>\n<p><strong>V\u0103n ph\u00f2ng \u0110\u00e0o t\u1ea1o Qu\u1ed1c t\u1ebf (OISP), Tr\u01b0\u1eddng \u0110H B\u00e1ch khoa \u2013 \u0110H Qu\u1ed1c gia TP.HCM<\/strong><\/p>\n<ul>\n<li>\u0110\u1ecba ch\u1ec9: P.306, Nh\u00e0 A4, Tr\u01b0\u1eddng \u0110H B\u00e1ch khoa, 268 L\u00fd Th\u01b0\u1eddng Ki\u1ec7t, P.14, Q.10, TP.HCM<\/li>\n<li>\u0110i\u1ec7n tho\u1ea1i:<span>\u00a0<\/span><a href=\"tel:028-7300-4183\">(028) 7300.4183<\/a>\u00a0(g\u1eb7p Ms. An) \u2013 Hotline:<span>\u00a0<\/span><a href=\"tel:+84909544592\">0909.544.592<\/a><\/li>\n<li>E-mail:<span>\u00a0<\/span><a href=\"mailto:stu.transfer@oisp.edu.vn\">info.sac@oisp.edu.vn<\/a>\u00a0| Website:<span>\u00a0<\/span><a href=\"https:\/\/oisp.hcmut.edu.vn\/sac\/\" target=\"_blank\" rel=\"noopener noreferrer\">oisp.hcmut.edu.vn\/sac\/<\/a><\/li>\n<li>Facebook:\u00a0<a href=\"https:\/\/www.facebook.com\/tuvanduhocbachkhoa\/\">https:\/\/www.facebook.com\/tuvanduhocbachkhoa\/<\/a><\/li>\n<\/ul>\n<ul><\/ul>\n<p style=\"text-align: center;\">\n<p>[\/et_pb_text][\/et_pb_column][\/et_pb_row][\/et_pb_section]<\/p>\n","protected":false},"excerpt":{"rendered":"<p>\u0110AM M\u00ca. \u0110\u1ed8C \u0110\u00c1O. PH\u1ee4C V\u1ee4 X\u00c3 H\u1ed8I\u0110\u1ea1i h\u1ecdc C\u00f4ng ngh\u1ec7 Nagaoka (Nagaoka University of Technology \u2013 NUT) \u0111\u01b0\u1ee3c th\u00e0nh l\u1eadp v\u00e0o 1976 t\u1ea1i th\u00e0nh ph\u1ed1 Nagaoka, t\u1ec9nh Niigata v\u1edbi \u01b0u ti\u00ean h\u00e0ng \u0111\u1ea7u l\u00e0 k\u1ef9 thu\u1eadt, hi\u1ec7n nay NUT l\u00e0 m\u1ed9t trong nh\u1eefng tr\u01b0\u1eddng \u0111\u1ea1i h\u1ecdc k\u1ef9 thu\u1eadt c\u00f4ng l\u1eadp uy t\u00edn h\u00e0ng \u0111\u1ea7u [&hellip;]<\/p>\n","protected":false},"author":1,"featured_media":0,"parent":49692,"menu_order":0,"comment_status":"closed","ping_status":"closed","template":"","meta":{"_et_pb_use_builder":"on","_et_pb_old_content":"","_et_gb_content_width":"","footnotes":""},"class_list":["post-50384","page","type-page","status-publish","hentry"],"_links":{"self":[{"href":"https:\/\/oisp.hcmut.edu.vn\/sac\/wp-json\/wp\/v2\/pages\/50384","targetHints":{"allow":["GET"]}}],"collection":[{"href":"https:\/\/oisp.hcmut.edu.vn\/sac\/wp-json\/wp\/v2\/pages"}],"about":[{"href":"https:\/\/oisp.hcmut.edu.vn\/sac\/wp-json\/wp\/v2\/types\/page"}],"author":[{"embeddable":true,"href":"https:\/\/oisp.hcmut.edu.vn\/sac\/wp-json\/wp\/v2\/users\/1"}],"replies":[{"embeddable":true,"href":"https:\/\/oisp.hcmut.edu.vn\/sac\/wp-json\/wp\/v2\/comments?post=50384"}],"version-history":[{"count":6,"href":"https:\/\/oisp.hcmut.edu.vn\/sac\/wp-json\/wp\/v2\/pages\/50384\/revisions"}],"predecessor-version":[{"id":52061,"href":"https:\/\/oisp.hcmut.edu.vn\/sac\/wp-json\/wp\/v2\/pages\/50384\/revisions\/52061"}],"up":[{"embeddable":true,"href":"https:\/\/oisp.hcmut.edu.vn\/sac\/wp-json\/wp\/v2\/pages\/49692"}],"wp:attachment":[{"href":"https:\/\/oisp.hcmut.edu.vn\/sac\/wp-json\/wp\/v2\/media?parent=50384"}],"curies":[{"name":"wp","href":"https:\/\/api.w.org\/{rel}","templated":true}]}}