{"id":50394,"date":"2020-03-29T09:27:21","date_gmt":"2020-03-29T09:27:21","guid":{"rendered":"https:\/\/oisp.hcmut.edu.vn\/sac\/?page_id=50394"},"modified":"2021-05-18T07:20:56","modified_gmt":"2021-05-18T07:20:56","slug":"kanazawa-university","status":"publish","type":"page","link":"https:\/\/oisp.hcmut.edu.vn\/sac\/diem-den\/nhat-ban\/kanazawa-university\/","title":{"rendered":"Kanazawa University"},"content":{"rendered":"<p>[et_pb_section fb_built=&#8221;1&#8243; fullwidth=&#8221;on&#8221; custom_padding_last_edited=&#8221;on|phone&#8221; _builder_version=&#8221;4.3.2&#8243; background_enable_color=&#8221;off&#8221; background_color_gradient_direction=&#8221;305deg&#8221; background_image=&#8221;https:\/\/upload.wikimedia.org\/wikipedia\/commons\/9\/94\/Administrative_Office_of_Kanazawa_University.JPG&#8221; custom_margin=&#8221;||-88px|||&#8221; custom_padding=&#8221;200px||200px||false|false&#8221; custom_padding_tablet=&#8221;50px||50px||false|false&#8221; custom_padding_phone=&#8221;&#8221;][et_pb_fullwidth_header title=&#8221;Kanazawa University &#8211; ku&#8221; _builder_version=&#8221;4.3.2&#8243; title_font=&#8221;|800||on|||||&#8221; title_font_size=&#8221;48px&#8221; title_line_height=&#8221;1.4em&#8221; background_enable_color=&#8221;off&#8221; title_font_size_tablet=&#8221;32px&#8221; title_font_size_phone=&#8221;&#8221; title_font_size_last_edited=&#8221;on|phone&#8221; title_text_shadow_style=&#8221;preset5&#8243; title_text_shadow_color=&#8221;#0c71c3&#8243;][\/et_pb_fullwidth_header][\/et_pb_section][et_pb_section fb_built=&#8221;1&#8243; _builder_version=&#8221;4.3.2&#8243;][et_pb_row column_structure=&#8221;3_5,2_5&#8243; _builder_version=&#8221;4.3.2&#8243; custom_padding=&#8221;0px|||||&#8221;][et_pb_column type=&#8221;3_5&#8243; _builder_version=&#8221;4.3.2&#8243;][et_pb_video src=&#8221;https:\/\/youtu.be\/6DrnCDMED3Y&#8221; _builder_version=&#8221;4.3.2&#8243; custom_margin=&#8221;|-60px||||&#8221; custom_padding=&#8221;|0px||||&#8221;][\/et_pb_video][\/et_pb_column][et_pb_column type=&#8221;2_5&#8243; _builder_version=&#8221;4.3.2&#8243;][et_pb_image src=&#8221;https:\/\/www.edarabia.com\/wp-content\/uploads\/2013\/09\/kanazawa-university-logo-japan.jpg&#8221; align=&#8221;center&#8221; _builder_version=&#8221;4.3.2&#8243; width=&#8221;60%&#8221; box_shadow_style=&#8221;preset2&#8243;][\/et_pb_image][et_pb_text _builder_version=&#8221;4.3.2&#8243;]<\/p>\n<h2 style=\"text-align: center;\"><strong>T\u1ef0 H\u00c0O TRUY\u1ec0N TH\u1ed0NG<\/strong><\/h2>\n<h2 style=\"text-align: center;\"><strong>PH\u1ea4N \u0110\u1ea4U \u0110\u1ed4I M\u1edaI<\/strong><\/h2>\n<p>[\/et_pb_text][\/et_pb_column][\/et_pb_row][\/et_pb_section][et_pb_section fb_built=&#8221;1&#8243; _builder_version=&#8221;4.3.2&#8243; custom_padding=&#8221;0px|||||&#8221;][et_pb_row column_structure=&#8221;1_3,1_3,1_3&#8243; _builder_version=&#8221;4.3.2&#8243; custom_padding=&#8221;0px|||||&#8221;][et_pb_column type=&#8221;1_3&#8243; _builder_version=&#8221;4.3.2&#8243;][et_pb_number_counter title=&#8221;N\u0102M TH\u00c0NH L\u1eacP V\u00c0 PH\u00c1T TRI\u1ec2N&#8221; number=&#8221;70+&#8221; percent_sign=&#8221;off&#8221; _builder_version=&#8221;4.3.2&#8243; title_font=&#8221;|700||on|||||&#8221; title_text_align=&#8221;center&#8221; title_text_color=&#8221;#ffffff&#8221; title_font_size=&#8221;15px&#8221; title_line_height=&#8221;1.2em&#8221; number_font=&#8221;|800||on|||||&#8221; number_text_align=&#8221;center&#8221; number_text_color=&#8221;#ffffff&#8221; number_font_size=&#8221;60px&#8221; use_background_color_gradient=&#8221;on&#8221; background_color_gradient_start=&#8221;#0c71c3&#8243; background_color_gradient_end=&#8221;#00aeef&#8221; custom_padding=&#8221;||12px||false|false&#8221; number_text_shadow_style=&#8221;preset5&#8243; number_text_shadow_color=&#8221;#0c71c3&#8243; border_radii=&#8221;on|12px|12px|12px|12px&#8221;][\/et_pb_number_counter][\/et_pb_column][et_pb_column type=&#8221;1_3&#8243; _builder_version=&#8221;4.3.2&#8243;][et_pb_number_counter title=&#8221;150 \u0110\u1ea0I H\u1eccC H\u00c0NG \u0110\u1ea6U CH\u00c2U \u00c1 (QS University Rankings for Asian)&#8221; number=&#8221;150&#8243; percent_sign=&#8221;off&#8221; _builder_version=&#8221;4.3.2&#8243; title_font=&#8221;|700||on|||||&#8221; title_text_align=&#8221;center&#8221; title_text_color=&#8221;#ffffff&#8221; title_font_size=&#8221;13px&#8221; title_line_height=&#8221;1.2em&#8221; number_font=&#8221;|800||on|||||&#8221; number_text_align=&#8221;center&#8221; number_text_color=&#8221;#ffffff&#8221; number_font_size=&#8221;60px&#8221; use_background_color_gradient=&#8221;on&#8221; background_color_gradient_end=&#8221;#00aeef&#8221; number_text_shadow_style=&#8221;preset5&#8243; number_text_shadow_color=&#8221;#0c71c3&#8243; border_radii=&#8221;on|12px|12px|12px|12px&#8221;][\/et_pb_number_counter][\/et_pb_column][et_pb_column type=&#8221;1_3&#8243; _builder_version=&#8221;4.3.2&#8243;][et_pb_number_counter title=&#8221;SINH VI\u00caN QU\u1ed0C T\u1ebe THEO H\u1eccC&#8221; number=&#8221;5.2&#8243; _builder_version=&#8221;4.3.2&#8243; title_font=&#8221;|700||on|||||&#8221; title_text_align=&#8221;center&#8221; title_text_color=&#8221;#ffffff&#8221; title_font_size=&#8221;15px&#8221; number_font=&#8221;|800||on|||||&#8221; number_text_align=&#8221;center&#8221; number_text_color=&#8221;#ffffff&#8221; number_font_size=&#8221;60px&#8221; use_background_color_gradient=&#8221;on&#8221; background_color_gradient_end=&#8221;#00aeef&#8221; custom_margin=&#8221;||0px||false|false&#8221; custom_padding=&#8221;||15px||false|false&#8221; number_text_shadow_style=&#8221;preset5&#8243; number_text_shadow_color=&#8221;#0c71c3&#8243; border_radii=&#8221;on|12px|12px|12px|12px&#8221;][\/et_pb_number_counter][\/et_pb_column][\/et_pb_row][\/et_pb_section][et_pb_section fb_built=&#8221;1&#8243; _builder_version=&#8221;4.4.0&#8243; custom_margin=&#8221;-10px|||||&#8221; custom_padding=&#8221;15px|||||&#8221;][et_pb_row _builder_version=&#8221;4.4.2&#8243; custom_margin=&#8221;-2px|auto||auto||&#8221; custom_padding=&#8221;0px|||||&#8221;][et_pb_column type=&#8221;4_4&#8243; _builder_version=&#8221;4.4.0&#8243;][et_pb_accordion _builder_version=&#8221;4.3.2&#8243; min_height=&#8221;808px&#8221; custom_margin=&#8221;-11px|||||&#8221;][et_pb_accordion_item title=&#8221;Th\u00f4ng tin t\u1ed5ng quan&#8221; open=&#8221;on&#8221; open_toggle_text_color=&#8221;#0c71c3&#8243; open_toggle_background_color=&#8221;rgba(0,199,255,0.12)&#8221; icon_color=&#8221;#00aeef&#8221; _builder_version=&#8221;4.3.2&#8243; body_font=&#8221;||||||||&#8221; body_font_size=&#8221;17px&#8221; text_orientation=&#8221;justified&#8221; border_color_all=&#8221;#00aeef&#8221; toggle_font=&#8221;|800||on|||||&#8221; closed_toggle_font=&#8221;|600||on|||||&#8221;]<\/p>\n<p>\u0110\u1ea1i h\u1ecdc Kanazawa<a href=\"http:\/\/www.kanazawa-u.ac.jp\/e\/\"><\/a>\u00a0c\u00f3 ti\u1ec1n th\u00e2n l\u00e0 trung t\u00e2m ti\u00eam ch\u1ee7ng Hikiso \u0111\u01b0\u1ee3c th\u00e0nh l\u1eadp t\u1eeb n\u0103m 1862. \u0110\u1ebfn n\u0103m 1949, tr\u01b0\u1eddng ch\u00ednh th\u1ee9c \u0111\u1ed5i t\u00ean th\u00e0nh\u00a0\u0110\u1ea1i h\u1ecdc Kanazawa.<\/p>\n<p>Tr\u01b0\u1eddng c\u00f3 n\u1ec1n t\u1ea3ng \u0111\u00e0o t\u1ea1o v\u00e0 nghi\u00ean c\u1ee9u t\u1eeb nh\u1eefng n\u0103m \u0111\u1ea7u th\u00e0nh l\u1eadp, c\u00f3 m\u00f4i tr\u01b0\u1eddng r\u00e8n luy\u1ec7n v\u00e0 ph\u00e1t tri\u1ec3n con ng\u01b0\u1eddi l\u00fd t\u01b0\u1edfng cho sinh vi\u00ean.<\/p>\n<p><span>\u0110\u1ec3 ph\u1ee5c v\u1ee5 cho c\u00f4ng t\u00e1c gi\u1ea3ng d\u1ea1y, h\u1ecdc t\u1eadp nghi\u00ean c\u1ee9u v\u1edbi \u0111a l\u0129nh v\u1ef1c, nh\u00e0 tr\u01b0\u1eddng \u0111\u00e3 \u0111\u1ea7u t\u01b0 nhi\u1ec1u gi\u1ea3ng \u0111\u01b0\u1eddng, trung t\u00e2m nghi\u00ean c\u1ee9u, b\u1ec7nh vi\u1ec7n, trung t\u00e2m ch\u0103m s\u00f3c s\u1ee9c kh\u1ecfe, trung t\u00e2m ngh\u1ec7 thu\u1eadt s\u00e1ng t\u1ea1o v\u00e0 khoa h\u1ecdc, trung t\u00e2m ph\u00e1t tri\u1ec3n con ng\u01b0\u1eddi,\u00a0ph\u00f2ng truy\u1ec1n th\u1ed1ng \u0111\u1eb7c bi\u1ec7t l\u00e0 trung t\u00e2m h\u1ee3p t\u00e1c qu\u1ed1c t\u1ebf.\u00a0<\/span><\/p>\n<p>[\/et_pb_accordion_item][et_pb_accordion_item title=&#8221;H\u1ecdc ph\u00ed trung b\u00ecnh&#8221; open_toggle_text_color=&#8221;#0c71c3&#8243; open_toggle_background_color=&#8221;rgba(0,199,255,0.12)&#8221; icon_color=&#8221;#00aeef&#8221; _builder_version=&#8221;4.3.2&#8243; body_font_size=&#8221;17px&#8221; text_orientation=&#8221;justified&#8221; border_color_all=&#8221;#00aeef&#8221; toggle_font=&#8221;|800||on|||||&#8221; closed_toggle_font=&#8221;|600||on|||||&#8221; open=&#8221;off&#8221;]<\/p>\n<p><span>\u2022 H\u1ecdc ph\u00ed trung b\u00ecnh ~ 114.000.000 VND\/n\u0103m \u0110H<br \/> \u2022 Sinh ho\u1ea1t ph\u00ed t\u1ea1i nh\u1eadt ~ 70.000-115.000 y\u00ean\/th\u00e1ng n\u1ebfu \u1edf nh\u00e0 thu\u00ea; ~ 48.500 \u2013 89.500 y\u00ean\/th\u00e1ng n\u1ebfu \u1edf KTX.<\/span><\/p>\n<p><em>(H\u1ecdc ph\u00ed \u0110H n\u01b0\u1edbc ngo\u00e0i mang t\u00ednh tham kh\u1ea3o, c\u00f3 th\u1ec3 thay \u0111\u1ed5i theo th\u1eddi gi\u00e1 ngo\u1ea1i t\u1ec7 v\u00e0 m\u1ee9c \u0111i\u1ec1u ch\u1ec9nh c\u1ee7a c\u00e1c tr\u01b0\u1eddng theo t\u1eebng n\u0103m. H\u1ecdc ph\u00ed quy \u0111\u1ed5i sang ti\u1ec1n \u0111\u1ed3ng trong b\u1ea3ng n\u00e0y \u0111\u01b0\u1ee3c \u00e1p d\u1ee5ng theo t\u1ec9 gi\u00e1 do Ng\u00e2n h\u00e0ng TMCP Ngo\u1ea1i th\u01b0\u01a1ng Vi\u1ec7t Nam (VCB) c\u00f4ng b\u1ed1 v\u00e0o 27\/02\/2021.)<\/em><\/p>\n<p>[\/et_pb_accordion_item][et_pb_accordion_item title=&#8221;C\u00e1c Ng\u00e0nh \u0111\u00e0o t\u1ea1o&#8221; open_toggle_text_color=&#8221;#0c71c3&#8243; open_toggle_background_color=&#8221;rgba(0,199,255,0.12)&#8221; icon_color=&#8221;#00aeef&#8221; _builder_version=&#8221;4.3.2&#8243; body_font_size=&#8221;17px&#8221; text_orientation=&#8221;justified&#8221; border_color_all=&#8221;#00aeef&#8221; toggle_font=&#8221;|800||on|||||&#8221; closed_toggle_font=&#8221;|600||on|||||&#8221; open=&#8221;off&#8221;]<\/p>\n<p id=\"ftoc-heading-5\" class=\"ftwp-heading\"><em>Ch\u01b0\u01a1ng tr\u00ecnh \u0111\u00e0o t\u1ea1o b\u1eadc \u0111\u1ea1i h\u1ecdc<\/em><\/p>\n<p>Khoa Khoa h\u1ecdc X\u00e3 h\u1ed9i v\u00e0 Nh\u00e2n v\u0103n:<\/p>\n<ul>\n<li>\n<p>Nh\u00e2n v\u0103n<\/p>\n<\/li>\n<li>\n<p>Lu\u1eadt<\/p>\n<\/li>\n<li>\n<p>Kinh t\u1ebf<\/p>\n<\/li>\n<li>\n<p>Gi\u00e1o d\u1ee5c Gi\u00e1o vi\u00ean<\/p>\n<\/li>\n<li>\n<p>Nghi\u00ean c\u1ee9u Ph\u00e1t tri\u1ec3n Khu v\u1ef1c<\/p>\n<\/li>\n<li>\n<p>Qu\u1ed1c t\u1ebf h\u1ecdc<\/p>\n<\/li>\n<\/ul>\n<p>Khoa Khoa h\u1ecdc v\u00e0 K\u1ef9 thu\u1eadt:<\/p>\n<ul>\n<li>\n<p>To\u00e1n v\u00e0 V\u1eadt l\u00fd<\/p>\n<\/li>\n<li>\n<p>H\u00f3a h\u1ecdc<\/p>\n<\/li>\n<li>\n<p>C\u01a1 kh\u00ed<\/p>\n<\/li>\n<li>\n<p>K\u1ef9 thu\u1eadt \u0111i\u1ec7n v\u00e0 m\u00e1y t\u00ednh<\/p>\n<\/li>\n<li>\n<p>Thi\u1ebft k\u1ebf m\u00f4i tr\u01b0\u1eddng<\/p>\n<\/li>\n<li>\n<p>H\u1ec7 th\u1ed1ng t\u1ef1 nhi\u00ean<\/p>\n<\/li>\n<\/ul>\n<p>Khoa Y khoa, D\u01b0\u1ee3c ph\u1ea9m v\u00e0 Khoa h\u1ecdc Y t\u1ebf:<\/p>\n<ul>\n<li>\n<p>Y<\/p>\n<\/li>\n<li>\n<p>D\u01b0\u1ee3c<\/p>\n<\/li>\n<li>\n<p>Khoa h\u1ecdc d\u01b0\u1ee3c ph\u1ea9m<\/p>\n<\/li>\n<li>\n<p>Khoa h\u1ecdc Y t\u1ebf<\/p>\n<\/li>\n<\/ul>\n<p><em>Ch\u01b0\u01a1ng tr\u00ecnh \u0111\u00e0o t\u1ea1o b\u1eadc th\u1ea1c s\u0129<\/em><\/p>\n<ul>\n<li>\n<p>S\u01b0 ph\u1ea1m<\/p>\n<\/li>\n<li>\n<p>Nghi\u00ean c\u1ee9u con ng\u01b0\u1eddi v\u00e0 m\u00f4i tr\u01b0\u1eddng x\u00e3 h\u1ed9i<\/p>\n<\/li>\n<li>\n<p>Lu\u1eadt<\/p>\n<\/li>\n<li>\n<p>Khoa h\u1ecdc T\u1ef1 nhi\u00ean v\u00e0 C\u00f4ng ngh\u1ec7<\/p>\n<\/li>\n<li>\n<p>Khoa h\u1ecdc Y khoa<\/p>\n<\/li>\n<\/ul>\n<p>[\/et_pb_accordion_item][et_pb_accordion_item title=&#8221;Y\u00eau c\u1ea7u ngo\u1ea1i ng\u1eef&#8221; open_toggle_text_color=&#8221;#0c71c3&#8243; open_toggle_background_color=&#8221;rgba(0,199,255,0.12)&#8221; icon_color=&#8221;#00aeef&#8221; _builder_version=&#8221;4.3.2&#8243; body_font_size=&#8221;17px&#8221; text_orientation=&#8221;justified&#8221; border_color_all=&#8221;#00aeef&#8221; toggle_font=&#8221;|800||on|||||&#8221; closed_toggle_font=&#8221;|600||on|||||&#8221; open=&#8221;off&#8221;]<\/p>\n<p><span>Tham gia v\u00e0 \u0111\u1ea1t y\u00eau c\u1ea7u c\u00e1c k\u1ef3 thi ti\u1ebfng Nh\u1eadt theo quy \u0111\u1ecbnh, bao g\u1ed3m:<\/span><br \/> <span>&#8211; K\u1ef3 thi Du h\u1ecdc Nh\u1eadt B\u1ea3n<\/span><br \/> <span>&#8211; K\u1ef3 thi N\u0103ng l\u1ef1c Nh\u1eadt ng\u1eef s\u01a1 c\u1ea5p N3<\/span><br \/> <span>&#8211; K\u1ef3 thi N\u0103ng l\u1ef1c Nh\u1eadt ng\u1eef trung c\u1ea5p N2<\/span><\/p>\n<p>[\/et_pb_accordion_item][et_pb_accordion_item title=&#8221;H\u1ecdc b\u1ed5ng&#8221; open_toggle_text_color=&#8221;#0c71c3&#8243; open_toggle_background_color=&#8221;rgba(0,199,255,0.12)&#8221; icon_color=&#8221;#00aeef&#8221; _builder_version=&#8221;4.3.2&#8243; body_font_size=&#8221;17px&#8221; text_orientation=&#8221;justified&#8221; border_color_all=&#8221;#00aeef&#8221; toggle_font=&#8221;|800||on|||||&#8221; closed_toggle_font=&#8221;|600||on|||||&#8221; open=&#8221;off&#8221;]<\/p>\n<p>KU c\u00f3 nhi\u1ec1u ch\u01b0\u01a1ng tr\u00ecnh h\u1ecdc b\u1ed5ng d\u00e0nh ri\u00eang cho sinh vi\u00ean qu\u1ed1c t\u1ebf, ti\u00eau bi\u1ec3u nh\u01b0\u00a0<em>Study at KU Scholarship\u00a0For Research Exchanges of Graduate Students\u00a0<\/em>d\u00e0nh cho sinh vi\u00ean du h\u1ecdc sau khi t\u1ed1t nghi\u1ec7p \u0111\u1ea1i h\u1ecdc;\u00a0<em>Study at KU Scholarship\u00a0For promotion of inbound Privately Financed International Student\u00a0<\/em>d\u00e0nh cho sinh vi\u00ean qu\u1ed1c t\u1ebf \u0111\u00e3 ho\u1eb7c s\u1eafp t\u1ed1t nghi\u1ec7p t\u1eeb c\u00e1c tr\u01b0\u1eddng n\u1eb1m trong danh s\u00e1ch \u0111\u1ec1 ra b\u1edfi \u0111\u1ea1i h\u1ecdc Kanazawa.<\/p>\n<p>\u0110\u1eb7c bi\u1ec7t v\u1edbi\u00a0<span>sinh vi\u00ean \u0111\u1ebfn t\u1eeb Vi\u1ec7t Nam, ch\u01b0\u01a1ng tr\u00ecnh h\u1ecdc b\u1ed5ng c\u00f3 t\u00ean VIED\u00a0<\/span>\u00e1p d\u1ee5ng cho sinh vi\u00ean theo h\u1ecdc b\u1eadc h\u1ecdc Th\u1ea1c s\u0129 v\u00e0 Ti\u1ebfn s\u0129 \u0111\u01b0\u1ee3c di\u1ec5n ra h\u00e0ng n\u0103m.<\/p>\n<p>Chi ti\u1ebft th\u00eam v\u1ec1 c\u00e1c h\u1ecdc b\u1ed5ng xem <a href=\"https:\/\/www.adm.kanazawa-u.ac.jp\/ie\/e\/abroad\/scholarship.html\" target=\"_blank\" rel=\"noopener noreferrer\">t\u1ea1i \u0111\u00e2y<\/a>.<\/p>\n<p>[\/et_pb_accordion_item][et_pb_accordion_item title=&#8221;H\u1ed7 tr\u1ee3 c\u1ee7a trung t\u00e2m d\u00e0nh cho sv b\u00e1ch khoa chuy\u1ec3n ti\u1ebfp sang KU&#8221; open_toggle_text_color=&#8221;#0c71c3&#8243; open_toggle_background_color=&#8221;rgba(0,199,255,0.12)&#8221; icon_color=&#8221;#00aeef&#8221; _builder_version=&#8221;4.3.2&#8243; body_font_size=&#8221;17px&#8221; text_orientation=&#8221;justified&#8221; border_color_all=&#8221;#00aeef&#8221; toggle_font=&#8221;|800||on|||||&#8221; closed_toggle_font=&#8221;|600||on|||||&#8221; open=&#8221;off&#8221;]<\/p>\n<p>\u2013 H\u01b0\u1edbng d\u1eabn th\u1ee7 t\u1ee5c chuy\u1ec3n \u0111i\u1ec3m\/ t\u00edn ch\u1ec9 sang \u0110H \u0111\u1ed1i t\u00e1c<\/p>\n<p>\u2013 Xin Gi\u1ea5y Nh\u1eadp h\u1ecdc (CoE), \u0111\u0103ng k\u00fd l\u1edbp ti\u1ebfng Anh (n\u1ebfu c\u00f3)<\/p>\n<p>\u2013 T\u01b0 v\u1ea5n th\u1ee7 t\u1ee5c ch\u1ee9ng minh t\u00e0i ch\u00ednh, xin visa<\/p>\n<p>\u2013 H\u1ed7 tr\u1ee3 t\u00ecm nh\u00e0 \u1edf, \u0111\u0103ng k\u00fd k\u00fd t\u00fac x\u00e1<\/p>\n<p>\u2013 \u0110\u01b0a \u0111\u00f3n t\u1ea1i s\u00e2n bay, li\u00ean h\u1ec7 v\u1edbi c\u1ed9ng \u0111\u1ed3ng SV B\u00e1ch khoa Qu\u1ed1c t\u1ebf \u1edf n\u01b0\u1edbc b\u1ea1n \u0111\u1ec3 \u0111\u01b0\u1ee3c gi\u00fap \u0111\u1ee1<\/p>\n<p>[\/et_pb_accordion_item][\/et_pb_accordion][\/et_pb_column][\/et_pb_row][\/et_pb_section][et_pb_section fb_built=&#8221;1&#8243; _builder_version=&#8221;4.3.2&#8243; saved_tabs=&#8221;all&#8221; custom_padding=&#8221;0px|||||&#8221;][et_pb_row module_class=&#8221;lien-he-bottom&#8221; _builder_version=&#8221;4.4.8&#8243; custom_margin=&#8221;0px||||false|false&#8221; animation_style=&#8221;fade&#8221; locked=&#8221;off&#8221; collapsed=&#8221;off&#8221; custom_padding=&#8221;0px|||||&#8221;][et_pb_column type=&#8221;4_4&#8243; _builder_version=&#8221;3.25&#8243; custom_padding=&#8221;|||&#8221; custom_padding__hover=&#8221;|||&#8221;][et_pb_text module_id=&#8221;diachiOISP&#8221; _builder_version=&#8221;4.3.2&#8243; text_font=&#8221;||||||||&#8221; text_line_height=&#8221;1.8em&#8221; header_font=&#8221;||||||||&#8221; header_2_font=&#8221;||||||||&#8221; header_2_text_color=&#8221;#00aaef&#8221; header_2_font_size=&#8221;18px&#8221; header_2_line_height=&#8221;1.2em&#8221; background_color=&#8221;#cef2ff&#8221; use_background_color_gradient=&#8221;on&#8221; background_color_gradient_start=&#8221;#cef2ff&#8221; background_color_gradient_end=&#8221;#ffffff&#8221; width=&#8221;70%&#8221; width_tablet=&#8221;100%&#8221; width_phone=&#8221;100%&#8221; width_last_edited=&#8221;on|desktop&#8221; max_width=&#8221;100%&#8221; module_alignment=&#8221;center&#8221; custom_padding=&#8221;15px|15px|5px|15px|false|false&#8221; border_width_all=&#8221;1px&#8221; border_color_all=&#8221;#00aaef&#8221; border_style_all=&#8221;dashed&#8221; box_shadow_style=&#8221;preset3&#8243; locked=&#8221;off&#8221; custom_margin__hover_enabled=&#8221;on|desktop&#8221; custom_margin=&#8221;-26px|||||&#8221;]<\/p>\n<h2 style=\"text-align: left;\">LI\u00caN H\u1ec6 TRUNG T\u00c2M T\u01af V\u1ea4N DU H\u1eccC<\/h2>\n<p><strong>V\u0103n ph\u00f2ng \u0110\u00e0o t\u1ea1o Qu\u1ed1c t\u1ebf (OISP), Tr\u01b0\u1eddng \u0110H B\u00e1ch khoa \u2013 \u0110H Qu\u1ed1c gia TP.HCM<\/strong><\/p>\n<ul>\n<li>\u0110\u1ecba ch\u1ec9: P.306, Nh\u00e0 A4, Tr\u01b0\u1eddng \u0110H B\u00e1ch khoa, 268 L\u00fd Th\u01b0\u1eddng Ki\u1ec7t, P.14, Q.10, TP.HCM<\/li>\n<li>\u0110i\u1ec7n tho\u1ea1i:<span>\u00a0<\/span><a href=\"tel:028-7300-4183\">(028) 7300.4183<\/a>\u00a0(g\u1eb7p Ms. An) \u2013 Hotline:<span>\u00a0<\/span><a href=\"tel:+84909544592\">0909.544.592<\/a><\/li>\n<li>E-mail:<span>\u00a0<\/span><a href=\"mailto:stu.transfer@oisp.edu.vn\">info.sac@oisp.edu.vn<\/a>\u00a0| Website:<span>\u00a0<\/span><a href=\"https:\/\/oisp.hcmut.edu.vn\/sac\/\" target=\"_blank\" rel=\"noopener noreferrer\">oisp.hcmut.edu.vn\/sac\/<\/a><\/li>\n<li>Facebook:\u00a0<a href=\"https:\/\/www.facebook.com\/tuvanduhocbachkhoa\/\">https:\/\/www.facebook.com\/tuvanduhocbachkhoa\/<\/a><\/li>\n<\/ul>\n<p style=\"text-align: center;\">\n<p>[\/et_pb_text][\/et_pb_column][\/et_pb_row][\/et_pb_section]<\/p>\n","protected":false},"excerpt":{"rendered":"<p>T\u1ef0 H\u00c0O TRUY\u1ec0N TH\u1ed0NG PH\u1ea4N \u0110\u1ea4U \u0110\u1ed4I M\u1edaI\u0110\u1ea1i h\u1ecdc Kanazawa\u00a0c\u00f3 ti\u1ec1n th\u00e2n l\u00e0 trung t\u00e2m ti\u00eam ch\u1ee7ng Hikiso \u0111\u01b0\u1ee3c th\u00e0nh l\u1eadp t\u1eeb n\u0103m 1862. \u0110\u1ebfn n\u0103m 1949, tr\u01b0\u1eddng ch\u00ednh th\u1ee9c \u0111\u1ed5i t\u00ean th\u00e0nh\u00a0\u0110\u1ea1i h\u1ecdc Kanazawa. Tr\u01b0\u1eddng c\u00f3 n\u1ec1n t\u1ea3ng \u0111\u00e0o t\u1ea1o v\u00e0 nghi\u00ean c\u1ee9u t\u1eeb nh\u1eefng n\u0103m \u0111\u1ea7u th\u00e0nh l\u1eadp, c\u00f3 m\u00f4i tr\u01b0\u1eddng r\u00e8n luy\u1ec7n [&hellip;]<\/p>\n","protected":false},"author":1,"featured_media":0,"parent":49692,"menu_order":0,"comment_status":"closed","ping_status":"closed","template":"","meta":{"_et_pb_use_builder":"on","_et_pb_old_content":"","_et_gb_content_width":"","footnotes":""},"class_list":["post-50394","page","type-page","status-publish","hentry"],"_links":{"self":[{"href":"https:\/\/oisp.hcmut.edu.vn\/sac\/wp-json\/wp\/v2\/pages\/50394","targetHints":{"allow":["GET"]}}],"collection":[{"href":"https:\/\/oisp.hcmut.edu.vn\/sac\/wp-json\/wp\/v2\/pages"}],"about":[{"href":"https:\/\/oisp.hcmut.edu.vn\/sac\/wp-json\/wp\/v2\/types\/page"}],"author":[{"embeddable":true,"href":"https:\/\/oisp.hcmut.edu.vn\/sac\/wp-json\/wp\/v2\/users\/1"}],"replies":[{"embeddable":true,"href":"https:\/\/oisp.hcmut.edu.vn\/sac\/wp-json\/wp\/v2\/comments?post=50394"}],"version-history":[{"count":2,"href":"https:\/\/oisp.hcmut.edu.vn\/sac\/wp-json\/wp\/v2\/pages\/50394\/revisions"}],"predecessor-version":[{"id":52066,"href":"https:\/\/oisp.hcmut.edu.vn\/sac\/wp-json\/wp\/v2\/pages\/50394\/revisions\/52066"}],"up":[{"embeddable":true,"href":"https:\/\/oisp.hcmut.edu.vn\/sac\/wp-json\/wp\/v2\/pages\/49692"}],"wp:attachment":[{"href":"https:\/\/oisp.hcmut.edu.vn\/sac\/wp-json\/wp\/v2\/media?parent=50394"}],"curies":[{"name":"wp","href":"https:\/\/api.w.org\/{rel}","templated":true}]}}